{"id":1438636,"date":"2025-05-28T13:02:56","date_gmt":"2025-05-28T11:02:59","guid":{"rendered":"https:\/\/positiveprints.com\/?post_type=product&#038;p=1438636"},"modified":"2026-04-07T12:14:28","modified_gmt":"2026-04-07T11:14:28","slug":"poster-fuer-deine-nichte-mit-definition","status":"publish","type":"product","link":"https:\/\/positiveprints.com\/de-ch\/produkt\/poster-fuer-deine-nichte-mit-definition\/","title":{"rendered":"Poster f\u00fcr deine Nichte mit Definition"},"content":{"rendered":"","protected":false},"excerpt":{"rendered":"<ul class=\"check-list\">\n<li>Erstelle deine pers\u00f6nliche Definition<\/li>\n<li>F\u00fcge ein ausgew\u00e4hltes Lieblings-Foto hinzu<\/li>\n<li>In 3 einfachen Schritten anpassbar<\/li>\n<li>Sehe dir bei jedem Schritt eine Vorschau deines Designs an<\/li>\n<\/ul>\n","protected":false},"featured_media":1437617,"template":"","meta":[],"product_brand":[],"product_cat":[9739,4905],"product_tag":[16058,16059,8543,16814,17253,16806,16808,17049,16060,16061,16062],"class_list":{"0":"post-1438636","1":"product","2":"type-product","3":"status-publish","4":"has-post-thumbnail","6":"product_cat-definition-de-ch","7":"product_cat-alle-produkte-de-ch","8":"product_tag-family-gift-ideas-de-ch","9":"product_tag-family-gifts-de-ch","10":"product_tag-family-de-ch","11":"product_tag-geschenk-fuer-nichte-de-ch","12":"product_tag-geschenk-fuer-nichte-de-ch-2","13":"product_tag-geschenke-fur-nichten-de-ch","14":"product_tag-geschenke-fuer-nichten-und-neffen","15":"product_tag-geschenke-fuer-tante-von-nichte","16":"product_tag-gift-for-family-de-ch","17":"product_tag-gifts-for-family-de-ch","18":"product_tag-personalized-family-gifts-de-ch","20":"first","21":"instock","22":"sale","23":"taxable","24":"shipping-taxable","25":"purchasable","26":"product-type-variable"},"yoast_head":"<!-- This site is optimized with the Yoast SEO Premium plugin v27.2 (Yoast SEO v27.2) - https:\/\/yoast.com\/product\/yoast-seo-premium-wordpress\/ -->\n<title>Poster f\u00fcr deine Nichte mit Definition - Positive Prints<\/title>\n<meta name=\"description\" content=\"Suchst du ein unvergessliches Geschenk f\u00fcr deine Nichte? Dieses Definitionsposter feiert ihren verspielten Geist und ihren einzigartigen Platz, die sie in deinem Leben einnimmt, voller Lachen und Freude.\" \/>\n<meta name=\"robots\" content=\"index, follow, max-snippet:-1, max-image-preview:large, max-video-preview:-1\" \/>\n<link rel=\"canonical\" href=\"https:\/\/positiveprints.com\/de-ch\/produkt\/poster-fuer-deine-nichte-mit-definition\/\" \/>\n<meta property=\"og:locale\" content=\"de_DE\" \/>\n<meta property=\"og:type\" content=\"article\" \/>\n<meta property=\"og:title\" content=\"Poster f\u00fcr deine Nichte mit Definition\" \/>\n<meta property=\"og:description\" content=\"Erstelle deine pers\u00f6nliche Definition F\u00fcge ein ausgew\u00e4hltes Lieblings-Foto hinzu In 3 einfachen Schritten anpassbar Sehe dir bei jedem Schritt eine Vorschau deines Designs an\" \/>\n<meta property=\"og:url\" content=\"https:\/\/positiveprints.com\/de-ch\/produkt\/poster-fuer-deine-nichte-mit-definition\/\" \/>\n<meta property=\"og:site_name\" content=\"Positive Prints\" \/>\n<meta property=\"article:publisher\" content=\"https:\/\/www.facebook.com\/positiveprintscom\" \/>\n<meta property=\"article:modified_time\" content=\"2026-04-07T11:14:28+00:00\" \/>\n<meta property=\"og:image\" content=\"https:\/\/positiveprints.com\/wp-content\/uploads\/2025\/05\/Poster-fu\u0308r-deine-Nichte-mit-Definition-1.webp\" \/>\n\t<meta property=\"og:image:width\" content=\"1450\" \/>\n\t<meta property=\"og:image:height\" content=\"1450\" \/>\n\t<meta property=\"og:image:type\" content=\"image\/webp\" \/>\n<meta name=\"twitter:card\" content=\"summary_large_image\" \/>\n<meta name=\"twitter:label1\" content=\"Gesch\u00e4tzte Lesezeit\" \/>\n\t<meta name=\"twitter:data1\" content=\"1\u00a0Minute\" \/>\n<!-- \/ Yoast SEO Premium plugin. -->","yoast_head_json":{"title":"Poster f\u00fcr deine Nichte mit Definition - Positive Prints","description":"Suchst du ein unvergessliches Geschenk f\u00fcr deine Nichte? Dieses Definitionsposter feiert ihren verspielten Geist und ihren einzigartigen Platz, die sie in deinem Leben einnimmt, voller Lachen und Freude.","robots":{"index":"index","follow":"follow","max-snippet":"max-snippet:-1","max-image-preview":"max-image-preview:large","max-video-preview":"max-video-preview:-1"},"canonical":"https:\/\/positiveprints.com\/de-ch\/produkt\/poster-fuer-deine-nichte-mit-definition\/","og_locale":"de_DE","og_type":"article","og_title":"Poster f\u00fcr deine Nichte mit Definition","og_description":"Erstelle deine pers\u00f6nliche Definition F\u00fcge ein ausgew\u00e4hltes Lieblings-Foto hinzu In 3 einfachen Schritten anpassbar Sehe dir bei jedem Schritt eine Vorschau deines Designs an","og_url":"https:\/\/positiveprints.com\/de-ch\/produkt\/poster-fuer-deine-nichte-mit-definition\/","og_site_name":"Positive Prints","article_publisher":"https:\/\/www.facebook.com\/positiveprintscom","article_modified_time":"2026-04-07T11:14:28+00:00","og_image":[{"width":1450,"height":1450,"url":"https:\/\/positiveprints.com\/wp-content\/uploads\/2025\/05\/Poster-fu\u0308r-deine-Nichte-mit-Definition-1.webp","type":"image\/webp"}],"twitter_card":"summary_large_image","twitter_misc":{"Gesch\u00e4tzte Lesezeit":"1\u00a0Minute"},"schema":{"@context":"https:\/\/schema.org","@graph":[{"@type":["WebPage","ItemPage"],"@id":"https:\/\/positiveprints.com\/de-ch\/produkt\/poster-fuer-deine-nichte-mit-definition\/","url":"https:\/\/positiveprints.com\/de-ch\/produkt\/poster-fuer-deine-nichte-mit-definition\/","name":"Poster f\u00fcr deine Nichte mit Definition - Positive Prints","isPartOf":{"@id":"https:\/\/positiveprints.com\/de-ch\/#website"},"primaryImageOfPage":{"@id":"https:\/\/positiveprints.com\/de-ch\/produkt\/poster-fuer-deine-nichte-mit-definition\/#primaryimage"},"image":{"@id":"https:\/\/positiveprints.com\/de-ch\/produkt\/poster-fuer-deine-nichte-mit-definition\/#primaryimage"},"thumbnailUrl":"https:\/\/positiveprints.com\/wp-content\/uploads\/2025\/05\/Poster-fu\u0308r-deine-Nichte-mit-Definition-1.webp","datePublished":"2025-05-28T11:02:59+00:00","dateModified":"2026-04-07T11:14:28+00:00","description":"Suchst du ein unvergessliches Geschenk f\u00fcr deine Nichte? Dieses Definitionsposter feiert ihren verspielten Geist und ihren einzigartigen Platz, die sie in deinem Leben einnimmt, voller Lachen und Freude.","breadcrumb":{"@id":"https:\/\/positiveprints.com\/de-ch\/produkt\/poster-fuer-deine-nichte-mit-definition\/#breadcrumb"},"inLanguage":"de-CH","potentialAction":[{"@type":"ReadAction","target":["https:\/\/positiveprints.com\/de-ch\/produkt\/poster-fuer-deine-nichte-mit-definition\/"]}]},{"@type":"ImageObject","inLanguage":"de-CH","@id":"https:\/\/positiveprints.com\/de-ch\/produkt\/poster-fuer-deine-nichte-mit-definition\/#primaryimage","url":"https:\/\/positiveprints.com\/wp-content\/uploads\/2025\/05\/Poster-fu\u0308r-deine-Nichte-mit-Definition-1.webp","contentUrl":"https:\/\/positiveprints.com\/wp-content\/uploads\/2025\/05\/Poster-fu\u0308r-deine-Nichte-mit-Definition-1.webp","width":1450,"height":1450},{"@type":"BreadcrumbList","@id":"https:\/\/positiveprints.com\/de-ch\/produkt\/poster-fuer-deine-nichte-mit-definition\/#breadcrumb","itemListElement":[{"@type":"ListItem","position":1,"name":"Home","item":"https:\/\/positiveprints.com\/de-ch\/"},{"@type":"ListItem","position":2,"name":"Produkte","item":"https:\/\/positiveprints.com\/de-ch\/shop\/"},{"@type":"ListItem","position":3,"name":"Poster f\u00fcr deine Nichte mit Definition"}]},{"@type":"WebSite","@id":"https:\/\/positiveprints.com\/de-ch\/#website","url":"https:\/\/positiveprints.com\/de-ch\/","name":"Positive Prints","description":"Amazing Custom Personalized Gifts","publisher":{"@id":"https:\/\/positiveprints.com\/de-ch\/#organization"},"potentialAction":[{"@type":"SearchAction","target":{"@type":"EntryPoint","urlTemplate":"https:\/\/positiveprints.com\/de-ch\/?s={search_term_string}"},"query-input":{"@type":"PropertyValueSpecification","valueRequired":true,"valueName":"search_term_string"}}],"inLanguage":"de-CH"},{"@type":"Organization","@id":"https:\/\/positiveprints.com\/de-ch\/#organization","name":"Positive Prints","alternateName":"Positive Prints","url":"https:\/\/positiveprints.com\/de-ch\/","logo":{"@type":"ImageObject","inLanguage":"de-CH","@id":"https:\/\/positiveprints.com\/de-ch\/#\/schema\/logo\/image\/","url":"https:\/\/positiveprints.com\/wp-content\/uploads\/2026\/03\/245815646_1337939713319158_5671353136411139666_n.png","contentUrl":"https:\/\/positiveprints.com\/wp-content\/uploads\/2026\/03\/245815646_1337939713319158_5671353136411139666_n.png","width":800,"height":800,"caption":"Positive Prints"},"image":{"@id":"https:\/\/positiveprints.com\/de-ch\/#\/schema\/logo\/image\/"},"sameAs":["https:\/\/www.facebook.com\/positiveprintscom","https:\/\/www.instagram.com\/positiveprintscom\/","https:\/\/www.tiktok.com\/@positiveprintscom","https:\/\/www.pinterest.com\/positiveprintscom\/"]}]}},"jetpack_sharing_enabled":true,"_links":{"self":[{"href":"https:\/\/positiveprints.com\/de-ch\/wp-json\/wp\/v2\/product\/1438636","targetHints":{"allow":["GET"]}}],"collection":[{"href":"https:\/\/positiveprints.com\/de-ch\/wp-json\/wp\/v2\/product"}],"about":[{"href":"https:\/\/positiveprints.com\/de-ch\/wp-json\/wp\/v2\/types\/product"}],"wp:featuredmedia":[{"embeddable":true,"href":"https:\/\/positiveprints.com\/de-ch\/wp-json\/wp\/v2\/media\/1437617"}],"wp:attachment":[{"href":"https:\/\/positiveprints.com\/de-ch\/wp-json\/wp\/v2\/media?parent=1438636"}],"wp:term":[{"taxonomy":"product_brand","embeddable":true,"href":"https:\/\/positiveprints.com\/de-ch\/wp-json\/wp\/v2\/product_brand?post=1438636"},{"taxonomy":"product_cat","embeddable":true,"href":"https:\/\/positiveprints.com\/de-ch\/wp-json\/wp\/v2\/product_cat?post=1438636"},{"taxonomy":"product_tag","embeddable":true,"href":"https:\/\/positiveprints.com\/de-ch\/wp-json\/wp\/v2\/product_tag?post=1438636"}],"curies":[{"name":"wp","href":"https:\/\/api.w.org\/{rel}","templated":true}]}}