{"id":1430292,"date":"2025-05-23T10:04:14","date_gmt":"2025-05-23T08:04:14","guid":{"rendered":"https:\/\/positiveprints.com\/?post_type=product&#038;p=1430292"},"modified":"2026-04-23T10:37:42","modified_gmt":"2026-04-23T09:37:42","slug":"mond-und-sterne-in-der-nacht-deiner-geburt","status":"publish","type":"product","link":"https:\/\/positiveprints.com\/de-ch\/produkt\/mond-und-sterne-in-der-nacht-deiner-geburt\/","title":{"rendered":"Mond und Sterne in der Nacht deiner Geburt"},"content":{"rendered":"","protected":false},"excerpt":{"rendered":"<ul class=\"check-list\">\n<li>Benutzerdefinierte Stern- und Mondkarte f\u00fcr ein bedeutungsvolles Datum und Ort<\/li>\n<li>Passe dein Kunstwerk in 3 einfachen Schritten an<\/li>\n<li>F\u00fcge einen aussagekr\u00e4ftigen personalisierten Text hinzu<\/li>\n<li>Sieh das Ergebnis sofort \u2013 die interaktive Vorschau erm\u00f6glicht dir, jedes Detail direkt anzupassen<\/li>\n<\/ul>\n","protected":false},"featured_media":1428684,"template":"","meta":[],"product_brand":[],"product_cat":[4905,5344,11515,11521,11524,11527,11613,11614,11615,11644,11205,11208,4764],"product_tag":[15091,17296,17367,17352,17432,15418],"class_list":{"0":"post-1430292","1":"product","2":"type-product","3":"status-publish","4":"has-post-thumbnail","6":"product_cat-alle-produkte-de-ch","7":"product_cat-geburtstagsgeschenke-de-ch","8":"product_cat-18-geburtstag-de-ch","9":"product_cat-21-geburtstag-de-ch","10":"product_cat-30-geburtstag-de-ch","11":"product_cat-40-geburtstag-de-ch","12":"product_cat-50-geburtstag-de-ch","13":"product_cat-60-geburtstag-de-ch","14":"product_cat-70-geburtstag-de-ch","15":"product_cat-80-geburtstag-de-ch","16":"product_cat-geburtstagsgeschenk-fur-frauen-de-ch","17":"product_cat-geburtstagsgeschenk-fur-manner-de-ch","18":"product_cat-star-de-ch-2","19":"product_tag-birthday-es-de-ch","20":"product_tag-geburtstagsgeschenk-de-ch","21":"product_tag-geburtstagsgeschenk-fuer-ihn-de-ch","22":"product_tag-geburtstagsgeschenk-fuer-sie-de-ch","23":"product_tag-geburtstagsgeschenke-de-ch","24":"product_tag-rahmen-mit-geburtsmond-de-ch","26":"first","27":"instock","28":"sale","29":"taxable","30":"shipping-taxable","31":"purchasable","32":"product-type-variable"},"yoast_head":"<!-- This site is optimized with the Yoast SEO Premium plugin v27.2 (Yoast SEO v27.2) - https:\/\/yoast.com\/product\/yoast-seo-premium-wordpress\/ -->\n<title>Mond und Sterne in der Nacht deiner Geburt - Positive Prints<\/title>\n<meta name=\"description\" content=\"Feiere den Geburtstag deines Kindes mit einem individuellen Nachthimmel-Druck von seinem Geburtstag. Ein bedeutungsvolles Geschenk, das wertvolle Momente f\u00fcr immer festhalten wird.\" \/>\n<meta name=\"robots\" content=\"index, follow, max-snippet:-1, max-image-preview:large, max-video-preview:-1\" \/>\n<link rel=\"canonical\" href=\"https:\/\/positiveprints.com\/de-ch\/produkt\/mond-und-sterne-in-der-nacht-deiner-geburt\/\" \/>\n<meta property=\"og:locale\" content=\"de_DE\" \/>\n<meta property=\"og:type\" content=\"article\" \/>\n<meta property=\"og:title\" content=\"Mond und Sterne in der Nacht deiner Geburt\" \/>\n<meta property=\"og:description\" content=\"Benutzerdefinierte Stern- und Mondkarte f\u00fcr ein bedeutungsvolles Datum und Ort Passe dein Kunstwerk in 3 einfachen Schritten an F\u00fcge einen aussagekr\u00e4ftigen personalisierten Text hinzu Sieh das Ergebnis sofort \u2013 die interaktive Vorschau erm\u00f6glicht dir, jedes Detail direkt anzupassen\" \/>\n<meta property=\"og:url\" content=\"https:\/\/positiveprints.com\/de-ch\/produkt\/mond-und-sterne-in-der-nacht-deiner-geburt\/\" \/>\n<meta property=\"og:site_name\" content=\"Positive Prints\" \/>\n<meta property=\"article:publisher\" content=\"https:\/\/www.facebook.com\/positiveprintscom\" \/>\n<meta property=\"article:modified_time\" content=\"2026-04-23T09:37:42+00:00\" \/>\n<meta property=\"og:image\" content=\"https:\/\/positiveprints.com\/wp-content\/uploads\/2025\/05\/Mond-und-Sterne-in-der-Nacht-deiner-Geburt-1.webp\" \/>\n\t<meta property=\"og:image:width\" content=\"1450\" \/>\n\t<meta property=\"og:image:height\" content=\"1450\" \/>\n\t<meta property=\"og:image:type\" content=\"image\/webp\" \/>\n<meta name=\"twitter:card\" content=\"summary_large_image\" \/>\n<!-- \/ Yoast SEO Premium plugin. -->","yoast_head_json":{"title":"Mond und Sterne in der Nacht deiner Geburt - Positive Prints","description":"Feiere den Geburtstag deines Kindes mit einem individuellen Nachthimmel-Druck von seinem Geburtstag. Ein bedeutungsvolles Geschenk, das wertvolle Momente f\u00fcr immer festhalten wird.","robots":{"index":"index","follow":"follow","max-snippet":"max-snippet:-1","max-image-preview":"max-image-preview:large","max-video-preview":"max-video-preview:-1"},"canonical":"https:\/\/positiveprints.com\/de-ch\/produkt\/mond-und-sterne-in-der-nacht-deiner-geburt\/","og_locale":"de_DE","og_type":"article","og_title":"Mond und Sterne in der Nacht deiner Geburt","og_description":"Benutzerdefinierte Stern- und Mondkarte f\u00fcr ein bedeutungsvolles Datum und Ort Passe dein Kunstwerk in 3 einfachen Schritten an F\u00fcge einen aussagekr\u00e4ftigen personalisierten Text hinzu Sieh das Ergebnis sofort \u2013 die interaktive Vorschau erm\u00f6glicht dir, jedes Detail direkt anzupassen","og_url":"https:\/\/positiveprints.com\/de-ch\/produkt\/mond-und-sterne-in-der-nacht-deiner-geburt\/","og_site_name":"Positive Prints","article_publisher":"https:\/\/www.facebook.com\/positiveprintscom","article_modified_time":"2026-04-23T09:37:42+00:00","og_image":[{"width":1450,"height":1450,"url":"https:\/\/positiveprints.com\/wp-content\/uploads\/2025\/05\/Mond-und-Sterne-in-der-Nacht-deiner-Geburt-1.webp","type":"image\/webp"}],"twitter_card":"summary_large_image","schema":{"@context":"https:\/\/schema.org","@graph":[{"@type":["WebPage","ItemPage"],"@id":"https:\/\/positiveprints.com\/de-ch\/produkt\/mond-und-sterne-in-der-nacht-deiner-geburt\/","url":"https:\/\/positiveprints.com\/de-ch\/produkt\/mond-und-sterne-in-der-nacht-deiner-geburt\/","name":"Mond und Sterne in der Nacht deiner Geburt - Positive Prints","isPartOf":{"@id":"https:\/\/positiveprints.com\/de-ch\/#website"},"primaryImageOfPage":{"@id":"https:\/\/positiveprints.com\/de-ch\/produkt\/mond-und-sterne-in-der-nacht-deiner-geburt\/#primaryimage"},"image":{"@id":"https:\/\/positiveprints.com\/de-ch\/produkt\/mond-und-sterne-in-der-nacht-deiner-geburt\/#primaryimage"},"thumbnailUrl":"https:\/\/positiveprints.com\/wp-content\/uploads\/2025\/05\/Mond-und-Sterne-in-der-Nacht-deiner-Geburt-1.webp","datePublished":"2025-05-23T08:04:14+00:00","dateModified":"2026-04-23T09:37:42+00:00","description":"Feiere den Geburtstag deines Kindes mit einem individuellen Nachthimmel-Druck von seinem Geburtstag. Ein bedeutungsvolles Geschenk, das wertvolle Momente f\u00fcr immer festhalten wird.","breadcrumb":{"@id":"https:\/\/positiveprints.com\/de-ch\/produkt\/mond-und-sterne-in-der-nacht-deiner-geburt\/#breadcrumb"},"inLanguage":"de-CH","potentialAction":[{"@type":"ReadAction","target":["https:\/\/positiveprints.com\/de-ch\/produkt\/mond-und-sterne-in-der-nacht-deiner-geburt\/"]}]},{"@type":"ImageObject","inLanguage":"de-CH","@id":"https:\/\/positiveprints.com\/de-ch\/produkt\/mond-und-sterne-in-der-nacht-deiner-geburt\/#primaryimage","url":"https:\/\/positiveprints.com\/wp-content\/uploads\/2025\/05\/Mond-und-Sterne-in-der-Nacht-deiner-Geburt-1.webp","contentUrl":"https:\/\/positiveprints.com\/wp-content\/uploads\/2025\/05\/Mond-und-Sterne-in-der-Nacht-deiner-Geburt-1.webp","width":1450,"height":1450},{"@type":"BreadcrumbList","@id":"https:\/\/positiveprints.com\/de-ch\/produkt\/mond-und-sterne-in-der-nacht-deiner-geburt\/#breadcrumb","itemListElement":[{"@type":"ListItem","position":1,"name":"Home","item":"https:\/\/positiveprints.com\/de-ch\/"},{"@type":"ListItem","position":2,"name":"Produkte","item":"https:\/\/positiveprints.com\/de-ch\/shop\/"},{"@type":"ListItem","position":3,"name":"Mond und Sterne in der Nacht deiner Geburt"}]},{"@type":"WebSite","@id":"https:\/\/positiveprints.com\/de-ch\/#website","url":"https:\/\/positiveprints.com\/de-ch\/","name":"Positive Prints","description":"Amazing Custom Personalized Gifts","publisher":{"@id":"https:\/\/positiveprints.com\/de-ch\/#organization"},"potentialAction":[{"@type":"SearchAction","target":{"@type":"EntryPoint","urlTemplate":"https:\/\/positiveprints.com\/de-ch\/?s={search_term_string}"},"query-input":{"@type":"PropertyValueSpecification","valueRequired":true,"valueName":"search_term_string"}}],"inLanguage":"de-CH"},{"@type":"Organization","@id":"https:\/\/positiveprints.com\/de-ch\/#organization","name":"Positive Prints","alternateName":"Positive Prints","url":"https:\/\/positiveprints.com\/de-ch\/","logo":{"@type":"ImageObject","inLanguage":"de-CH","@id":"https:\/\/positiveprints.com\/de-ch\/#\/schema\/logo\/image\/","url":"https:\/\/positiveprints.com\/wp-content\/uploads\/2026\/03\/245815646_1337939713319158_5671353136411139666_n.png","contentUrl":"https:\/\/positiveprints.com\/wp-content\/uploads\/2026\/03\/245815646_1337939713319158_5671353136411139666_n.png","width":800,"height":800,"caption":"Positive Prints"},"image":{"@id":"https:\/\/positiveprints.com\/de-ch\/#\/schema\/logo\/image\/"},"sameAs":["https:\/\/www.facebook.com\/positiveprintscom","https:\/\/www.instagram.com\/positiveprintscom\/","https:\/\/www.tiktok.com\/@positiveprintscom","https:\/\/www.pinterest.com\/positiveprintscom\/"]}]}},"jetpack_sharing_enabled":true,"_links":{"self":[{"href":"https:\/\/positiveprints.com\/de-ch\/wp-json\/wp\/v2\/product\/1430292","targetHints":{"allow":["GET"]}}],"collection":[{"href":"https:\/\/positiveprints.com\/de-ch\/wp-json\/wp\/v2\/product"}],"about":[{"href":"https:\/\/positiveprints.com\/de-ch\/wp-json\/wp\/v2\/types\/product"}],"wp:featuredmedia":[{"embeddable":true,"href":"https:\/\/positiveprints.com\/de-ch\/wp-json\/wp\/v2\/media\/1428684"}],"wp:attachment":[{"href":"https:\/\/positiveprints.com\/de-ch\/wp-json\/wp\/v2\/media?parent=1430292"}],"wp:term":[{"taxonomy":"product_brand","embeddable":true,"href":"https:\/\/positiveprints.com\/de-ch\/wp-json\/wp\/v2\/product_brand?post=1430292"},{"taxonomy":"product_cat","embeddable":true,"href":"https:\/\/positiveprints.com\/de-ch\/wp-json\/wp\/v2\/product_cat?post=1430292"},{"taxonomy":"product_tag","embeddable":true,"href":"https:\/\/positiveprints.com\/de-ch\/wp-json\/wp\/v2\/product_tag?post=1430292"}],"curies":[{"name":"wp","href":"https:\/\/api.w.org\/{rel}","templated":true}]}}