{"id":1429888,"date":"2025-05-22T13:02:12","date_gmt":"2025-05-22T11:02:12","guid":{"rendered":"https:\/\/positiveprints.com\/?post_type=product&#038;p=1429888"},"modified":"2026-04-28T13:27:08","modified_gmt":"2026-04-28T12:27:08","slug":"liebe-unter-dem-mond-und-den-sternen","status":"publish","type":"product","link":"https:\/\/positiveprints.com\/de-ch\/produkt\/liebe-unter-dem-mond-und-den-sternen\/","title":{"rendered":"Liebe unter dem Mond und den Sternen"},"content":{"rendered":"","protected":false},"excerpt":{"rendered":"<ul class=\"check-list\">\n<li>Benutzerdefinierte Stern- und Mondkarte f\u00fcr ausgew\u00e4hltes Datum und Ort<\/li>\n<li>Passe dein Kunstwerk in 3 einfachen Schritten an<\/li>\n<li>F\u00fcge einen aussagekr\u00e4ftigen personalisierten Text hinzu<\/li>\n<li>Sieh das Ergebnis sofort \u2013 die interaktive Vorschau erm\u00f6glicht dir, jedes Detail direkt anzupassen<\/li>\n<\/ul>\n","protected":false},"featured_media":1427647,"template":"","meta":[],"product_brand":[],"product_cat":[4905,7759,7791,7648,7680,11330,11371,11348,11351,11353,7807,11168,11171,11165,5336,4764,9768,5320,11235,11238,5275,11357],"product_tag":[14821,14818,14823,14822,14815,14816,14824,14825,14826,15738,15737,15740,15739,15749,15744,14827,14157,14829,14812,14813,14814,14834,14831,14832,14820,11738,11709,11730,11715,11751,11744],"class_list":{"0":"post-1429888","1":"product","2":"type-product","3":"status-publish","4":"has-post-thumbnail","6":"product_cat-alle-produkte-de-ch","7":"product_cat-geschenke-fur-deine-ehefrau-de-ch","8":"product_cat-geschenke-fur-deine-freundin-de-ch","9":"product_cat-geschenke-fur-deinen-ehemann","10":"product_cat-geschenke-fur-deinen-freund-de-ch","11":"product_cat-weihnachtsgeschenke-fur-den-freund-de-ch","12":"product_cat-weihnachtsgeschenke-fur-die-frau-de-ch","13":"product_cat-weihnachtsgeschenke-fur-die-freundin-de-ch","14":"product_cat-weihnachtsgeschenke-fur-frauen-de-ch","15":"product_cat-weihnachtsgeschenke-fur-manner-de-ch","16":"product_cat-geschenke-fur-paare-de-ch","17":"product_cat-jahrestag-geschenk-fur-ihn-de-ch","18":"product_cat-jahrestag-geschenk-fur-paare-de-ch","19":"product_cat-jahrestag-geschenke-fur-sie-de-ch","20":"product_cat-jubilaumsgeschenke-de-ch","21":"product_cat-star-de-ch-2","22":"product_cat-trending-label-de-ch","23":"product_cat-geschenke-zum-valentinstag-de-ch","24":"product_cat-valentinstagsgeschenke-fur-frauen-de-ch","25":"product_cat-valentinstagsgeschenke-fur-manner-de-ch","26":"product_cat-weihnachtsgeschenke-de-ch","27":"product_cat-weihnachtsgeschenke-fur-den-ehemann-de-ch","28":"product_tag-anniversary-de-ch","29":"product_tag-anniversary-gift-de-ch","30":"product_tag-anniversary-gifts-de-ch","31":"product_tag-anniversary-present-de-ch","32":"product_tag-couple-gift-de-ch","33":"product_tag-gift-for-couple-de-ch","34":"product_tag-love-de-ch","35":"product_tag-love-gift-de-ch","36":"product_tag-personalized-gift-de-ch","37":"product_tag-regali-di-natale-per-il-fidanzato-de-ch","38":"product_tag-regali-di-natale-per-il-marito-de-ch","39":"product_tag-regali-di-natale-per-la-fidanzata-de-ch","40":"product_tag-regali-di-natale-per-la-moglie-de-ch","41":"product_tag-regali-di-natale-per-lei-de-ch","42":"product_tag-regali-di-natale-per-lui-de-ch","43":"product_tag-romantic-gifts-de-ch","44":"product_tag-romantisches-geschenk-de-ch","45":"product_tag-sentimental-gift-de-ch","46":"product_tag-special-occasion-de-ch","47":"product_tag-thoughtful-gift-de-ch","48":"product_tag-unique-gift-de-ch","49":"product_tag-valentines-day-gifts-de-ch","50":"product_tag-valentines-day-de-ch","51":"product_tag-valentines-day-gift-de-ch","52":"product_tag-wedding-anniversary-de-ch","53":"product_tag-weihnachtsgeschenke-fuer-den-ehemann-de-ch","54":"product_tag-weihnachtsgeschenke-fuer-den-freund-de-ch","55":"product_tag-weihnachtsgeschenke-fur-die-frau-de-ch","56":"product_tag-weihnachtsgeschenke-fuer-die-freundin","57":"product_tag-weihnachtsgeschenke-fuer-ihn-de-ch","58":"product_tag-weihnachtsgeschenke-fuer-sie-de-ch","60":"first","61":"instock","62":"sale","63":"taxable","64":"shipping-taxable","65":"purchasable","66":"product-type-variable"},"yoast_head":"<!-- This site is optimized with the Yoast SEO Premium plugin v27.2 (Yoast SEO v27.2) - https:\/\/yoast.com\/product\/yoast-seo-premium-wordpress\/ -->\n<title>Liebe unter dem Mond und den Sternen - Positive Prints<\/title>\n<meta name=\"description\" content=\"Verschenke ein romantisches Jubil\u00e4umsgeschenk mit Mond und Sternen aus eurer besonderen Nacht. Eine wundersch\u00f6ne Art, eure Liebe zu feiern.\" \/>\n<meta name=\"robots\" content=\"index, follow, max-snippet:-1, max-image-preview:large, max-video-preview:-1\" \/>\n<link rel=\"canonical\" href=\"https:\/\/positiveprints.com\/de-ch\/produkt\/liebe-unter-dem-mond-und-den-sternen\/\" \/>\n<meta property=\"og:locale\" content=\"de_DE\" \/>\n<meta property=\"og:type\" content=\"article\" \/>\n<meta property=\"og:title\" content=\"Liebe unter dem Mond und den Sternen\" \/>\n<meta property=\"og:description\" content=\"Benutzerdefinierte Stern- und Mondkarte f\u00fcr ausgew\u00e4hltes Datum und Ort Passe dein Kunstwerk in 3 einfachen Schritten an F\u00fcge einen aussagekr\u00e4ftigen personalisierten Text hinzu Sieh das Ergebnis sofort \u2013 die interaktive Vorschau erm\u00f6glicht dir, jedes Detail direkt anzupassen\" \/>\n<meta property=\"og:url\" content=\"https:\/\/positiveprints.com\/de-ch\/produkt\/liebe-unter-dem-mond-und-den-sternen\/\" \/>\n<meta property=\"og:site_name\" content=\"Positive Prints\" \/>\n<meta property=\"article:publisher\" content=\"https:\/\/www.facebook.com\/positiveprintscom\" \/>\n<meta property=\"article:modified_time\" content=\"2026-04-28T12:27:08+00:00\" \/>\n<meta property=\"og:image\" content=\"https:\/\/positiveprints.com\/wp-content\/uploads\/2025\/05\/Liebe-unter-dem-Mond-und-den-Sternen-1.webp\" \/>\n\t<meta property=\"og:image:width\" content=\"1450\" \/>\n\t<meta property=\"og:image:height\" content=\"1450\" \/>\n\t<meta property=\"og:image:type\" content=\"image\/webp\" \/>\n<meta name=\"twitter:card\" content=\"summary_large_image\" \/>\n<!-- \/ Yoast SEO Premium plugin. -->","yoast_head_json":{"title":"Liebe unter dem Mond und den Sternen - Positive Prints","description":"Verschenke ein romantisches Jubil\u00e4umsgeschenk mit Mond und Sternen aus eurer besonderen Nacht. Eine wundersch\u00f6ne Art, eure Liebe zu feiern.","robots":{"index":"index","follow":"follow","max-snippet":"max-snippet:-1","max-image-preview":"max-image-preview:large","max-video-preview":"max-video-preview:-1"},"canonical":"https:\/\/positiveprints.com\/de-ch\/produkt\/liebe-unter-dem-mond-und-den-sternen\/","og_locale":"de_DE","og_type":"article","og_title":"Liebe unter dem Mond und den Sternen","og_description":"Benutzerdefinierte Stern- und Mondkarte f\u00fcr ausgew\u00e4hltes Datum und Ort Passe dein Kunstwerk in 3 einfachen Schritten an F\u00fcge einen aussagekr\u00e4ftigen personalisierten Text hinzu Sieh das Ergebnis sofort \u2013 die interaktive Vorschau erm\u00f6glicht dir, jedes Detail direkt anzupassen","og_url":"https:\/\/positiveprints.com\/de-ch\/produkt\/liebe-unter-dem-mond-und-den-sternen\/","og_site_name":"Positive Prints","article_publisher":"https:\/\/www.facebook.com\/positiveprintscom","article_modified_time":"2026-04-28T12:27:08+00:00","og_image":[{"width":1450,"height":1450,"url":"https:\/\/positiveprints.com\/wp-content\/uploads\/2025\/05\/Liebe-unter-dem-Mond-und-den-Sternen-1.webp","type":"image\/webp"}],"twitter_card":"summary_large_image","schema":{"@context":"https:\/\/schema.org","@graph":[{"@type":["WebPage","ItemPage"],"@id":"https:\/\/positiveprints.com\/de-ch\/produkt\/liebe-unter-dem-mond-und-den-sternen\/","url":"https:\/\/positiveprints.com\/de-ch\/produkt\/liebe-unter-dem-mond-und-den-sternen\/","name":"Liebe unter dem Mond und den Sternen - Positive Prints","isPartOf":{"@id":"https:\/\/positiveprints.com\/de-ch\/#website"},"primaryImageOfPage":{"@id":"https:\/\/positiveprints.com\/de-ch\/produkt\/liebe-unter-dem-mond-und-den-sternen\/#primaryimage"},"image":{"@id":"https:\/\/positiveprints.com\/de-ch\/produkt\/liebe-unter-dem-mond-und-den-sternen\/#primaryimage"},"thumbnailUrl":"https:\/\/positiveprints.com\/wp-content\/uploads\/2025\/05\/Liebe-unter-dem-Mond-und-den-Sternen-1.webp","datePublished":"2025-05-22T11:02:12+00:00","dateModified":"2026-04-28T12:27:08+00:00","description":"Verschenke ein romantisches Jubil\u00e4umsgeschenk mit Mond und Sternen aus eurer besonderen Nacht. Eine wundersch\u00f6ne Art, eure Liebe zu feiern.","breadcrumb":{"@id":"https:\/\/positiveprints.com\/de-ch\/produkt\/liebe-unter-dem-mond-und-den-sternen\/#breadcrumb"},"inLanguage":"de-CH","potentialAction":[{"@type":"ReadAction","target":["https:\/\/positiveprints.com\/de-ch\/produkt\/liebe-unter-dem-mond-und-den-sternen\/"]}]},{"@type":"ImageObject","inLanguage":"de-CH","@id":"https:\/\/positiveprints.com\/de-ch\/produkt\/liebe-unter-dem-mond-und-den-sternen\/#primaryimage","url":"https:\/\/positiveprints.com\/wp-content\/uploads\/2025\/05\/Liebe-unter-dem-Mond-und-den-Sternen-1.webp","contentUrl":"https:\/\/positiveprints.com\/wp-content\/uploads\/2025\/05\/Liebe-unter-dem-Mond-und-den-Sternen-1.webp","width":1450,"height":1450},{"@type":"BreadcrumbList","@id":"https:\/\/positiveprints.com\/de-ch\/produkt\/liebe-unter-dem-mond-und-den-sternen\/#breadcrumb","itemListElement":[{"@type":"ListItem","position":1,"name":"Home","item":"https:\/\/positiveprints.com\/de-ch\/"},{"@type":"ListItem","position":2,"name":"Produkte","item":"https:\/\/positiveprints.com\/de-ch\/shop\/"},{"@type":"ListItem","position":3,"name":"Liebe unter dem Mond und den Sternen"}]},{"@type":"WebSite","@id":"https:\/\/positiveprints.com\/de-ch\/#website","url":"https:\/\/positiveprints.com\/de-ch\/","name":"Positive Prints","description":"Amazing Custom Personalized Gifts","publisher":{"@id":"https:\/\/positiveprints.com\/de-ch\/#organization"},"potentialAction":[{"@type":"SearchAction","target":{"@type":"EntryPoint","urlTemplate":"https:\/\/positiveprints.com\/de-ch\/?s={search_term_string}"},"query-input":{"@type":"PropertyValueSpecification","valueRequired":true,"valueName":"search_term_string"}}],"inLanguage":"de-CH"},{"@type":"Organization","@id":"https:\/\/positiveprints.com\/de-ch\/#organization","name":"Positive Prints","alternateName":"Positive Prints","url":"https:\/\/positiveprints.com\/de-ch\/","logo":{"@type":"ImageObject","inLanguage":"de-CH","@id":"https:\/\/positiveprints.com\/de-ch\/#\/schema\/logo\/image\/","url":"https:\/\/positiveprints.com\/wp-content\/uploads\/2026\/03\/245815646_1337939713319158_5671353136411139666_n.png","contentUrl":"https:\/\/positiveprints.com\/wp-content\/uploads\/2026\/03\/245815646_1337939713319158_5671353136411139666_n.png","width":800,"height":800,"caption":"Positive Prints"},"image":{"@id":"https:\/\/positiveprints.com\/de-ch\/#\/schema\/logo\/image\/"},"sameAs":["https:\/\/www.facebook.com\/positiveprintscom","https:\/\/www.instagram.com\/positiveprintscom\/","https:\/\/www.tiktok.com\/@positiveprintscom","https:\/\/www.pinterest.com\/positiveprintscom\/"]}]}},"jetpack_sharing_enabled":true,"_links":{"self":[{"href":"https:\/\/positiveprints.com\/de-ch\/wp-json\/wp\/v2\/product\/1429888","targetHints":{"allow":["GET"]}}],"collection":[{"href":"https:\/\/positiveprints.com\/de-ch\/wp-json\/wp\/v2\/product"}],"about":[{"href":"https:\/\/positiveprints.com\/de-ch\/wp-json\/wp\/v2\/types\/product"}],"wp:featuredmedia":[{"embeddable":true,"href":"https:\/\/positiveprints.com\/de-ch\/wp-json\/wp\/v2\/media\/1427647"}],"wp:attachment":[{"href":"https:\/\/positiveprints.com\/de-ch\/wp-json\/wp\/v2\/media?parent=1429888"}],"wp:term":[{"taxonomy":"product_brand","embeddable":true,"href":"https:\/\/positiveprints.com\/de-ch\/wp-json\/wp\/v2\/product_brand?post=1429888"},{"taxonomy":"product_cat","embeddable":true,"href":"https:\/\/positiveprints.com\/de-ch\/wp-json\/wp\/v2\/product_cat?post=1429888"},{"taxonomy":"product_tag","embeddable":true,"href":"https:\/\/positiveprints.com\/de-ch\/wp-json\/wp\/v2\/product_tag?post=1429888"}],"curies":[{"name":"wp","href":"https:\/\/api.w.org\/{rel}","templated":true}]}}