{"id":1401644,"date":"2023-10-12T10:14:08","date_gmt":"2023-10-12T09:14:08","guid":{"rendered":"https:\/\/positiveprints.com\/product\/fotocollage-fuer-deine-bonusmama\/"},"modified":"2026-04-03T03:03:47","modified_gmt":"2026-04-03T02:03:47","slug":"fotocollage-fuer-deine-bonusmama","status":"publish","type":"product","link":"https:\/\/positiveprints.com\/de-ch\/produkt\/fotocollage-fuer-deine-bonusmama\/","title":{"rendered":"Fotocollage f\u00fcr deine Bonusmama"},"content":{"rendered":"","protected":false},"excerpt":{"rendered":"<ul class=\"check-list\">\n<li>Zeige deine Liebe und Wertsch\u00e4tzung<\/li>\n<li>F\u00fcge einen aussagekr\u00e4ftigen, pers\u00f6nlichen Text hinzu<\/li>\n<li>Personalisiere dein Kunstwerk in 3 einfachen Schritten<\/li>\n<li>W\u00e4hle eine Vorlage oder werde kreativ<\/li>\n<li>Sehe den Effekt sofort \u2013 die interaktive Vorschau erm\u00f6glicht es dir, jedes Detail direkt anzupassen<\/li>\n<\/ul>\n","protected":false},"featured_media":1668258,"template":"","meta":[],"product_brand":[],"product_cat":[4905,8821],"product_tag":[12816,8543,16396,16397],"class_list":{"0":"post-1401644","1":"product","2":"type-product","3":"status-publish","4":"has-post-thumbnail","6":"product_cat-alle-produkte-de-ch","7":"product_cat-photo-letter-de-ch","8":"product_tag-bonus-mom-de-ch","9":"product_tag-family-de-ch","10":"product_tag-stiefvater-de-ch-3","11":"product_tag-stiefmutter","13":"first","14":"instock","15":"sale","16":"taxable","17":"shipping-taxable","18":"purchasable","19":"product-type-variable"},"yoast_head":"<!-- This site is optimized with the Yoast SEO Premium plugin v27.2 (Yoast SEO v27.2) - https:\/\/yoast.com\/product\/yoast-seo-premium-wordpress\/ -->\n<title>Fotocollage f\u00fcr deine Bonusmama - Positive Prints<\/title>\n<meta name=\"description\" content=\"Zeige deiner Stiefmutter, wie viel sie dir bedeutet. Erstelle eine personalisierte Buchstaben-Fotocollage mit sch\u00f6nen gemeinsamen Erinnerungen.\" \/>\n<meta name=\"robots\" content=\"index, follow, max-snippet:-1, max-image-preview:large, max-video-preview:-1\" \/>\n<link rel=\"canonical\" href=\"https:\/\/positiveprints.com\/de-ch\/produkt\/fotocollage-fuer-deine-bonusmama\/\" \/>\n<meta property=\"og:locale\" content=\"de_DE\" \/>\n<meta property=\"og:type\" content=\"article\" \/>\n<meta property=\"og:title\" content=\"Fotocollage f\u00fcr deine Bonusmama\" \/>\n<meta property=\"og:description\" content=\"Zeige deine Liebe und Wertsch\u00e4tzung  F\u00fcge einen aussagekr\u00e4ftigen, pers\u00f6nlichen Text hinzu  Personalisiere dein Kunstwerk in 3 einfachen Schritten  W\u00e4hle eine Vorlage oder werde kreativ  Sehe den Effekt sofort \u2013 die interaktive Vorschau erm\u00f6glicht es dir, jedes Detail direkt anzupassen\" \/>\n<meta property=\"og:url\" content=\"https:\/\/positiveprints.com\/de-ch\/produkt\/fotocollage-fuer-deine-bonusmama\/\" \/>\n<meta property=\"og:site_name\" content=\"Positive Prints\" \/>\n<meta property=\"article:publisher\" content=\"https:\/\/www.facebook.com\/positiveprintscom\" \/>\n<meta property=\"article:modified_time\" content=\"2026-04-03T02:03:47+00:00\" \/>\n<meta property=\"og:image\" content=\"https:\/\/positiveprints.com\/wp-content\/uploads\/2023\/10\/Stepmother-Letter-Photo-Collage.jpg\" \/>\n\t<meta property=\"og:image:width\" content=\"1080\" \/>\n\t<meta property=\"og:image:height\" content=\"1080\" \/>\n\t<meta property=\"og:image:type\" content=\"image\/jpeg\" \/>\n<meta name=\"twitter:card\" content=\"summary_large_image\" \/>\n<meta name=\"twitter:label1\" content=\"Gesch\u00e4tzte Lesezeit\" \/>\n\t<meta name=\"twitter:data1\" content=\"1\u00a0Minute\" \/>\n<!-- \/ Yoast SEO Premium plugin. -->","yoast_head_json":{"title":"Fotocollage f\u00fcr deine Bonusmama - Positive Prints","description":"Zeige deiner Stiefmutter, wie viel sie dir bedeutet. Erstelle eine personalisierte Buchstaben-Fotocollage mit sch\u00f6nen gemeinsamen Erinnerungen.","robots":{"index":"index","follow":"follow","max-snippet":"max-snippet:-1","max-image-preview":"max-image-preview:large","max-video-preview":"max-video-preview:-1"},"canonical":"https:\/\/positiveprints.com\/de-ch\/produkt\/fotocollage-fuer-deine-bonusmama\/","og_locale":"de_DE","og_type":"article","og_title":"Fotocollage f\u00fcr deine Bonusmama","og_description":"Zeige deine Liebe und Wertsch\u00e4tzung  F\u00fcge einen aussagekr\u00e4ftigen, pers\u00f6nlichen Text hinzu  Personalisiere dein Kunstwerk in 3 einfachen Schritten  W\u00e4hle eine Vorlage oder werde kreativ  Sehe den Effekt sofort \u2013 die interaktive Vorschau erm\u00f6glicht es dir, jedes Detail direkt anzupassen","og_url":"https:\/\/positiveprints.com\/de-ch\/produkt\/fotocollage-fuer-deine-bonusmama\/","og_site_name":"Positive Prints","article_publisher":"https:\/\/www.facebook.com\/positiveprintscom","article_modified_time":"2026-04-03T02:03:47+00:00","og_image":[{"width":1080,"height":1080,"url":"https:\/\/positiveprints.com\/wp-content\/uploads\/2023\/10\/Stepmother-Letter-Photo-Collage.jpg","type":"image\/jpeg"}],"twitter_card":"summary_large_image","twitter_misc":{"Gesch\u00e4tzte Lesezeit":"1\u00a0Minute"},"schema":{"@context":"https:\/\/schema.org","@graph":[{"@type":["WebPage","ItemPage"],"@id":"https:\/\/positiveprints.com\/de-ch\/produkt\/fotocollage-fuer-deine-bonusmama\/","url":"https:\/\/positiveprints.com\/de-ch\/produkt\/fotocollage-fuer-deine-bonusmama\/","name":"Fotocollage f\u00fcr deine Bonusmama - Positive Prints","isPartOf":{"@id":"https:\/\/positiveprints.com\/de-ch\/#website"},"primaryImageOfPage":{"@id":"https:\/\/positiveprints.com\/de-ch\/produkt\/fotocollage-fuer-deine-bonusmama\/#primaryimage"},"image":{"@id":"https:\/\/positiveprints.com\/de-ch\/produkt\/fotocollage-fuer-deine-bonusmama\/#primaryimage"},"thumbnailUrl":"https:\/\/positiveprints.com\/wp-content\/uploads\/2026\/03\/bonusmama_DE-packshot-.webp","datePublished":"2023-10-12T09:14:08+00:00","dateModified":"2026-04-03T02:03:47+00:00","description":"Zeige deiner Stiefmutter, wie viel sie dir bedeutet. Erstelle eine personalisierte Buchstaben-Fotocollage mit sch\u00f6nen gemeinsamen Erinnerungen.","breadcrumb":{"@id":"https:\/\/positiveprints.com\/de-ch\/produkt\/fotocollage-fuer-deine-bonusmama\/#breadcrumb"},"inLanguage":"de-CH","potentialAction":[{"@type":"ReadAction","target":["https:\/\/positiveprints.com\/de-ch\/produkt\/fotocollage-fuer-deine-bonusmama\/"]}]},{"@type":"ImageObject","inLanguage":"de-CH","@id":"https:\/\/positiveprints.com\/de-ch\/produkt\/fotocollage-fuer-deine-bonusmama\/#primaryimage","url":"https:\/\/positiveprints.com\/wp-content\/uploads\/2026\/03\/bonusmama_DE-packshot-.webp","contentUrl":"https:\/\/positiveprints.com\/wp-content\/uploads\/2026\/03\/bonusmama_DE-packshot-.webp","width":1450,"height":1450,"caption":"bonusmama_DE packshot"},{"@type":"BreadcrumbList","@id":"https:\/\/positiveprints.com\/de-ch\/produkt\/fotocollage-fuer-deine-bonusmama\/#breadcrumb","itemListElement":[{"@type":"ListItem","position":1,"name":"Home","item":"https:\/\/positiveprints.com\/de-ch\/"},{"@type":"ListItem","position":2,"name":"Produkte","item":"https:\/\/positiveprints.com\/de-ch\/shop\/"},{"@type":"ListItem","position":3,"name":"Fotocollage f\u00fcr deine Bonusmama"}]},{"@type":"WebSite","@id":"https:\/\/positiveprints.com\/de-ch\/#website","url":"https:\/\/positiveprints.com\/de-ch\/","name":"Positive Prints","description":"Amazing Custom Personalized Gifts","publisher":{"@id":"https:\/\/positiveprints.com\/de-ch\/#organization"},"potentialAction":[{"@type":"SearchAction","target":{"@type":"EntryPoint","urlTemplate":"https:\/\/positiveprints.com\/de-ch\/?s={search_term_string}"},"query-input":{"@type":"PropertyValueSpecification","valueRequired":true,"valueName":"search_term_string"}}],"inLanguage":"de-CH"},{"@type":"Organization","@id":"https:\/\/positiveprints.com\/de-ch\/#organization","name":"Positive Prints","alternateName":"Positive Prints","url":"https:\/\/positiveprints.com\/de-ch\/","logo":{"@type":"ImageObject","inLanguage":"de-CH","@id":"https:\/\/positiveprints.com\/de-ch\/#\/schema\/logo\/image\/","url":"https:\/\/positiveprints.com\/wp-content\/uploads\/2026\/03\/245815646_1337939713319158_5671353136411139666_n.png","contentUrl":"https:\/\/positiveprints.com\/wp-content\/uploads\/2026\/03\/245815646_1337939713319158_5671353136411139666_n.png","width":800,"height":800,"caption":"Positive Prints"},"image":{"@id":"https:\/\/positiveprints.com\/de-ch\/#\/schema\/logo\/image\/"},"sameAs":["https:\/\/www.facebook.com\/positiveprintscom","https:\/\/www.instagram.com\/positiveprintscom\/","https:\/\/www.tiktok.com\/@positiveprintscom","https:\/\/www.pinterest.com\/positiveprintscom\/"]}]}},"jetpack_sharing_enabled":true,"_links":{"self":[{"href":"https:\/\/positiveprints.com\/de-ch\/wp-json\/wp\/v2\/product\/1401644","targetHints":{"allow":["GET"]}}],"collection":[{"href":"https:\/\/positiveprints.com\/de-ch\/wp-json\/wp\/v2\/product"}],"about":[{"href":"https:\/\/positiveprints.com\/de-ch\/wp-json\/wp\/v2\/types\/product"}],"wp:featuredmedia":[{"embeddable":true,"href":"https:\/\/positiveprints.com\/de-ch\/wp-json\/wp\/v2\/media\/1668258"}],"wp:attachment":[{"href":"https:\/\/positiveprints.com\/de-ch\/wp-json\/wp\/v2\/media?parent=1401644"}],"wp:term":[{"taxonomy":"product_brand","embeddable":true,"href":"https:\/\/positiveprints.com\/de-ch\/wp-json\/wp\/v2\/product_brand?post=1401644"},{"taxonomy":"product_cat","embeddable":true,"href":"https:\/\/positiveprints.com\/de-ch\/wp-json\/wp\/v2\/product_cat?post=1401644"},{"taxonomy":"product_tag","embeddable":true,"href":"https:\/\/positiveprints.com\/de-ch\/wp-json\/wp\/v2\/product_tag?post=1401644"}],"curies":[{"name":"wp","href":"https:\/\/api.w.org\/{rel}","templated":true}]}}