{"id":1331838,"date":"2025-01-28T10:24:20","date_gmt":"2025-01-28T09:24:20","guid":{"rendered":"https:\/\/positiveprints.com\/?post_type=product&#038;p=1331838"},"modified":"2026-04-28T13:30:39","modified_gmt":"2026-04-28T12:30:39","slug":"papa-fotocollage","status":"publish","type":"product","link":"https:\/\/positiveprints.com\/de-ch\/produkt\/papa-fotocollage\/","title":{"rendered":"Papa Fotocollage"},"content":{"rendered":"","protected":false},"excerpt":{"rendered":"<ul class=\"check-list\">\n<li>F\u00fcge einen aussagekr\u00e4ftigen pers\u00f6nlichen Text hinzu<\/li>\n<li>In 3 einfachen Schritten anpassbar<\/li>\n<li>W\u00e4hle ein vordefiniertes Layout oder werde kreativ<\/li>\n<li>Sieh das Ergebnis sofort \u2013 die interaktive Vorschau erm\u00f6glicht dir, jedes Detail direkt anzupassen<\/li>\n<\/ul>\n","protected":false},"featured_media":1333257,"template":"","meta":[],"product_brand":[],"product_cat":[8977,9768,4905,7344,7502,5275,11339,7983],"product_tag":[16476,16473,16474,16472,8561,16475,12549,12546,12548,12547,11712],"class_list":{"0":"post-1331838","1":"product","2":"type-product","3":"status-publish","4":"has-post-thumbnail","6":"product_cat-neu-in-de-ch","7":"product_cat-trending-label-de-ch","8":"product_cat-alle-produkte-de-ch","9":"product_cat-vatertagsgeschenke-de-ch","10":"product_cat-foto-de-ch","11":"product_cat-weihnachtsgeschenke-de-ch","12":"product_cat-weihnachtsgeschenke-fur-den-papa-de-ch","13":"product_cat-geschenke-fur-papa-de-ch","14":"product_tag-christmas-gifts-for-dad-de-ch","15":"product_tag-dad-de-ch","16":"product_tag-daddy-de-ch","17":"product_tag-father-de-ch-2","18":"product_tag-father-de-ch","19":"product_tag-fathers-day-de-ch","20":"product_tag-geschenk-fur-papa-de-ch","21":"product_tag-papa-de-ch","22":"product_tag-papa-de-ch-2","23":"product_tag-vatertag-de-ch","24":"product_tag-weihnachtsgeschenke-fuer-den-papa","26":"first","27":"instock","28":"sale","29":"taxable","30":"shipping-taxable","31":"purchasable","32":"product-type-variable"},"yoast_head":"<!-- This site is optimized with the Yoast SEO Premium plugin v27.2 (Yoast SEO v27.2) - https:\/\/yoast.com\/product\/yoast-seo-premium-wordpress\/ -->\n<title>Papa Fotocollage - Positive Prints<\/title>\n<meta name=\"description\" content=\"Erstelle eine Papa Fotocollage, um besondere Momente mit Papa zu feiern. Perfekt f\u00fcr Erinnerungen oder als herzlicher Geschenk, um ihm ein L\u00e4cheln zu schenken.\" \/>\n<meta name=\"robots\" content=\"index, follow, max-snippet:-1, max-image-preview:large, max-video-preview:-1\" \/>\n<link rel=\"canonical\" href=\"https:\/\/positiveprints.com\/de-ch\/produkt\/papa-fotocollage\/\" \/>\n<meta property=\"og:locale\" content=\"de_DE\" \/>\n<meta property=\"og:type\" content=\"article\" \/>\n<meta property=\"og:title\" content=\"Papa Fotocollage\" \/>\n<meta property=\"og:description\" content=\"F\u00fcge einen aussagekr\u00e4ftigen pers\u00f6nlichen Text hinzu  In 3 einfachen Schritten anpassbar  W\u00e4hle ein vordefiniertes Layout oder werde kreativ  Sieh das Ergebnis sofort \u2013 die interaktive Vorschau erm\u00f6glicht dir, jedes Detail direkt anzupassen\" \/>\n<meta property=\"og:url\" content=\"https:\/\/positiveprints.com\/de-ch\/produkt\/papa-fotocollage\/\" \/>\n<meta property=\"og:site_name\" content=\"Positive Prints\" \/>\n<meta property=\"article:publisher\" content=\"https:\/\/www.facebook.com\/positiveprintscom\" \/>\n<meta property=\"article:modified_time\" content=\"2026-04-28T12:30:39+00:00\" \/>\n<meta property=\"og:image\" content=\"https:\/\/positiveprints.com\/wp-content\/uploads\/2025\/01\/Papa-Fotocollage.webp\" \/>\n\t<meta property=\"og:image:width\" content=\"1450\" \/>\n\t<meta property=\"og:image:height\" content=\"1450\" \/>\n\t<meta property=\"og:image:type\" content=\"image\/webp\" \/>\n<meta name=\"twitter:card\" content=\"summary_large_image\" \/>\n<!-- \/ Yoast SEO Premium plugin. -->","yoast_head_json":{"title":"Papa Fotocollage - Positive Prints","description":"Erstelle eine Papa Fotocollage, um besondere Momente mit Papa zu feiern. Perfekt f\u00fcr Erinnerungen oder als herzlicher Geschenk, um ihm ein L\u00e4cheln zu schenken.","robots":{"index":"index","follow":"follow","max-snippet":"max-snippet:-1","max-image-preview":"max-image-preview:large","max-video-preview":"max-video-preview:-1"},"canonical":"https:\/\/positiveprints.com\/de-ch\/produkt\/papa-fotocollage\/","og_locale":"de_DE","og_type":"article","og_title":"Papa Fotocollage","og_description":"F\u00fcge einen aussagekr\u00e4ftigen pers\u00f6nlichen Text hinzu  In 3 einfachen Schritten anpassbar  W\u00e4hle ein vordefiniertes Layout oder werde kreativ  Sieh das Ergebnis sofort \u2013 die interaktive Vorschau erm\u00f6glicht dir, jedes Detail direkt anzupassen","og_url":"https:\/\/positiveprints.com\/de-ch\/produkt\/papa-fotocollage\/","og_site_name":"Positive Prints","article_publisher":"https:\/\/www.facebook.com\/positiveprintscom","article_modified_time":"2026-04-28T12:30:39+00:00","og_image":[{"width":1450,"height":1450,"url":"https:\/\/positiveprints.com\/wp-content\/uploads\/2025\/01\/Papa-Fotocollage.webp","type":"image\/webp"}],"twitter_card":"summary_large_image","schema":{"@context":"https:\/\/schema.org","@graph":[{"@type":["WebPage","ItemPage"],"@id":"https:\/\/positiveprints.com\/de-ch\/produkt\/papa-fotocollage\/","url":"https:\/\/positiveprints.com\/de-ch\/produkt\/papa-fotocollage\/","name":"Papa Fotocollage - Positive Prints","isPartOf":{"@id":"https:\/\/positiveprints.com\/de-ch\/#website"},"primaryImageOfPage":{"@id":"https:\/\/positiveprints.com\/de-ch\/produkt\/papa-fotocollage\/#primaryimage"},"image":{"@id":"https:\/\/positiveprints.com\/de-ch\/produkt\/papa-fotocollage\/#primaryimage"},"thumbnailUrl":"https:\/\/positiveprints.com\/wp-content\/uploads\/2025\/01\/Papa-Fotocollage.webp","datePublished":"2025-01-28T09:24:20+00:00","dateModified":"2026-04-28T12:30:39+00:00","description":"Erstelle eine Papa Fotocollage, um besondere Momente mit Papa zu feiern. Perfekt f\u00fcr Erinnerungen oder als herzlicher Geschenk, um ihm ein L\u00e4cheln zu schenken.","breadcrumb":{"@id":"https:\/\/positiveprints.com\/de-ch\/produkt\/papa-fotocollage\/#breadcrumb"},"inLanguage":"de-CH","potentialAction":[{"@type":"ReadAction","target":["https:\/\/positiveprints.com\/de-ch\/produkt\/papa-fotocollage\/"]}]},{"@type":"ImageObject","inLanguage":"de-CH","@id":"https:\/\/positiveprints.com\/de-ch\/produkt\/papa-fotocollage\/#primaryimage","url":"https:\/\/positiveprints.com\/wp-content\/uploads\/2025\/01\/Papa-Fotocollage.webp","contentUrl":"https:\/\/positiveprints.com\/wp-content\/uploads\/2025\/01\/Papa-Fotocollage.webp","width":1450,"height":1450,"caption":"Erstelle eine Daddy Fotocollage, um besondere Momente mit Papa zu feiern. Perfekt f\u00fcr Erinnerungen oder als herzlicher Geschenk, um ihm ein L\u00e4cheln zu schenken"},{"@type":"BreadcrumbList","@id":"https:\/\/positiveprints.com\/de-ch\/produkt\/papa-fotocollage\/#breadcrumb","itemListElement":[{"@type":"ListItem","position":1,"name":"Home","item":"https:\/\/positiveprints.com\/de-ch\/"},{"@type":"ListItem","position":2,"name":"Produkte","item":"https:\/\/positiveprints.com\/de-ch\/shop\/"},{"@type":"ListItem","position":3,"name":"Papa Fotocollage"}]},{"@type":"WebSite","@id":"https:\/\/positiveprints.com\/de-ch\/#website","url":"https:\/\/positiveprints.com\/de-ch\/","name":"Positive Prints","description":"Amazing Custom Personalized Gifts","publisher":{"@id":"https:\/\/positiveprints.com\/de-ch\/#organization"},"potentialAction":[{"@type":"SearchAction","target":{"@type":"EntryPoint","urlTemplate":"https:\/\/positiveprints.com\/de-ch\/?s={search_term_string}"},"query-input":{"@type":"PropertyValueSpecification","valueRequired":true,"valueName":"search_term_string"}}],"inLanguage":"de-CH"},{"@type":"Organization","@id":"https:\/\/positiveprints.com\/de-ch\/#organization","name":"Positive Prints","alternateName":"Positive Prints","url":"https:\/\/positiveprints.com\/de-ch\/","logo":{"@type":"ImageObject","inLanguage":"de-CH","@id":"https:\/\/positiveprints.com\/de-ch\/#\/schema\/logo\/image\/","url":"https:\/\/positiveprints.com\/wp-content\/uploads\/2026\/03\/245815646_1337939713319158_5671353136411139666_n.png","contentUrl":"https:\/\/positiveprints.com\/wp-content\/uploads\/2026\/03\/245815646_1337939713319158_5671353136411139666_n.png","width":800,"height":800,"caption":"Positive Prints"},"image":{"@id":"https:\/\/positiveprints.com\/de-ch\/#\/schema\/logo\/image\/"},"sameAs":["https:\/\/www.facebook.com\/positiveprintscom","https:\/\/www.instagram.com\/positiveprintscom\/","https:\/\/www.tiktok.com\/@positiveprintscom","https:\/\/www.pinterest.com\/positiveprintscom\/"]}]}},"jetpack_sharing_enabled":true,"_links":{"self":[{"href":"https:\/\/positiveprints.com\/de-ch\/wp-json\/wp\/v2\/product\/1331838","targetHints":{"allow":["GET"]}}],"collection":[{"href":"https:\/\/positiveprints.com\/de-ch\/wp-json\/wp\/v2\/product"}],"about":[{"href":"https:\/\/positiveprints.com\/de-ch\/wp-json\/wp\/v2\/types\/product"}],"wp:featuredmedia":[{"embeddable":true,"href":"https:\/\/positiveprints.com\/de-ch\/wp-json\/wp\/v2\/media\/1333257"}],"wp:attachment":[{"href":"https:\/\/positiveprints.com\/de-ch\/wp-json\/wp\/v2\/media?parent=1331838"}],"wp:term":[{"taxonomy":"product_brand","embeddable":true,"href":"https:\/\/positiveprints.com\/de-ch\/wp-json\/wp\/v2\/product_brand?post=1331838"},{"taxonomy":"product_cat","embeddable":true,"href":"https:\/\/positiveprints.com\/de-ch\/wp-json\/wp\/v2\/product_cat?post=1331838"},{"taxonomy":"product_tag","embeddable":true,"href":"https:\/\/positiveprints.com\/de-ch\/wp-json\/wp\/v2\/product_tag?post=1331838"}],"curies":[{"name":"wp","href":"https:\/\/api.w.org\/{rel}","templated":true}]}}