{"id":1308540,"date":"2024-12-26T21:25:34","date_gmt":"2024-12-26T20:25:34","guid":{"rendered":"https:\/\/positiveprints.com\/product\/wo-alles-begann-stadtkarte-und-foto\/"},"modified":"2026-04-03T02:35:30","modified_gmt":"2026-04-03T01:35:30","slug":"wo-alles-begann-stadtkarte-foto","status":"publish","type":"product","link":"https:\/\/positiveprints.com\/de-ch\/produkt\/wo-alles-begann-stadtkarte-foto\/","title":{"rendered":"Wo alles begann Stadtkarte und Foto"},"content":{"rendered":"","protected":false},"excerpt":{"rendered":"<ul class=\"check-list\">\n<li>Halte den besonderen Moment mit einer personalisierten Karte und einem Foto fest, die den genauen Ort der wertvollen Erinnerungen zeigen<\/li>\n<li>Markiere eine besondere Stelle mit einem ausgew\u00e4hlten Symbol<\/li>\n<li>F\u00fcge einen aussagekr\u00e4ftigen personalisierten Text ein<\/li>\n<li>Passe dein Kunstwerk in 3 einfachen Schritten an<\/li>\n<li>Sieh das Ergebnis sofort \u2013 die interaktive Vorschau erm\u00f6glicht dir, jedes Detail direkt anzupassen<\/li>\n<\/ul>\n","protected":false},"featured_media":1352408,"template":"","meta":[],"product_brand":[],"product_cat":[9121,4905,11171,11165,11168,5275,11351,11353,11348,11330,11371,11357,8015,7680,7648,7695,7791,7759,7807,5320,11235,11238],"product_tag":[15738,15737,15740,15739,15749,15744,14831,14832,11738,11709,11730,11715,11751,11744],"class_list":{"0":"post-1308540","1":"product","2":"type-product","3":"status-publish","4":"has-post-thumbnail","6":"product_cat-double-maps-de-ch","7":"product_cat-alle-produkte-de-ch","8":"product_cat-jahrestag-geschenk-fur-paare-de-ch","9":"product_cat-jahrestag-geschenke-fur-sie-de-ch","10":"product_cat-jahrestag-geschenk-fur-ihn-de-ch","11":"product_cat-weihnachtsgeschenke-de-ch","12":"product_cat-weihnachtsgeschenke-fur-frauen-de-ch","13":"product_cat-weihnachtsgeschenke-fur-manner-de-ch","14":"product_cat-weihnachtsgeschenke-fur-die-freundin-de-ch","15":"product_cat-weihnachtsgeschenke-fur-den-freund-de-ch","16":"product_cat-weihnachtsgeschenke-fur-die-frau-de-ch","17":"product_cat-weihnachtsgeschenke-fur-den-ehemann-de-ch","18":"product_cat-geschenke-fur-manner-de-ch","19":"product_cat-geschenke-fur-deinen-freund-de-ch","20":"product_cat-geschenke-fur-deinen-ehemann","21":"product_cat-geschenke-fur-wichtige-frauen-in-deinem-leben-de-ch","22":"product_cat-geschenke-fur-deine-freundin-de-ch","23":"product_cat-geschenke-fur-deine-ehefrau-de-ch","24":"product_cat-geschenke-fur-paare-de-ch","25":"product_cat-geschenke-zum-valentinstag-de-ch","26":"product_cat-valentinstagsgeschenke-fur-frauen-de-ch","27":"product_cat-valentinstagsgeschenke-fur-manner-de-ch","28":"product_tag-regali-di-natale-per-il-fidanzato-de-ch","29":"product_tag-regali-di-natale-per-il-marito-de-ch","30":"product_tag-regali-di-natale-per-la-fidanzata-de-ch","31":"product_tag-regali-di-natale-per-la-moglie-de-ch","32":"product_tag-regali-di-natale-per-lei-de-ch","33":"product_tag-regali-di-natale-per-lui-de-ch","34":"product_tag-valentines-day-de-ch","35":"product_tag-valentines-day-gift-de-ch","36":"product_tag-weihnachtsgeschenke-fuer-den-ehemann-de-ch","37":"product_tag-weihnachtsgeschenke-fuer-den-freund-de-ch","38":"product_tag-weihnachtsgeschenke-fur-die-frau-de-ch","39":"product_tag-weihnachtsgeschenke-fuer-die-freundin","40":"product_tag-weihnachtsgeschenke-fuer-ihn-de-ch","41":"product_tag-weihnachtsgeschenke-fuer-sie-de-ch","43":"first","44":"instock","45":"sale","46":"taxable","47":"shipping-taxable","48":"purchasable","49":"product-type-variable"},"yoast_head":"<!-- This site is optimized with the Yoast SEO Premium plugin v27.2 (Yoast SEO v27.2) - https:\/\/yoast.com\/product\/yoast-seo-premium-wordpress\/ -->\n<title>Wo alles begann Stadtkarte und Foto - Positive Prints<\/title>\n<meta name=\"description\" content=\"Die &quot;Wo alles begann Stadtkarte und Foto&quot; ist ein einzigartiges und durchdachtes Geschenk f\u00fcr Jubil\u00e4en, Valentinstag, Hochzeiten oder jeden besonderen Anlass.\" \/>\n<meta name=\"robots\" content=\"index, follow, max-snippet:-1, max-image-preview:large, max-video-preview:-1\" \/>\n<link rel=\"canonical\" href=\"https:\/\/positiveprints.com\/de-ch\/produkt\/wo-alles-begann-stadtkarte-foto\/\" \/>\n<meta property=\"og:locale\" content=\"de_DE\" \/>\n<meta property=\"og:type\" content=\"article\" \/>\n<meta property=\"og:title\" content=\"Wo alles begann Stadtkarte und Foto\" \/>\n<meta property=\"og:description\" content=\"Halte den besonderen Moment mit einer personalisierten Karte und einem Foto fest, die den genauen Ort der wertvollen Erinnerungen zeigen Markiere eine besondere Stelle mit einem ausgew\u00e4hlten Symbol F\u00fcge einen aussagekr\u00e4ftigen personalisierten Text ein Passe dein Kunstwerk in 3 einfachen Schritten an Sieh das Ergebnis sofort \u2013 die interaktive Vorschau erm\u00f6glicht dir, jedes Detail direkt anzupassen\" \/>\n<meta property=\"og:url\" content=\"https:\/\/positiveprints.com\/de-ch\/produkt\/wo-alles-begann-stadtkarte-foto\/\" \/>\n<meta property=\"og:site_name\" content=\"Positive Prints\" \/>\n<meta property=\"article:publisher\" content=\"https:\/\/www.facebook.com\/positiveprintscom\" \/>\n<meta property=\"article:modified_time\" content=\"2026-04-03T01:35:30+00:00\" \/>\n<meta property=\"og:image\" content=\"https:\/\/positiveprints.com\/wp-content\/uploads\/2025\/02\/Wo-alles-begann-Stadtkarte-und-Foto-1.webp\" \/>\n\t<meta property=\"og:image:width\" content=\"1450\" \/>\n\t<meta property=\"og:image:height\" content=\"1450\" \/>\n\t<meta property=\"og:image:type\" content=\"image\/webp\" \/>\n<meta name=\"twitter:card\" content=\"summary_large_image\" \/>\n<meta name=\"twitter:label1\" content=\"Gesch\u00e4tzte Lesezeit\" \/>\n\t<meta name=\"twitter:data1\" content=\"1\u00a0Minute\" \/>\n<!-- \/ Yoast SEO Premium plugin. -->","yoast_head_json":{"title":"Wo alles begann Stadtkarte und Foto - Positive Prints","description":"Die \"Wo alles begann Stadtkarte und Foto\" ist ein einzigartiges und durchdachtes Geschenk f\u00fcr Jubil\u00e4en, Valentinstag, Hochzeiten oder jeden besonderen Anlass.","robots":{"index":"index","follow":"follow","max-snippet":"max-snippet:-1","max-image-preview":"max-image-preview:large","max-video-preview":"max-video-preview:-1"},"canonical":"https:\/\/positiveprints.com\/de-ch\/produkt\/wo-alles-begann-stadtkarte-foto\/","og_locale":"de_DE","og_type":"article","og_title":"Wo alles begann Stadtkarte und Foto","og_description":"Halte den besonderen Moment mit einer personalisierten Karte und einem Foto fest, die den genauen Ort der wertvollen Erinnerungen zeigen Markiere eine besondere Stelle mit einem ausgew\u00e4hlten Symbol F\u00fcge einen aussagekr\u00e4ftigen personalisierten Text ein Passe dein Kunstwerk in 3 einfachen Schritten an Sieh das Ergebnis sofort \u2013 die interaktive Vorschau erm\u00f6glicht dir, jedes Detail direkt anzupassen","og_url":"https:\/\/positiveprints.com\/de-ch\/produkt\/wo-alles-begann-stadtkarte-foto\/","og_site_name":"Positive Prints","article_publisher":"https:\/\/www.facebook.com\/positiveprintscom","article_modified_time":"2026-04-03T01:35:30+00:00","og_image":[{"width":1450,"height":1450,"url":"https:\/\/positiveprints.com\/wp-content\/uploads\/2025\/02\/Wo-alles-begann-Stadtkarte-und-Foto-1.webp","type":"image\/webp"}],"twitter_card":"summary_large_image","twitter_misc":{"Gesch\u00e4tzte Lesezeit":"1\u00a0Minute"},"schema":{"@context":"https:\/\/schema.org","@graph":[{"@type":["WebPage","ItemPage"],"@id":"https:\/\/positiveprints.com\/de-ch\/produkt\/wo-alles-begann-stadtkarte-foto\/","url":"https:\/\/positiveprints.com\/de-ch\/produkt\/wo-alles-begann-stadtkarte-foto\/","name":"Wo alles begann Stadtkarte und Foto - Positive Prints","isPartOf":{"@id":"https:\/\/positiveprints.com\/de-ch\/#website"},"primaryImageOfPage":{"@id":"https:\/\/positiveprints.com\/de-ch\/produkt\/wo-alles-begann-stadtkarte-foto\/#primaryimage"},"image":{"@id":"https:\/\/positiveprints.com\/de-ch\/produkt\/wo-alles-begann-stadtkarte-foto\/#primaryimage"},"thumbnailUrl":"https:\/\/positiveprints.com\/wp-content\/uploads\/2025\/02\/Wo-alles-begann-Stadtkarte-und-Foto-1.webp","datePublished":"2024-12-26T20:25:34+00:00","dateModified":"2026-04-03T01:35:30+00:00","description":"Die \"Wo alles begann Stadtkarte und Foto\" ist ein einzigartiges und durchdachtes Geschenk f\u00fcr Jubil\u00e4en, Valentinstag, Hochzeiten oder jeden besonderen Anlass.","breadcrumb":{"@id":"https:\/\/positiveprints.com\/de-ch\/produkt\/wo-alles-begann-stadtkarte-foto\/#breadcrumb"},"inLanguage":"de-CH","potentialAction":[{"@type":"ReadAction","target":["https:\/\/positiveprints.com\/de-ch\/produkt\/wo-alles-begann-stadtkarte-foto\/"]}]},{"@type":"ImageObject","inLanguage":"de-CH","@id":"https:\/\/positiveprints.com\/de-ch\/produkt\/wo-alles-begann-stadtkarte-foto\/#primaryimage","url":"https:\/\/positiveprints.com\/wp-content\/uploads\/2025\/02\/Wo-alles-begann-Stadtkarte-und-Foto-1.webp","contentUrl":"https:\/\/positiveprints.com\/wp-content\/uploads\/2025\/02\/Wo-alles-begann-Stadtkarte-und-Foto-1.webp","width":1450,"height":1450},{"@type":"BreadcrumbList","@id":"https:\/\/positiveprints.com\/de-ch\/produkt\/wo-alles-begann-stadtkarte-foto\/#breadcrumb","itemListElement":[{"@type":"ListItem","position":1,"name":"Home","item":"https:\/\/positiveprints.com\/de-ch\/"},{"@type":"ListItem","position":2,"name":"Produkte","item":"https:\/\/positiveprints.com\/de-ch\/shop\/"},{"@type":"ListItem","position":3,"name":"Wo alles begann Stadtkarte und Foto"}]},{"@type":"WebSite","@id":"https:\/\/positiveprints.com\/de-ch\/#website","url":"https:\/\/positiveprints.com\/de-ch\/","name":"Positive Prints","description":"Amazing Custom Personalized Gifts","publisher":{"@id":"https:\/\/positiveprints.com\/de-ch\/#organization"},"potentialAction":[{"@type":"SearchAction","target":{"@type":"EntryPoint","urlTemplate":"https:\/\/positiveprints.com\/de-ch\/?s={search_term_string}"},"query-input":{"@type":"PropertyValueSpecification","valueRequired":true,"valueName":"search_term_string"}}],"inLanguage":"de-CH"},{"@type":"Organization","@id":"https:\/\/positiveprints.com\/de-ch\/#organization","name":"Positive Prints","alternateName":"Positive Prints","url":"https:\/\/positiveprints.com\/de-ch\/","logo":{"@type":"ImageObject","inLanguage":"de-CH","@id":"https:\/\/positiveprints.com\/de-ch\/#\/schema\/logo\/image\/","url":"https:\/\/positiveprints.com\/wp-content\/uploads\/2026\/03\/245815646_1337939713319158_5671353136411139666_n.png","contentUrl":"https:\/\/positiveprints.com\/wp-content\/uploads\/2026\/03\/245815646_1337939713319158_5671353136411139666_n.png","width":800,"height":800,"caption":"Positive Prints"},"image":{"@id":"https:\/\/positiveprints.com\/de-ch\/#\/schema\/logo\/image\/"},"sameAs":["https:\/\/www.facebook.com\/positiveprintscom","https:\/\/www.instagram.com\/positiveprintscom\/","https:\/\/www.tiktok.com\/@positiveprintscom","https:\/\/www.pinterest.com\/positiveprintscom\/"]}]}},"jetpack_sharing_enabled":true,"_links":{"self":[{"href":"https:\/\/positiveprints.com\/de-ch\/wp-json\/wp\/v2\/product\/1308540","targetHints":{"allow":["GET"]}}],"collection":[{"href":"https:\/\/positiveprints.com\/de-ch\/wp-json\/wp\/v2\/product"}],"about":[{"href":"https:\/\/positiveprints.com\/de-ch\/wp-json\/wp\/v2\/types\/product"}],"wp:featuredmedia":[{"embeddable":true,"href":"https:\/\/positiveprints.com\/de-ch\/wp-json\/wp\/v2\/media\/1352408"}],"wp:attachment":[{"href":"https:\/\/positiveprints.com\/de-ch\/wp-json\/wp\/v2\/media?parent=1308540"}],"wp:term":[{"taxonomy":"product_brand","embeddable":true,"href":"https:\/\/positiveprints.com\/de-ch\/wp-json\/wp\/v2\/product_brand?post=1308540"},{"taxonomy":"product_cat","embeddable":true,"href":"https:\/\/positiveprints.com\/de-ch\/wp-json\/wp\/v2\/product_cat?post=1308540"},{"taxonomy":"product_tag","embeddable":true,"href":"https:\/\/positiveprints.com\/de-ch\/wp-json\/wp\/v2\/product_tag?post=1308540"}],"curies":[{"name":"wp","href":"https:\/\/api.w.org\/{rel}","templated":true}]}}