{"id":1145335,"date":"2024-06-17T07:52:31","date_gmt":"2024-06-17T06:52:31","guid":{"rendered":"https:\/\/positiveprints.com\/?post_type=product&#038;p=1145335"},"modified":"2026-04-28T13:48:11","modified_gmt":"2026-04-28T12:48:11","slug":"ehemann-definition-poster","status":"publish","type":"product","link":"https:\/\/positiveprints.com\/de-ch\/produkt\/ehemann-definition-poster\/","title":{"rendered":"Ehemann Definition Poster"},"content":{"rendered":"<p>Feier einen besonderen Mann mit unserem Ehemann-Definitionsposter. Dieser personalisierte Druck zeigt dein ausgew\u00e4hltes Foto und eine W\u00f6rterbuchdefinition von \u201eEhemann\u201c oder \u201eBr\u00e4utigam\u201c. Ob du eine lustige oder emotionale Definition w\u00e4hlst, bleibt ganz dir \u00fcberlassen. W\u00e4hle dein Farbschema oder passe es an, indem du eigenen Hintergrund- und Schriftfarben ausw\u00e4hlst. Lade dann dein Foto hoch, geben den Titel ein und deine Definition hinzu.Du kannst unsere vordefinierte Definition verwenden oder deine eigene erstellen.<\/p>\r\n\r\n<h2>Erstelle dein \u201eEhemann\u201d Definition-Poster<\/h2>\r\n\r\n<p>Das Ehemann-Definitionsposter ist ein ideales Geschenk f\u00fcr den Br\u00e4utigam, einen Junggesellenabschied oder Hochzeiten. Es kann eine r\u00fchrende Hommage oder ein urkomisches Andenken sein, je nachdem, welche Definition du w\u00e4hlen sollst. Stelle dir die Freude auf dem Gesicht der beschenkten Person vor, wenn er einen personalisierten Druck sieht, der seine Pers\u00f6nlichkeit und deine Liebe einf\u00e4ngt.<\/p>\r\n\r\n<h2>Warum solltest du dich f\u00fcr unser Ehemann-Definitionsposter entscheiden?<\/h2>\r\n\r\n<p>Die Bestellung ist ganz einfach. Besuche einfach unsere Website, verwende den Online-Editor, um dein Poster anzupassen und gebe Bestellung auf. Wir k\u00fcmmern uns um den Rest und stellen sicher, dass dein Druck mit Sorgfalt erstellt und umgehend geliefert wird.<\/p>\r\n\r\n<p>GMache ein Geschenk, das f\u00fcr immer gesch\u00e4tzt wird. Das Poster mit der Definition \u201eEhemann\u201c ist eine einzigartige und herzliche Kunst, deine Wertsch\u00e4tzung und Liebe zu zeigen, und ist somit ein perfektes Geschenk f\u00fcr jeden Anlass.<\/p>","protected":false},"excerpt":{"rendered":"<ul class=\"check-list\">\n<li>Erstelle deine pers\u00f6nliche Definition<\/li>\n<li>F\u00fcge ein ausgew\u00e4hltes Lieblings-Foto hinzu<\/li>\n<li>In 3 einfachen Schritten anpassbar<\/li>\n<li>W\u00e4hle eine Vorlage oder werde selbst kreativ<\/li>\n<li>Sehe dir bei jedem Schritt eine Vorschau deines Designs an<\/li>\n<\/ul>\n","protected":false},"featured_media":1154779,"template":"","meta":[],"product_brand":[],"product_cat":[4905,9739,7648,9768,5275,11357],"product_tag":[16580,15737,11738],"class_list":{"0":"post-1145335","1":"product","2":"type-product","3":"status-publish","4":"has-post-thumbnail","6":"product_cat-alle-produkte-de-ch","7":"product_cat-definition-de-ch","8":"product_cat-geschenke-fur-deinen-ehemann","9":"product_cat-trending-label-de-ch","10":"product_cat-weihnachtsgeschenke-de-ch","11":"product_cat-weihnachtsgeschenke-fur-den-ehemann-de-ch","12":"product_tag-ehemann-de-ch","13":"product_tag-regali-di-natale-per-il-marito-de-ch","14":"product_tag-weihnachtsgeschenke-fuer-den-ehemann-de-ch","16":"first","17":"instock","18":"sale","19":"taxable","20":"shipping-taxable","21":"purchasable","22":"product-type-variable"},"yoast_head":"<!-- This site is optimized with the Yoast SEO Premium plugin v27.2 (Yoast SEO v27.2) - https:\/\/yoast.com\/product\/yoast-seo-premium-wordpress\/ -->\n<title>Ehemann Definition Poster - Positive Prints<\/title>\n<meta name=\"description\" content=\"Feiere einen besonderen Mann mit unserem Poster mit der Definition \u201eEhemann\u201c. Dieser personalisierte Druck zeigt dein ausgew\u00e4hltes Foto und eine W\u00f6rterbuchdefinition deiner Konzeption von Ehemann oder Br\u00e4utigam.\" \/>\n<meta name=\"robots\" content=\"index, follow, max-snippet:-1, max-image-preview:large, max-video-preview:-1\" \/>\n<link rel=\"canonical\" href=\"https:\/\/positiveprints.com\/de-ch\/produkt\/ehemann-definition-poster\/\" \/>\n<meta property=\"og:locale\" content=\"de_DE\" \/>\n<meta property=\"og:type\" content=\"article\" \/>\n<meta property=\"og:title\" content=\"Ehemann Definition Poster\" \/>\n<meta property=\"og:description\" content=\"Erstelle deine pers\u00f6nliche Definition F\u00fcge ein ausgew\u00e4hltes Lieblings-Foto hinzu In 3 einfachen Schritten anpassbar W\u00e4hle eine Vorlage oder werde selbst kreativ Sehe dir bei jedem Schritt eine Vorschau deines Designs an\" \/>\n<meta property=\"og:url\" content=\"https:\/\/positiveprints.com\/de-ch\/produkt\/ehemann-definition-poster\/\" \/>\n<meta property=\"og:site_name\" content=\"Positive Prints\" \/>\n<meta property=\"article:publisher\" content=\"https:\/\/www.facebook.com\/positiveprintscom\" \/>\n<meta property=\"article:modified_time\" content=\"2026-04-28T12:48:11+00:00\" \/>\n<meta property=\"og:image\" content=\"https:\/\/positiveprints.com\/wp-content\/uploads\/2024\/07\/Ehemann-Definition-Poster.jpg\" \/>\n\t<meta property=\"og:image:width\" content=\"1080\" \/>\n\t<meta property=\"og:image:height\" content=\"1080\" \/>\n\t<meta property=\"og:image:type\" content=\"image\/jpeg\" \/>\n<meta name=\"twitter:card\" content=\"summary_large_image\" \/>\n<!-- \/ Yoast SEO Premium plugin. -->","yoast_head_json":{"title":"Ehemann Definition Poster - Positive Prints","description":"Feiere einen besonderen Mann mit unserem Poster mit der Definition \u201eEhemann\u201c. Dieser personalisierte Druck zeigt dein ausgew\u00e4hltes Foto und eine W\u00f6rterbuchdefinition deiner Konzeption von Ehemann oder Br\u00e4utigam.","robots":{"index":"index","follow":"follow","max-snippet":"max-snippet:-1","max-image-preview":"max-image-preview:large","max-video-preview":"max-video-preview:-1"},"canonical":"https:\/\/positiveprints.com\/de-ch\/produkt\/ehemann-definition-poster\/","og_locale":"de_DE","og_type":"article","og_title":"Ehemann Definition Poster","og_description":"Erstelle deine pers\u00f6nliche Definition F\u00fcge ein ausgew\u00e4hltes Lieblings-Foto hinzu In 3 einfachen Schritten anpassbar W\u00e4hle eine Vorlage oder werde selbst kreativ Sehe dir bei jedem Schritt eine Vorschau deines Designs an","og_url":"https:\/\/positiveprints.com\/de-ch\/produkt\/ehemann-definition-poster\/","og_site_name":"Positive Prints","article_publisher":"https:\/\/www.facebook.com\/positiveprintscom","article_modified_time":"2026-04-28T12:48:11+00:00","og_image":[{"width":1080,"height":1080,"url":"https:\/\/positiveprints.com\/wp-content\/uploads\/2024\/07\/Ehemann-Definition-Poster.jpg","type":"image\/jpeg"}],"twitter_card":"summary_large_image","schema":{"@context":"https:\/\/schema.org","@graph":[{"@type":["WebPage","ItemPage"],"@id":"https:\/\/positiveprints.com\/de-ch\/produkt\/ehemann-definition-poster\/","url":"https:\/\/positiveprints.com\/de-ch\/produkt\/ehemann-definition-poster\/","name":"Ehemann Definition Poster - Positive Prints","isPartOf":{"@id":"https:\/\/positiveprints.com\/de-ch\/#website"},"primaryImageOfPage":{"@id":"https:\/\/positiveprints.com\/de-ch\/produkt\/ehemann-definition-poster\/#primaryimage"},"image":{"@id":"https:\/\/positiveprints.com\/de-ch\/produkt\/ehemann-definition-poster\/#primaryimage"},"thumbnailUrl":"https:\/\/positiveprints.com\/wp-content\/uploads\/2024\/07\/Ehemann-Definition-Poster.jpg","datePublished":"2024-06-17T06:52:31+00:00","dateModified":"2026-04-28T12:48:11+00:00","description":"Feiere einen besonderen Mann mit unserem Poster mit der Definition \u201eEhemann\u201c. Dieser personalisierte Druck zeigt dein ausgew\u00e4hltes Foto und eine W\u00f6rterbuchdefinition deiner Konzeption von Ehemann oder Br\u00e4utigam.","breadcrumb":{"@id":"https:\/\/positiveprints.com\/de-ch\/produkt\/ehemann-definition-poster\/#breadcrumb"},"inLanguage":"de-CH","potentialAction":[{"@type":"ReadAction","target":["https:\/\/positiveprints.com\/de-ch\/produkt\/ehemann-definition-poster\/"]}]},{"@type":"ImageObject","inLanguage":"de-CH","@id":"https:\/\/positiveprints.com\/de-ch\/produkt\/ehemann-definition-poster\/#primaryimage","url":"https:\/\/positiveprints.com\/wp-content\/uploads\/2024\/07\/Ehemann-Definition-Poster.jpg","contentUrl":"https:\/\/positiveprints.com\/wp-content\/uploads\/2024\/07\/Ehemann-Definition-Poster.jpg","width":1080,"height":1080},{"@type":"BreadcrumbList","@id":"https:\/\/positiveprints.com\/de-ch\/produkt\/ehemann-definition-poster\/#breadcrumb","itemListElement":[{"@type":"ListItem","position":1,"name":"Home","item":"https:\/\/positiveprints.com\/de-ch\/"},{"@type":"ListItem","position":2,"name":"Produkte","item":"https:\/\/positiveprints.com\/de-ch\/shop\/"},{"@type":"ListItem","position":3,"name":"Ehemann Definition Poster"}]},{"@type":"WebSite","@id":"https:\/\/positiveprints.com\/de-ch\/#website","url":"https:\/\/positiveprints.com\/de-ch\/","name":"Positive Prints","description":"Amazing Custom Personalized Gifts","publisher":{"@id":"https:\/\/positiveprints.com\/de-ch\/#organization"},"potentialAction":[{"@type":"SearchAction","target":{"@type":"EntryPoint","urlTemplate":"https:\/\/positiveprints.com\/de-ch\/?s={search_term_string}"},"query-input":{"@type":"PropertyValueSpecification","valueRequired":true,"valueName":"search_term_string"}}],"inLanguage":"de-CH"},{"@type":"Organization","@id":"https:\/\/positiveprints.com\/de-ch\/#organization","name":"Positive Prints","alternateName":"Positive Prints","url":"https:\/\/positiveprints.com\/de-ch\/","logo":{"@type":"ImageObject","inLanguage":"de-CH","@id":"https:\/\/positiveprints.com\/de-ch\/#\/schema\/logo\/image\/","url":"https:\/\/positiveprints.com\/wp-content\/uploads\/2026\/03\/245815646_1337939713319158_5671353136411139666_n.png","contentUrl":"https:\/\/positiveprints.com\/wp-content\/uploads\/2026\/03\/245815646_1337939713319158_5671353136411139666_n.png","width":800,"height":800,"caption":"Positive Prints"},"image":{"@id":"https:\/\/positiveprints.com\/de-ch\/#\/schema\/logo\/image\/"},"sameAs":["https:\/\/www.facebook.com\/positiveprintscom","https:\/\/www.instagram.com\/positiveprintscom\/","https:\/\/www.tiktok.com\/@positiveprintscom","https:\/\/www.pinterest.com\/positiveprintscom\/"]}]}},"jetpack_sharing_enabled":true,"_links":{"self":[{"href":"https:\/\/positiveprints.com\/de-ch\/wp-json\/wp\/v2\/product\/1145335","targetHints":{"allow":["GET"]}}],"collection":[{"href":"https:\/\/positiveprints.com\/de-ch\/wp-json\/wp\/v2\/product"}],"about":[{"href":"https:\/\/positiveprints.com\/de-ch\/wp-json\/wp\/v2\/types\/product"}],"wp:featuredmedia":[{"embeddable":true,"href":"https:\/\/positiveprints.com\/de-ch\/wp-json\/wp\/v2\/media\/1154779"}],"wp:attachment":[{"href":"https:\/\/positiveprints.com\/de-ch\/wp-json\/wp\/v2\/media?parent=1145335"}],"wp:term":[{"taxonomy":"product_brand","embeddable":true,"href":"https:\/\/positiveprints.com\/de-ch\/wp-json\/wp\/v2\/product_brand?post=1145335"},{"taxonomy":"product_cat","embeddable":true,"href":"https:\/\/positiveprints.com\/de-ch\/wp-json\/wp\/v2\/product_cat?post=1145335"},{"taxonomy":"product_tag","embeddable":true,"href":"https:\/\/positiveprints.com\/de-ch\/wp-json\/wp\/v2\/product_tag?post=1145335"}],"curies":[{"name":"wp","href":"https:\/\/api.w.org\/{rel}","templated":true}]}}