{"id":1137626,"date":"2024-06-18T10:23:26","date_gmt":"2024-06-18T09:23:26","guid":{"rendered":"https:\/\/positiveprints.com\/product\/wo-alles-begann-karte-mit-foto\/"},"modified":"2026-04-03T02:49:50","modified_gmt":"2026-04-03T01:49:50","slug":"wo-alles-begann-karte-mit-foto","status":"publish","type":"product","link":"https:\/\/positiveprints.com\/de-ch\/produkt\/wo-alles-begann-karte-mit-foto\/","title":{"rendered":"Wo alles begann \u2013 Karte mit Foto"},"content":{"rendered":"<p>Feiere den Ort, an dem eure Liebesgeschichte begann, mit unserer \u201eWo alles begann\u201c-Karte mit Foto. Dieser personalisierte Druck erfasst den genauen Ort, an dem eure Reise begann und enth\u00e4lt eine detaillierte Karte, eine herzf\u00f6rmige Markierung zum Markieren des Ortes, dein ausgew\u00e4hltes Foto und eine benutzerdefinierte Nachricht unter der Karte.<\/p>\r\n\r\n<h2>Erstelle deine \u201eWo alles begann\u201c-Karte mit Foto<\/h2>\r\n\r\n<p>OUnser Online-Creator macht die Personalisierung einfach. W\u00e4hle die Form und Farben der Karte aus vordefinierten Farbschemata oder experimentiere mit deinen eigenen Farbauswahlen. Visualisiere den besonderen Ort, zoome hinein und heraus, um die perfekte Ansicht zu erhalten und f\u00fcge eine herzf\u00f6rmige Markierung hinzu, um den genauen Ort zu markieren. Lade dein Lieblingsfoto hoch und f\u00fcge eine bedeutungsvolle Nachricht wie \u201eWo alles begann\u201c hinzu.<\/p>\r\n\r\n<p>W\u00e4hle aus einer Vielzahl von Formaten: gedrucktes oder gerahmtes Poster, Leinwand oder digitale Datei. Unabh\u00e4ngig vom Format wird deine personalisierte Karte atemberaubend aussehen und als gesch\u00e4tzte Erinnerung an euren besonderen Ort dienen.<\/p>\r\n\r\n<h2>Perfektes Geschenk f\u00fcr besondere Anl\u00e4sse<\/h2>\r\n\r\n<p>Die \u201eWo alles begann\u201c-Karte mit Foto ist ein einzigartiges und aufmerksames Geschenk f\u00fcr Jubil\u00e4en, Geburtstage, Valentinstag, Hochzeiten oder andere besondere Anl\u00e4sse. Feiere eure gemeinsame Reise, indem du ein Geschenk machst, das die Essenz eurer Beziehung einf\u00e4ngt.<\/p>\r\n\r\n<p>Stelle dir die Freude im Gesicht deines Lieblingsmenschens vor, wenn er diese wundersch\u00f6n gestaltete Karte sieht, die den Ort markiert, an dem euer erstes Date stattfand. Das hinzugef\u00fcgte Foto und die pers\u00f6nliche Nachricht machen dieses Geschenk wirklich einzigartig und zeigen, wie sehr dir eure gemeinsamen Erinnerungen wertvoll sind. Ob f\u00fcr deinen Lieblingsmenschen, deine Eltern, Freunde oder Geschwister, dieses Geschenk wird warme Emotionen hervorrufen und zu einem wertvollen Andenken werden.<\/p>\r\n\r\n<h2>Warum solltest du dich f\u00fcr unsere \u201eWo alles begann\u201c-Karte mit Foto entscheiden?<\/h2>\r\n\r\n<p>Das Erstellen deiner Karte ist schnell und einfach. Besuche unsere Website, verwende den Online-Editor, um deinen Druck anzupassen und gebe deine Bestellung auf. Wir k\u00fcmmern uns um den Rest und stellen sicher, dass dein Druck mit Sorgfalt erstellt und umgehend geliefert wird.<\/p>","protected":false},"excerpt":{"rendered":"<ul class=\"check-list\">\n<li>Markiere einen besonderen Ort mit einem ausgew\u00e4hlten Symbol<\/li>\n<li>In 3 einfachen Schritten anpassen<\/li>\n<li>F\u00fcge einen aussagekr\u00e4ftigen personalisierten Text hinzu<\/li>\n<li>Schaue dir bei jedem Schritt eine Vorschau deines Designs an<\/li>\n<\/ul>\n","protected":false},"featured_media":1386977,"template":"","meta":[],"product_brand":[],"product_cat":[9768,4905,7199,5275,11351,11353,11348,11330,11371,11357,8015,7695],"product_tag":[14821,14818,14823,14822,9188,14815,14816,15460,14824,14825,14826,15738,15737,15740,15739,15749,15744,14827,14157,14829,14812,14813,14814,14820,11738,11709,11730,11715,11751,11744],"class_list":{"0":"post-1137626","1":"product","2":"type-product","3":"status-publish","4":"has-post-thumbnail","6":"product_cat-trending-label-de-ch","7":"product_cat-alle-produkte-de-ch","8":"product_cat-map-de-ch","9":"product_cat-weihnachtsgeschenke-de-ch","10":"product_cat-weihnachtsgeschenke-fur-frauen-de-ch","11":"product_cat-weihnachtsgeschenke-fur-manner-de-ch","12":"product_cat-weihnachtsgeschenke-fur-die-freundin-de-ch","13":"product_cat-weihnachtsgeschenke-fur-den-freund-de-ch","14":"product_cat-weihnachtsgeschenke-fur-die-frau-de-ch","15":"product_cat-weihnachtsgeschenke-fur-den-ehemann-de-ch","16":"product_cat-geschenke-fur-manner-de-ch","17":"product_cat-geschenke-fur-wichtige-frauen-in-deinem-leben-de-ch","18":"product_tag-anniversary-de-ch","19":"product_tag-anniversary-gift-de-ch","20":"product_tag-anniversary-gifts-de-ch","21":"product_tag-anniversary-present-de-ch","22":"product_tag-couple-de-ch","23":"product_tag-couple-gift-de-ch","24":"product_tag-gift-for-couple-de-ch","25":"product_tag-herz-mit-foto","26":"product_tag-love-de-ch","27":"product_tag-love-gift-de-ch","28":"product_tag-personalized-gift-de-ch","29":"product_tag-regali-di-natale-per-il-fidanzato-de-ch","30":"product_tag-regali-di-natale-per-il-marito-de-ch","31":"product_tag-regali-di-natale-per-la-fidanzata-de-ch","32":"product_tag-regali-di-natale-per-la-moglie-de-ch","33":"product_tag-regali-di-natale-per-lei-de-ch","34":"product_tag-regali-di-natale-per-lui-de-ch","35":"product_tag-romantic-gifts-de-ch","36":"product_tag-romantisches-geschenk-de-ch","37":"product_tag-sentimental-gift-de-ch","38":"product_tag-special-occasion-de-ch","39":"product_tag-thoughtful-gift-de-ch","40":"product_tag-unique-gift-de-ch","41":"product_tag-wedding-anniversary-de-ch","42":"product_tag-weihnachtsgeschenke-fuer-den-ehemann-de-ch","43":"product_tag-weihnachtsgeschenke-fuer-den-freund-de-ch","44":"product_tag-weihnachtsgeschenke-fur-die-frau-de-ch","45":"product_tag-weihnachtsgeschenke-fuer-die-freundin","46":"product_tag-weihnachtsgeschenke-fuer-ihn-de-ch","47":"product_tag-weihnachtsgeschenke-fuer-sie-de-ch","49":"first","50":"instock","51":"sale","52":"taxable","53":"shipping-taxable","54":"purchasable","55":"product-type-variable"},"yoast_head":"<!-- This site is optimized with the Yoast SEO Premium plugin v27.2 (Yoast SEO v27.2) - https:\/\/yoast.com\/product\/yoast-seo-premium-wordpress\/ -->\n<title>Wo alles begann \u2013 Karte mit Foto - Positive Prints<\/title>\n<meta name=\"description\" content=\"Die \u201eWo alles begann\u201c-Karte mit Foto ist ein einzigartiges und aufmerksames Geschenk f\u00fcr Jubil\u00e4en, Geburtstage, Valentinstag, Hochzeiten oder andere besondere Anl\u00e4sse.\" \/>\n<meta name=\"robots\" content=\"index, follow, max-snippet:-1, max-image-preview:large, max-video-preview:-1\" \/>\n<link rel=\"canonical\" href=\"https:\/\/positiveprints.com\/de-ch\/produkt\/wo-alles-begann-karte-mit-foto\/\" \/>\n<meta property=\"og:locale\" content=\"de_DE\" \/>\n<meta property=\"og:type\" content=\"article\" \/>\n<meta property=\"og:title\" content=\"Wo alles begann \u2013 Karte mit Foto\" \/>\n<meta property=\"og:description\" content=\"Markiere einen besonderen Ort mit einem ausgew\u00e4hlten Symbol  In 3 einfachen Schritten anpassen  F\u00fcge einen aussagekr\u00e4ftigen personalisierten Text hinzu  Schaue dir bei jedem Schritt eine Vorschau deines Designs an\" \/>\n<meta property=\"og:url\" content=\"https:\/\/positiveprints.com\/de-ch\/produkt\/wo-alles-begann-karte-mit-foto\/\" \/>\n<meta property=\"og:site_name\" content=\"Positive Prints\" \/>\n<meta property=\"article:publisher\" content=\"https:\/\/www.facebook.com\/positiveprintscom\" \/>\n<meta property=\"article:modified_time\" content=\"2026-04-03T01:49:50+00:00\" \/>\n<meta property=\"og:image\" content=\"https:\/\/positiveprints.com\/wp-content\/uploads\/2025\/03\/Wo-alles-begann-\u2013-Karte-mit-Foto-1.webp\" \/>\n\t<meta property=\"og:image:width\" content=\"1450\" \/>\n\t<meta property=\"og:image:height\" content=\"1450\" \/>\n\t<meta property=\"og:image:type\" content=\"image\/webp\" \/>\n<meta name=\"twitter:card\" content=\"summary_large_image\" \/>\n<meta name=\"twitter:label1\" content=\"Gesch\u00e4tzte Lesezeit\" \/>\n\t<meta name=\"twitter:data1\" content=\"2\u00a0Minuten\" \/>\n<!-- \/ Yoast SEO Premium plugin. -->","yoast_head_json":{"title":"Wo alles begann \u2013 Karte mit Foto - Positive Prints","description":"Die \u201eWo alles begann\u201c-Karte mit Foto ist ein einzigartiges und aufmerksames Geschenk f\u00fcr Jubil\u00e4en, Geburtstage, Valentinstag, Hochzeiten oder andere besondere Anl\u00e4sse.","robots":{"index":"index","follow":"follow","max-snippet":"max-snippet:-1","max-image-preview":"max-image-preview:large","max-video-preview":"max-video-preview:-1"},"canonical":"https:\/\/positiveprints.com\/de-ch\/produkt\/wo-alles-begann-karte-mit-foto\/","og_locale":"de_DE","og_type":"article","og_title":"Wo alles begann \u2013 Karte mit Foto","og_description":"Markiere einen besonderen Ort mit einem ausgew\u00e4hlten Symbol  In 3 einfachen Schritten anpassen  F\u00fcge einen aussagekr\u00e4ftigen personalisierten Text hinzu  Schaue dir bei jedem Schritt eine Vorschau deines Designs an","og_url":"https:\/\/positiveprints.com\/de-ch\/produkt\/wo-alles-begann-karte-mit-foto\/","og_site_name":"Positive Prints","article_publisher":"https:\/\/www.facebook.com\/positiveprintscom","article_modified_time":"2026-04-03T01:49:50+00:00","og_image":[{"width":1450,"height":1450,"url":"https:\/\/positiveprints.com\/wp-content\/uploads\/2025\/03\/Wo-alles-begann-\u2013-Karte-mit-Foto-1.webp","type":"image\/webp"}],"twitter_card":"summary_large_image","twitter_misc":{"Gesch\u00e4tzte Lesezeit":"2\u00a0Minuten"},"schema":{"@context":"https:\/\/schema.org","@graph":[{"@type":["WebPage","ItemPage"],"@id":"https:\/\/positiveprints.com\/de-ch\/produkt\/wo-alles-begann-karte-mit-foto\/","url":"https:\/\/positiveprints.com\/de-ch\/produkt\/wo-alles-begann-karte-mit-foto\/","name":"Wo alles begann \u2013 Karte mit Foto - Positive Prints","isPartOf":{"@id":"https:\/\/positiveprints.com\/de-ch\/#website"},"primaryImageOfPage":{"@id":"https:\/\/positiveprints.com\/de-ch\/produkt\/wo-alles-begann-karte-mit-foto\/#primaryimage"},"image":{"@id":"https:\/\/positiveprints.com\/de-ch\/produkt\/wo-alles-begann-karte-mit-foto\/#primaryimage"},"thumbnailUrl":"https:\/\/positiveprints.com\/wp-content\/uploads\/2025\/03\/Wo-alles-begann-\u2013-Karte-mit-Foto-1.webp","datePublished":"2024-06-18T09:23:26+00:00","dateModified":"2026-04-03T01:49:50+00:00","description":"Die \u201eWo alles begann\u201c-Karte mit Foto ist ein einzigartiges und aufmerksames Geschenk f\u00fcr Jubil\u00e4en, Geburtstage, Valentinstag, Hochzeiten oder andere besondere Anl\u00e4sse.","breadcrumb":{"@id":"https:\/\/positiveprints.com\/de-ch\/produkt\/wo-alles-begann-karte-mit-foto\/#breadcrumb"},"inLanguage":"de-CH","potentialAction":[{"@type":"ReadAction","target":["https:\/\/positiveprints.com\/de-ch\/produkt\/wo-alles-begann-karte-mit-foto\/"]}]},{"@type":"ImageObject","inLanguage":"de-CH","@id":"https:\/\/positiveprints.com\/de-ch\/produkt\/wo-alles-begann-karte-mit-foto\/#primaryimage","url":"https:\/\/positiveprints.com\/wp-content\/uploads\/2025\/03\/Wo-alles-begann-\u2013-Karte-mit-Foto-1.webp","contentUrl":"https:\/\/positiveprints.com\/wp-content\/uploads\/2025\/03\/Wo-alles-begann-\u2013-Karte-mit-Foto-1.webp","width":1450,"height":1450},{"@type":"BreadcrumbList","@id":"https:\/\/positiveprints.com\/de-ch\/produkt\/wo-alles-begann-karte-mit-foto\/#breadcrumb","itemListElement":[{"@type":"ListItem","position":1,"name":"Home","item":"https:\/\/positiveprints.com\/de-ch\/"},{"@type":"ListItem","position":2,"name":"Produkte","item":"https:\/\/positiveprints.com\/de-ch\/shop\/"},{"@type":"ListItem","position":3,"name":"Wo alles begann \u2013 Karte mit Foto"}]},{"@type":"WebSite","@id":"https:\/\/positiveprints.com\/de-ch\/#website","url":"https:\/\/positiveprints.com\/de-ch\/","name":"Positive Prints","description":"Amazing Custom Personalized Gifts","publisher":{"@id":"https:\/\/positiveprints.com\/de-ch\/#organization"},"potentialAction":[{"@type":"SearchAction","target":{"@type":"EntryPoint","urlTemplate":"https:\/\/positiveprints.com\/de-ch\/?s={search_term_string}"},"query-input":{"@type":"PropertyValueSpecification","valueRequired":true,"valueName":"search_term_string"}}],"inLanguage":"de-CH"},{"@type":"Organization","@id":"https:\/\/positiveprints.com\/de-ch\/#organization","name":"Positive Prints","alternateName":"Positive Prints","url":"https:\/\/positiveprints.com\/de-ch\/","logo":{"@type":"ImageObject","inLanguage":"de-CH","@id":"https:\/\/positiveprints.com\/de-ch\/#\/schema\/logo\/image\/","url":"https:\/\/positiveprints.com\/wp-content\/uploads\/2026\/03\/245815646_1337939713319158_5671353136411139666_n.png","contentUrl":"https:\/\/positiveprints.com\/wp-content\/uploads\/2026\/03\/245815646_1337939713319158_5671353136411139666_n.png","width":800,"height":800,"caption":"Positive Prints"},"image":{"@id":"https:\/\/positiveprints.com\/de-ch\/#\/schema\/logo\/image\/"},"sameAs":["https:\/\/www.facebook.com\/positiveprintscom","https:\/\/www.instagram.com\/positiveprintscom\/","https:\/\/www.tiktok.com\/@positiveprintscom","https:\/\/www.pinterest.com\/positiveprintscom\/"]}]}},"jetpack_sharing_enabled":true,"_links":{"self":[{"href":"https:\/\/positiveprints.com\/de-ch\/wp-json\/wp\/v2\/product\/1137626","targetHints":{"allow":["GET"]}}],"collection":[{"href":"https:\/\/positiveprints.com\/de-ch\/wp-json\/wp\/v2\/product"}],"about":[{"href":"https:\/\/positiveprints.com\/de-ch\/wp-json\/wp\/v2\/types\/product"}],"wp:featuredmedia":[{"embeddable":true,"href":"https:\/\/positiveprints.com\/de-ch\/wp-json\/wp\/v2\/media\/1386977"}],"wp:attachment":[{"href":"https:\/\/positiveprints.com\/de-ch\/wp-json\/wp\/v2\/media?parent=1137626"}],"wp:term":[{"taxonomy":"product_brand","embeddable":true,"href":"https:\/\/positiveprints.com\/de-ch\/wp-json\/wp\/v2\/product_brand?post=1137626"},{"taxonomy":"product_cat","embeddable":true,"href":"https:\/\/positiveprints.com\/de-ch\/wp-json\/wp\/v2\/product_cat?post=1137626"},{"taxonomy":"product_tag","embeddable":true,"href":"https:\/\/positiveprints.com\/de-ch\/wp-json\/wp\/v2\/product_tag?post=1137626"}],"curies":[{"name":"wp","href":"https:\/\/api.w.org\/{rel}","templated":true}]}}