{"id":1110768,"date":"2024-04-22T19:48:52","date_gmt":"2024-04-22T18:48:52","guid":{"rendered":"https:\/\/positiveprints.com\/product\/personalisierte-koordinaten-schmuck\/"},"modified":"2026-04-03T02:53:49","modified_gmt":"2026-04-03T01:53:49","slug":"personalisierte-koordinaten-schmuck","status":"publish","type":"product","link":"https:\/\/positiveprints.com\/de-ch\/produkt\/personalisierte-koordinaten-schmuck\/","title":{"rendered":"Personalisierte Koordinaten-Schmuck"},"content":{"rendered":"<p>Hast du dir jemals gew\u00fcnscht, dass du ein St\u00fcck deiner wertvollsten Erinnerungen \u00fcberallhin mitnehmen kannst? Entdecke unseren Schmuck mit individuellen Koordinaten. Doch was macht diesen Schmuck so besonders?<\/p>\n\n\n\n<h2>Erstelle deinen individuellen Koordinatenschmuck<\/h2>\n\n<p>Mit unserem Schmuck mit individuellen Koordinaten kannst du genau den Ort festhalten, an dem deine wertvollsten Momente abgespielt haben. W\u00e4hle mit unserem intuitiven Online- Editor einfach den gew\u00fcnschten Standort aus und wir gravieren die Koordinaten auf die Vorderseite deines Anh\u00e4ngers.<\/p>\n\n\n\n<p>Aber das ist noch nicht alles \u2013 du kannst auch eine individuelle Nachricht auf der R\u00fcckseite des Anh\u00e4ngers anbringen, um ihn zu einem wirklich personalisierten Andenken zu machen. <\/p>\n\n\n\n<p>Jeder Anh\u00e4nger, ob stilvoller Kreis oder mit 45 cm langer Kette, wird einer sorgf\u00e4ltigen Lasergravur unterzogen, um Pr\u00e4zision und Haltbarkeit zu gew\u00e4hrleisten. So stellst du sicher, dass dein einzigartiges Schmuckst\u00fcck die Zeit \u00fcberdauert, genau wie deine gesch\u00e4tzten Erinnerungen.<\/p>\n\n\n\n<h2>Koordinatenschmuck als Geschenk bestellen<\/h2>\n\n<p>Suchst du nach dem perfekten Geschenk f\u00fcr einen geliebten Menschen? Unser individueller Koordinatenschmuck ist die Antwort. Stelle dir die Freude auf deinem Gesicht vor, wenn du einen Anh\u00e4nger mit den Koordinaten des Ortes erstellst, an dem ihr euch zum ersten Mal getroffen habt oder eines anderen Ortes, der f\u00fcr euch beide eine besondere Bedeutung hat. Es ist eine herzliche Geste, die B\u00e4nde \u00fcber deine Verbindung spricht.<\/p>\n\n\n\n<p>Die Bestellung ist ein Kinderspiel \u2013 besuche einfach unsere Website, personalisiere deinen Anh\u00e4nger mit unserem Online-Editor, w\u00e4hlen das bevorzugte Material, die Kettenoption und gebe deine Bestellung auf. Wir k\u00fcmmern uns um den Rest und sorgen daf\u00fcr, dass dein Anh\u00e4nger elegant in einer Schmuckschatulle verpackt wird, komplett mit einer Pflegeanleitung und einem speziellen Tuch zum Reinigen.<\/p>\n\n\n\n<p>Egal, ob du einen Meilenstein feierst, an einen besonderen Moment erinnerst oder einfach jemandem zeigst dass diese Person dir am Herzen liegt, unser Schmuck mit individuellen Koordinaten ist die perfekte M\u00f6glichkeit, deine Liebe auszudr\u00fccken und deine Erinnerungen nah am Herzen zu behalten. Warum also warten? Entwerfe noch heute dein eigenes Unikat!<\/p>","protected":false},"excerpt":{"rendered":"<ul class=\"check-list\">\n<li>Erstelle ein einzigartiges Schmuckst\u00fcck mit GPS-Koordinaten eines besonderen Ortes<\/li>\n<li>Anh\u00e4nger mit einem Durchmesser von 20 mm, gefertigt aus hochwertigem Sterlingsilber, lasergraviert und von Hand vollendet<\/li>\n<li>W\u00e4hle je nach Anlass einen herzlichen Text aus<\/li>\n<li>Bearbeite dein Design in nur 2 Minuten<\/li>\n<li>Sieh das Ergebnis sofort \u2013 die interaktive Vorschau erm\u00f6glicht dir, jedes Detail direkt anzupassen<\/li>\n<\/ul>\n","protected":false},"featured_media":1551974,"template":"","meta":[],"product_brand":[],"product_cat":[9718,8199,9252,12259,4905,5298,5275,11351,15040,11368,11348,11371,11360,7695,7775,7791,7744,7839],"product_tag":[11889,11890,9342,9319,9324,15090,15739,15749,13318,13424,13473],"class_list":{"0":"post-1110768","1":"product","2":"type-product","3":"status-publish","4":"has-post-thumbnail","6":"product_cat-koordinaten-schmuck-de-ch","7":"product_cat-fur-sie-de-ch","8":"product_cat-jewelry-de-ch","9":"product_cat-jewelry-basic-de-ch","10":"product_cat-alle-produkte-de-ch","11":"product_cat-einzugsgeschenke-de-ch","12":"product_cat-weihnachtsgeschenke-de-ch","13":"product_cat-weihnachtsgeschenke-fur-frauen-de-ch","14":"product_cat-weihnachtsgeschenke-fur-freunde-de-ch","15":"product_cat-weihnachtsgeschenke-fur-die-schwester-de-ch","16":"product_cat-weihnachtsgeschenke-fur-die-freundin-de-ch","17":"product_cat-weihnachtsgeschenke-fur-die-frau-de-ch","18":"product_cat-weihnachtsgeschenke-fur-die-kinder-de-ch","19":"product_cat-geschenke-fur-wichtige-frauen-in-deinem-leben-de-ch","20":"product_cat-geschenke-fur-deine-tochter-de-ch","21":"product_cat-geschenke-fur-deine-freundin-de-ch","22":"product_cat-geschenke-fur-schwester-de-ch","23":"product_cat-geschenke-fur-freunde-de-ch","24":"product_tag-anhanger-de-ch-2","25":"product_tag-anhanger-de-ch-3","26":"product_tag-halskette-de-ch","27":"product_tag-kette-de-ch","28":"product_tag-medaillon-de-ch","29":"product_tag-pendant-de-ch","30":"product_tag-regali-di-natale-per-la-moglie-de-ch","31":"product_tag-regali-di-natale-per-lei-de-ch","32":"product_tag-weihnachtsgeschenk-fur-die-oma-de-ch","33":"product_tag-weihnachtsgeschenk-fur-die-schwester-de-ch","34":"product_tag-weihnachtsgeschenke-fur-freunde-de-ch","36":"first","37":"instock","38":"sale","39":"taxable","40":"shipping-taxable","41":"purchasable","42":"product-type-variable"},"yoast_head":"<!-- This site is optimized with the Yoast SEO Premium plugin v27.2 (Yoast SEO v27.2) - https:\/\/yoast.com\/product\/yoast-seo-premium-wordpress\/ -->\n<title>Personalisierte Koordinaten-Schmuck - Positive Prints<\/title>\n<meta name=\"description\" content=\"Bewahre geliebte Orte mit personalisiertem Koordinatenschmuck immer im Ged\u00e4chtnis auf. Entwerfe noch heute dein eigenes Unikat!\" \/>\n<meta name=\"robots\" content=\"index, follow, max-snippet:-1, max-image-preview:large, max-video-preview:-1\" \/>\n<link rel=\"canonical\" href=\"https:\/\/positiveprints.com\/de-ch\/produkt\/personalisierte-koordinaten-schmuck\/\" \/>\n<meta property=\"og:locale\" content=\"de_DE\" \/>\n<meta property=\"og:type\" content=\"article\" \/>\n<meta property=\"og:title\" content=\"Personalisierte Koordinaten-Schmuck\" \/>\n<meta property=\"og:description\" content=\"Erstelle ein einzigartiges Schmuckst\u00fcck mit GPS-Koordinaten eines besonderen Ortes  Anh\u00e4nger mit einem Durchmesser von 20 mm, gefertigt aus hochwertigem Sterlingsilber, lasergraviert und von Hand vollendet  W\u00e4hle je nach Anlass einen herzlichen Text aus  Bearbeite dein Design in nur 2 Minuten  Sieh das Ergebnis sofort \u2013 die interaktive Vorschau erm\u00f6glicht dir, jedes Detail direkt anzupassen\" \/>\n<meta property=\"og:url\" content=\"https:\/\/positiveprints.com\/de-ch\/produkt\/personalisierte-koordinaten-schmuck\/\" \/>\n<meta property=\"og:site_name\" content=\"Positive Prints\" \/>\n<meta property=\"article:publisher\" content=\"https:\/\/www.facebook.com\/positiveprintscom\" \/>\n<meta property=\"article:modified_time\" content=\"2026-04-03T01:53:49+00:00\" \/>\n<meta property=\"og:image\" content=\"https:\/\/positiveprints.com\/wp-content\/uploads\/2025\/10\/MAIN-and-packshot-all-Custom-Coordinates-Jewelry.webp\" \/>\n\t<meta property=\"og:image:width\" content=\"2500\" \/>\n\t<meta property=\"og:image:height\" content=\"2500\" \/>\n\t<meta property=\"og:image:type\" content=\"image\/webp\" \/>\n<meta name=\"twitter:card\" content=\"summary_large_image\" \/>\n<meta name=\"twitter:label1\" content=\"Gesch\u00e4tzte Lesezeit\" \/>\n\t<meta name=\"twitter:data1\" content=\"2\u00a0Minuten\" \/>\n<!-- \/ Yoast SEO Premium plugin. -->","yoast_head_json":{"title":"Personalisierte Koordinaten-Schmuck - Positive Prints","description":"Bewahre geliebte Orte mit personalisiertem Koordinatenschmuck immer im Ged\u00e4chtnis auf. Entwerfe noch heute dein eigenes Unikat!","robots":{"index":"index","follow":"follow","max-snippet":"max-snippet:-1","max-image-preview":"max-image-preview:large","max-video-preview":"max-video-preview:-1"},"canonical":"https:\/\/positiveprints.com\/de-ch\/produkt\/personalisierte-koordinaten-schmuck\/","og_locale":"de_DE","og_type":"article","og_title":"Personalisierte Koordinaten-Schmuck","og_description":"Erstelle ein einzigartiges Schmuckst\u00fcck mit GPS-Koordinaten eines besonderen Ortes  Anh\u00e4nger mit einem Durchmesser von 20 mm, gefertigt aus hochwertigem Sterlingsilber, lasergraviert und von Hand vollendet  W\u00e4hle je nach Anlass einen herzlichen Text aus  Bearbeite dein Design in nur 2 Minuten  Sieh das Ergebnis sofort \u2013 die interaktive Vorschau erm\u00f6glicht dir, jedes Detail direkt anzupassen","og_url":"https:\/\/positiveprints.com\/de-ch\/produkt\/personalisierte-koordinaten-schmuck\/","og_site_name":"Positive Prints","article_publisher":"https:\/\/www.facebook.com\/positiveprintscom","article_modified_time":"2026-04-03T01:53:49+00:00","og_image":[{"width":2500,"height":2500,"url":"https:\/\/positiveprints.com\/wp-content\/uploads\/2025\/10\/MAIN-and-packshot-all-Custom-Coordinates-Jewelry.webp","type":"image\/webp"}],"twitter_card":"summary_large_image","twitter_misc":{"Gesch\u00e4tzte Lesezeit":"2\u00a0Minuten"},"schema":{"@context":"https:\/\/schema.org","@graph":[{"@type":["WebPage","ItemPage"],"@id":"https:\/\/positiveprints.com\/de-ch\/produkt\/personalisierte-koordinaten-schmuck\/","url":"https:\/\/positiveprints.com\/de-ch\/produkt\/personalisierte-koordinaten-schmuck\/","name":"Personalisierte Koordinaten-Schmuck - Positive Prints","isPartOf":{"@id":"https:\/\/positiveprints.com\/de-ch\/#website"},"primaryImageOfPage":{"@id":"https:\/\/positiveprints.com\/de-ch\/produkt\/personalisierte-koordinaten-schmuck\/#primaryimage"},"image":{"@id":"https:\/\/positiveprints.com\/de-ch\/produkt\/personalisierte-koordinaten-schmuck\/#primaryimage"},"thumbnailUrl":"https:\/\/positiveprints.com\/wp-content\/uploads\/2025\/10\/MAIN-and-packshot-all-Custom-Coordinates-Jewelry.webp","datePublished":"2024-04-22T18:48:52+00:00","dateModified":"2026-04-03T01:53:49+00:00","description":"Bewahre geliebte Orte mit personalisiertem Koordinatenschmuck immer im Ged\u00e4chtnis auf. Entwerfe noch heute dein eigenes Unikat!","breadcrumb":{"@id":"https:\/\/positiveprints.com\/de-ch\/produkt\/personalisierte-koordinaten-schmuck\/#breadcrumb"},"inLanguage":"de-CH","potentialAction":[{"@type":"ReadAction","target":["https:\/\/positiveprints.com\/de-ch\/produkt\/personalisierte-koordinaten-schmuck\/"]}]},{"@type":"ImageObject","inLanguage":"de-CH","@id":"https:\/\/positiveprints.com\/de-ch\/produkt\/personalisierte-koordinaten-schmuck\/#primaryimage","url":"https:\/\/positiveprints.com\/wp-content\/uploads\/2025\/10\/MAIN-and-packshot-all-Custom-Coordinates-Jewelry.webp","contentUrl":"https:\/\/positiveprints.com\/wp-content\/uploads\/2025\/10\/MAIN-and-packshot-all-Custom-Coordinates-Jewelry.webp","width":2500,"height":2500},{"@type":"BreadcrumbList","@id":"https:\/\/positiveprints.com\/de-ch\/produkt\/personalisierte-koordinaten-schmuck\/#breadcrumb","itemListElement":[{"@type":"ListItem","position":1,"name":"Home","item":"https:\/\/positiveprints.com\/de-ch\/"},{"@type":"ListItem","position":2,"name":"Produkte","item":"https:\/\/positiveprints.com\/de-ch\/shop\/"},{"@type":"ListItem","position":3,"name":"Personalisierte Koordinaten-Schmuck"}]},{"@type":"WebSite","@id":"https:\/\/positiveprints.com\/de-ch\/#website","url":"https:\/\/positiveprints.com\/de-ch\/","name":"Positive Prints","description":"Amazing Custom Personalized Gifts","publisher":{"@id":"https:\/\/positiveprints.com\/de-ch\/#organization"},"potentialAction":[{"@type":"SearchAction","target":{"@type":"EntryPoint","urlTemplate":"https:\/\/positiveprints.com\/de-ch\/?s={search_term_string}"},"query-input":{"@type":"PropertyValueSpecification","valueRequired":true,"valueName":"search_term_string"}}],"inLanguage":"de-CH"},{"@type":"Organization","@id":"https:\/\/positiveprints.com\/de-ch\/#organization","name":"Positive Prints","alternateName":"Positive Prints","url":"https:\/\/positiveprints.com\/de-ch\/","logo":{"@type":"ImageObject","inLanguage":"de-CH","@id":"https:\/\/positiveprints.com\/de-ch\/#\/schema\/logo\/image\/","url":"https:\/\/positiveprints.com\/wp-content\/uploads\/2026\/03\/245815646_1337939713319158_5671353136411139666_n.png","contentUrl":"https:\/\/positiveprints.com\/wp-content\/uploads\/2026\/03\/245815646_1337939713319158_5671353136411139666_n.png","width":800,"height":800,"caption":"Positive Prints"},"image":{"@id":"https:\/\/positiveprints.com\/de-ch\/#\/schema\/logo\/image\/"},"sameAs":["https:\/\/www.facebook.com\/positiveprintscom","https:\/\/www.instagram.com\/positiveprintscom\/","https:\/\/www.tiktok.com\/@positiveprintscom","https:\/\/www.pinterest.com\/positiveprintscom\/"]}]}},"jetpack_sharing_enabled":true,"_links":{"self":[{"href":"https:\/\/positiveprints.com\/de-ch\/wp-json\/wp\/v2\/product\/1110768","targetHints":{"allow":["GET"]}}],"collection":[{"href":"https:\/\/positiveprints.com\/de-ch\/wp-json\/wp\/v2\/product"}],"about":[{"href":"https:\/\/positiveprints.com\/de-ch\/wp-json\/wp\/v2\/types\/product"}],"wp:featuredmedia":[{"embeddable":true,"href":"https:\/\/positiveprints.com\/de-ch\/wp-json\/wp\/v2\/media\/1551974"}],"wp:attachment":[{"href":"https:\/\/positiveprints.com\/de-ch\/wp-json\/wp\/v2\/media?parent=1110768"}],"wp:term":[{"taxonomy":"product_brand","embeddable":true,"href":"https:\/\/positiveprints.com\/de-ch\/wp-json\/wp\/v2\/product_brand?post=1110768"},{"taxonomy":"product_cat","embeddable":true,"href":"https:\/\/positiveprints.com\/de-ch\/wp-json\/wp\/v2\/product_cat?post=1110768"},{"taxonomy":"product_tag","embeddable":true,"href":"https:\/\/positiveprints.com\/de-ch\/wp-json\/wp\/v2\/product_tag?post=1110768"}],"curies":[{"name":"wp","href":"https:\/\/api.w.org\/{rel}","templated":true}]}}