{"id":1074673,"date":"2023-10-24T14:26:46","date_gmt":"2023-10-24T13:26:46","guid":{"rendered":"https:\/\/positiveprints.com\/product\/sterne-in-der-nacht-in-der-wir-uns-trafen-mit-foto\/"},"modified":"2026-04-23T11:15:19","modified_gmt":"2026-04-23T10:15:19","slug":"sterne-in-der-nacht-in-der-wir-uns-trafen-mit-foto","status":"publish","type":"product","link":"https:\/\/positiveprints.com\/de-ch\/produkt\/sterne-in-der-nacht-in-der-wir-uns-trafen-mit-foto\/","title":{"rendered":"Sterne in der Nacht, in der wir uns trafen, mit Foto"},"content":{"rendered":"<p>Romantik und Sternenbeobachtung vereinen sich in \u201eSterne in der Nacht, in der wir uns trafen &#8211; mit Foto\u201c. Ob Jahrestag, Valentinstag, Weihnachten oder der Geburtstag deiner Liebsten, dieses Geschenk entz\u00fcndet den Funken der Liebe. Erinnere dich an die magische Nacht, in der ihr euch kennengelernt habt, mit einer Sternenkarte und einem Foto von euch beiden. \u201eSterne in der Nacht, in der wir uns trafen\u201c ziert das Kunstwerk als perfekten Haupttitel.<\/p>\r\n\r\n<h2>So erstellst du mit einem Foto \u201eSterne in der Nacht, in der wir uns trafen\u201c<\/h2>\r\n\r\n<p>Unser Online-Ersteller verwandelt deine Erinnerungen in ein Kunstwerk. W\u00e4hle deinen Stil, w\u00e4hle  Himmelselemente wie Sternbilder und die Milchstra\u00dfe aus und mache diesen mit dem Haupttitel zu deinem eigenen. Gebe Datum und Ort dieser unvergesslichen Nacht ein und sehe, wie die Sternenkarte in der Online-Vorschau zum Leben erwachen. F\u00fcge ein besonderes Foto hinzu und dein romantisches Meisterwerk ist fertig.<\/p>\r\n\r\n<p>Foto mit \u201eSterne in der Nacht, in der wir uns trafen\u201d ist wie ein Schnappschuss des Himmels in der Nacht, in der eure Liebesgeschichte begann, festgehalten in einem Kunstwerk mit eurem Bild. Es ist ein wundersch\u00f6nes Bild der Sterne, die den Himmel schm\u00fcckten, als ihr diesen magischen Moment geteilt habt.<\/p>\r\n\r\n<h2>Das perfekte romantische Geschenk und eine bleibende Erinnerung<\/h2>\r\n\r\n<p>Dieses au\u00dfergew\u00f6hnliche Geschenk ist der Inbegriff von Romantik. Es ist nicht nur f\u00fcr Jubil\u00e4en oder den Valentinstag geeignet. Es ist f\u00fcr jeden Moment gedacht, in dem ihr die Liebe feiern m\u00f6chtet, die ihr teilt. Der Haupttitel \u201eSterne in der Nacht, in der wir uns trafen\u201c bringt die bezaubernde Aura dieser besonderen Nacht auf den Punkt.<\/p>\r\n\r\n<p>\u201eSterne in der Nacht, in der wir uns trafen\u201c zeigt eine Liebesgeschichte. Es ist ein Beweis eurer Liebe und der Erinnerungen, die euch einander n\u00e4hergebracht haben. Jeder Blick auf diese Kombination aus Sternenkarte und Foto weckt die Gef\u00fchle dieser magischen Nacht und macht sie zu einer bleibenden Erinnerung an eure Liebesgeschichte. Mache dein romantisches Geschenk mit diesem personalisierten Meisterwerk unvergesslich.<\/p>","protected":false},"excerpt":{"rendered":"<ul class=\"check-list\">\n<li>Erinnere dich an die magische Nacht, die ihr erlebt habt, mit einer Sternenkarte und einem Foto<\/li>\n<li>F\u00fcge Sternbilder zu deiner Sternenkarte hinzu und w\u00e4hle ein Foto aus<\/li>\n<li>Passe dein Kunstwerk in 3 einfachen Schritten an<\/li>\n<li>F\u00fcge einen aussagekr\u00e4ftigen personalisierten Text hinzu<\/li>\n<li>Sehe dir bei jedem Schritt eine Vorschau deines Designs an<\/li>\n<\/ul>\n","protected":false},"featured_media":1258779,"template":"","meta":[],"product_brand":[],"product_cat":[9107,8199,8203,4905,7935,5275,11351,11353,11348,11330,11371,11357,8015,7680,7648,7695,7791,7759,7807,5320,11235,11238],"product_tag":[14821,15449,15738,15737,15740,15739,15749,15744,11738,11709,11730,11715,11751,11744],"class_list":{"0":"post-1074673","1":"product","2":"type-product","3":"status-publish","4":"has-post-thumbnail","6":"product_cat-duo-stars-de-ch","7":"product_cat-fur-sie-de-ch","8":"product_cat-fur-ihn","9":"product_cat-alle-produkte-de-ch","10":"product_cat-brautduschen-geschenke-de-ch","11":"product_cat-weihnachtsgeschenke-de-ch","12":"product_cat-weihnachtsgeschenke-fur-frauen-de-ch","13":"product_cat-weihnachtsgeschenke-fur-manner-de-ch","14":"product_cat-weihnachtsgeschenke-fur-die-freundin-de-ch","15":"product_cat-weihnachtsgeschenke-fur-den-freund-de-ch","16":"product_cat-weihnachtsgeschenke-fur-die-frau-de-ch","17":"product_cat-weihnachtsgeschenke-fur-den-ehemann-de-ch","18":"product_cat-geschenke-fur-manner-de-ch","19":"product_cat-geschenke-fur-deinen-freund-de-ch","20":"product_cat-geschenke-fur-deinen-ehemann","21":"product_cat-geschenke-fur-wichtige-frauen-in-deinem-leben-de-ch","22":"product_cat-geschenke-fur-deine-freundin-de-ch","23":"product_cat-geschenke-fur-deine-ehefrau-de-ch","24":"product_cat-geschenke-fur-paare-de-ch","25":"product_cat-geschenke-zum-valentinstag-de-ch","26":"product_cat-valentinstagsgeschenke-fur-frauen-de-ch","27":"product_cat-valentinstagsgeschenke-fur-manner-de-ch","28":"product_tag-anniversary-de-ch","29":"product_tag-der-himmel-unter-dem-wir-uns-trafen","30":"product_tag-regali-di-natale-per-il-fidanzato-de-ch","31":"product_tag-regali-di-natale-per-il-marito-de-ch","32":"product_tag-regali-di-natale-per-la-fidanzata-de-ch","33":"product_tag-regali-di-natale-per-la-moglie-de-ch","34":"product_tag-regali-di-natale-per-lei-de-ch","35":"product_tag-regali-di-natale-per-lui-de-ch","36":"product_tag-weihnachtsgeschenke-fuer-den-ehemann-de-ch","37":"product_tag-weihnachtsgeschenke-fuer-den-freund-de-ch","38":"product_tag-weihnachtsgeschenke-fur-die-frau-de-ch","39":"product_tag-weihnachtsgeschenke-fuer-die-freundin","40":"product_tag-weihnachtsgeschenke-fuer-ihn-de-ch","41":"product_tag-weihnachtsgeschenke-fuer-sie-de-ch","43":"first","44":"instock","45":"sale","46":"taxable","47":"shipping-taxable","48":"purchasable","49":"product-type-variable"},"yoast_head":"<!-- This site is optimized with the Yoast SEO Premium plugin v27.2 (Yoast SEO v27.2) - https:\/\/yoast.com\/product\/yoast-seo-premium-wordpress\/ -->\n<title>Sterne in der Nacht, in der wir uns trafen, mit Foto - Positive Prints<\/title>\n<meta name=\"description\" content=\"Sterne in der Nacht, in der wir uns trafen mit Foto ist eine abbildbare Liebesgeschichte. Es ist ein Beweis eurer Liebe und der Erinnerungen, die euch einander n\u00e4hergebracht haben.\" \/>\n<meta name=\"robots\" content=\"index, follow, max-snippet:-1, max-image-preview:large, max-video-preview:-1\" \/>\n<link rel=\"canonical\" href=\"https:\/\/positiveprints.com\/de-ch\/produkt\/sterne-in-der-nacht-in-der-wir-uns-trafen-mit-foto\/\" \/>\n<meta property=\"og:locale\" content=\"de_DE\" \/>\n<meta property=\"og:type\" content=\"article\" \/>\n<meta property=\"og:title\" content=\"Sterne in der Nacht, in der wir uns trafen, mit Foto\" \/>\n<meta property=\"og:description\" content=\"Erinnere dich an die magische Nacht, die ihr erlebt habt, mit einer Sternenkarte und einem Foto F\u00fcge Sternbilder zu deiner Sternenkarte hinzu und w\u00e4hle ein Foto aus Passe dein Kunstwerk in 3 einfachen Schritten an F\u00fcge einen aussagekr\u00e4ftigen personalisierten Text hinzu Sehe dir bei jedem Schritt eine Vorschau deines Designs an\" \/>\n<meta property=\"og:url\" content=\"https:\/\/positiveprints.com\/de-ch\/produkt\/sterne-in-der-nacht-in-der-wir-uns-trafen-mit-foto\/\" \/>\n<meta property=\"og:site_name\" content=\"Positive Prints\" \/>\n<meta property=\"article:publisher\" content=\"https:\/\/www.facebook.com\/positiveprintscom\" \/>\n<meta property=\"article:modified_time\" content=\"2026-04-23T10:15:19+00:00\" \/>\n<meta property=\"og:image\" content=\"https:\/\/positiveprints.com\/wp-content\/uploads\/2024\/11\/DE_PACKSHOT_Stars-the-Night-We-Met-with-Photo-product-image-.webp\" \/>\n\t<meta property=\"og:image:width\" content=\"1450\" \/>\n\t<meta property=\"og:image:height\" content=\"1450\" \/>\n\t<meta property=\"og:image:type\" content=\"image\/webp\" \/>\n<meta name=\"twitter:card\" content=\"summary_large_image\" \/>\n<!-- \/ Yoast SEO Premium plugin. -->","yoast_head_json":{"title":"Sterne in der Nacht, in der wir uns trafen, mit Foto - Positive Prints","description":"Sterne in der Nacht, in der wir uns trafen mit Foto ist eine abbildbare Liebesgeschichte. Es ist ein Beweis eurer Liebe und der Erinnerungen, die euch einander n\u00e4hergebracht haben.","robots":{"index":"index","follow":"follow","max-snippet":"max-snippet:-1","max-image-preview":"max-image-preview:large","max-video-preview":"max-video-preview:-1"},"canonical":"https:\/\/positiveprints.com\/de-ch\/produkt\/sterne-in-der-nacht-in-der-wir-uns-trafen-mit-foto\/","og_locale":"de_DE","og_type":"article","og_title":"Sterne in der Nacht, in der wir uns trafen, mit Foto","og_description":"Erinnere dich an die magische Nacht, die ihr erlebt habt, mit einer Sternenkarte und einem Foto F\u00fcge Sternbilder zu deiner Sternenkarte hinzu und w\u00e4hle ein Foto aus Passe dein Kunstwerk in 3 einfachen Schritten an F\u00fcge einen aussagekr\u00e4ftigen personalisierten Text hinzu Sehe dir bei jedem Schritt eine Vorschau deines Designs an","og_url":"https:\/\/positiveprints.com\/de-ch\/produkt\/sterne-in-der-nacht-in-der-wir-uns-trafen-mit-foto\/","og_site_name":"Positive Prints","article_publisher":"https:\/\/www.facebook.com\/positiveprintscom","article_modified_time":"2026-04-23T10:15:19+00:00","og_image":[{"width":1450,"height":1450,"url":"https:\/\/positiveprints.com\/wp-content\/uploads\/2024\/11\/DE_PACKSHOT_Stars-the-Night-We-Met-with-Photo-product-image-.webp","type":"image\/webp"}],"twitter_card":"summary_large_image","schema":{"@context":"https:\/\/schema.org","@graph":[{"@type":["WebPage","ItemPage"],"@id":"https:\/\/positiveprints.com\/de-ch\/produkt\/sterne-in-der-nacht-in-der-wir-uns-trafen-mit-foto\/","url":"https:\/\/positiveprints.com\/de-ch\/produkt\/sterne-in-der-nacht-in-der-wir-uns-trafen-mit-foto\/","name":"Sterne in der Nacht, in der wir uns trafen, mit Foto - Positive Prints","isPartOf":{"@id":"https:\/\/positiveprints.com\/de-ch\/#website"},"primaryImageOfPage":{"@id":"https:\/\/positiveprints.com\/de-ch\/produkt\/sterne-in-der-nacht-in-der-wir-uns-trafen-mit-foto\/#primaryimage"},"image":{"@id":"https:\/\/positiveprints.com\/de-ch\/produkt\/sterne-in-der-nacht-in-der-wir-uns-trafen-mit-foto\/#primaryimage"},"thumbnailUrl":"https:\/\/positiveprints.com\/wp-content\/uploads\/2024\/11\/DE_PACKSHOT_Stars-the-Night-We-Met-with-Photo-product-image-.webp","datePublished":"2023-10-24T13:26:46+00:00","dateModified":"2026-04-23T10:15:19+00:00","description":"Sterne in der Nacht, in der wir uns trafen mit Foto ist eine abbildbare Liebesgeschichte. Es ist ein Beweis eurer Liebe und der Erinnerungen, die euch einander n\u00e4hergebracht haben.","breadcrumb":{"@id":"https:\/\/positiveprints.com\/de-ch\/produkt\/sterne-in-der-nacht-in-der-wir-uns-trafen-mit-foto\/#breadcrumb"},"inLanguage":"de-CH","potentialAction":[{"@type":"ReadAction","target":["https:\/\/positiveprints.com\/de-ch\/produkt\/sterne-in-der-nacht-in-der-wir-uns-trafen-mit-foto\/"]}]},{"@type":"ImageObject","inLanguage":"de-CH","@id":"https:\/\/positiveprints.com\/de-ch\/produkt\/sterne-in-der-nacht-in-der-wir-uns-trafen-mit-foto\/#primaryimage","url":"https:\/\/positiveprints.com\/wp-content\/uploads\/2024\/11\/DE_PACKSHOT_Stars-the-Night-We-Met-with-Photo-product-image-.webp","contentUrl":"https:\/\/positiveprints.com\/wp-content\/uploads\/2024\/11\/DE_PACKSHOT_Stars-the-Night-We-Met-with-Photo-product-image-.webp","width":1450,"height":1450},{"@type":"BreadcrumbList","@id":"https:\/\/positiveprints.com\/de-ch\/produkt\/sterne-in-der-nacht-in-der-wir-uns-trafen-mit-foto\/#breadcrumb","itemListElement":[{"@type":"ListItem","position":1,"name":"Home","item":"https:\/\/positiveprints.com\/de-ch\/"},{"@type":"ListItem","position":2,"name":"Produkte","item":"https:\/\/positiveprints.com\/de-ch\/shop\/"},{"@type":"ListItem","position":3,"name":"Sterne in der Nacht, in der wir uns trafen, mit Foto"}]},{"@type":"WebSite","@id":"https:\/\/positiveprints.com\/de-ch\/#website","url":"https:\/\/positiveprints.com\/de-ch\/","name":"Positive Prints","description":"Amazing Custom Personalized Gifts","publisher":{"@id":"https:\/\/positiveprints.com\/de-ch\/#organization"},"potentialAction":[{"@type":"SearchAction","target":{"@type":"EntryPoint","urlTemplate":"https:\/\/positiveprints.com\/de-ch\/?s={search_term_string}"},"query-input":{"@type":"PropertyValueSpecification","valueRequired":true,"valueName":"search_term_string"}}],"inLanguage":"de-CH"},{"@type":"Organization","@id":"https:\/\/positiveprints.com\/de-ch\/#organization","name":"Positive Prints","alternateName":"Positive Prints","url":"https:\/\/positiveprints.com\/de-ch\/","logo":{"@type":"ImageObject","inLanguage":"de-CH","@id":"https:\/\/positiveprints.com\/de-ch\/#\/schema\/logo\/image\/","url":"https:\/\/positiveprints.com\/wp-content\/uploads\/2026\/03\/245815646_1337939713319158_5671353136411139666_n.png","contentUrl":"https:\/\/positiveprints.com\/wp-content\/uploads\/2026\/03\/245815646_1337939713319158_5671353136411139666_n.png","width":800,"height":800,"caption":"Positive Prints"},"image":{"@id":"https:\/\/positiveprints.com\/de-ch\/#\/schema\/logo\/image\/"},"sameAs":["https:\/\/www.facebook.com\/positiveprintscom","https:\/\/www.instagram.com\/positiveprintscom\/","https:\/\/www.tiktok.com\/@positiveprintscom","https:\/\/www.pinterest.com\/positiveprintscom\/"]}]}},"jetpack_sharing_enabled":true,"_links":{"self":[{"href":"https:\/\/positiveprints.com\/de-ch\/wp-json\/wp\/v2\/product\/1074673","targetHints":{"allow":["GET"]}}],"collection":[{"href":"https:\/\/positiveprints.com\/de-ch\/wp-json\/wp\/v2\/product"}],"about":[{"href":"https:\/\/positiveprints.com\/de-ch\/wp-json\/wp\/v2\/types\/product"}],"wp:featuredmedia":[{"embeddable":true,"href":"https:\/\/positiveprints.com\/de-ch\/wp-json\/wp\/v2\/media\/1258779"}],"wp:attachment":[{"href":"https:\/\/positiveprints.com\/de-ch\/wp-json\/wp\/v2\/media?parent=1074673"}],"wp:term":[{"taxonomy":"product_brand","embeddable":true,"href":"https:\/\/positiveprints.com\/de-ch\/wp-json\/wp\/v2\/product_brand?post=1074673"},{"taxonomy":"product_cat","embeddable":true,"href":"https:\/\/positiveprints.com\/de-ch\/wp-json\/wp\/v2\/product_cat?post=1074673"},{"taxonomy":"product_tag","embeddable":true,"href":"https:\/\/positiveprints.com\/de-ch\/wp-json\/wp\/v2\/product_tag?post=1074673"}],"curies":[{"name":"wp","href":"https:\/\/api.w.org\/{rel}","templated":true}]}}