{"id":1036796,"date":"2024-01-11T10:35:04","date_gmt":"2024-01-11T09:35:04","guid":{"rendered":"https:\/\/positiveprints.com\/?post_type=product&#038;p=1036796"},"modified":"2026-04-18T04:40:27","modified_gmt":"2026-04-18T03:40:27","slug":"benutzerdefinierte-sternenkarte-mit-foto","status":"publish","type":"product","link":"https:\/\/positiveprints.com\/de-ch\/produkt\/benutzerdefinierte-sternenkarte-mit-foto\/","title":{"rendered":"Benutzerdefinierte Sternenkarte mit Foto"},"content":{"rendered":"<p>Suchst du ein einzigartiges und herzliches Geschenk, das besondere Momente festh\u00e4lt? Unsere individuelle Sternenkarte mit Foto ist die perfekte Wahl. Schaffe wertvolle Erinnerungen f\u00fcr Geburtstage, Jubil\u00e4en, Verlobungen oder andere wichtige Ereignisse. Dieses personalisierte Geschenk wird deine Welt mit Sternen und Emotionen erhellen.<\/p>\r\n\r\n<h2>Was ist eine benutzerdefinierte Sternenkarte mit Foto?<\/h2>\r\n\r\n<p>Das Entwerfen Ihrer Kunstwerke ist mit unserem Online-Ersteller ganz einfach. W\u00e4hle einfach einen bevorzugten Stil aus, w\u00e4hle die Kartenelemente wie Sternbilder oder die Milchstra\u00dfe aus und f\u00fcge einen aussagekr\u00e4ftigen Titel hinzu. Gebe das genaue Datum und den Ort ein und sehe, wie die Sternenkarte in der Online-Vorschau zum Leben erwacht. Lade ein Foto hoch, um es noch pers\u00f6nlicher zu gestalten.<\/p>\r\n\r\n<p>Eine benutzerdefinierte Sternenkarte mit Foto ist ein himmlischer Schnappschuss des Nachthimmels an einem Datum und Ort, der f\u00fcr dich einen sentimentalen Wert hat. Es ist eine atemberaubende Darstellung der Sterne und Sternbilder, die in dem von dir gew\u00e4hlten Moment den Himmel zierten.<\/p>\r\n\r\n<h2>Perfektes Geschenk und bleibende Erinnerung<\/h2>\r\n\r\n<p>Diese exquisite, individuelle Sternenkarte ist nicht nur ein Geschenk. Es ist eine emotionale Erfahrung. Es ist perfekt, um Liebe, gesch\u00e4tzte Erinnerungen und Neuanf\u00e4nge zu feiern. Ganz gleich, ob es ein Jubil\u00e4um, der Tag, an dem ihr euch kennengelernt habt, ein Geburtstag oder ein besonderer Anlass ist \u2013 es f\u00e4ngt die Essenz der Magie des Nachthimmels auf wunderbare Weise ein. Stelle dir die Freude und das Staunen vor, wenn du die Sterne betrachtest, die in der unvergesslichen Nacht leuchteten.<\/p>\r\n\r\n<p>Als Geschenk wird die individuelle Sternenkarte mit Foto zu einem unikaten Andenken. Es ist Gespr\u00e4chsstoff, der Nostalgie und Gl\u00fcck ausl\u00f6st. Jedes Mal, wenn du es betrachten wirst, wirst du in diesen bedeutenden Moment zur\u00fcckversetzt und  die Emotionen noch einmal erleben. Mache dein Geschenk mit dieser einzigartigen, individuellen Sternenkarte unvergesslich.<\/p>","protected":false},"excerpt":{"rendered":"<ul class=\"check-list\">\n<li>Erstelle ein Kunstwerk, das besondere Momente der Zeit einf\u00e4ngt<\/li>\n<li>F\u00fcge Sternbilder und die Milchstra\u00dfe hinzu<\/li>\n<li>Passe dein Kunstwerk in 3 einfachen Schritten an<\/li>\n<li>F\u00fcge einen aussagekr\u00e4ftigen personalisierten Text hinzu<\/li>\n<li>Sieh das Ergebnis sofort \u2013 die interaktive Vorschau erm\u00f6glicht dir, jedes Detail direkt anzupassen<\/li>\n<\/ul>\n","protected":false},"featured_media":1254101,"template":"","meta":[],"product_brand":[],"product_cat":[9107,4905,4763,8015,7695],"product_tag":[14819,8424],"class_list":{"0":"post-1036796","1":"product","2":"type-product","3":"status-publish","4":"has-post-thumbnail","6":"product_cat-duo-stars-de-ch","7":"product_cat-alle-produkte-de-ch","8":"product_cat-creators-de-ch-2","9":"product_cat-geschenke-fur-manner-de-ch","10":"product_cat-geschenke-fur-wichtige-frauen-in-deinem-leben-de-ch","11":"product_tag-creators-de-ch-2","12":"product_tag-creators-de-ch","14":"first","15":"instock","16":"sale","17":"taxable","18":"shipping-taxable","19":"purchasable","20":"product-type-variable"},"yoast_head":"<!-- This site is optimized with the Yoast SEO Premium plugin v27.2 (Yoast SEO v27.2) - https:\/\/yoast.com\/product\/yoast-seo-premium-wordpress\/ -->\n<title>Benutzerdefinierte Sternenkarte mit Foto - Positive Prints<\/title>\n<meta name=\"description\" content=\"Suchst du ein einzigartiges und herzliches Geschenk, das besondere Momente festh\u00e4lt? Unsere individuelle Sternenkarte mit Foto ist die perfekte Wahl.\" \/>\n<meta name=\"robots\" content=\"index, follow, max-snippet:-1, max-image-preview:large, max-video-preview:-1\" \/>\n<link rel=\"canonical\" href=\"https:\/\/positiveprints.com\/de-ch\/produkt\/benutzerdefinierte-sternenkarte-mit-foto\/\" \/>\n<meta property=\"og:locale\" content=\"de_DE\" \/>\n<meta property=\"og:type\" content=\"article\" \/>\n<meta property=\"og:title\" content=\"Benutzerdefinierte Sternenkarte mit Foto\" \/>\n<meta property=\"og:description\" content=\"Erstelle ein Kunstwerk, das besondere Momente der Zeit einf\u00e4ngt  F\u00fcge Sternbilder und die Milchstra\u00dfe hinzu  Passe dein Kunstwerk in 3 einfachen Schritten an  F\u00fcge einen aussagekr\u00e4ftigen personalisierten Text hinzu  Sieh das Ergebnis sofort \u2013 die interaktive Vorschau erm\u00f6glicht dir, jedes Detail direkt anzupassen\" \/>\n<meta property=\"og:url\" content=\"https:\/\/positiveprints.com\/de-ch\/produkt\/benutzerdefinierte-sternenkarte-mit-foto\/\" \/>\n<meta property=\"og:site_name\" content=\"Positive Prints\" \/>\n<meta property=\"article:publisher\" content=\"https:\/\/www.facebook.com\/positiveprintscom\" \/>\n<meta property=\"article:modified_time\" content=\"2026-04-18T03:40:27+00:00\" \/>\n<meta property=\"og:image\" content=\"https:\/\/positiveprints.com\/wp-content\/uploads\/2024\/11\/DE_PACKSHOT_Digital-Star-Map-with-Photo-product-image-.webp\" \/>\n\t<meta property=\"og:image:width\" content=\"1450\" \/>\n\t<meta property=\"og:image:height\" content=\"1450\" \/>\n\t<meta property=\"og:image:type\" content=\"image\/webp\" \/>\n<meta name=\"twitter:card\" content=\"summary_large_image\" \/>\n<meta name=\"twitter:label1\" content=\"Gesch\u00e4tzte Lesezeit\" \/>\n\t<meta name=\"twitter:data1\" content=\"2\u00a0Minuten\" \/>\n<!-- \/ Yoast SEO Premium plugin. -->","yoast_head_json":{"title":"Benutzerdefinierte Sternenkarte mit Foto - Positive Prints","description":"Suchst du ein einzigartiges und herzliches Geschenk, das besondere Momente festh\u00e4lt? Unsere individuelle Sternenkarte mit Foto ist die perfekte Wahl.","robots":{"index":"index","follow":"follow","max-snippet":"max-snippet:-1","max-image-preview":"max-image-preview:large","max-video-preview":"max-video-preview:-1"},"canonical":"https:\/\/positiveprints.com\/de-ch\/produkt\/benutzerdefinierte-sternenkarte-mit-foto\/","og_locale":"de_DE","og_type":"article","og_title":"Benutzerdefinierte Sternenkarte mit Foto","og_description":"Erstelle ein Kunstwerk, das besondere Momente der Zeit einf\u00e4ngt  F\u00fcge Sternbilder und die Milchstra\u00dfe hinzu  Passe dein Kunstwerk in 3 einfachen Schritten an  F\u00fcge einen aussagekr\u00e4ftigen personalisierten Text hinzu  Sieh das Ergebnis sofort \u2013 die interaktive Vorschau erm\u00f6glicht dir, jedes Detail direkt anzupassen","og_url":"https:\/\/positiveprints.com\/de-ch\/produkt\/benutzerdefinierte-sternenkarte-mit-foto\/","og_site_name":"Positive Prints","article_publisher":"https:\/\/www.facebook.com\/positiveprintscom","article_modified_time":"2026-04-18T03:40:27+00:00","og_image":[{"width":1450,"height":1450,"url":"https:\/\/positiveprints.com\/wp-content\/uploads\/2024\/11\/DE_PACKSHOT_Digital-Star-Map-with-Photo-product-image-.webp","type":"image\/webp"}],"twitter_card":"summary_large_image","twitter_misc":{"Gesch\u00e4tzte Lesezeit":"2\u00a0Minuten"},"schema":{"@context":"https:\/\/schema.org","@graph":[{"@type":["WebPage","ItemPage"],"@id":"https:\/\/positiveprints.com\/de-ch\/produkt\/benutzerdefinierte-sternenkarte-mit-foto\/","url":"https:\/\/positiveprints.com\/de-ch\/produkt\/benutzerdefinierte-sternenkarte-mit-foto\/","name":"Benutzerdefinierte Sternenkarte mit Foto - Positive Prints","isPartOf":{"@id":"https:\/\/positiveprints.com\/de-ch\/#website"},"primaryImageOfPage":{"@id":"https:\/\/positiveprints.com\/de-ch\/produkt\/benutzerdefinierte-sternenkarte-mit-foto\/#primaryimage"},"image":{"@id":"https:\/\/positiveprints.com\/de-ch\/produkt\/benutzerdefinierte-sternenkarte-mit-foto\/#primaryimage"},"thumbnailUrl":"https:\/\/positiveprints.com\/wp-content\/uploads\/2024\/11\/DE_PACKSHOT_Digital-Star-Map-with-Photo-product-image-.webp","datePublished":"2024-01-11T09:35:04+00:00","dateModified":"2026-04-18T03:40:27+00:00","description":"Suchst du ein einzigartiges und herzliches Geschenk, das besondere Momente festh\u00e4lt? Unsere individuelle Sternenkarte mit Foto ist die perfekte Wahl.","breadcrumb":{"@id":"https:\/\/positiveprints.com\/de-ch\/produkt\/benutzerdefinierte-sternenkarte-mit-foto\/#breadcrumb"},"inLanguage":"de-CH","potentialAction":[{"@type":"ReadAction","target":["https:\/\/positiveprints.com\/de-ch\/produkt\/benutzerdefinierte-sternenkarte-mit-foto\/"]}]},{"@type":"ImageObject","inLanguage":"de-CH","@id":"https:\/\/positiveprints.com\/de-ch\/produkt\/benutzerdefinierte-sternenkarte-mit-foto\/#primaryimage","url":"https:\/\/positiveprints.com\/wp-content\/uploads\/2024\/11\/DE_PACKSHOT_Digital-Star-Map-with-Photo-product-image-.webp","contentUrl":"https:\/\/positiveprints.com\/wp-content\/uploads\/2024\/11\/DE_PACKSHOT_Digital-Star-Map-with-Photo-product-image-.webp","width":1450,"height":1450},{"@type":"BreadcrumbList","@id":"https:\/\/positiveprints.com\/de-ch\/produkt\/benutzerdefinierte-sternenkarte-mit-foto\/#breadcrumb","itemListElement":[{"@type":"ListItem","position":1,"name":"Home","item":"https:\/\/positiveprints.com\/de-ch\/"},{"@type":"ListItem","position":2,"name":"Produkte","item":"https:\/\/positiveprints.com\/de-ch\/shop\/"},{"@type":"ListItem","position":3,"name":"Benutzerdefinierte Sternenkarte mit Foto"}]},{"@type":"WebSite","@id":"https:\/\/positiveprints.com\/de-ch\/#website","url":"https:\/\/positiveprints.com\/de-ch\/","name":"Positive Prints","description":"Amazing Custom Personalized Gifts","publisher":{"@id":"https:\/\/positiveprints.com\/de-ch\/#organization"},"potentialAction":[{"@type":"SearchAction","target":{"@type":"EntryPoint","urlTemplate":"https:\/\/positiveprints.com\/de-ch\/?s={search_term_string}"},"query-input":{"@type":"PropertyValueSpecification","valueRequired":true,"valueName":"search_term_string"}}],"inLanguage":"de-CH"},{"@type":"Organization","@id":"https:\/\/positiveprints.com\/de-ch\/#organization","name":"Positive Prints","alternateName":"Positive Prints","url":"https:\/\/positiveprints.com\/de-ch\/","logo":{"@type":"ImageObject","inLanguage":"de-CH","@id":"https:\/\/positiveprints.com\/de-ch\/#\/schema\/logo\/image\/","url":"https:\/\/positiveprints.com\/wp-content\/uploads\/2026\/03\/245815646_1337939713319158_5671353136411139666_n.png","contentUrl":"https:\/\/positiveprints.com\/wp-content\/uploads\/2026\/03\/245815646_1337939713319158_5671353136411139666_n.png","width":800,"height":800,"caption":"Positive Prints"},"image":{"@id":"https:\/\/positiveprints.com\/de-ch\/#\/schema\/logo\/image\/"},"sameAs":["https:\/\/www.facebook.com\/positiveprintscom","https:\/\/www.instagram.com\/positiveprintscom\/","https:\/\/www.tiktok.com\/@positiveprintscom","https:\/\/www.pinterest.com\/positiveprintscom\/"]}]}},"jetpack_sharing_enabled":true,"_links":{"self":[{"href":"https:\/\/positiveprints.com\/de-ch\/wp-json\/wp\/v2\/product\/1036796","targetHints":{"allow":["GET"]}}],"collection":[{"href":"https:\/\/positiveprints.com\/de-ch\/wp-json\/wp\/v2\/product"}],"about":[{"href":"https:\/\/positiveprints.com\/de-ch\/wp-json\/wp\/v2\/types\/product"}],"wp:featuredmedia":[{"embeddable":true,"href":"https:\/\/positiveprints.com\/de-ch\/wp-json\/wp\/v2\/media\/1254101"}],"wp:attachment":[{"href":"https:\/\/positiveprints.com\/de-ch\/wp-json\/wp\/v2\/media?parent=1036796"}],"wp:term":[{"taxonomy":"product_brand","embeddable":true,"href":"https:\/\/positiveprints.com\/de-ch\/wp-json\/wp\/v2\/product_brand?post=1036796"},{"taxonomy":"product_cat","embeddable":true,"href":"https:\/\/positiveprints.com\/de-ch\/wp-json\/wp\/v2\/product_cat?post=1036796"},{"taxonomy":"product_tag","embeddable":true,"href":"https:\/\/positiveprints.com\/de-ch\/wp-json\/wp\/v2\/product_tag?post=1036796"}],"curies":[{"name":"wp","href":"https:\/\/api.w.org\/{rel}","templated":true}]}}