{"id":1006895,"date":"2023-06-15T11:33:16","date_gmt":"2023-06-15T10:33:16","guid":{"rendered":"https:\/\/positiveprints.com\/product\/die-nacht-in-der-wir-uns-verlobten\/"},"modified":"2026-04-12T22:10:06","modified_gmt":"2026-04-12T21:10:06","slug":"die-nacht-in-der-wir-uns-verlobten","status":"publish","type":"product","link":"https:\/\/positiveprints.com\/de-ch\/produkt\/die-nacht-in-der-wir-uns-verlobten\/","title":{"rendered":"Die Nacht, in der wir uns verlobten"},"content":{"rendered":"<h2 class=\"grenB f24 cblue\" style=\"margin-top: 3rem;\">Die Nacht unserer Verlobung: Ein zeitloses Andenken an einen besonderen Moment<\/h2>\r\n\r\n<p style=\"margin-top: 1rem;\">\u201eDie Nacht, in der wir uns verlobten\u201c ist ein au\u00dfergew\u00f6hnliches, personalisiertes Verlobungsgeschenk, das die Magie eures besonderen Moments einf\u00e4ngt. Dieser wundersch\u00f6n gestaltete Druck oder diese Leinwand zeigt die genaue Ansicht des Sternenhimmels zu einem bestimmten Zeitpunkt und an einem bestimmten Ort und ist somit ein perfektes Geschenk f\u00fcr deinen Verlobten oder deine Verlobte. Mit diesem bemerkenswerten Andenken kannst du die Emotionen und Erinnerungen dieser unvergesslichen Nacht noch viele Jahre lang wieder aufleben lassen.<\/p>\r\n\r\n<h2 class=\"grenB f24 cblue\" style=\"margin-top: 3rem;\">Entwerfe dein eigenes \u201eDie Nacht, in der wir uns verlobten\u201c-Kunstwerk<\/h2>\r\n\r\n<p style=\"margin-top: 1rem;\">Mit unserem benutzerfreundlichen Online-Editor ist die Gestaltung von \u201eDie Nacht, in der wir uns verlobten\u201c ganz einfach. Beginne mit der Auswahl des Stils und der Elemente, die deine Sternenkarte schm\u00fccken sollen. Du hast die M\u00f6glichkeit, aus unseren vordefinierten Stilen zu w\u00e4hlen oder f\u00fcr eine pers\u00f6nliche Note mit benutzerdefinierten Farben zu experimentieren, die deinem individuellen Geschmack entsprechen. Werte dein himmlisches Meisterwerk auf, indem du Sternkartenelemente wie Planeten, Planetennamen, Sternbilder, Sternbildnamen, die Milchstra\u00dfe und Gitterlinien ausw\u00e4hlst.<\/p>\r\n\r\n<p style=\"margin-top: 1rem;\">Um einen wirklich personalisierten \u201eDie Nacht, in der wir uns verlobten\u201c-Druck zu erstellen, gebe den genauen Ort, an dem eure Verlobung stattgefunden hat, sowie das Datum ein. F\u00fcge einen Titel und einen Untertitel hinzu, die f\u00fcr dich und deine Liebsten eine besondere Bedeutung haben. Aber das ist noch nicht alles \u2013 um dieses Geschenk wirklich einzigartig und pers\u00f6nlich zu machen, f\u00fcge Textnachrichten hinzu, die f\u00fcr immer in das Design eingebettet werden. Ganz gleich, ob es die s\u00fc\u00dfen Worte sind, die ihr ausgetauscht habt oder ein herzliches Zitat, diese zus\u00e4tzlichen Details verwandeln eure Sternenkarte in ein gesch\u00e4tztes Andenken.<\/p>\r\n\r\n<p style=\"margin-top: 1rem;\">Sobald du mit der Gestaltung deines \u201eDie Nacht, in der wir uns verlobten\u201c-Kunstwerks fertig bist, ist es an der Zeit, das Format und die Gr\u00f6\u00dfe auszuw\u00e4hlen, die deinen Vorlieben entsprechen. Unser Angebot umfasst gerahmte oder gedruckte Poster, Leinw\u00e4nde oder digitale Dateien zum sofortigen Herunterladen. Egal f\u00fcr welches Format du dich entscheiden wirst, du kannst sicher sein, dass die Qualit\u00e4t und Handwerkskunst deiner Kunstwerke erstklassig ist.<\/p>\r\n\r\n<h2 class=\"grenB f24 cblue\" style=\"margin-top: 3rem;\">Das perfekte Verlobungsgeschenk<\/h2>\r\n<p style=\"margin-top: 1rem;\">Wenn es darum geht, das beste personalisierte Verlobungsgeschenk zu finden, bist du mit der Wahl \u201eDie Nacht, in der wir uns verlobten\u201c genau richtig. Diese atemberaubende, individuelle Sternenkarte verewigt die Sterne, die in eurem einzigen Moment in eurem Leben leuchteten. Im Gegensatz zu gew\u00f6hnlichen Geschenken, die du in den Regalen der Gesch\u00e4fte findest, ist dieser einzigartige Schatz ein Beweis f\u00fcr die Liebe und Verbundenheit, die ihr teilt. Bestelle noch heute eure personalisierte Sternenkarte und lasse den Zauber dieser bezaubernden Nacht euer Leben f\u00fcr immer erleuchten.<\/p>","protected":false},"excerpt":{"rendered":"<ul class=\"check-list\">\n<li>F\u00fcge Planeten, Sternbilder und die Milchstra\u00dfe hinzu<\/li>\n<li>Passe dein Kunstwerk in 3 einfachen Schritten an<\/li>\n<li>F\u00fcge einen aussagekr\u00e4ftigen personalisierten Text hinzu<\/li>\n<li>Sieh das Ergebnis sofort \u2013 die interaktive Vorschau erm\u00f6glicht dir, jedes Detail direkt anzupassen<\/li>\n<\/ul>\n","protected":false},"featured_media":1229773,"template":"","meta":[],"product_brand":[],"product_cat":[4905,9282,4764,5283],"product_tag":[8442],"class_list":{"0":"post-1006895","1":"product","2":"type-product","3":"status-publish","4":"has-post-thumbnail","6":"product_cat-alle-produkte-de-ch","7":"product_cat-bestsellers-label-ch","8":"product_cat-star-de-ch-2","9":"product_cat-verlobungsgeschenke","10":"product_tag-verlobung-de-ch","12":"first","13":"instock","14":"sale","15":"taxable","16":"shipping-taxable","17":"purchasable","18":"product-type-variable"},"yoast_head":"<!-- This site is optimized with the Yoast SEO Premium plugin v27.2 (Yoast SEO v27.2) - https:\/\/yoast.com\/product\/yoast-seo-premium-wordpress\/ -->\n<title>Die Nacht, in der wir uns verlobten - Positive Prints<\/title>\n<meta name=\"description\" content=\"Erstelle noch heute dein personalisiertes \u201eDie Nacht, in der wir uns verlobten\u201c-Kunstwerk und lasse die Magie dieser bezaubernden Nacht euer Leben f\u00fcr immer erleuchten.\" \/>\n<meta name=\"robots\" content=\"index, follow, max-snippet:-1, max-image-preview:large, max-video-preview:-1\" \/>\n<link rel=\"canonical\" href=\"https:\/\/positiveprints.com\/de-ch\/produkt\/die-nacht-in-der-wir-uns-verlobten\/\" \/>\n<meta property=\"og:locale\" content=\"de_DE\" \/>\n<meta property=\"og:type\" content=\"article\" \/>\n<meta property=\"og:title\" content=\"Die Nacht, in der wir uns verlobten\" \/>\n<meta property=\"og:description\" content=\"F\u00fcge Planeten, Sternbilder und die Milchstra\u00dfe hinzu  Passe dein Kunstwerk in 3 einfachen Schritten an  F\u00fcge einen aussagekr\u00e4ftigen personalisierten Text hinzu  Sieh das Ergebnis sofort \u2013 die interaktive Vorschau erm\u00f6glicht dir, jedes Detail direkt anzupassen\" \/>\n<meta property=\"og:url\" content=\"https:\/\/positiveprints.com\/de-ch\/produkt\/die-nacht-in-der-wir-uns-verlobten\/\" \/>\n<meta property=\"og:site_name\" content=\"Positive Prints\" \/>\n<meta property=\"article:publisher\" content=\"https:\/\/www.facebook.com\/positiveprintscom\" \/>\n<meta property=\"article:modified_time\" content=\"2026-04-12T21:10:06+00:00\" \/>\n<meta property=\"og:image\" content=\"https:\/\/positiveprints.com\/wp-content\/uploads\/2024\/10\/Packshot_DE_The-Night-We-Got-Engagedproduct-image.webp\" \/>\n\t<meta property=\"og:image:width\" content=\"1450\" \/>\n\t<meta property=\"og:image:height\" content=\"1450\" \/>\n\t<meta property=\"og:image:type\" content=\"image\/webp\" \/>\n<meta name=\"twitter:card\" content=\"summary_large_image\" \/>\n<meta name=\"twitter:label1\" content=\"Gesch\u00e4tzte Lesezeit\" \/>\n\t<meta name=\"twitter:data1\" content=\"2\u00a0Minuten\" \/>\n<!-- \/ Yoast SEO Premium plugin. -->","yoast_head_json":{"title":"Die Nacht, in der wir uns verlobten - Positive Prints","description":"Erstelle noch heute dein personalisiertes \u201eDie Nacht, in der wir uns verlobten\u201c-Kunstwerk und lasse die Magie dieser bezaubernden Nacht euer Leben f\u00fcr immer erleuchten.","robots":{"index":"index","follow":"follow","max-snippet":"max-snippet:-1","max-image-preview":"max-image-preview:large","max-video-preview":"max-video-preview:-1"},"canonical":"https:\/\/positiveprints.com\/de-ch\/produkt\/die-nacht-in-der-wir-uns-verlobten\/","og_locale":"de_DE","og_type":"article","og_title":"Die Nacht, in der wir uns verlobten","og_description":"F\u00fcge Planeten, Sternbilder und die Milchstra\u00dfe hinzu  Passe dein Kunstwerk in 3 einfachen Schritten an  F\u00fcge einen aussagekr\u00e4ftigen personalisierten Text hinzu  Sieh das Ergebnis sofort \u2013 die interaktive Vorschau erm\u00f6glicht dir, jedes Detail direkt anzupassen","og_url":"https:\/\/positiveprints.com\/de-ch\/produkt\/die-nacht-in-der-wir-uns-verlobten\/","og_site_name":"Positive Prints","article_publisher":"https:\/\/www.facebook.com\/positiveprintscom","article_modified_time":"2026-04-12T21:10:06+00:00","og_image":[{"width":1450,"height":1450,"url":"https:\/\/positiveprints.com\/wp-content\/uploads\/2024\/10\/Packshot_DE_The-Night-We-Got-Engagedproduct-image.webp","type":"image\/webp"}],"twitter_card":"summary_large_image","twitter_misc":{"Gesch\u00e4tzte Lesezeit":"2\u00a0Minuten"},"schema":{"@context":"https:\/\/schema.org","@graph":[{"@type":["WebPage","ItemPage"],"@id":"https:\/\/positiveprints.com\/de-ch\/produkt\/die-nacht-in-der-wir-uns-verlobten\/","url":"https:\/\/positiveprints.com\/de-ch\/produkt\/die-nacht-in-der-wir-uns-verlobten\/","name":"Die Nacht, in der wir uns verlobten - Positive Prints","isPartOf":{"@id":"https:\/\/positiveprints.com\/de-ch\/#website"},"primaryImageOfPage":{"@id":"https:\/\/positiveprints.com\/de-ch\/produkt\/die-nacht-in-der-wir-uns-verlobten\/#primaryimage"},"image":{"@id":"https:\/\/positiveprints.com\/de-ch\/produkt\/die-nacht-in-der-wir-uns-verlobten\/#primaryimage"},"thumbnailUrl":"https:\/\/positiveprints.com\/wp-content\/uploads\/2024\/10\/Packshot_DE_The-Night-We-Got-Engagedproduct-image.webp","datePublished":"2023-06-15T10:33:16+00:00","dateModified":"2026-04-12T21:10:06+00:00","description":"Erstelle noch heute dein personalisiertes \u201eDie Nacht, in der wir uns verlobten\u201c-Kunstwerk und lasse die Magie dieser bezaubernden Nacht euer Leben f\u00fcr immer erleuchten.","breadcrumb":{"@id":"https:\/\/positiveprints.com\/de-ch\/produkt\/die-nacht-in-der-wir-uns-verlobten\/#breadcrumb"},"inLanguage":"de-CH","potentialAction":[{"@type":"ReadAction","target":["https:\/\/positiveprints.com\/de-ch\/produkt\/die-nacht-in-der-wir-uns-verlobten\/"]}]},{"@type":"ImageObject","inLanguage":"de-CH","@id":"https:\/\/positiveprints.com\/de-ch\/produkt\/die-nacht-in-der-wir-uns-verlobten\/#primaryimage","url":"https:\/\/positiveprints.com\/wp-content\/uploads\/2024\/10\/Packshot_DE_The-Night-We-Got-Engagedproduct-image.webp","contentUrl":"https:\/\/positiveprints.com\/wp-content\/uploads\/2024\/10\/Packshot_DE_The-Night-We-Got-Engagedproduct-image.webp","width":1450,"height":1450},{"@type":"BreadcrumbList","@id":"https:\/\/positiveprints.com\/de-ch\/produkt\/die-nacht-in-der-wir-uns-verlobten\/#breadcrumb","itemListElement":[{"@type":"ListItem","position":1,"name":"Home","item":"https:\/\/positiveprints.com\/de-ch\/"},{"@type":"ListItem","position":2,"name":"Produkte","item":"https:\/\/positiveprints.com\/de-ch\/shop\/"},{"@type":"ListItem","position":3,"name":"Die Nacht, in der wir uns verlobten"}]},{"@type":"WebSite","@id":"https:\/\/positiveprints.com\/de-ch\/#website","url":"https:\/\/positiveprints.com\/de-ch\/","name":"Positive Prints","description":"Amazing Custom Personalized Gifts","publisher":{"@id":"https:\/\/positiveprints.com\/de-ch\/#organization"},"potentialAction":[{"@type":"SearchAction","target":{"@type":"EntryPoint","urlTemplate":"https:\/\/positiveprints.com\/de-ch\/?s={search_term_string}"},"query-input":{"@type":"PropertyValueSpecification","valueRequired":true,"valueName":"search_term_string"}}],"inLanguage":"de-CH"},{"@type":"Organization","@id":"https:\/\/positiveprints.com\/de-ch\/#organization","name":"Positive Prints","alternateName":"Positive Prints","url":"https:\/\/positiveprints.com\/de-ch\/","logo":{"@type":"ImageObject","inLanguage":"de-CH","@id":"https:\/\/positiveprints.com\/de-ch\/#\/schema\/logo\/image\/","url":"https:\/\/positiveprints.com\/wp-content\/uploads\/2026\/03\/245815646_1337939713319158_5671353136411139666_n.png","contentUrl":"https:\/\/positiveprints.com\/wp-content\/uploads\/2026\/03\/245815646_1337939713319158_5671353136411139666_n.png","width":800,"height":800,"caption":"Positive Prints"},"image":{"@id":"https:\/\/positiveprints.com\/de-ch\/#\/schema\/logo\/image\/"},"sameAs":["https:\/\/www.facebook.com\/positiveprintscom","https:\/\/www.instagram.com\/positiveprintscom\/","https:\/\/www.tiktok.com\/@positiveprintscom","https:\/\/www.pinterest.com\/positiveprintscom\/"]}]}},"jetpack_sharing_enabled":true,"_links":{"self":[{"href":"https:\/\/positiveprints.com\/de-ch\/wp-json\/wp\/v2\/product\/1006895","targetHints":{"allow":["GET"]}}],"collection":[{"href":"https:\/\/positiveprints.com\/de-ch\/wp-json\/wp\/v2\/product"}],"about":[{"href":"https:\/\/positiveprints.com\/de-ch\/wp-json\/wp\/v2\/types\/product"}],"wp:featuredmedia":[{"embeddable":true,"href":"https:\/\/positiveprints.com\/de-ch\/wp-json\/wp\/v2\/media\/1229773"}],"wp:attachment":[{"href":"https:\/\/positiveprints.com\/de-ch\/wp-json\/wp\/v2\/media?parent=1006895"}],"wp:term":[{"taxonomy":"product_brand","embeddable":true,"href":"https:\/\/positiveprints.com\/de-ch\/wp-json\/wp\/v2\/product_brand?post=1006895"},{"taxonomy":"product_cat","embeddable":true,"href":"https:\/\/positiveprints.com\/de-ch\/wp-json\/wp\/v2\/product_cat?post=1006895"},{"taxonomy":"product_tag","embeddable":true,"href":"https:\/\/positiveprints.com\/de-ch\/wp-json\/wp\/v2\/product_tag?post=1006895"}],"curies":[{"name":"wp","href":"https:\/\/api.w.org\/{rel}","templated":true}]}}