{"id":1198772,"date":"2024-10-01T13:36:37","date_gmt":"2024-10-01T11:36:37","guid":{"rendered":"https:\/\/positiveprints.com\/jahrestag-geschenk-fuer-ihn\/"},"modified":"2024-10-01T13:36:54","modified_gmt":"2024-10-01T11:36:54","slug":"jahrestag-geschenk-fuer-ihn","status":"publish","type":"page","link":"https:\/\/positiveprints.com\/de-ch\/jahrestag-geschenk-fuer-ihn\/","title":{"rendered":"Jahrestag Geschenk f\u00fcr Ihn"},"content":{"rendered":"","protected":false},"excerpt":{"rendered":"","protected":false},"author":1,"featured_media":0,"parent":0,"menu_order":0,"comment_status":"closed","ping_status":"closed","template":"SINGLE_OCCASION_TEMPLATE.php","meta":{"footnotes":""},"class_list":["post-1198772","page","type-page","status-publish","hentry"],"yoast_head":"<!-- This site is optimized with the Yoast SEO Premium plugin v27.2 (Yoast SEO v27.2) - https:\/\/yoast.com\/product\/yoast-seo-premium-wordpress\/ -->\n<title>Jahrestag Geschenk f\u00fcr Ihn - Positive Prints<\/title>\n<meta name=\"description\" content=\"Finde mit Positive Prints das perfekte personalisierte Jahrestag Geschenk f\u00fcr ihn, das deine besonderen Momente festh\u00e4lt. Feiere eure Liebesgeschichte mit einzigartigen Kunstwerken, die euch an eure gemeinsame Reise erinnern. \u00dcberrasche deinen Liebsten mit individueller Wandkunst, die jeden Tag Freude in euer Zuhause bringt. Mit Positive Prints ist das Erstellen deines einzigartigen St\u00fccks ein Kinderspiel. Halte eure Erinnerungen mit einem personalisierten Jahrestag Geschenk fest.\" \/>\n<meta name=\"robots\" content=\"index, follow, max-snippet:-1, max-image-preview:large, max-video-preview:-1\" \/>\n<link rel=\"canonical\" href=\"https:\/\/positiveprints.com\/de-ch\/jahrestag-geschenk-fuer-ihn\/\" \/>\n<meta property=\"og:locale\" content=\"de_DE\" \/>\n<meta property=\"og:type\" content=\"article\" \/>\n<meta property=\"og:title\" content=\"Jahrestag Geschenk f\u00fcr Ihn\" \/>\n<meta property=\"og:url\" content=\"https:\/\/positiveprints.com\/de-ch\/jahrestag-geschenk-fuer-ihn\/\" \/>\n<meta property=\"og:site_name\" content=\"Positive Prints\" \/>\n<meta property=\"article:publisher\" content=\"https:\/\/www.facebook.com\/positiveprintscom\" \/>\n<meta property=\"article:modified_time\" content=\"2024-10-01T11:36:54+00:00\" \/>\n<meta property=\"og:image\" content=\"https:\/\/positiveprints.com\/wp-content\/uploads\/2026\/03\/Open-graph-2026-1200x630-1.jpg\" \/>\n\t<meta property=\"og:image:width\" content=\"1200\" \/>\n\t<meta property=\"og:image:height\" content=\"630\" \/>\n\t<meta property=\"og:image:type\" content=\"image\/jpeg\" \/>\n<meta name=\"twitter:card\" content=\"summary_large_image\" \/>\n<!-- \/ Yoast SEO Premium plugin. -->","yoast_head_json":{"title":"Jahrestag Geschenk f\u00fcr Ihn - Positive Prints","description":"Finde mit Positive Prints das perfekte personalisierte Jahrestag Geschenk f\u00fcr ihn, das deine besonderen Momente festh\u00e4lt. Feiere eure Liebesgeschichte mit einzigartigen Kunstwerken, die euch an eure gemeinsame Reise erinnern. \u00dcberrasche deinen Liebsten mit individueller Wandkunst, die jeden Tag Freude in euer Zuhause bringt. Mit Positive Prints ist das Erstellen deines einzigartigen St\u00fccks ein Kinderspiel. Halte eure Erinnerungen mit einem personalisierten Jahrestag Geschenk fest.","robots":{"index":"index","follow":"follow","max-snippet":"max-snippet:-1","max-image-preview":"max-image-preview:large","max-video-preview":"max-video-preview:-1"},"canonical":"https:\/\/positiveprints.com\/de-ch\/jahrestag-geschenk-fuer-ihn\/","og_locale":"de_DE","og_type":"article","og_title":"Jahrestag Geschenk f\u00fcr Ihn","og_url":"https:\/\/positiveprints.com\/de-ch\/jahrestag-geschenk-fuer-ihn\/","og_site_name":"Positive Prints","article_publisher":"https:\/\/www.facebook.com\/positiveprintscom","article_modified_time":"2024-10-01T11:36:54+00:00","og_image":[{"width":1200,"height":630,"url":"https:\/\/positiveprints.com\/wp-content\/uploads\/2026\/03\/Open-graph-2026-1200x630-1.jpg","type":"image\/jpeg"}],"twitter_card":"summary_large_image","schema":{"@context":"https:\/\/schema.org","@graph":[{"@type":"WebPage","@id":"https:\/\/positiveprints.com\/de-ch\/jahrestag-geschenk-fuer-ihn\/","url":"https:\/\/positiveprints.com\/de-ch\/jahrestag-geschenk-fuer-ihn\/","name":"Jahrestag Geschenk f\u00fcr Ihn - Positive Prints","isPartOf":{"@id":"https:\/\/positiveprints.com\/de-ch\/#website"},"datePublished":"2024-10-01T11:36:37+00:00","dateModified":"2024-10-01T11:36:54+00:00","description":"Finde mit Positive Prints das perfekte personalisierte Jahrestag Geschenk f\u00fcr ihn, das deine besonderen Momente festh\u00e4lt. Feiere eure Liebesgeschichte mit einzigartigen Kunstwerken, die euch an eure gemeinsame Reise erinnern. \u00dcberrasche deinen Liebsten mit individueller Wandkunst, die jeden Tag Freude in euer Zuhause bringt. Mit Positive Prints ist das Erstellen deines einzigartigen St\u00fccks ein Kinderspiel. Halte eure Erinnerungen mit einem personalisierten Jahrestag Geschenk fest.","breadcrumb":{"@id":"https:\/\/positiveprints.com\/de-ch\/jahrestag-geschenk-fuer-ihn\/#breadcrumb"},"inLanguage":"de-CH","potentialAction":[{"@type":"ReadAction","target":["https:\/\/positiveprints.com\/de-ch\/jahrestag-geschenk-fuer-ihn\/"]}]},{"@type":"BreadcrumbList","@id":"https:\/\/positiveprints.com\/de-ch\/jahrestag-geschenk-fuer-ihn\/#breadcrumb","itemListElement":[{"@type":"ListItem","position":1,"name":"Home","item":"https:\/\/positiveprints.com\/de-ch\/"},{"@type":"ListItem","position":2,"name":"Jahrestag Geschenk f\u00fcr Ihn"}]},{"@type":"WebSite","@id":"https:\/\/positiveprints.com\/de-ch\/#website","url":"https:\/\/positiveprints.com\/de-ch\/","name":"Positive Prints","description":"Amazing Custom Personalized Gifts","publisher":{"@id":"https:\/\/positiveprints.com\/de-ch\/#organization"},"potentialAction":[{"@type":"SearchAction","target":{"@type":"EntryPoint","urlTemplate":"https:\/\/positiveprints.com\/de-ch\/?s={search_term_string}"},"query-input":{"@type":"PropertyValueSpecification","valueRequired":true,"valueName":"search_term_string"}}],"inLanguage":"de-CH"},{"@type":"Organization","@id":"https:\/\/positiveprints.com\/de-ch\/#organization","name":"Positive Prints","alternateName":"Positive Prints","url":"https:\/\/positiveprints.com\/de-ch\/","logo":{"@type":"ImageObject","inLanguage":"de-CH","@id":"https:\/\/positiveprints.com\/de-ch\/#\/schema\/logo\/image\/","url":"https:\/\/positiveprints.com\/wp-content\/uploads\/2026\/03\/245815646_1337939713319158_5671353136411139666_n.png","contentUrl":"https:\/\/positiveprints.com\/wp-content\/uploads\/2026\/03\/245815646_1337939713319158_5671353136411139666_n.png","width":800,"height":800,"caption":"Positive Prints"},"image":{"@id":"https:\/\/positiveprints.com\/de-ch\/#\/schema\/logo\/image\/"},"sameAs":["https:\/\/www.facebook.com\/positiveprintscom","https:\/\/www.instagram.com\/positiveprintscom\/","https:\/\/www.tiktok.com\/@positiveprintscom","https:\/\/www.pinterest.com\/positiveprintscom\/"]}]}},"jetpack_sharing_enabled":true,"_links":{"self":[{"href":"https:\/\/positiveprints.com\/de-ch\/wp-json\/wp\/v2\/pages\/1198772","targetHints":{"allow":["GET"]}}],"collection":[{"href":"https:\/\/positiveprints.com\/de-ch\/wp-json\/wp\/v2\/pages"}],"about":[{"href":"https:\/\/positiveprints.com\/de-ch\/wp-json\/wp\/v2\/types\/page"}],"author":[{"embeddable":true,"href":"https:\/\/positiveprints.com\/de-ch\/wp-json\/wp\/v2\/users\/1"}],"replies":[{"embeddable":true,"href":"https:\/\/positiveprints.com\/de-ch\/wp-json\/wp\/v2\/comments?post=1198772"}],"version-history":[{"count":0,"href":"https:\/\/positiveprints.com\/de-ch\/wp-json\/wp\/v2\/pages\/1198772\/revisions"}],"wp:attachment":[{"href":"https:\/\/positiveprints.com\/de-ch\/wp-json\/wp\/v2\/media?parent=1198772"}],"curies":[{"name":"wp","href":"https:\/\/api.w.org\/{rel}","templated":true}]}}