{"id":953473,"date":"2023-06-01T20:16:55","date_gmt":"2023-06-01T19:16:55","guid":{"rendered":"https:\/\/positiveprints.com\/product\/fotocollage-mit-namen-und-buchstaben\/"},"modified":"2026-04-03T03:14:48","modified_gmt":"2026-04-03T02:14:48","slug":"fotocollage-mit-namen-und-buchstaben","status":"publish","type":"product","link":"https:\/\/positiveprints.com\/de-at\/produkt\/fotocollage-mit-namen-und-buchstaben\/","title":{"rendered":"Fotocollage mit Namen und Buchstaben"},"content":{"rendered":"","protected":false},"excerpt":{"rendered":"<ul class=\"check-list\">\n<li>F\u00fcge einen aussagekr\u00e4ftigen personalisierten Text hinzu<\/li>\n<li>Passe dein Kunstwerk in 3 einfachen Schritten an<\/li>\n<li>W\u00e4hle eine Vorlage oder werde kreativ<\/li>\n<li>Schau dir bei jedem Schritt eine Vorschau deines Designs an<\/li>\n<\/ul>\n","protected":false},"featured_media":1679275,"template":"","meta":[],"product_brand":[],"product_cat":[11516,11522,11525,11528,11616,11617,11618,11619,4906,9271,7618,7635,7667,7650,11359,8211,8002,5341,11204,11207,8820,5265],"product_tag":[16579,16747,17076,16745,16754,16568],"class_list":{"0":"post-953473","1":"product","2":"type-product","3":"status-publish","4":"has-post-thumbnail","6":"product_cat-18-geburtstag-de-at","7":"product_cat-21-geburtstag-de-at","8":"product_cat-30-geburtstag-de-at","9":"product_cat-40-geburtstag-de-at","10":"product_cat-50-geburtstag-de-at","11":"product_cat-60-geburtstag-de-at","12":"product_cat-70-geburtstag-de-at","13":"product_cat-80-geburtstag-de-at","14":"product_cat-alle-produkte-de-at","15":"product_cat-bestsellers-label-de-at","16":"product_cat-geschenke-fur-bruder-de-at","17":"product_cat-geschenke-fur-deinen-ehemann-de-at","18":"product_cat-geschenke-fur-deinen-freund-de-at","19":"product_cat-geschenke-fur-deinen-sohn-de-at","20":"product_cat-weihnachtsgeschenke-fur-die-kinder-de-at","21":"product_cat-fur-ihn-de-at","22":"product_cat-geschenke-fur-manner-de-at","23":"product_cat-geburtstagsgeschenke-de-at","24":"product_cat-geburtstagsgeschenk-fur-frauen","25":"product_cat-geburtstagsgeschenk-fur-manner-de-at","26":"product_cat-photo-letter-de-at","27":"product_cat-weihnachtsgeschenke-de-at","28":"product_tag-ehemann-de-at","29":"product_tag-geschenke-fur-ehemann","30":"product_tag-geschenke-fur-freund","31":"product_tag-geschenke-fuer-ihn","32":"product_tag-geschenke-fur-manner-de-at","33":"product_tag-maenner-de-at","35":"first","36":"instock","37":"sale","38":"taxable","39":"shipping-taxable","40":"purchasable","41":"product-type-variable"},"yoast_head":"<!-- This site is optimized with the Yoast SEO Premium plugin v27.2 (Yoast SEO v27.2) - https:\/\/yoast.com\/product\/yoast-seo-premium-wordpress\/ -->\n<title>Fotocollage mit Namen und Buchstaben - Positive Prints<\/title>\n<meta name=\"description\" content=\"Gestalte eine einzigartige Buchstaben-Fotocollage mit besonderen Momenten und einem Namen und mache dein Geschenk unvergesslich.\" \/>\n<meta name=\"robots\" content=\"index, follow, max-snippet:-1, max-image-preview:large, max-video-preview:-1\" \/>\n<link rel=\"canonical\" href=\"https:\/\/positiveprints.com\/de-at\/produkt\/fotocollage-mit-namen-und-buchstaben\/\" \/>\n<meta property=\"og:locale\" content=\"de_DE\" \/>\n<meta property=\"og:type\" content=\"article\" \/>\n<meta property=\"og:title\" content=\"Fotocollage mit Namen und Buchstaben\" \/>\n<meta property=\"og:description\" content=\"F\u00fcge einen aussagekr\u00e4ftigen personalisierten Text hinzu  Passe dein Kunstwerk in 3 einfachen Schritten an  W\u00e4hle eine Vorlage oder werde kreativ  Schau dir bei jedem Schritt eine Vorschau deines Designs an\" \/>\n<meta property=\"og:url\" content=\"https:\/\/positiveprints.com\/de-at\/produkt\/fotocollage-mit-namen-und-buchstaben\/\" \/>\n<meta property=\"og:site_name\" content=\"Positive Prints\" \/>\n<meta property=\"article:publisher\" content=\"https:\/\/www.facebook.com\/positiveprintscom\" \/>\n<meta property=\"article:modified_time\" content=\"2026-04-03T02:14:48+00:00\" \/>\n<meta property=\"og:image\" content=\"https:\/\/positiveprints.com\/wp-content\/uploads\/2024\/11\/Packshot_DE_Name-Letter-Photo-Collage-product-image.webp\" \/>\n\t<meta property=\"og:image:width\" content=\"1450\" \/>\n\t<meta property=\"og:image:height\" content=\"1450\" \/>\n\t<meta property=\"og:image:type\" content=\"image\/webp\" \/>\n<meta name=\"twitter:card\" content=\"summary_large_image\" \/>\n<meta name=\"twitter:label1\" content=\"Gesch\u00e4tzte Lesezeit\" \/>\n\t<meta name=\"twitter:data1\" content=\"1 Minute\" \/>\n<!-- \/ Yoast SEO Premium plugin. -->","yoast_head_json":{"title":"Fotocollage mit Namen und Buchstaben - Positive Prints","description":"Gestalte eine einzigartige Buchstaben-Fotocollage mit besonderen Momenten und einem Namen und mache dein Geschenk unvergesslich.","robots":{"index":"index","follow":"follow","max-snippet":"max-snippet:-1","max-image-preview":"max-image-preview:large","max-video-preview":"max-video-preview:-1"},"canonical":"https:\/\/positiveprints.com\/de-at\/produkt\/fotocollage-mit-namen-und-buchstaben\/","og_locale":"de_DE","og_type":"article","og_title":"Fotocollage mit Namen und Buchstaben","og_description":"F\u00fcge einen aussagekr\u00e4ftigen personalisierten Text hinzu  Passe dein Kunstwerk in 3 einfachen Schritten an  W\u00e4hle eine Vorlage oder werde kreativ  Schau dir bei jedem Schritt eine Vorschau deines Designs an","og_url":"https:\/\/positiveprints.com\/de-at\/produkt\/fotocollage-mit-namen-und-buchstaben\/","og_site_name":"Positive Prints","article_publisher":"https:\/\/www.facebook.com\/positiveprintscom","article_modified_time":"2026-04-03T02:14:48+00:00","og_image":[{"width":1450,"height":1450,"url":"https:\/\/positiveprints.com\/wp-content\/uploads\/2024\/11\/Packshot_DE_Name-Letter-Photo-Collage-product-image.webp","type":"image\/webp"}],"twitter_card":"summary_large_image","twitter_misc":{"Gesch\u00e4tzte Lesezeit":"1 Minute"},"schema":{"@context":"https:\/\/schema.org","@graph":[{"@type":["WebPage","ItemPage"],"@id":"https:\/\/positiveprints.com\/de-at\/produkt\/fotocollage-mit-namen-und-buchstaben\/","url":"https:\/\/positiveprints.com\/de-at\/produkt\/fotocollage-mit-namen-und-buchstaben\/","name":"Fotocollage mit Namen und Buchstaben - Positive Prints","isPartOf":{"@id":"https:\/\/positiveprints.com\/de-at\/#website"},"primaryImageOfPage":{"@id":"https:\/\/positiveprints.com\/de-at\/produkt\/fotocollage-mit-namen-und-buchstaben\/#primaryimage"},"image":{"@id":"https:\/\/positiveprints.com\/de-at\/produkt\/fotocollage-mit-namen-und-buchstaben\/#primaryimage"},"thumbnailUrl":"https:\/\/positiveprints.com\/wp-content\/uploads\/2026\/03\/Name_DE-Packshot.webp","datePublished":"2023-06-01T19:16:55+00:00","dateModified":"2026-04-03T02:14:48+00:00","description":"Gestalte eine einzigartige Buchstaben-Fotocollage mit besonderen Momenten und einem Namen und mache dein Geschenk unvergesslich.","breadcrumb":{"@id":"https:\/\/positiveprints.com\/de-at\/produkt\/fotocollage-mit-namen-und-buchstaben\/#breadcrumb"},"inLanguage":"de-AT","potentialAction":[{"@type":"ReadAction","target":["https:\/\/positiveprints.com\/de-at\/produkt\/fotocollage-mit-namen-und-buchstaben\/"]}]},{"@type":"ImageObject","inLanguage":"de-AT","@id":"https:\/\/positiveprints.com\/de-at\/produkt\/fotocollage-mit-namen-und-buchstaben\/#primaryimage","url":"https:\/\/positiveprints.com\/wp-content\/uploads\/2026\/03\/Name_DE-Packshot.webp","contentUrl":"https:\/\/positiveprints.com\/wp-content\/uploads\/2026\/03\/Name_DE-Packshot.webp","width":1450,"height":1450},{"@type":"BreadcrumbList","@id":"https:\/\/positiveprints.com\/de-at\/produkt\/fotocollage-mit-namen-und-buchstaben\/#breadcrumb","itemListElement":[{"@type":"ListItem","position":1,"name":"Home","item":"https:\/\/positiveprints.com\/de-at\/"},{"@type":"ListItem","position":2,"name":"Products","item":"https:\/\/positiveprints.com\/de-at\/shop\/"},{"@type":"ListItem","position":3,"name":"Fotocollage mit Namen und Buchstaben"}]},{"@type":"WebSite","@id":"https:\/\/positiveprints.com\/de-at\/#website","url":"https:\/\/positiveprints.com\/de-at\/","name":"Positive Prints","description":"Amazing Custom Personalised Prints","publisher":{"@id":"https:\/\/positiveprints.com\/de-at\/#organization"},"potentialAction":[{"@type":"SearchAction","target":{"@type":"EntryPoint","urlTemplate":"https:\/\/positiveprints.com\/de-at\/?s={search_term_string}"},"query-input":{"@type":"PropertyValueSpecification","valueRequired":true,"valueName":"search_term_string"}}],"inLanguage":"de-AT"},{"@type":"Organization","@id":"https:\/\/positiveprints.com\/de-at\/#organization","name":"Positive Prints","alternateName":"Positive Prints","url":"https:\/\/positiveprints.com\/de-at\/","logo":{"@type":"ImageObject","inLanguage":"de-AT","@id":"https:\/\/positiveprints.com\/de-at\/#\/schema\/logo\/image\/","url":"https:\/\/positiveprints.com\/wp-content\/uploads\/2026\/03\/245815646_1337939713319158_5671353136411139666_n.png","contentUrl":"https:\/\/positiveprints.com\/wp-content\/uploads\/2026\/03\/245815646_1337939713319158_5671353136411139666_n.png","width":800,"height":800,"caption":"Positive Prints"},"image":{"@id":"https:\/\/positiveprints.com\/de-at\/#\/schema\/logo\/image\/"},"sameAs":["https:\/\/www.facebook.com\/positiveprintscom","https:\/\/www.instagram.com\/positiveprintscom\/","https:\/\/www.tiktok.com\/@positiveprintscom","https:\/\/www.pinterest.com\/positiveprintscom\/"]}]}},"jetpack_sharing_enabled":true,"_links":{"self":[{"href":"https:\/\/positiveprints.com\/de-at\/wp-json\/wp\/v2\/product\/953473","targetHints":{"allow":["GET"]}}],"collection":[{"href":"https:\/\/positiveprints.com\/de-at\/wp-json\/wp\/v2\/product"}],"about":[{"href":"https:\/\/positiveprints.com\/de-at\/wp-json\/wp\/v2\/types\/product"}],"wp:featuredmedia":[{"embeddable":true,"href":"https:\/\/positiveprints.com\/de-at\/wp-json\/wp\/v2\/media\/1679275"}],"wp:attachment":[{"href":"https:\/\/positiveprints.com\/de-at\/wp-json\/wp\/v2\/media?parent=953473"}],"wp:term":[{"taxonomy":"product_brand","embeddable":true,"href":"https:\/\/positiveprints.com\/de-at\/wp-json\/wp\/v2\/product_brand?post=953473"},{"taxonomy":"product_cat","embeddable":true,"href":"https:\/\/positiveprints.com\/de-at\/wp-json\/wp\/v2\/product_cat?post=953473"},{"taxonomy":"product_tag","embeddable":true,"href":"https:\/\/positiveprints.com\/de-at\/wp-json\/wp\/v2\/product_tag?post=953473"}],"curies":[{"name":"wp","href":"https:\/\/api.w.org\/{rel}","templated":true}]}}