{"id":953457,"date":"2023-05-29T11:07:07","date_gmt":"2023-09-21T10:35:23","guid":{"rendered":"https:\/\/positiveprints.com\/product\/fotocollage-zum-40-geburtstag\/"},"modified":"2026-04-28T14:19:06","modified_gmt":"2026-04-28T13:19:06","slug":"fotocollage-zum-40-geburtstag","status":"publish","type":"product","link":"https:\/\/positiveprints.com\/de-at\/produkt\/fotocollage-zum-40-geburtstag\/","title":{"rendered":"Fotocollage zum 40. Geburtstag"},"content":{"rendered":"<h2 class=\"grenB f24 cblue\" style=\"margin-top: 3rem;\">Personalisierte Fotocollage zum 40. Geburtstag<\/h2>\r\n<p style=\"margin-top: 1rem;\">Die Fotocollage zum 40. Geburtstag ist ein besonderes Geschenk, das du mit Fotos personalisieren kannst. Es ist ein einzigartiges Geschenk f\u00fcr jemanden, der 40 Jahre alt wird. Die Collage besteht aus Bildern, die die Zahl 40 bilden. Du kannst f\u00fcr jede Ziffer ein beliebiges Foto ausw\u00e4hlen. Es muss nicht genau wie die Zahl 40 aussehen. Du kannst deiner Kreativit\u00e4t freien Lauf lassen und stattdessen Zahlen, W\u00f6rter oder Symbole verwenden. Es k\u00f6nnte sich um den Namen der Geburtstagsperson, das Geburtsjahr oder sogar um W\u00f6rter wie \u201eIch liebe dich\u201c oder \u201eHurra\u201c handeln.<\/p>\r\n\r\n<h2 class=\"grenB f24 cblue\" style=\"margin-top: 3rem;\">Erstelle deine einzigartige Collage<\/h2>\r\n<p style=\"margin-top: 1rem;\">Um eine Fotocollage zum 40. Geburtstag zu erstellen, m\u00fcsst du nur unsere Website besuchen. Es gibt einen Online-Editor, in den du eine Zahl oder ein Wort eingeben kannst. Du kannst auch die Farbe f\u00fcr die Ziffern oder den Umriss des Buchstabens ausw\u00e4hlen. Anschlie\u00dfend kannst du f\u00fcr jede Ziffer oder jeden Buchstaben deine Lieblingsfotos hochladen. Du kannst der Collage sogar eine pers\u00f6nliche Nachricht hinzuf\u00fcgen.<\/p>\r\n<p style=\"margin-top: 1rem;\">Es gibt verschiedene M\u00f6glichkeiten, eine individuelle Fotocollage zu bestellen. Du kannst w\u00e4hlen, ob du es als Poster drucken oder rahmen oder ob du es auf eine Leinwand drucken lassen m\u00f6chtest. Wenn du m\u00f6chtest, kannst du auch sofort eine digitale Datei herunterladen.<\/p>\r\n\r\n<h2 class=\"grenB f24 cblue\" style=\"margin-top: 3rem;\">Hebe dich mit einem einzigartigen und pers\u00f6nlichen Geschenk ab<\/h2>\r\n<p style=\"margin-top: 1rem;\">Die Fotocollage zum 40. Geburtstag ist ein besonderes Geburtstagsgeschenk, das du in keinem normalen Gesch\u00e4ft finden wirst. Es ist einzigartig und personalisiert, nur f\u00fcr die Geburtstagsperson. Es ist eine gro\u00dfartige M\u00f6glichkeit, zu zeigen, wie sehr du dich um eine Person k\u00fcmmerst. Anstatt etwas von der Stange zu kaufen, kannst du ein Geschenk machen, das speziell f\u00fcr jemanden angefertigt wurde. Feiere also einen 40. Geburtstag mit einem einzigartigen, personalisierten Geschenk und mache diesen besonderen Tag noch unvergesslicher.<\/p>","protected":false},"excerpt":{"rendered":"<ul class=\"check-list\">\n<li>Macheden Geburtstag einer Person zu etwas ganz Besonderem mit einem Geschenk, das die Geschichte ihres Lebens erz\u00e4hlt und sehe, wie ihr Gesicht vor Freude strahlt<\/li>\n<li>F\u00fcgeeinen aussagekr\u00e4ftigen personalisierten Text hinzu<\/li>\n<li>Passe ein Kunstwerk in 3 einfachen Schritten an<\/li>\n<li>W\u00e4hleeine Vorlage oder werdekreativ<\/li>\n<li>Schau dir bei jedem Schritt eine Vorschau deines Designs an<\/li>\n<\/ul>\n","protected":false},"featured_media":1268907,"template":"","meta":[],"product_brand":[],"product_cat":[11528,4906,5341,11204,11207,8820],"product_tag":[13114,8460,17295,17365,17351,17431],"class_list":{"0":"post-953457","1":"product","2":"type-product","3":"status-publish","4":"has-post-thumbnail","6":"product_cat-40-geburtstag-de-at","7":"product_cat-alle-produkte-de-at","8":"product_cat-geburtstagsgeschenke-de-at","9":"product_cat-geburtstagsgeschenk-fur-frauen","10":"product_cat-geburtstagsgeschenk-fur-manner-de-at","11":"product_cat-photo-letter-de-at","12":"product_tag-40-geburtstag-de-at","13":"product_tag-birthday-de-at","14":"product_tag-geburtstagsgeschenk-de-at","15":"product_tag-geburtstagsgeschenk-fuer-ihn-de-at","16":"product_tag-geburtstagsgeschenk-fuer-sie-de-at","17":"product_tag-geburtstagsgeschenke-de-at","19":"first","20":"instock","21":"sale","22":"taxable","23":"shipping-taxable","24":"purchasable","25":"product-type-variable"},"yoast_head":"<!-- This site is optimized with the Yoast SEO Premium plugin v27.2 (Yoast SEO v27.2) - https:\/\/yoast.com\/product\/yoast-seo-premium-wordpress\/ -->\n<title>Fotocollage zum 40. Geburtstag - Positive Prints<\/title>\n<meta name=\"description\" content=\"Die Fotocollage zum 40. Geburtstag ist ein Geburtstagsgeschenk, das du in keinem normalen Gesch\u00e4ft finden wirst. Es ist einzigartig und personalisiert, nur f\u00fcr die Geburtstagsperson gemacht.\" \/>\n<meta name=\"robots\" content=\"index, follow, max-snippet:-1, max-image-preview:large, max-video-preview:-1\" \/>\n<link rel=\"canonical\" href=\"https:\/\/positiveprints.com\/de-at\/produkt\/fotocollage-zum-40-geburtstag\/\" \/>\n<meta property=\"og:locale\" content=\"de_DE\" \/>\n<meta property=\"og:type\" content=\"article\" \/>\n<meta property=\"og:title\" content=\"Fotocollage zum 40. Geburtstag\" \/>\n<meta property=\"og:description\" content=\"Macheden Geburtstag einer Person zu etwas ganz Besonderem mit einem Geschenk, das die Geschichte ihres Lebens erz\u00e4hlt und sehe, wie ihr Gesicht vor Freude strahlt F\u00fcgeeinen aussagekr\u00e4ftigen personalisierten Text hinzu Passe ein Kunstwerk in 3 einfachen Schritten an W\u00e4hleeine Vorlage oder werdekreativ Schau dir bei jedem Schritt eine Vorschau deines Designs an\" \/>\n<meta property=\"og:url\" content=\"https:\/\/positiveprints.com\/de-at\/produkt\/fotocollage-zum-40-geburtstag\/\" \/>\n<meta property=\"og:site_name\" content=\"Positive Prints\" \/>\n<meta property=\"article:publisher\" content=\"https:\/\/www.facebook.com\/positiveprintscom\" \/>\n<meta property=\"article:modified_time\" content=\"2026-04-28T13:19:06+00:00\" \/>\n<meta property=\"og:image\" content=\"https:\/\/positiveprints.com\/wp-content\/uploads\/2024\/11\/Packshot_DE_40th-Birthday-Photo-Collage.webp\" \/>\n\t<meta property=\"og:image:width\" content=\"1450\" \/>\n\t<meta property=\"og:image:height\" content=\"1450\" \/>\n\t<meta property=\"og:image:type\" content=\"image\/webp\" \/>\n<meta name=\"twitter:card\" content=\"summary_large_image\" \/>\n<!-- \/ Yoast SEO Premium plugin. -->","yoast_head_json":{"title":"Fotocollage zum 40. Geburtstag - Positive Prints","description":"Die Fotocollage zum 40. Geburtstag ist ein Geburtstagsgeschenk, das du in keinem normalen Gesch\u00e4ft finden wirst. Es ist einzigartig und personalisiert, nur f\u00fcr die Geburtstagsperson gemacht.","robots":{"index":"index","follow":"follow","max-snippet":"max-snippet:-1","max-image-preview":"max-image-preview:large","max-video-preview":"max-video-preview:-1"},"canonical":"https:\/\/positiveprints.com\/de-at\/produkt\/fotocollage-zum-40-geburtstag\/","og_locale":"de_DE","og_type":"article","og_title":"Fotocollage zum 40. Geburtstag","og_description":"Macheden Geburtstag einer Person zu etwas ganz Besonderem mit einem Geschenk, das die Geschichte ihres Lebens erz\u00e4hlt und sehe, wie ihr Gesicht vor Freude strahlt F\u00fcgeeinen aussagekr\u00e4ftigen personalisierten Text hinzu Passe ein Kunstwerk in 3 einfachen Schritten an W\u00e4hleeine Vorlage oder werdekreativ Schau dir bei jedem Schritt eine Vorschau deines Designs an","og_url":"https:\/\/positiveprints.com\/de-at\/produkt\/fotocollage-zum-40-geburtstag\/","og_site_name":"Positive Prints","article_publisher":"https:\/\/www.facebook.com\/positiveprintscom","article_modified_time":"2026-04-28T13:19:06+00:00","og_image":[{"width":1450,"height":1450,"url":"https:\/\/positiveprints.com\/wp-content\/uploads\/2024\/11\/Packshot_DE_40th-Birthday-Photo-Collage.webp","type":"image\/webp"}],"twitter_card":"summary_large_image","schema":{"@context":"https:\/\/schema.org","@graph":[{"@type":["WebPage","ItemPage"],"@id":"https:\/\/positiveprints.com\/de-at\/produkt\/fotocollage-zum-40-geburtstag\/","url":"https:\/\/positiveprints.com\/de-at\/produkt\/fotocollage-zum-40-geburtstag\/","name":"Fotocollage zum 40. Geburtstag - Positive Prints","isPartOf":{"@id":"https:\/\/positiveprints.com\/de-at\/#website"},"primaryImageOfPage":{"@id":"https:\/\/positiveprints.com\/de-at\/produkt\/fotocollage-zum-40-geburtstag\/#primaryimage"},"image":{"@id":"https:\/\/positiveprints.com\/de-at\/produkt\/fotocollage-zum-40-geburtstag\/#primaryimage"},"thumbnailUrl":"https:\/\/positiveprints.com\/wp-content\/uploads\/2024\/11\/Packshot_DE_40th-Birthday-Photo-Collage.webp","datePublished":"2023-09-21T10:35:23+00:00","dateModified":"2026-04-28T13:19:06+00:00","description":"Die Fotocollage zum 40. Geburtstag ist ein Geburtstagsgeschenk, das du in keinem normalen Gesch\u00e4ft finden wirst. Es ist einzigartig und personalisiert, nur f\u00fcr die Geburtstagsperson gemacht.","breadcrumb":{"@id":"https:\/\/positiveprints.com\/de-at\/produkt\/fotocollage-zum-40-geburtstag\/#breadcrumb"},"inLanguage":"de-AT","potentialAction":[{"@type":"ReadAction","target":["https:\/\/positiveprints.com\/de-at\/produkt\/fotocollage-zum-40-geburtstag\/"]}]},{"@type":"ImageObject","inLanguage":"de-AT","@id":"https:\/\/positiveprints.com\/de-at\/produkt\/fotocollage-zum-40-geburtstag\/#primaryimage","url":"https:\/\/positiveprints.com\/wp-content\/uploads\/2024\/11\/Packshot_DE_40th-Birthday-Photo-Collage.webp","contentUrl":"https:\/\/positiveprints.com\/wp-content\/uploads\/2024\/11\/Packshot_DE_40th-Birthday-Photo-Collage.webp","width":1450,"height":1450},{"@type":"BreadcrumbList","@id":"https:\/\/positiveprints.com\/de-at\/produkt\/fotocollage-zum-40-geburtstag\/#breadcrumb","itemListElement":[{"@type":"ListItem","position":1,"name":"Home","item":"https:\/\/positiveprints.com\/de-at\/"},{"@type":"ListItem","position":2,"name":"Products","item":"https:\/\/positiveprints.com\/de-at\/shop\/"},{"@type":"ListItem","position":3,"name":"Fotocollage zum 40. Geburtstag"}]},{"@type":"WebSite","@id":"https:\/\/positiveprints.com\/de-at\/#website","url":"https:\/\/positiveprints.com\/de-at\/","name":"Positive Prints","description":"Amazing Custom Personalised Prints","publisher":{"@id":"https:\/\/positiveprints.com\/de-at\/#organization"},"potentialAction":[{"@type":"SearchAction","target":{"@type":"EntryPoint","urlTemplate":"https:\/\/positiveprints.com\/de-at\/?s={search_term_string}"},"query-input":{"@type":"PropertyValueSpecification","valueRequired":true,"valueName":"search_term_string"}}],"inLanguage":"de-AT"},{"@type":"Organization","@id":"https:\/\/positiveprints.com\/de-at\/#organization","name":"Positive Prints","alternateName":"Positive Prints","url":"https:\/\/positiveprints.com\/de-at\/","logo":{"@type":"ImageObject","inLanguage":"de-AT","@id":"https:\/\/positiveprints.com\/de-at\/#\/schema\/logo\/image\/","url":"https:\/\/positiveprints.com\/wp-content\/uploads\/2026\/03\/245815646_1337939713319158_5671353136411139666_n.png","contentUrl":"https:\/\/positiveprints.com\/wp-content\/uploads\/2026\/03\/245815646_1337939713319158_5671353136411139666_n.png","width":800,"height":800,"caption":"Positive Prints"},"image":{"@id":"https:\/\/positiveprints.com\/de-at\/#\/schema\/logo\/image\/"},"sameAs":["https:\/\/www.facebook.com\/positiveprintscom","https:\/\/www.instagram.com\/positiveprintscom\/","https:\/\/www.tiktok.com\/@positiveprintscom","https:\/\/www.pinterest.com\/positiveprintscom\/"]}]}},"jetpack_sharing_enabled":true,"_links":{"self":[{"href":"https:\/\/positiveprints.com\/de-at\/wp-json\/wp\/v2\/product\/953457","targetHints":{"allow":["GET"]}}],"collection":[{"href":"https:\/\/positiveprints.com\/de-at\/wp-json\/wp\/v2\/product"}],"about":[{"href":"https:\/\/positiveprints.com\/de-at\/wp-json\/wp\/v2\/types\/product"}],"wp:featuredmedia":[{"embeddable":true,"href":"https:\/\/positiveprints.com\/de-at\/wp-json\/wp\/v2\/media\/1268907"}],"wp:attachment":[{"href":"https:\/\/positiveprints.com\/de-at\/wp-json\/wp\/v2\/media?parent=953457"}],"wp:term":[{"taxonomy":"product_brand","embeddable":true,"href":"https:\/\/positiveprints.com\/de-at\/wp-json\/wp\/v2\/product_brand?post=953457"},{"taxonomy":"product_cat","embeddable":true,"href":"https:\/\/positiveprints.com\/de-at\/wp-json\/wp\/v2\/product_cat?post=953457"},{"taxonomy":"product_tag","embeddable":true,"href":"https:\/\/positiveprints.com\/de-at\/wp-json\/wp\/v2\/product_tag?post=953457"}],"curies":[{"name":"wp","href":"https:\/\/api.w.org\/{rel}","templated":true}]}}