{"id":953353,"date":"2023-05-24T13:29:12","date_gmt":"2023-09-21T09:52:14","guid":{"rendered":"https:\/\/positiveprints.com\/product\/verlobungs-fotocollage-in-form-von-buchstaben\/"},"modified":"2026-04-28T14:19:27","modified_gmt":"2026-04-28T13:19:27","slug":"verlobungs-fotocollage-in-form-von-buchstaben","status":"publish","type":"product","link":"https:\/\/positiveprints.com\/de-at\/produkt\/verlobungs-fotocollage-in-form-von-buchstaben\/","title":{"rendered":"Verlobungs-Fotocollage in Form von Buchstaben"},"content":{"rendered":"<p style=\"margin-top: 1rem\">Die Verlobungs-Fotocollage in Form von Buchstaben ist ein gro\u00dfartiges Geschenk zur Verlobung. Es ist ein besonderer Bilddruck oder eine besondere Leinwand, bei der es um euch geht! Es handelt sich um eine Collage aus Bildern, bei der du ein beliebiges kurzes Wort ausw\u00e4hlen kannst. Es k\u00f6nnte euer Verlobungsdatum oder W\u00f6rter wie \u201eJa!\u201c, \u201eVerlobt\u201c oder \u201eIch liebe dich\u201c sein. Du kannst entscheiden!<\/p>\r\n\r\n<p style=\"margin-top: 1rem\">Das Erstellen einer Fotocollage f\u00fcr eine Verlobung ist ganz einfach. Gehe einfach auf unsere Website und nutze unser Spezialtool. W\u00e4hle zun\u00e4chst ein Wort aus oder gebe dein eigenes ein. Du kannst sogar die Farbe der Umrandung jedes Buchstabens ausw\u00e4hlen. Anschlie\u00dfend kannst du f\u00fcr jeden Buchstaben ein Bild hinzuf\u00fcgen. Vergesse nicht, dass du unter der Collage auch eine pers\u00f6nliche Nachricht einf\u00fcgen kannst.<\/p>\r\n\r\n<p style=\"margin-top: 1rem\">Das Beste daran ist, dass du w\u00e4hlen kannst, wie du dein personalisiertes Kunstwerk definieren m\u00f6chtest. Wir bieten verschiedene Gr\u00f6\u00dfen und Formate an. Du kannst ein gedrucktes Poster, ein gerahmtes Poster, eine coole Leinwand oder sogar einen digitalen Download erhalten, den du sofort haben kannst.<\/p>\r\n\r\n<p style=\"margin-top: 1rem\">Das Besondere an der Fotocollage \u201eVerlobungsbuchstaben\u201c ist, dass sie nicht wie jedes andere Geschenk ist, das man einfach in einem Gesch\u00e4ft kaufen kann. Es ist einzigartig und nur f\u00fcr dich von dir selbst gemacht. Es ist eine M\u00f6glichkeit, deine Liebe zu zeigen und Erinnerungen f\u00fcr die Ewigkeit zu schaffen. Es ist ein Geschenk, das einzigartig und pers\u00f6nlich ist, genau wie die Liebe zwischen dir und deinem besonderen Menschen.<\/p>\r\n\r\n<p style=\"margin-top: 1rem\">Feiere eure Verlobung mit einer Fotocollage in Buchstabenform. Es ist ein Geschenk, bei dem es um euch geht, voller Liebe und kostbarer Momente. Es ist eine Erinnerung an eure besondere Bindung, die euch jedes Mal ein L\u00e4cheln ins Gesicht zaubert, wenn ihr es sehen werdet. Werde kreativ, teile deine Geschichte und mache ein Geschenk, das f\u00fcr immer in Erinnerung bleiben wird.<\/p>","protected":false},"excerpt":{"rendered":"<ul class=\"check-list\">\n<li>Feierden unvergesslichen Moment eurer Verlobung, indem du eure Liebe und Dankbarkeit auf bedeutungsvolle und einzigartige Weise zum Ausdruck bringst<\/li>\n<li>F\u00fcgeeinen aussagekr\u00e4ftigen personalisierten Text hinzu<\/li>\n<li>Passen dein Kunstwerk in 3 einfachen Schritten an<\/li>\n<li>W\u00e4hleeine Vorlage oder werdekreativ<\/li>\n<li>Schau dir bei jedem Schritt eine Vorschau deines Designs an<\/li>\n<\/ul>\n","protected":false},"featured_media":1280205,"template":"","meta":[],"product_brand":[],"product_cat":[8820,4906,5289,7922],"product_tag":[8430],"class_list":{"0":"post-953353","1":"product","2":"type-product","3":"status-publish","4":"has-post-thumbnail","6":"product_cat-photo-letter-de-at","7":"product_cat-alle-produkte-de-at","8":"product_cat-verlobungsgeschenke","9":"product_cat-brautduschen-geschenke-de-at","10":"product_tag-verlobung-de-at","12":"first","13":"instock","14":"sale","15":"taxable","16":"shipping-taxable","17":"purchasable","18":"product-type-variable"},"yoast_head":"<!-- This site is optimized with the Yoast SEO Premium plugin v27.2 (Yoast SEO v27.2) - https:\/\/yoast.com\/product\/yoast-seo-premium-wordpress\/ -->\n<title>Verlobungs-Fotocollage in Form von Buchstaben - Positive Prints<\/title>\n<meta name=\"description\" content=\"Feiere eure Verlobung mit einer Verlobungsbuchstaben-Fotocollage. Es ist ein Geschenk, bei dem es um euch geht, voller Liebe und kostbarer Momente.\" \/>\n<meta name=\"robots\" content=\"index, follow, max-snippet:-1, max-image-preview:large, max-video-preview:-1\" \/>\n<link rel=\"canonical\" href=\"https:\/\/positiveprints.com\/de-at\/produkt\/verlobungs-fotocollage-in-form-von-buchstaben\/\" \/>\n<meta property=\"og:locale\" content=\"de_DE\" \/>\n<meta property=\"og:type\" content=\"article\" \/>\n<meta property=\"og:title\" content=\"Verlobungs-Fotocollage in Form von Buchstaben\" \/>\n<meta property=\"og:description\" content=\"Feierden unvergesslichen Moment eurer Verlobung, indem du eure Liebe und Dankbarkeit auf bedeutungsvolle und einzigartige Weise zum Ausdruck bringst F\u00fcgeeinen aussagekr\u00e4ftigen personalisierten Text hinzu Passen dein Kunstwerk in 3 einfachen Schritten an W\u00e4hleeine Vorlage oder werdekreativ Schau dir bei jedem Schritt eine Vorschau deines Designs an\" \/>\n<meta property=\"og:url\" content=\"https:\/\/positiveprints.com\/de-at\/produkt\/verlobungs-fotocollage-in-form-von-buchstaben\/\" \/>\n<meta property=\"og:site_name\" content=\"Positive Prints\" \/>\n<meta property=\"article:publisher\" content=\"https:\/\/www.facebook.com\/positiveprintscom\" \/>\n<meta property=\"article:modified_time\" content=\"2026-04-28T13:19:27+00:00\" \/>\n<meta property=\"og:image\" content=\"https:\/\/positiveprints.com\/wp-content\/uploads\/2024\/11\/Packshot_DE_Engagement-Letter-Photo-Collage-product-image.webp\" \/>\n\t<meta property=\"og:image:width\" content=\"1450\" \/>\n\t<meta property=\"og:image:height\" content=\"1450\" \/>\n\t<meta property=\"og:image:type\" content=\"image\/webp\" \/>\n<meta name=\"twitter:card\" content=\"summary_large_image\" \/>\n<!-- \/ Yoast SEO Premium plugin. -->","yoast_head_json":{"title":"Verlobungs-Fotocollage in Form von Buchstaben - Positive Prints","description":"Feiere eure Verlobung mit einer Verlobungsbuchstaben-Fotocollage. Es ist ein Geschenk, bei dem es um euch geht, voller Liebe und kostbarer Momente.","robots":{"index":"index","follow":"follow","max-snippet":"max-snippet:-1","max-image-preview":"max-image-preview:large","max-video-preview":"max-video-preview:-1"},"canonical":"https:\/\/positiveprints.com\/de-at\/produkt\/verlobungs-fotocollage-in-form-von-buchstaben\/","og_locale":"de_DE","og_type":"article","og_title":"Verlobungs-Fotocollage in Form von Buchstaben","og_description":"Feierden unvergesslichen Moment eurer Verlobung, indem du eure Liebe und Dankbarkeit auf bedeutungsvolle und einzigartige Weise zum Ausdruck bringst F\u00fcgeeinen aussagekr\u00e4ftigen personalisierten Text hinzu Passen dein Kunstwerk in 3 einfachen Schritten an W\u00e4hleeine Vorlage oder werdekreativ Schau dir bei jedem Schritt eine Vorschau deines Designs an","og_url":"https:\/\/positiveprints.com\/de-at\/produkt\/verlobungs-fotocollage-in-form-von-buchstaben\/","og_site_name":"Positive Prints","article_publisher":"https:\/\/www.facebook.com\/positiveprintscom","article_modified_time":"2026-04-28T13:19:27+00:00","og_image":[{"width":1450,"height":1450,"url":"https:\/\/positiveprints.com\/wp-content\/uploads\/2024\/11\/Packshot_DE_Engagement-Letter-Photo-Collage-product-image.webp","type":"image\/webp"}],"twitter_card":"summary_large_image","schema":{"@context":"https:\/\/schema.org","@graph":[{"@type":["WebPage","ItemPage"],"@id":"https:\/\/positiveprints.com\/de-at\/produkt\/verlobungs-fotocollage-in-form-von-buchstaben\/","url":"https:\/\/positiveprints.com\/de-at\/produkt\/verlobungs-fotocollage-in-form-von-buchstaben\/","name":"Verlobungs-Fotocollage in Form von Buchstaben - Positive Prints","isPartOf":{"@id":"https:\/\/positiveprints.com\/de-at\/#website"},"primaryImageOfPage":{"@id":"https:\/\/positiveprints.com\/de-at\/produkt\/verlobungs-fotocollage-in-form-von-buchstaben\/#primaryimage"},"image":{"@id":"https:\/\/positiveprints.com\/de-at\/produkt\/verlobungs-fotocollage-in-form-von-buchstaben\/#primaryimage"},"thumbnailUrl":"https:\/\/positiveprints.com\/wp-content\/uploads\/2024\/11\/Packshot_DE_Engagement-Letter-Photo-Collage-product-image.webp","datePublished":"2023-09-21T09:52:14+00:00","dateModified":"2026-04-28T13:19:27+00:00","description":"Feiere eure Verlobung mit einer Verlobungsbuchstaben-Fotocollage. Es ist ein Geschenk, bei dem es um euch geht, voller Liebe und kostbarer Momente.","breadcrumb":{"@id":"https:\/\/positiveprints.com\/de-at\/produkt\/verlobungs-fotocollage-in-form-von-buchstaben\/#breadcrumb"},"inLanguage":"de-AT","potentialAction":[{"@type":"ReadAction","target":["https:\/\/positiveprints.com\/de-at\/produkt\/verlobungs-fotocollage-in-form-von-buchstaben\/"]}]},{"@type":"ImageObject","inLanguage":"de-AT","@id":"https:\/\/positiveprints.com\/de-at\/produkt\/verlobungs-fotocollage-in-form-von-buchstaben\/#primaryimage","url":"https:\/\/positiveprints.com\/wp-content\/uploads\/2024\/11\/Packshot_DE_Engagement-Letter-Photo-Collage-product-image.webp","contentUrl":"https:\/\/positiveprints.com\/wp-content\/uploads\/2024\/11\/Packshot_DE_Engagement-Letter-Photo-Collage-product-image.webp","width":1450,"height":1450},{"@type":"BreadcrumbList","@id":"https:\/\/positiveprints.com\/de-at\/produkt\/verlobungs-fotocollage-in-form-von-buchstaben\/#breadcrumb","itemListElement":[{"@type":"ListItem","position":1,"name":"Home","item":"https:\/\/positiveprints.com\/de-at\/"},{"@type":"ListItem","position":2,"name":"Products","item":"https:\/\/positiveprints.com\/de-at\/shop\/"},{"@type":"ListItem","position":3,"name":"Verlobungs-Fotocollage in Form von Buchstaben"}]},{"@type":"WebSite","@id":"https:\/\/positiveprints.com\/de-at\/#website","url":"https:\/\/positiveprints.com\/de-at\/","name":"Positive Prints","description":"Amazing Custom Personalised Prints","publisher":{"@id":"https:\/\/positiveprints.com\/de-at\/#organization"},"potentialAction":[{"@type":"SearchAction","target":{"@type":"EntryPoint","urlTemplate":"https:\/\/positiveprints.com\/de-at\/?s={search_term_string}"},"query-input":{"@type":"PropertyValueSpecification","valueRequired":true,"valueName":"search_term_string"}}],"inLanguage":"de-AT"},{"@type":"Organization","@id":"https:\/\/positiveprints.com\/de-at\/#organization","name":"Positive Prints","alternateName":"Positive Prints","url":"https:\/\/positiveprints.com\/de-at\/","logo":{"@type":"ImageObject","inLanguage":"de-AT","@id":"https:\/\/positiveprints.com\/de-at\/#\/schema\/logo\/image\/","url":"https:\/\/positiveprints.com\/wp-content\/uploads\/2026\/03\/245815646_1337939713319158_5671353136411139666_n.png","contentUrl":"https:\/\/positiveprints.com\/wp-content\/uploads\/2026\/03\/245815646_1337939713319158_5671353136411139666_n.png","width":800,"height":800,"caption":"Positive Prints"},"image":{"@id":"https:\/\/positiveprints.com\/de-at\/#\/schema\/logo\/image\/"},"sameAs":["https:\/\/www.facebook.com\/positiveprintscom","https:\/\/www.instagram.com\/positiveprintscom\/","https:\/\/www.tiktok.com\/@positiveprintscom","https:\/\/www.pinterest.com\/positiveprintscom\/"]}]}},"jetpack_sharing_enabled":true,"_links":{"self":[{"href":"https:\/\/positiveprints.com\/de-at\/wp-json\/wp\/v2\/product\/953353","targetHints":{"allow":["GET"]}}],"collection":[{"href":"https:\/\/positiveprints.com\/de-at\/wp-json\/wp\/v2\/product"}],"about":[{"href":"https:\/\/positiveprints.com\/de-at\/wp-json\/wp\/v2\/types\/product"}],"wp:featuredmedia":[{"embeddable":true,"href":"https:\/\/positiveprints.com\/de-at\/wp-json\/wp\/v2\/media\/1280205"}],"wp:attachment":[{"href":"https:\/\/positiveprints.com\/de-at\/wp-json\/wp\/v2\/media?parent=953353"}],"wp:term":[{"taxonomy":"product_brand","embeddable":true,"href":"https:\/\/positiveprints.com\/de-at\/wp-json\/wp\/v2\/product_brand?post=953353"},{"taxonomy":"product_cat","embeddable":true,"href":"https:\/\/positiveprints.com\/de-at\/wp-json\/wp\/v2\/product_cat?post=953353"},{"taxonomy":"product_tag","embeddable":true,"href":"https:\/\/positiveprints.com\/de-at\/wp-json\/wp\/v2\/product_tag?post=953353"}],"curies":[{"name":"wp","href":"https:\/\/api.w.org\/{rel}","templated":true}]}}