{"id":639988,"date":"2023-03-08T10:21:24","date_gmt":"2023-03-08T09:21:24","guid":{"rendered":"https:\/\/positiveprints.com\/product\/wo-wir-uns-trafen-unsere-doppelkarte\/"},"modified":"2026-04-28T14:27:33","modified_gmt":"2026-04-28T13:27:33","slug":"wo-wir-uns-trafen-unsere-doppelkarte","status":"publish","type":"product","link":"https:\/\/positiveprints.com\/de-at\/produkt\/wo-wir-uns-trafen-unsere-doppelkarte\/","title":{"rendered":"\u201eWo wir uns trafen\u201c \u2013 unsere Doppelkarte"},"content":{"rendered":"<p style=\"margin-top: 1rem\">In der heutigen schnelllebigen Welt kann es schwierig sein, langsamer zu werden und die besonderen Momente, die wir mit unseren Lieben teilen, zu genie\u00dfen. Ob es sich um eine zuf\u00e4llige Begegnung handelt, die zu einer lebenslangen Freundschaft f\u00fchrt oder um ein romantisches Treffen, aus dem eine Beziehung erw\u00e4chst, diese Momente machen das Leben wirklich bedeutungsvoll. Eine \u201eWo wir uns trafen\u201c-Doppelkarte ist eine einzigartige und personalisierte M\u00f6glichkeit, diese Erinnerungen festzuhalten und die besondere Bindung zu feiern, die du mit jemandem teilst.<\/p>\r\n\r\n\r\n\r\n<h2 class=\"grenB f24 cblue\" style=\"margin-top: 3rem\">Was ist eine \u201eWo wir uns trafen\u201c-Doppelkarte?<\/h2>\r\n\r\n\r\n<p style=\"margin-top: 1rem\">Eine \u201eWo wir uns trafen\u201c-Doppelkarte ist eine personalisierte Karte, die die genauen Orte anzeigt, an denen sich zwei Menschen trafen oder besondere Erinnerungen miteinander hatten. Es enth\u00e4lt zwei Karten nebeneinander, jede mit einer eigenen Markierung, die den Standort auf der Karte markiert. Die Karten werden oft mit einzigartigen Farben und Stilen individuell gestaltet, um den pers\u00f6nlichen Geschmack und Vorlieben des Paares widerzuspiegeln. Unser Kartendruck ist ein aufmerksames und bedeutungsvolles Geschenk, perfekt f\u00fcr Jubil\u00e4en, Hochzeiten oder andere besondere Anl\u00e4sse.<\/p>\r\n\r\n<p style=\"margin-top: 1rem\">Der Hauptunterschied zwischen einer \u201eWo wir uns trafen\u201c-Karte und einer \u201eWo wir uns trafen\u201c-Doppelkarte besteht in der Anzahl der Orte, die einbezogen werden k\u00f6nnen. Unser Aufdruck zeigt einen einzelnen Ort, z. B. den Ort, an dem du deine zweite H\u00e4lfte zum ersten Mal getroffen hast oder an dem ihr euer erstes Date hattet. Im Gegensatz dazu kannst du mit mit einer \u201eWo wir uns trafen\u201c-Doppelkarte zwei Orte auf demselben Kunstwerk einschlie\u00dfen, was sie ideal f\u00fcr Paare macht, die mehrere bedeutungsvolle Momente miteinander teilen.<\/p>\r\n\r\n\r\n\r\n<h2 class=\"grenB f24 cblue\" style=\"margin-top: 3rem\">So erstellst du eine \u201eWo wir uns trafen\u201c-Doppelkarte<\/h2>\r\n\r\n\r\n<p style=\"margin-top: 1rem\">Das Erstellen einer \u201eWo wir uns trafen\u201c-Doppelkarte ist ein einfacher Vorgang, der in drei einfachen Schritten durchgef\u00fchrt werden kann. W\u00e4hle zun\u00e4chst den bevorzugten Druckstil und die Wunsch-Farben aus den verf\u00fcgbaren Optionen aus. Du kannst entweder aus vordefinierten Farbschemata w\u00e4hlen oder deine eigenen Farben anpassen, um es einzigartig zu machen.<\/p>\r\n\r\n\r\n\r\n<p style=\"margin-top: 1rem\">W\u00e4hle als N\u00e4chstes die beiden Orte aus, an denen ihr euch kennengelernt habt oder an denen besondere gemeinsame Erinnerungen bestehen. W\u00e4hle einen Markierungstyp, der eure Geschichte am besten repr\u00e4sentiert. Die meisten Kunden bevorzugen die Verwendung eines roten Herzens als Markierung. Dieser Schritt beinhaltet auch das Hinzuf\u00fcgen einer pers\u00f6nlichen Nachricht unter jeder Karte, um sie aussagekr\u00e4ftiger zu machen.<\/p>\r\n\r\n\r\n\r\n<p style=\"margin-top: 1rem\">W\u00e4hle abschlie\u00dfend aus, wie deine Karte gedruckt werden soll \u2013 ob mit oder ohne Rahmen, als Leinwand oder als sofortige digitale Datei, die du in deiner \u00f6rtlichen Druckerei bearbeiten kannst. Wenn du diese einfachen Schritte befolgst, kannst du eine wundersch\u00f6ne und personalisierte \u201eWo wir uns trafen\u201c-Doppelkarte erstellen, die die Essenz eurer Liebesgeschichte einf\u00e4ngt.<\/p>\r\n\r\n\r\n\r\n<h2 class=\"grenB f24 cblue\" style=\"margin-top: 3rem\">Bedeutungsvolles verschenken<\/h2>\r\n\r\n\r\n<p style=\"margin-top: 1rem\">Eine \u201eWo wir uns trafen\u201c-Doppelkarte ist ein sehr durchdachtes und bedeutungsvolles Geschenk. Damit kannst du die besonderen Erinnerungen und Momente, die du mit deiner zweiten H\u00e4lfte geteilt haben, auf einzigartige und pers\u00f6nliche Weise festhalten. Die M\u00f6glichkeit, die Karten mit Farben, Markierungen und Nachrichten anzupassen, macht es noch spezieller, da es zeigt, dass du dir Gedanken und M\u00fche gemacht hast, um etwas wirklich Einzigartiges f\u00fcr deine Liebsten zu schaffen.<\/p>\r\n\r\n\r\n\r\n<p style=\"margin-top: 1rem\">Ob als Geschenk zum Jahrestag, zur Hochzeit oder einfach so, eine \u201eWo wir uns trafen\u201c-Doppelkarte wird von jedem, der sie erh\u00e4lt, mit Sicherheit gesch\u00e4tzt und geliebt.<\/p>","protected":false},"excerpt":{"rendered":"<ul class=\"check-list\">\n<li>Halte die unvergesslichen Momente, die du mit deinen Liebsten teilst, mit einer personalisierten Karte des genauen und besonderen Standorts fest.<\/li>\n<li>Markiere zwei besondere Orte mit ausgew\u00e4hlten Symbolen<\/li>\n<li>Passe dein Kunstwerk in 3 einfachen Schritten an<\/li>\n<li>F\u00fcge einen aussagekr\u00e4ftigen personalisierten Text hinzu<\/li>\n<li>Sieh das Ergebnis sofort \u2013 die interaktive Vorschau erm\u00f6glicht dir, jedes Detail direkt anzupassen<\/li>\n<\/ul>\n","protected":false},"featured_media":1611079,"template":"","meta":[],"product_brand":[],"product_cat":[4906,9109,7682,8002],"product_tag":[9076],"class_list":{"0":"post-639988","1":"product","2":"type-product","3":"status-publish","4":"has-post-thumbnail","6":"product_cat-alle-produkte-de-at","7":"product_cat-double-maps-de-at","8":"product_cat-geschenke-fur-wichtige-frauen-in-deinem-leben-de-at","9":"product_cat-geschenke-fur-manner-de-at","10":"product_tag-where-we-met-de-at-2","12":"first","13":"instock","14":"sale","15":"taxable","16":"shipping-taxable","17":"purchasable","18":"product-type-variable"},"yoast_head":"<!-- This site is optimized with the Yoast SEO Premium plugin v27.2 (Yoast SEO v27.2) - https:\/\/yoast.com\/product\/yoast-seo-premium-wordpress\/ -->\n<title>Wo wir uns trafen \u2013 unsere Doppelkarte - Positive Prints<\/title>\n<meta name=\"description\" content=\"Eine \u201eWo wir uns trafen\u201c-Doppelkarte ist eine einzigartige und personalisierte M\u00f6glichkeit, diese Erinnerungen festzuhalten und die besondere Bindung zu feiern, die du mit jemandem teilst.\" \/>\n<meta name=\"robots\" content=\"index, follow, max-snippet:-1, max-image-preview:large, max-video-preview:-1\" \/>\n<link rel=\"canonical\" href=\"https:\/\/positiveprints.com\/de-at\/produkt\/wo-wir-uns-trafen-unsere-doppelkarte\/\" \/>\n<meta property=\"og:locale\" content=\"de_DE\" \/>\n<meta property=\"og:type\" content=\"article\" \/>\n<meta property=\"og:title\" content=\"\u201eWo wir uns trafen\u201c \u2013 unsere Doppelkarte\" \/>\n<meta property=\"og:description\" content=\"Halte die unvergesslichen Momente, die du mit deinen Liebsten teilst, mit einer personalisierten Karte des genauen und besonderen Standorts fest. Markiere zwei besondere Orte mit ausgew\u00e4hlten Symbolen Passe dein Kunstwerk in 3 einfachen Schritten an F\u00fcge einen aussagekr\u00e4ftigen personalisierten Text hinzu Sieh das Ergebnis sofort \u2013 die interaktive Vorschau erm\u00f6glicht dir, jedes Detail direkt anzupassen\" \/>\n<meta property=\"og:url\" content=\"https:\/\/positiveprints.com\/de-at\/produkt\/wo-wir-uns-trafen-unsere-doppelkarte\/\" \/>\n<meta property=\"og:site_name\" content=\"Positive Prints\" \/>\n<meta property=\"article:publisher\" content=\"https:\/\/www.facebook.com\/positiveprintscom\" \/>\n<meta property=\"article:modified_time\" content=\"2026-04-28T13:27:33+00:00\" \/>\n<meta property=\"og:image\" content=\"https:\/\/positiveprints.com\/wp-content\/uploads\/2023\/03\/Where-We-Met-Double-Map.jpg\" \/>\n\t<meta property=\"og:image:width\" content=\"1080\" \/>\n\t<meta property=\"og:image:height\" content=\"1080\" \/>\n\t<meta property=\"og:image:type\" content=\"image\/jpeg\" \/>\n<meta name=\"twitter:card\" content=\"summary_large_image\" \/>\n<!-- \/ Yoast SEO Premium plugin. -->","yoast_head_json":{"title":"Wo wir uns trafen \u2013 unsere Doppelkarte - Positive Prints","description":"Eine \u201eWo wir uns trafen\u201c-Doppelkarte ist eine einzigartige und personalisierte M\u00f6glichkeit, diese Erinnerungen festzuhalten und die besondere Bindung zu feiern, die du mit jemandem teilst.","robots":{"index":"index","follow":"follow","max-snippet":"max-snippet:-1","max-image-preview":"max-image-preview:large","max-video-preview":"max-video-preview:-1"},"canonical":"https:\/\/positiveprints.com\/de-at\/produkt\/wo-wir-uns-trafen-unsere-doppelkarte\/","og_locale":"de_DE","og_type":"article","og_title":"\u201eWo wir uns trafen\u201c \u2013 unsere Doppelkarte","og_description":"Halte die unvergesslichen Momente, die du mit deinen Liebsten teilst, mit einer personalisierten Karte des genauen und besonderen Standorts fest. Markiere zwei besondere Orte mit ausgew\u00e4hlten Symbolen Passe dein Kunstwerk in 3 einfachen Schritten an F\u00fcge einen aussagekr\u00e4ftigen personalisierten Text hinzu Sieh das Ergebnis sofort \u2013 die interaktive Vorschau erm\u00f6glicht dir, jedes Detail direkt anzupassen","og_url":"https:\/\/positiveprints.com\/de-at\/produkt\/wo-wir-uns-trafen-unsere-doppelkarte\/","og_site_name":"Positive Prints","article_publisher":"https:\/\/www.facebook.com\/positiveprintscom","article_modified_time":"2026-04-28T13:27:33+00:00","og_image":[{"width":1080,"height":1080,"url":"https:\/\/positiveprints.com\/wp-content\/uploads\/2023\/03\/Where-We-Met-Double-Map.jpg","type":"image\/jpeg"}],"twitter_card":"summary_large_image","schema":{"@context":"https:\/\/schema.org","@graph":[{"@type":["WebPage","ItemPage"],"@id":"https:\/\/positiveprints.com\/de-at\/produkt\/wo-wir-uns-trafen-unsere-doppelkarte\/","url":"https:\/\/positiveprints.com\/de-at\/produkt\/wo-wir-uns-trafen-unsere-doppelkarte\/","name":"Wo wir uns trafen \u2013 unsere Doppelkarte - Positive Prints","isPartOf":{"@id":"https:\/\/positiveprints.com\/de-at\/#website"},"primaryImageOfPage":{"@id":"https:\/\/positiveprints.com\/de-at\/produkt\/wo-wir-uns-trafen-unsere-doppelkarte\/#primaryimage"},"image":{"@id":"https:\/\/positiveprints.com\/de-at\/produkt\/wo-wir-uns-trafen-unsere-doppelkarte\/#primaryimage"},"thumbnailUrl":"https:\/\/positiveprints.com\/wp-content\/uploads\/2026\/01\/Packshot_DE_\u201eWo-wir-uns-trafen-\u2013-unsere-Doppelkarte.webp","datePublished":"2023-03-08T09:21:24+00:00","dateModified":"2026-04-28T13:27:33+00:00","description":"Eine \u201eWo wir uns trafen\u201c-Doppelkarte ist eine einzigartige und personalisierte M\u00f6glichkeit, diese Erinnerungen festzuhalten und die besondere Bindung zu feiern, die du mit jemandem teilst.","breadcrumb":{"@id":"https:\/\/positiveprints.com\/de-at\/produkt\/wo-wir-uns-trafen-unsere-doppelkarte\/#breadcrumb"},"inLanguage":"de-AT","potentialAction":[{"@type":"ReadAction","target":["https:\/\/positiveprints.com\/de-at\/produkt\/wo-wir-uns-trafen-unsere-doppelkarte\/"]}]},{"@type":"ImageObject","inLanguage":"de-AT","@id":"https:\/\/positiveprints.com\/de-at\/produkt\/wo-wir-uns-trafen-unsere-doppelkarte\/#primaryimage","url":"https:\/\/positiveprints.com\/wp-content\/uploads\/2026\/01\/Packshot_DE_\u201eWo-wir-uns-trafen-\u2013-unsere-Doppelkarte.webp","contentUrl":"https:\/\/positiveprints.com\/wp-content\/uploads\/2026\/01\/Packshot_DE_\u201eWo-wir-uns-trafen-\u2013-unsere-Doppelkarte.webp","width":1450,"height":1450},{"@type":"BreadcrumbList","@id":"https:\/\/positiveprints.com\/de-at\/produkt\/wo-wir-uns-trafen-unsere-doppelkarte\/#breadcrumb","itemListElement":[{"@type":"ListItem","position":1,"name":"Home","item":"https:\/\/positiveprints.com\/de-at\/"},{"@type":"ListItem","position":2,"name":"Products","item":"https:\/\/positiveprints.com\/de-at\/shop\/"},{"@type":"ListItem","position":3,"name":"\u201eWo wir uns trafen\u201c \u2013 unsere Doppelkarte"}]},{"@type":"WebSite","@id":"https:\/\/positiveprints.com\/de-at\/#website","url":"https:\/\/positiveprints.com\/de-at\/","name":"Positive Prints","description":"Amazing Custom Personalised Prints","publisher":{"@id":"https:\/\/positiveprints.com\/de-at\/#organization"},"potentialAction":[{"@type":"SearchAction","target":{"@type":"EntryPoint","urlTemplate":"https:\/\/positiveprints.com\/de-at\/?s={search_term_string}"},"query-input":{"@type":"PropertyValueSpecification","valueRequired":true,"valueName":"search_term_string"}}],"inLanguage":"de-AT"},{"@type":"Organization","@id":"https:\/\/positiveprints.com\/de-at\/#organization","name":"Positive Prints","alternateName":"Positive Prints","url":"https:\/\/positiveprints.com\/de-at\/","logo":{"@type":"ImageObject","inLanguage":"de-AT","@id":"https:\/\/positiveprints.com\/de-at\/#\/schema\/logo\/image\/","url":"https:\/\/positiveprints.com\/wp-content\/uploads\/2026\/03\/245815646_1337939713319158_5671353136411139666_n.png","contentUrl":"https:\/\/positiveprints.com\/wp-content\/uploads\/2026\/03\/245815646_1337939713319158_5671353136411139666_n.png","width":800,"height":800,"caption":"Positive Prints"},"image":{"@id":"https:\/\/positiveprints.com\/de-at\/#\/schema\/logo\/image\/"},"sameAs":["https:\/\/www.facebook.com\/positiveprintscom","https:\/\/www.instagram.com\/positiveprintscom\/","https:\/\/www.tiktok.com\/@positiveprintscom","https:\/\/www.pinterest.com\/positiveprintscom\/"]}]}},"jetpack_sharing_enabled":true,"_links":{"self":[{"href":"https:\/\/positiveprints.com\/de-at\/wp-json\/wp\/v2\/product\/639988","targetHints":{"allow":["GET"]}}],"collection":[{"href":"https:\/\/positiveprints.com\/de-at\/wp-json\/wp\/v2\/product"}],"about":[{"href":"https:\/\/positiveprints.com\/de-at\/wp-json\/wp\/v2\/types\/product"}],"wp:featuredmedia":[{"embeddable":true,"href":"https:\/\/positiveprints.com\/de-at\/wp-json\/wp\/v2\/media\/1611079"}],"wp:attachment":[{"href":"https:\/\/positiveprints.com\/de-at\/wp-json\/wp\/v2\/media?parent=639988"}],"wp:term":[{"taxonomy":"product_brand","embeddable":true,"href":"https:\/\/positiveprints.com\/de-at\/wp-json\/wp\/v2\/product_brand?post=639988"},{"taxonomy":"product_cat","embeddable":true,"href":"https:\/\/positiveprints.com\/de-at\/wp-json\/wp\/v2\/product_cat?post=639988"},{"taxonomy":"product_tag","embeddable":true,"href":"https:\/\/positiveprints.com\/de-at\/wp-json\/wp\/v2\/product_tag?post=639988"}],"curies":[{"name":"wp","href":"https:\/\/api.w.org\/{rel}","templated":true}]}}