{"id":639944,"date":"2021-07-31T20:02:05","date_gmt":"2021-07-31T19:02:05","guid":{"rendered":"https:\/\/positiveprints.com\/product\/unsere-wo-alles-begann-karte\/"},"modified":"2026-04-13T00:42:17","modified_gmt":"2026-04-12T23:42:17","slug":"wo-wir-uns-getroffen-haben","status":"publish","type":"product","link":"https:\/\/positiveprints.com\/de-at\/produkt\/wo-wir-uns-getroffen-haben\/","title":{"rendered":"Wo unsere Geschichte begann"},"content":{"rendered":"Denke an den Ort zur\u00fcck, an dem du diesen besonderen Menschen kennengelernt hast, an den Moment, an dem eines der gr\u00f6\u00dften Abenteuer des Lebens begann. Verwandele diese Erinnerung jetzt in ein wertvolles Andenken mit einer Geschenkkarte \u201eWo wir uns getroffen haben\u201c.\r\n\r\n<h2 class=\"grenB f24 cblue\" style=\"margin-top: 3rem;\">Was ist eine \u201eWo wir uns getroffen haben\u201c-Karte?<\/h2>\r\n\r\n<p style=\"margin-top: 1rem;\">Eine Karte mit dem Ort, an dem alles begann, zeigt den genauen Ort an, an dem du und deine Liebe euch zum ersten Mal getroffen habt. Unsere Karten nutzen GPS-Daten, um einen Ort deiner Wahl aus der Vogelperspektive darzustellen, von den Stra\u00dfen von Paris bis zu einr kleinen Heimatstadt in Georgia.<\/p>\r\n\r\n<p style=\"margin-top: 1rem;\">Jede Liebesgeschichte hat einen Anfang. Es kann sich um ein unerwartetes Ereignis handeln, beispielsweise um ein zuf\u00e4lliges Treffen bei einem Konzert oder einer Veranstaltung. Oder es k\u00f6nnte ein geplanter Anlass sein, etwa ein erstes Date oder die Vorstellung eines Freundes. Der Ort, an dem alles begann, wird immer von Bedeutung sein, und ein individueller Kartendruck wird dir dabei helfen, sich f\u00fcr den Rest deines Lebens an diesen magischen Moment zu erinnern.<\/p>\r\n\r\n<h2 class=\"grenB f24 cblue\" style=\"margin-top: 3rem;\">Geschenkideen, um sich daran zu erinnern, wo alles begann<\/h2>\r\n\r\n<p style=\"margin-top: 1rem;\">Unsere wundersch\u00f6nen \u201eWo wir uns getroffen haben\u201c-Karten sind das ideale Jubil\u00e4umsgeschenk f\u00fcr jedes Paar und jeden Lebensgef\u00e4hrten. Es ist ein kleines, aber feines Zeugnis der Geschichte, die ihr gemeinsam schreibt und bietet euch die M\u00f6glichkeit, diese Geschichte mit anderen zu teilen. Jede Karte ist wirklich ein Kunstwerk und wird individuell f\u00fcr jeden Kunden angefertigt.<\/p>\r\n\r\n<p style=\"margin-top: 1rem;\">Passe deine Karte mit einem Lieblingszitat, Liedtext oder anderen Textzeilen an, die dein Kunstwerk zu etwas Einzigartigem machen!<\/p>\r\n\r\n<h2 class=\"grenB f24 cblue\" style=\"margin-top: 3rem;\">Passe deine \u201eWo wir uns getroffen haben\u201c-Karte an<\/h2>\r\n\r\n<p style=\"margin-top: 1rem;\">Bei Positive Prints \u00fcbernehmen wir gerne die Rolle des Kartendesigners, damit du individuelle Kunstwerke jemandem mit Stolz schenken kannst. Unser 3-Schritte-Kreator macht es dir leicht, deine Ideen zum Leben zu erwecken.<\/p>\r\n\r\n<p style=\"margin-top: 1rem;\">Beginne mit einem einfachen Kartendesign und w\u00e4hle deine Farbkombination aus. Wir haben mehrere Farboptionen vordefiniert, um die Stra\u00dfen auf der Karte hervorzuheben und gen\u00fcgend Kontrast zu bieten, um ein klares Bild deines Standorts zu erhalten.<\/p>\r\n\r\n<p style=\"margin-top: 1rem;\">Gebe als N\u00e4chstes die Details der Karte ein, mit der alles begann, um deine Karte zu etwas ganz Besonderem zu machen. W\u00e4hle einen besonderen Standort aus und ziehe und zoome den so Karteneditor entlang, um so viele oder so wenige Details anzuzeigen, wie du es m\u00f6chtest. F\u00fcge eine sentimentale Botschaft, einen Spruch, ein Lied oder sogar das Datum hinzu, an dem alles begann.<\/p>\r\n\r\n<p style=\"margin-top: 1rem;\">Zu guter Letzt, w\u00e4hle aus, wie du deinen Ausdruck erhalten m\u00f6chtest. Du kannst zwischen einer professionell gedruckten Karte w\u00e4hlen, die verpackt und an dich versendet wird. Oder f\u00fcr eine schnellere Verschenkung kannst du einen digitalen Download ausw\u00e4hlen und deine Karte vor Ort drucken lassen. Wir bieten ebenfalls Karten an, die auf Leinwand gedruckt werden.<\/p>\r\n\r\n<h2 class=\"grenB f24 cblue\" style=\"margin-top: 3rem;\">Erstelle  noch heute deine Karte \u201eWo wir uns getroffen haben\u201c!<\/h2>\r\n\r\n<p style=\"margin-top: 1rem;\">Der Ort, an dem alles begann, wird immer einen besonderen Platz in deinem Herzen haben. Erfreue die Person, die du liebst, indem du einen eurer gemeinsamen Lieblingsmomente auf eine Art und Weise festh\u00e4ltst, die die Zeit \u00fcberdauert.<\/p>\r\n\r\n<p style=\"margin-top: 1rem;\">Bewahre eure wertvollsten Erinnerungen mit einem Kartengeschenk auf, in dem alles begann. Bestelle noch heute!<\/p>","protected":false},"excerpt":{"rendered":"<ul class=\"check-list\">\n<li>Markiere eine besondere Stelle mit einem ausgew\u00e4hlten Symbol<\/li>\n<li>Passe dein Kunstwerk in 3 einfachen Schritten an<\/li>\n<li>F\u00fcge einen aussagekr\u00e4ftigen personalisierten Text hinzu<\/li>\n<li>Sieh das Ergebnis sofort \u2013 die interaktive Vorschau erm\u00f6glicht dir, jedes Detail direkt anzupassen<\/li>\n<\/ul>\n","protected":false},"featured_media":1214138,"template":"","meta":[],"product_brand":[],"product_cat":[11501,11510,11513,11516,11504,11519,11522,11525,11528,11507,11616,11600,11617,11618,11619,4906,9271,7922,7746,7778,7635,7667,11356,11329,11372,11347,11350,7682,8211,8002,11354,7794,8201,5341,11204,11207,5308,11167,11170,11164,5324,7196,15841,5316,11234,11237,5265],"product_tag":[14782,14786,14785,14780,14138,14781,14787,14788,14789,15743,15741,15747,15745,15752,15750,14790,14142,14792,14777,14778,14779,14796,14793,14794,14783],"class_list":{"0":"post-639944","1":"product","2":"type-product","3":"status-publish","4":"has-post-thumbnail","6":"product_cat-1-jahrestag-de-at","7":"product_cat-10-jahrestag-de-at","8":"product_cat-15-jahrestag-de-at","9":"product_cat-18-geburtstag-de-at","10":"product_cat-2-jahrestag-de-at","11":"product_cat-20-jahrestag-de-at","12":"product_cat-21-geburtstag-de-at","13":"product_cat-30-geburtstag-de-at","14":"product_cat-40-geburtstag-de-at","15":"product_cat-5-jahrestag-de-at","16":"product_cat-50-geburtstag-de-at","17":"product_cat-50-jahrestag-de-at","18":"product_cat-60-geburtstag-de-at","19":"product_cat-70-geburtstag-de-at","20":"product_cat-80-geburtstag-de-at","21":"product_cat-alle-produkte-de-at","22":"product_cat-bestsellers-label-de-at","23":"product_cat-brautduschen-geschenke-de-at","24":"product_cat-geschenke-fur-deine-ehefrau-de-at","25":"product_cat-geschenke-fur-deine-freundin-de-at","26":"product_cat-geschenke-fur-deinen-ehemann-de-at","27":"product_cat-geschenke-fur-deinen-freund-de-at","28":"product_cat-weihnachtsgeschenke-fur-den-ehemann-de-at","29":"product_cat-weihnachtsgeschenke-fur-den-freund-de-at","30":"product_cat-weihnachtsgeschenke-fur-die-frau-de-at","31":"product_cat-weihnachtsgeschenke-fur-die-freundin-de-at","32":"product_cat-weihnachtsgeschenke-fur-frauen-de-at","33":"product_cat-geschenke-fur-wichtige-frauen-in-deinem-leben-de-at","34":"product_cat-fur-ihn-de-at","35":"product_cat-geschenke-fur-manner-de-at","36":"product_cat-weihnachtsgeschenke-fur-manner-de-at","37":"product_cat-geschenke-fur-paare-de-at","38":"product_cat-fur-sie-de-at","39":"product_cat-geburtstagsgeschenke-de-at","40":"product_cat-geburtstagsgeschenk-fur-frauen","41":"product_cat-geburtstagsgeschenk-fur-manner-de-at","42":"product_cat-hochzeitsgeschenke-de-at","43":"product_cat-jahrestag-geschenk-fur-ihn-de-at","44":"product_cat-jahrestag-geschenk-fur-paare-de-at","45":"product_cat-jahrestag-geschenke-fur-sie-de-at","46":"product_cat-jubilaumsgeschenke-de-at","47":"product_cat-map-de-at","48":"product_cat-shop-bestsellers-de-at","49":"product_cat-geschenke-zum-valentinstag","50":"product_cat-valentinstagsgeschenke-fur-frauen-de-at","51":"product_cat-valentinstagsgeschenke-fur-manner-de-at","52":"product_cat-weihnachtsgeschenke-de-at","53":"product_tag-anniversary-gift-de-at","54":"product_tag-anniversary-gifts-de-at","55":"product_tag-anniversary-present-de-at","56":"product_tag-couple-gift-de-at-2","57":"product_tag-couple-gift-anniversary-de-at","58":"product_tag-gift-for-couple-de-at","59":"product_tag-love-de-at","60":"product_tag-love-gift-de-at","61":"product_tag-personalized-gift-de-at","62":"product_tag-regali-di-natale-per-il-fidanzato-de-at","63":"product_tag-regali-di-natale-per-il-marito-de-at","64":"product_tag-regali-di-natale-per-la-fidanzata-de-at","65":"product_tag-regali-di-natale-per-la-moglie-de-at","66":"product_tag-regali-di-natale-per-lei-de-at","67":"product_tag-regali-di-natale-per-lui-de-at","68":"product_tag-romantic-gifts-de-at","69":"product_tag-romantisches-geschenk-de-at","70":"product_tag-sentimental-gift-de-at","71":"product_tag-special-occasion-de-at","72":"product_tag-thoughtful-gift-de-at","73":"product_tag-unique-gift-de-at","74":"product_tag-valentines-day-gifts-de-at","75":"product_tag-valentines-day-de-at","76":"product_tag-valentines-day-gift-de-at","77":"product_tag-wedding-anniversary-de-at","79":"first","80":"instock","81":"sale","82":"taxable","83":"shipping-taxable","84":"purchasable","85":"product-type-variable"},"yoast_head":"<!-- This site is optimized with the Yoast SEO Premium plugin v27.2 (Yoast SEO v27.2) - https:\/\/yoast.com\/product\/yoast-seo-premium-wordpress\/ -->\n<title>Wo unsere Geschichte begann - Positive Prints<\/title>\n<meta name=\"description\" content=\"Erstelle eine personalisierte Karte des Ortes, an dem eure Beziehung begann und erlebe erneut die Erinnerungen daran, wo wir uns getroffen haben.\" \/>\n<meta name=\"robots\" content=\"index, follow, max-snippet:-1, max-image-preview:large, max-video-preview:-1\" \/>\n<link rel=\"canonical\" href=\"https:\/\/positiveprints.com\/de-at\/produkt\/wo-wir-uns-getroffen-haben\/\" \/>\n<meta property=\"og:locale\" content=\"de_DE\" \/>\n<meta property=\"og:type\" content=\"article\" \/>\n<meta property=\"og:title\" content=\"Wo unsere Geschichte begann\" \/>\n<meta property=\"og:description\" content=\"Markiere eine besondere Stelle mit einem ausgew\u00e4hlten Symbol   Passe dein Kunstwerk in 3 einfachen Schritten an   F\u00fcge einen aussagekr\u00e4ftigen personalisierten Text hinzu   Sieh das Ergebnis sofort \u2013 die interaktive Vorschau erm\u00f6glicht dir, jedes Detail direkt anzupassen\" \/>\n<meta property=\"og:url\" content=\"https:\/\/positiveprints.com\/de-at\/produkt\/wo-wir-uns-getroffen-haben\/\" \/>\n<meta property=\"og:site_name\" content=\"Positive Prints\" \/>\n<meta property=\"article:publisher\" content=\"https:\/\/www.facebook.com\/positiveprintscom\" \/>\n<meta property=\"article:modified_time\" content=\"2026-04-12T23:42:17+00:00\" \/>\n<meta property=\"og:image\" content=\"https:\/\/positiveprints.com\/wp-content\/uploads\/2021\/07\/Wo-unsere-Geschichte-begann.webp\" \/>\n\t<meta property=\"og:image:width\" content=\"1450\" \/>\n\t<meta property=\"og:image:height\" content=\"1450\" \/>\n\t<meta property=\"og:image:type\" content=\"image\/webp\" \/>\n<meta name=\"twitter:card\" content=\"summary_large_image\" \/>\n<meta name=\"twitter:label1\" content=\"Gesch\u00e4tzte Lesezeit\" \/>\n\t<meta name=\"twitter:data1\" content=\"3 Minuten\" \/>\n<!-- \/ Yoast SEO Premium plugin. -->","yoast_head_json":{"title":"Wo unsere Geschichte begann - Positive Prints","description":"Erstelle eine personalisierte Karte des Ortes, an dem eure Beziehung begann und erlebe erneut die Erinnerungen daran, wo wir uns getroffen haben.","robots":{"index":"index","follow":"follow","max-snippet":"max-snippet:-1","max-image-preview":"max-image-preview:large","max-video-preview":"max-video-preview:-1"},"canonical":"https:\/\/positiveprints.com\/de-at\/produkt\/wo-wir-uns-getroffen-haben\/","og_locale":"de_DE","og_type":"article","og_title":"Wo unsere Geschichte begann","og_description":"Markiere eine besondere Stelle mit einem ausgew\u00e4hlten Symbol   Passe dein Kunstwerk in 3 einfachen Schritten an   F\u00fcge einen aussagekr\u00e4ftigen personalisierten Text hinzu   Sieh das Ergebnis sofort \u2013 die interaktive Vorschau erm\u00f6glicht dir, jedes Detail direkt anzupassen","og_url":"https:\/\/positiveprints.com\/de-at\/produkt\/wo-wir-uns-getroffen-haben\/","og_site_name":"Positive Prints","article_publisher":"https:\/\/www.facebook.com\/positiveprintscom","article_modified_time":"2026-04-12T23:42:17+00:00","og_image":[{"width":1450,"height":1450,"url":"https:\/\/positiveprints.com\/wp-content\/uploads\/2021\/07\/Wo-unsere-Geschichte-begann.webp","type":"image\/webp"}],"twitter_card":"summary_large_image","twitter_misc":{"Gesch\u00e4tzte Lesezeit":"3 Minuten"},"schema":{"@context":"https:\/\/schema.org","@graph":[{"@type":["WebPage","ItemPage"],"@id":"https:\/\/positiveprints.com\/de-at\/produkt\/wo-wir-uns-getroffen-haben\/","url":"https:\/\/positiveprints.com\/de-at\/produkt\/wo-wir-uns-getroffen-haben\/","name":"Wo unsere Geschichte begann - Positive Prints","isPartOf":{"@id":"https:\/\/positiveprints.com\/de-at\/#website"},"primaryImageOfPage":{"@id":"https:\/\/positiveprints.com\/de-at\/produkt\/wo-wir-uns-getroffen-haben\/#primaryimage"},"image":{"@id":"https:\/\/positiveprints.com\/de-at\/produkt\/wo-wir-uns-getroffen-haben\/#primaryimage"},"thumbnailUrl":"https:\/\/positiveprints.com\/wp-content\/uploads\/2024\/10\/Packshot_DE_where-it-all-began-map-product-image.webp","datePublished":"2021-07-31T19:02:05+00:00","dateModified":"2026-04-12T23:42:17+00:00","description":"Erstelle eine personalisierte Karte des Ortes, an dem eure Beziehung begann und erlebe erneut die Erinnerungen daran, wo wir uns getroffen haben.","breadcrumb":{"@id":"https:\/\/positiveprints.com\/de-at\/produkt\/wo-wir-uns-getroffen-haben\/#breadcrumb"},"inLanguage":"de-AT","potentialAction":[{"@type":"ReadAction","target":["https:\/\/positiveprints.com\/de-at\/produkt\/wo-wir-uns-getroffen-haben\/"]}]},{"@type":"ImageObject","inLanguage":"de-AT","@id":"https:\/\/positiveprints.com\/de-at\/produkt\/wo-wir-uns-getroffen-haben\/#primaryimage","url":"https:\/\/positiveprints.com\/wp-content\/uploads\/2024\/10\/Packshot_DE_where-it-all-began-map-product-image.webp","contentUrl":"https:\/\/positiveprints.com\/wp-content\/uploads\/2024\/10\/Packshot_DE_where-it-all-began-map-product-image.webp","width":1450,"height":1450},{"@type":"BreadcrumbList","@id":"https:\/\/positiveprints.com\/de-at\/produkt\/wo-wir-uns-getroffen-haben\/#breadcrumb","itemListElement":[{"@type":"ListItem","position":1,"name":"Home","item":"https:\/\/positiveprints.com\/de-at\/"},{"@type":"ListItem","position":2,"name":"Products","item":"https:\/\/positiveprints.com\/de-at\/shop\/"},{"@type":"ListItem","position":3,"name":"Wo unsere Geschichte begann"}]},{"@type":"WebSite","@id":"https:\/\/positiveprints.com\/de-at\/#website","url":"https:\/\/positiveprints.com\/de-at\/","name":"Positive Prints","description":"Amazing Custom Personalised Prints","publisher":{"@id":"https:\/\/positiveprints.com\/de-at\/#organization"},"potentialAction":[{"@type":"SearchAction","target":{"@type":"EntryPoint","urlTemplate":"https:\/\/positiveprints.com\/de-at\/?s={search_term_string}"},"query-input":{"@type":"PropertyValueSpecification","valueRequired":true,"valueName":"search_term_string"}}],"inLanguage":"de-AT"},{"@type":"Organization","@id":"https:\/\/positiveprints.com\/de-at\/#organization","name":"Positive Prints","alternateName":"Positive Prints","url":"https:\/\/positiveprints.com\/de-at\/","logo":{"@type":"ImageObject","inLanguage":"de-AT","@id":"https:\/\/positiveprints.com\/de-at\/#\/schema\/logo\/image\/","url":"https:\/\/positiveprints.com\/wp-content\/uploads\/2026\/03\/245815646_1337939713319158_5671353136411139666_n.png","contentUrl":"https:\/\/positiveprints.com\/wp-content\/uploads\/2026\/03\/245815646_1337939713319158_5671353136411139666_n.png","width":800,"height":800,"caption":"Positive Prints"},"image":{"@id":"https:\/\/positiveprints.com\/de-at\/#\/schema\/logo\/image\/"},"sameAs":["https:\/\/www.facebook.com\/positiveprintscom","https:\/\/www.instagram.com\/positiveprintscom\/","https:\/\/www.tiktok.com\/@positiveprintscom","https:\/\/www.pinterest.com\/positiveprintscom\/"]}]}},"jetpack_sharing_enabled":true,"_links":{"self":[{"href":"https:\/\/positiveprints.com\/de-at\/wp-json\/wp\/v2\/product\/639944","targetHints":{"allow":["GET"]}}],"collection":[{"href":"https:\/\/positiveprints.com\/de-at\/wp-json\/wp\/v2\/product"}],"about":[{"href":"https:\/\/positiveprints.com\/de-at\/wp-json\/wp\/v2\/types\/product"}],"wp:featuredmedia":[{"embeddable":true,"href":"https:\/\/positiveprints.com\/de-at\/wp-json\/wp\/v2\/media\/1214138"}],"wp:attachment":[{"href":"https:\/\/positiveprints.com\/de-at\/wp-json\/wp\/v2\/media?parent=639944"}],"wp:term":[{"taxonomy":"product_brand","embeddable":true,"href":"https:\/\/positiveprints.com\/de-at\/wp-json\/wp\/v2\/product_brand?post=639944"},{"taxonomy":"product_cat","embeddable":true,"href":"https:\/\/positiveprints.com\/de-at\/wp-json\/wp\/v2\/product_cat?post=639944"},{"taxonomy":"product_tag","embeddable":true,"href":"https:\/\/positiveprints.com\/de-at\/wp-json\/wp\/v2\/product_tag?post=639944"}],"curies":[{"name":"wp","href":"https:\/\/api.w.org\/{rel}","templated":true}]}}