{"id":621582,"date":"2023-05-11T12:45:39","date_gmt":"2023-05-11T11:45:39","guid":{"rendered":"https:\/\/positiveprints.com\/product\/bruderbrief-fotocollage\/"},"modified":"2026-04-28T14:20:08","modified_gmt":"2026-04-28T13:20:08","slug":"bruder-buchstaben-fotocollage","status":"publish","type":"product","link":"https:\/\/positiveprints.com\/de-at\/produkt\/bruder-buchstaben-fotocollage\/","title":{"rendered":"Bruder-Buchstaben-Fotocollage"},"content":{"rendered":"<p style=\"margin-top: 1rem;\">Eine Fotocollage mit einem Bruderbrief ist das perfekte personalisierte Geschenk f\u00fcr deinen Bruder, das eure wertvollsten gemeinsamen Momente zur Geltung bringt. Ob zum Geburtstag oder zu Weihnachten, eine Brief-Fotocollage f\u00fcr deinen Bruder ist eine kreative und einzigartige M\u00f6glichkeit, deine Liebe und Wertsch\u00e4tzung auszudr\u00fccken. W\u00e4hle ein personalisiertes Wort wie \u201eBruder\u201c, \u201eBro\u201c oder \u201eAmigo\u201c und gestalte jeden Buchstaben mit einem eigenen Foto. Mit endlosen M\u00f6glichkeiten kannst du ein \u00e4sthetisch ansprechendes und bedeutungsvolles Kunstwerk schaffen.<\/p>\r\n<p style=\"margin-top: 1rem;\">Die Erstellung deiner Bruderbrief-Fotocollage ist einfach und unkompliziert. W\u00e4hle zun\u00e4chst das Wort aus, das eure Beziehung am besten repr\u00e4sentiert. Lade eigene Fotos hoch und w\u00e4hle aus, welche du f\u00fcr jeden Buchstaben verwenden m\u00f6chtest. Du kannst jedes Foto vergr\u00f6\u00dfern oder verkleinern und die Position an deine Vorstellungen anpassen. Personalisiere es noch weiter, indem du unten einen pers\u00f6nlichen Text f\u00fcr die besondere Note hinzuf\u00fcgst. Bei Positive Prints haben wir eine gro\u00dfe Auswahl an Formaten und Gr\u00f6\u00dfen, sodass du die perfekte Option f\u00fcr dein personalisiertes Kunstwerk w\u00e4hlen kannst. Gedruckte und gerahmte Poster, Leinwand und digitale Sofort-Download-Dateien \u2013 alle mit hochwertigen, lebendigen Drucken.<\/p>\r\n<p style=\"margin-top: 1rem;\">Br\u00fcder verbindet eine einzigartige Verbindung und sie verdienen ein einzigartiges und pers\u00f6nliches Geschenk zum Gedenken an diese. Warum also nicht mit der Bruderbrief-Fotocollage ein ganz besonderes Geschenk gestalten? Dein Bruder wird begeistert sein, ein Kunstwerk zu haben, das deine wertvollsten Momente festh\u00e4lt und er wird es bestimmt immer in seinem Herzen tragen.<\/p>\r\n<p style=\"margin-top: 1rem;\">Erstelle noch heute eine Fotocollage mit einem Bruderbrief und zeige deinem Bruder deine Liebe! Es ist ein einzigartiges und unvergessliches Geschenk, das du nirgendwo anders finden kannst. Lasse uns dir helfen, deine Vision zum Leben zu erwecken, indem du jetzt eine individuelle Brief-Fotocollage bestellst.<\/p>","protected":false},"excerpt":{"rendered":"<ul class=\"check-list\">\n<li>F\u00fcge einen aussagekr\u00e4ftigen personalisierten Text hinzu<\/li>\n<li>Passe dein Kunstwerk in 3 einfachen Schritten an<\/li>\n<li>W\u00e4hle eine Vorlage oder werde kreativ<\/li>\n<li>Schau die bei jedem Schritt eine Vorschau deines Designs an<\/li>\n<\/ul>\n","protected":false},"featured_media":1667988,"template":"","meta":[],"product_brand":[],"product_cat":[9271,8820,4906,5265,11332,7618],"product_tag":[12528,17186,12529,15269],"class_list":{"0":"post-621582","1":"product","2":"type-product","3":"status-publish","4":"has-post-thumbnail","6":"product_cat-bestsellers-label-de-at","7":"product_cat-photo-letter-de-at","8":"product_cat-alle-produkte-de-at","9":"product_cat-weihnachtsgeschenke-de-at","10":"product_cat-weihnachtsgeschenke-fur-den-bruder-de-at","11":"product_cat-geschenke-fur-bruder-de-at","12":"product_tag-bruder-de-at","13":"product_tag-geschenk-fuer-bruder","14":"product_tag-geschenke-fur-den-bruder-de-at","15":"product_tag-prezenty-swiateczne-dla-brata-de-at","17":"first","18":"instock","19":"sale","20":"taxable","21":"shipping-taxable","22":"purchasable","23":"product-type-variable"},"yoast_head":"<!-- This site is optimized with the Yoast SEO Premium plugin v27.2 (Yoast SEO v27.2) - https:\/\/yoast.com\/product\/yoast-seo-premium-wordpress\/ -->\n<title>Bruder-Buchstaben-Fotocollage - Positive Prints<\/title>\n<meta name=\"description\" content=\"Mache deinem Bruder eine Freude mit einem einzigartigen Geschenk. Erstelle eine personalisierte Buchstaben-Fotocollage voller besonderer Erinnerungen, die er f\u00fcr immer in Ehren halten wird.\" \/>\n<meta name=\"robots\" content=\"index, follow, max-snippet:-1, max-image-preview:large, max-video-preview:-1\" \/>\n<link rel=\"canonical\" href=\"https:\/\/positiveprints.com\/de-at\/produkt\/bruder-buchstaben-fotocollage\/\" \/>\n<meta property=\"og:locale\" content=\"de_DE\" \/>\n<meta property=\"og:type\" content=\"article\" \/>\n<meta property=\"og:title\" content=\"Bruder-Buchstaben-Fotocollage\" \/>\n<meta property=\"og:description\" content=\"F\u00fcge einen aussagekr\u00e4ftigen personalisierten Text hinzu  Passe dein Kunstwerk in 3 einfachen Schritten an  W\u00e4hle eine Vorlage oder werde kreativ  Schau die bei jedem Schritt eine Vorschau deines Designs an\" \/>\n<meta property=\"og:url\" content=\"https:\/\/positiveprints.com\/de-at\/produkt\/bruder-buchstaben-fotocollage\/\" \/>\n<meta property=\"og:site_name\" content=\"Positive Prints\" \/>\n<meta property=\"article:publisher\" content=\"https:\/\/www.facebook.com\/positiveprintscom\" \/>\n<meta property=\"article:modified_time\" content=\"2026-04-28T13:20:08+00:00\" \/>\n<meta property=\"og:image\" content=\"https:\/\/positiveprints.com\/wp-content\/uploads\/2025\/03\/Bruderbrief-Fotocollage-1.webp\" \/>\n\t<meta property=\"og:image:width\" content=\"1450\" \/>\n\t<meta property=\"og:image:height\" content=\"1450\" \/>\n\t<meta property=\"og:image:type\" content=\"image\/webp\" \/>\n<meta name=\"twitter:card\" content=\"summary_large_image\" \/>\n<!-- \/ Yoast SEO Premium plugin. -->","yoast_head_json":{"title":"Bruder-Buchstaben-Fotocollage - Positive Prints","description":"Mache deinem Bruder eine Freude mit einem einzigartigen Geschenk. Erstelle eine personalisierte Buchstaben-Fotocollage voller besonderer Erinnerungen, die er f\u00fcr immer in Ehren halten wird.","robots":{"index":"index","follow":"follow","max-snippet":"max-snippet:-1","max-image-preview":"max-image-preview:large","max-video-preview":"max-video-preview:-1"},"canonical":"https:\/\/positiveprints.com\/de-at\/produkt\/bruder-buchstaben-fotocollage\/","og_locale":"de_DE","og_type":"article","og_title":"Bruder-Buchstaben-Fotocollage","og_description":"F\u00fcge einen aussagekr\u00e4ftigen personalisierten Text hinzu  Passe dein Kunstwerk in 3 einfachen Schritten an  W\u00e4hle eine Vorlage oder werde kreativ  Schau die bei jedem Schritt eine Vorschau deines Designs an","og_url":"https:\/\/positiveprints.com\/de-at\/produkt\/bruder-buchstaben-fotocollage\/","og_site_name":"Positive Prints","article_publisher":"https:\/\/www.facebook.com\/positiveprintscom","article_modified_time":"2026-04-28T13:20:08+00:00","og_image":[{"width":1450,"height":1450,"url":"https:\/\/positiveprints.com\/wp-content\/uploads\/2025\/03\/Bruderbrief-Fotocollage-1.webp","type":"image\/webp"}],"twitter_card":"summary_large_image","schema":{"@context":"https:\/\/schema.org","@graph":[{"@type":["WebPage","ItemPage"],"@id":"https:\/\/positiveprints.com\/de-at\/produkt\/bruder-buchstaben-fotocollage\/","url":"https:\/\/positiveprints.com\/de-at\/produkt\/bruder-buchstaben-fotocollage\/","name":"Bruder-Buchstaben-Fotocollage - Positive Prints","isPartOf":{"@id":"https:\/\/positiveprints.com\/de-at\/#website"},"primaryImageOfPage":{"@id":"https:\/\/positiveprints.com\/de-at\/produkt\/bruder-buchstaben-fotocollage\/#primaryimage"},"image":{"@id":"https:\/\/positiveprints.com\/de-at\/produkt\/bruder-buchstaben-fotocollage\/#primaryimage"},"thumbnailUrl":"https:\/\/positiveprints.com\/wp-content\/uploads\/2026\/03\/Bruder_DE-packshot-.webp","datePublished":"2023-05-11T11:45:39+00:00","dateModified":"2026-04-28T13:20:08+00:00","description":"Mache deinem Bruder eine Freude mit einem einzigartigen Geschenk. Erstelle eine personalisierte Buchstaben-Fotocollage voller besonderer Erinnerungen, die er f\u00fcr immer in Ehren halten wird.","breadcrumb":{"@id":"https:\/\/positiveprints.com\/de-at\/produkt\/bruder-buchstaben-fotocollage\/#breadcrumb"},"inLanguage":"de-AT","potentialAction":[{"@type":"ReadAction","target":["https:\/\/positiveprints.com\/de-at\/produkt\/bruder-buchstaben-fotocollage\/"]}]},{"@type":"ImageObject","inLanguage":"de-AT","@id":"https:\/\/positiveprints.com\/de-at\/produkt\/bruder-buchstaben-fotocollage\/#primaryimage","url":"https:\/\/positiveprints.com\/wp-content\/uploads\/2026\/03\/Bruder_DE-packshot-.webp","contentUrl":"https:\/\/positiveprints.com\/wp-content\/uploads\/2026\/03\/Bruder_DE-packshot-.webp","width":1450,"height":1450},{"@type":"BreadcrumbList","@id":"https:\/\/positiveprints.com\/de-at\/produkt\/bruder-buchstaben-fotocollage\/#breadcrumb","itemListElement":[{"@type":"ListItem","position":1,"name":"Home","item":"https:\/\/positiveprints.com\/de-at\/"},{"@type":"ListItem","position":2,"name":"Products","item":"https:\/\/positiveprints.com\/de-at\/shop\/"},{"@type":"ListItem","position":3,"name":"Bruder-Buchstaben-Fotocollage"}]},{"@type":"WebSite","@id":"https:\/\/positiveprints.com\/de-at\/#website","url":"https:\/\/positiveprints.com\/de-at\/","name":"Positive Prints","description":"Amazing Custom Personalised Prints","publisher":{"@id":"https:\/\/positiveprints.com\/de-at\/#organization"},"potentialAction":[{"@type":"SearchAction","target":{"@type":"EntryPoint","urlTemplate":"https:\/\/positiveprints.com\/de-at\/?s={search_term_string}"},"query-input":{"@type":"PropertyValueSpecification","valueRequired":true,"valueName":"search_term_string"}}],"inLanguage":"de-AT"},{"@type":"Organization","@id":"https:\/\/positiveprints.com\/de-at\/#organization","name":"Positive Prints","alternateName":"Positive Prints","url":"https:\/\/positiveprints.com\/de-at\/","logo":{"@type":"ImageObject","inLanguage":"de-AT","@id":"https:\/\/positiveprints.com\/de-at\/#\/schema\/logo\/image\/","url":"https:\/\/positiveprints.com\/wp-content\/uploads\/2026\/03\/245815646_1337939713319158_5671353136411139666_n.png","contentUrl":"https:\/\/positiveprints.com\/wp-content\/uploads\/2026\/03\/245815646_1337939713319158_5671353136411139666_n.png","width":800,"height":800,"caption":"Positive Prints"},"image":{"@id":"https:\/\/positiveprints.com\/de-at\/#\/schema\/logo\/image\/"},"sameAs":["https:\/\/www.facebook.com\/positiveprintscom","https:\/\/www.instagram.com\/positiveprintscom\/","https:\/\/www.tiktok.com\/@positiveprintscom","https:\/\/www.pinterest.com\/positiveprintscom\/"]}]}},"jetpack_sharing_enabled":true,"_links":{"self":[{"href":"https:\/\/positiveprints.com\/de-at\/wp-json\/wp\/v2\/product\/621582","targetHints":{"allow":["GET"]}}],"collection":[{"href":"https:\/\/positiveprints.com\/de-at\/wp-json\/wp\/v2\/product"}],"about":[{"href":"https:\/\/positiveprints.com\/de-at\/wp-json\/wp\/v2\/types\/product"}],"wp:featuredmedia":[{"embeddable":true,"href":"https:\/\/positiveprints.com\/de-at\/wp-json\/wp\/v2\/media\/1667988"}],"wp:attachment":[{"href":"https:\/\/positiveprints.com\/de-at\/wp-json\/wp\/v2\/media?parent=621582"}],"wp:term":[{"taxonomy":"product_brand","embeddable":true,"href":"https:\/\/positiveprints.com\/de-at\/wp-json\/wp\/v2\/product_brand?post=621582"},{"taxonomy":"product_cat","embeddable":true,"href":"https:\/\/positiveprints.com\/de-at\/wp-json\/wp\/v2\/product_cat?post=621582"},{"taxonomy":"product_tag","embeddable":true,"href":"https:\/\/positiveprints.com\/de-at\/wp-json\/wp\/v2\/product_tag?post=621582"}],"curies":[{"name":"wp","href":"https:\/\/api.w.org\/{rel}","templated":true}]}}