{"id":621081,"date":"2023-05-11T09:03:07","date_gmt":"2023-06-15T15:29:17","guid":{"rendered":"https:\/\/positiveprints.com\/product\/heim-fotocollage\/"},"modified":"2026-04-03T03:16:19","modified_gmt":"2026-04-03T02:16:19","slug":"heim-fotocollage","status":"publish","type":"product","link":"https:\/\/positiveprints.com\/de-at\/produkt\/heim-fotocollage\/","title":{"rendered":"Heim-Fotocollage"},"content":{"rendered":"<p style=\"margin-top: 1rem\">Eine Heim-Fotocollage ist das perfekte personalisierte Geschenk f\u00fcr jeden Anlass. Egal, ob du ein Einweihungsgeschenk oder eine besondere Erinnerung f\u00fcr einen geliebten Menschen suchst, diese kreative und einzigartige Collage bietet eine sch\u00f6ne M\u00f6glichkeit, wertvolle Fotos und Kunstwerke zu pr\u00e4sentieren. Mit der Heim-Fotocollage kannst du so kreativ und individuell sein, wie du es m\u00f6chtest. Indem du ein spezielles Wort oder eine Reihe von Buchstaben wie \u201eZuhause\u201c, \u201eFamilie\u201c, \u201eWillkommen\u201c oder sogar die Initialen der Hausbesitzer ausw\u00e4hlst, kannst du ein einzigartiges Erinnerungsst\u00fcck schaffen, das die Essenz des Zuhauses perfekt einf\u00e4ngt. Dank der gro\u00dfen Auswahl an M\u00f6glichkeiten kannst du deiner Fantasie freien Lauf lassen und ein visuell beeindruckendes und bedeutungsvolles Kunstwerk schaffen, das jedem das Gef\u00fchl gibt, etwas Besonderes zu sein.<\/p>\r\n\r\n\r\n<p style=\"margin-top: 1rem\">Das Erstellen einer Fotocollage ist ganz einfach. Der Schritt-f\u00fcr-Schritt-Prozess auf unserer Plattform erm\u00f6glicht es dir, deine eigenen Fotos hochzuladen und die perfekte Umrissfarbe auszuw\u00e4hlen, die deine Fotos erg\u00e4nzt. Du kannst der Collage auch eine personalisierte Nachricht hinzuf\u00fcgen und sie so zu einem bleibenden Andenken machen. Dar\u00fcber hinaus kannst du deine Brief-Fotocollage mit unseren Bearbeitungstools auf die n\u00e4chste Stufe heben. Du kannst in das Foto reinzoomen, spiegeln und verschieben, um seine Position anzupassen, bevor du deine Collage erstellst.<\/p>\r\n\r\n\r\n<p style=\"margin-top: 1rem\">Sobald dein Design fertiggestellt ist, kannst du die perfekte Gr\u00f6\u00dfe und das perfekte Format f\u00fcr deine Heim-Fotocollage ausw\u00e4hlen. Du kannst es in verschiedenen Gr\u00f6\u00dfen ausdrucken oder sofort digital herunterladen. Es ist eine hervorragende Erg\u00e4nzung f\u00fcr jedes Wohnzimmer, Schlafzimmer oder Flur. Ganz gleich, ob du es als Einweihungs- oder neues Zuhause-Geschenk oder als einzigartiges und personalisiertes Wandkunstwerk verschenkst, die Heim-Fotocollage wird dich oder den Beschenkten mit Sicherheit begeistern. Es ist eine sch\u00f6ne und bedeutungsvolle Art, an einen besonderen Moment im Leben zu erinnern.<\/p>\r\n\r\n\r\n<p style=\"margin-top: 1rem\">Zusammenfassend l\u00e4sst sich sagen, dass du deinen Freunden, deiner Familie und deinen Lieben die perfekte personalisierte Fotocollage schenken kannst. Es ist eine einzigartige und unvergessliche M\u00f6glichkeit, wertvolle Erinnerungen zu pr\u00e4sentieren und bei so vielen M\u00f6glichkeiten sind die M\u00f6glichkeiten endlos. Egal, ob du einen besonderen Moment feierst oder einfach nur ein Andenken f\u00fcr jemanden schaffst, den du liebst, dieser personalisierte Druck wird dir oder den Beschenkten sicher noch viele Jahre lang Freude bereiten.<\/p>","protected":false},"excerpt":{"rendered":"<ul class=\"check-list\">\n<li>F\u00fcge einen aussagekr\u00e4ftigen personalisierten Text hinzu<\/li>\n<li>Passe dein Kunstwerk in 3 einfachen Schritten an<\/li>\n<li>W\u00e4hle eine Vorlage oder werde kreativ<\/li>\n<li>Schau die bei jedem Schritt eine Vorschau deines Designs an<\/li>\n<\/ul>\n","protected":false},"featured_media":1283522,"template":"","meta":[],"product_brand":[],"product_cat":[4906,5295,7682,8002,8820],"product_tag":[9079],"class_list":{"0":"post-621081","1":"product","2":"type-product","3":"status-publish","4":"has-post-thumbnail","6":"product_cat-alle-produkte-de-at","7":"product_cat-einzugsgeschenke-de-at","8":"product_cat-geschenke-fur-wichtige-frauen-in-deinem-leben-de-at","9":"product_cat-geschenke-fur-manner-de-at","10":"product_cat-photo-letter-de-at","11":"product_tag-housewarming-de-at-2","13":"first","14":"instock","15":"sale","16":"taxable","17":"shipping-taxable","18":"purchasable","19":"product-type-variable"},"yoast_head":"<!-- This site is optimized with the Yoast SEO Premium plugin v27.2 (Yoast SEO v27.2) - https:\/\/yoast.com\/product\/yoast-seo-premium-wordpress\/ -->\n<title>Heim-Fotocollage - Positive Prints<\/title>\n<meta name=\"description\" content=\"Suchst du ein Einweihungsgeschenk oder eine besondere Erinnerung f\u00fcr einen geliebten Menschen? Mit der Heim-Fotocollage kannst du so kreativ und individuell sein, wie du es nur m\u00f6chtest und kannst!\" \/>\n<meta name=\"robots\" content=\"index, follow, max-snippet:-1, max-image-preview:large, max-video-preview:-1\" \/>\n<link rel=\"canonical\" href=\"https:\/\/positiveprints.com\/de-at\/produkt\/heim-fotocollage\/\" \/>\n<meta property=\"og:locale\" content=\"de_DE\" \/>\n<meta property=\"og:type\" content=\"article\" \/>\n<meta property=\"og:title\" content=\"Heim-Fotocollage\" \/>\n<meta property=\"og:description\" content=\"F\u00fcge einen aussagekr\u00e4ftigen personalisierten Text hinzu  Passe dein Kunstwerk in 3 einfachen Schritten an  W\u00e4hle eine Vorlage oder werde kreativ  Schau die bei jedem Schritt eine Vorschau deines Designs an\" \/>\n<meta property=\"og:url\" content=\"https:\/\/positiveprints.com\/de-at\/produkt\/heim-fotocollage\/\" \/>\n<meta property=\"og:site_name\" content=\"Positive Prints\" \/>\n<meta property=\"article:publisher\" content=\"https:\/\/www.facebook.com\/positiveprintscom\" \/>\n<meta property=\"article:modified_time\" content=\"2026-04-03T02:16:19+00:00\" \/>\n<meta property=\"og:image\" content=\"https:\/\/positiveprints.com\/wp-content\/uploads\/2024\/11\/Packshot_DE_Home-Letter-Photo-Collage-product-image.webp\" \/>\n\t<meta property=\"og:image:width\" content=\"1450\" \/>\n\t<meta property=\"og:image:height\" content=\"1450\" \/>\n\t<meta property=\"og:image:type\" content=\"image\/webp\" \/>\n<meta name=\"twitter:card\" content=\"summary_large_image\" \/>\n<meta name=\"twitter:label1\" content=\"Gesch\u00e4tzte Lesezeit\" \/>\n\t<meta name=\"twitter:data1\" content=\"2 Minuten\" \/>\n<!-- \/ Yoast SEO Premium plugin. -->","yoast_head_json":{"title":"Heim-Fotocollage - Positive Prints","description":"Suchst du ein Einweihungsgeschenk oder eine besondere Erinnerung f\u00fcr einen geliebten Menschen? Mit der Heim-Fotocollage kannst du so kreativ und individuell sein, wie du es nur m\u00f6chtest und kannst!","robots":{"index":"index","follow":"follow","max-snippet":"max-snippet:-1","max-image-preview":"max-image-preview:large","max-video-preview":"max-video-preview:-1"},"canonical":"https:\/\/positiveprints.com\/de-at\/produkt\/heim-fotocollage\/","og_locale":"de_DE","og_type":"article","og_title":"Heim-Fotocollage","og_description":"F\u00fcge einen aussagekr\u00e4ftigen personalisierten Text hinzu  Passe dein Kunstwerk in 3 einfachen Schritten an  W\u00e4hle eine Vorlage oder werde kreativ  Schau die bei jedem Schritt eine Vorschau deines Designs an","og_url":"https:\/\/positiveprints.com\/de-at\/produkt\/heim-fotocollage\/","og_site_name":"Positive Prints","article_publisher":"https:\/\/www.facebook.com\/positiveprintscom","article_modified_time":"2026-04-03T02:16:19+00:00","og_image":[{"width":1450,"height":1450,"url":"https:\/\/positiveprints.com\/wp-content\/uploads\/2024\/11\/Packshot_DE_Home-Letter-Photo-Collage-product-image.webp","type":"image\/webp"}],"twitter_card":"summary_large_image","twitter_misc":{"Gesch\u00e4tzte Lesezeit":"2 Minuten"},"schema":{"@context":"https:\/\/schema.org","@graph":[{"@type":["WebPage","ItemPage"],"@id":"https:\/\/positiveprints.com\/de-at\/produkt\/heim-fotocollage\/","url":"https:\/\/positiveprints.com\/de-at\/produkt\/heim-fotocollage\/","name":"Heim-Fotocollage - Positive Prints","isPartOf":{"@id":"https:\/\/positiveprints.com\/de-at\/#website"},"primaryImageOfPage":{"@id":"https:\/\/positiveprints.com\/de-at\/produkt\/heim-fotocollage\/#primaryimage"},"image":{"@id":"https:\/\/positiveprints.com\/de-at\/produkt\/heim-fotocollage\/#primaryimage"},"thumbnailUrl":"https:\/\/positiveprints.com\/wp-content\/uploads\/2024\/11\/Packshot_DE_Home-Letter-Photo-Collage-product-image.webp","datePublished":"2023-06-15T15:29:17+00:00","dateModified":"2026-04-03T02:16:19+00:00","description":"Suchst du ein Einweihungsgeschenk oder eine besondere Erinnerung f\u00fcr einen geliebten Menschen? Mit der Heim-Fotocollage kannst du so kreativ und individuell sein, wie du es nur m\u00f6chtest und kannst!","breadcrumb":{"@id":"https:\/\/positiveprints.com\/de-at\/produkt\/heim-fotocollage\/#breadcrumb"},"inLanguage":"de-AT","potentialAction":[{"@type":"ReadAction","target":["https:\/\/positiveprints.com\/de-at\/produkt\/heim-fotocollage\/"]}]},{"@type":"ImageObject","inLanguage":"de-AT","@id":"https:\/\/positiveprints.com\/de-at\/produkt\/heim-fotocollage\/#primaryimage","url":"https:\/\/positiveprints.com\/wp-content\/uploads\/2024\/11\/Packshot_DE_Home-Letter-Photo-Collage-product-image.webp","contentUrl":"https:\/\/positiveprints.com\/wp-content\/uploads\/2024\/11\/Packshot_DE_Home-Letter-Photo-Collage-product-image.webp","width":1450,"height":1450},{"@type":"BreadcrumbList","@id":"https:\/\/positiveprints.com\/de-at\/produkt\/heim-fotocollage\/#breadcrumb","itemListElement":[{"@type":"ListItem","position":1,"name":"Home","item":"https:\/\/positiveprints.com\/de-at\/"},{"@type":"ListItem","position":2,"name":"Products","item":"https:\/\/positiveprints.com\/de-at\/shop\/"},{"@type":"ListItem","position":3,"name":"Heim-Fotocollage"}]},{"@type":"WebSite","@id":"https:\/\/positiveprints.com\/de-at\/#website","url":"https:\/\/positiveprints.com\/de-at\/","name":"Positive Prints","description":"Amazing Custom Personalised Prints","publisher":{"@id":"https:\/\/positiveprints.com\/de-at\/#organization"},"potentialAction":[{"@type":"SearchAction","target":{"@type":"EntryPoint","urlTemplate":"https:\/\/positiveprints.com\/de-at\/?s={search_term_string}"},"query-input":{"@type":"PropertyValueSpecification","valueRequired":true,"valueName":"search_term_string"}}],"inLanguage":"de-AT"},{"@type":"Organization","@id":"https:\/\/positiveprints.com\/de-at\/#organization","name":"Positive Prints","alternateName":"Positive Prints","url":"https:\/\/positiveprints.com\/de-at\/","logo":{"@type":"ImageObject","inLanguage":"de-AT","@id":"https:\/\/positiveprints.com\/de-at\/#\/schema\/logo\/image\/","url":"https:\/\/positiveprints.com\/wp-content\/uploads\/2026\/03\/245815646_1337939713319158_5671353136411139666_n.png","contentUrl":"https:\/\/positiveprints.com\/wp-content\/uploads\/2026\/03\/245815646_1337939713319158_5671353136411139666_n.png","width":800,"height":800,"caption":"Positive Prints"},"image":{"@id":"https:\/\/positiveprints.com\/de-at\/#\/schema\/logo\/image\/"},"sameAs":["https:\/\/www.facebook.com\/positiveprintscom","https:\/\/www.instagram.com\/positiveprintscom\/","https:\/\/www.tiktok.com\/@positiveprintscom","https:\/\/www.pinterest.com\/positiveprintscom\/"]}]}},"jetpack_sharing_enabled":true,"_links":{"self":[{"href":"https:\/\/positiveprints.com\/de-at\/wp-json\/wp\/v2\/product\/621081","targetHints":{"allow":["GET"]}}],"collection":[{"href":"https:\/\/positiveprints.com\/de-at\/wp-json\/wp\/v2\/product"}],"about":[{"href":"https:\/\/positiveprints.com\/de-at\/wp-json\/wp\/v2\/types\/product"}],"wp:featuredmedia":[{"embeddable":true,"href":"https:\/\/positiveprints.com\/de-at\/wp-json\/wp\/v2\/media\/1283522"}],"wp:attachment":[{"href":"https:\/\/positiveprints.com\/de-at\/wp-json\/wp\/v2\/media?parent=621081"}],"wp:term":[{"taxonomy":"product_brand","embeddable":true,"href":"https:\/\/positiveprints.com\/de-at\/wp-json\/wp\/v2\/product_brand?post=621081"},{"taxonomy":"product_cat","embeddable":true,"href":"https:\/\/positiveprints.com\/de-at\/wp-json\/wp\/v2\/product_cat?post=621081"},{"taxonomy":"product_tag","embeddable":true,"href":"https:\/\/positiveprints.com\/de-at\/wp-json\/wp\/v2\/product_tag?post=621081"}],"curies":[{"name":"wp","href":"https:\/\/api.w.org\/{rel}","templated":true}]}}