{"id":620207,"date":"2023-05-09T10:10:30","date_gmt":"2023-06-14T14:37:16","guid":{"rendered":"https:\/\/positiveprints.com\/product\/lehrerbrief-fotocollage\/"},"modified":"2026-05-03T20:17:58","modified_gmt":"2026-05-03T19:17:58","slug":"lehrerbrief-fotocollage","status":"publish","type":"product","link":"https:\/\/positiveprints.com\/de-at\/produkt\/lehrerbrief-fotocollage\/","title":{"rendered":"Der beste Lehrer der Welt &#8211; Buchstaben Collage"},"content":{"rendered":"<p style=\"margin-top: 1rem;\">Suchst du nach einem einzigartigen und durchdachten Geschenk f\u00fcr deinen Lehrer, um deine Wertsch\u00e4tzung zu zeigen? Wir schlagen unsere <span style=\"font-weight: 400;\">\u00a0Lehrer-Buchstaben-Fotocollage<\/span> vor. Diese personalisierte und kreative Collage pr\u00e4sentiert wertvolle Fotos und Kunstwerke in <span style=\"font-weight: 400;\">Form von Buchstaben<\/span>. W\u00e4hle deine eigenen Fotos und Worte aus, um ein einzigartiges Erinnerungsst\u00fcck zu schaffen, das noch viele Jahre in Erinnerung bleiben wird.<\/p>\r\n<p style=\"margin-top: 1rem;\"><span style=\"font-weight: 400;\">Die Lehrer-Buchstaben-Fotocollage<\/span> eignet sich perfekt zum Erstellen eines optisch ansprechenden und aussagekr\u00e4ftigen Kunstwerks f\u00fcr deinen Lehrer. Du kannst aus einer Vielzahl von M\u00f6glichkeiten w\u00e4hlen und deiner Kreativit\u00e4t freien Lauf lassen. Du kannst das Wort \u201eLehrer\u201c, \u201eDanke\u201c oder sogar den Namen deines Lehrers selbst verwenden. Mit einem personalisierten Druck oder einer personalisierten Leinwand sind die M\u00f6glichkeiten endlos.<\/p>\r\n<p style=\"margin-top: 1rem;\">Um deine eigene Fotocollage zu erstellen, w\u00e4hle einfach ein Wort aus, das den Lehrer oder den Anlass repr\u00e4sentiert, eine Umrissfarbe, die zum Thema der von dir verwendeten Fotos passt. Du kannst der Collage sogar eine pers\u00f6nliche Nachricht hinzuf\u00fcgen, um sie noch spezieller zu machen. Du kannst das Wort \u201eLehrer\u201c, Worte wie \u201eDanke\u201c oder sogar den Namen des Lehrers w\u00e4hlen und es so zu einem au\u00dfergew\u00f6hnlichen Geschenk f\u00fcr jeden gesch\u00e4tzten P\u00e4dagogen in deinem Leben machen.<\/p>\r\n<p style=\"margin-top: 1rem;\">Das Hochladen der Fotos geht schnell und einfach, du kannst die Aufl\u00f6sung ausw\u00e4hlen und nach Wunsch bearbeiten. Sobald du fertig bist, w\u00e4hle die perfekte Gr\u00f6\u00dfe und das perfekte Format aus und probiere es aus. Du kannst deine Collage ausdrucken oder als sofortigen digitalen Download bestellen.<\/p>\r\n<p style=\"margin-top: 1rem;\"><span style=\"font-weight: 400;\">Schenke deinem Lehrer das perfekte personalisierte Andenken mit der Lehrer-Buchstaben-Fotocollage. <\/span> Dieses einzigartige und bedeutungsvolle Geschenk wird ihm viele Jahre lang Freude bereiten und ist eine fantastische M\u00f6glichkeit, einen besonderen Moment zu w\u00fcrdigen oder deine Dankbarkeit gegen\u00fcber deinem Lehrer zu feiern. Verschenke ein Geschenk, das Freude verbreitet und \u00fcber Generationen hinweg Bestand hat <span style=\"font-weight: 400;\">\u2013 eine individuelle Lehrer-Buchstaben-Fotocollage.<\/span><\/p>","protected":false},"excerpt":{"rendered":"<ul class=\"check-list\">\n<li>Lade eure Lieblingsfotos hoch, um jeden Buchstaben zu personalisieren<\/li>\n<li>F\u00fcge eine herzliche Nachricht hinzu, um das Plakat einzigartig zu machen<\/li>\n<li>Personalisiere in 3 einfachen Schritten mit unserem benutzerfreundlichen Editor<\/li>\n<li>Sieh dir dein Design sofort in der interaktiven Vorschau an<\/li>\n<\/ul>\n","protected":false},"featured_media":1411274,"template":"","meta":[],"product_brand":[],"product_cat":[4906,7858,8820,9757],"product_tag":[16423,16322,16966,16884,16418,16422],"class_list":{"0":"post-620207","1":"product","2":"type-product","3":"status-publish","4":"has-post-thumbnail","6":"product_cat-alle-produkte-de-at","7":"product_cat-geschenke-fur-lehrer-de-at","8":"product_cat-photo-letter-de-at","9":"product_cat-trending-label-de-at","10":"product_tag-dankeschon-geschenk-fur-lehrer-de-at-2","11":"product_tag-dankeschon-geschenk-fur-lehrer-de-at","12":"product_tag-geschenk-fur-lehrer-de-at","13":"product_tag-geschenke-fur-lehrer","14":"product_tag-geschenkideen-fur-lehrer-de-at","15":"product_tag-lehrer-de-at","17":"first","18":"instock","19":"sale","20":"taxable","21":"shipping-taxable","22":"purchasable","23":"product-type-variable"},"yoast_head":"<!-- This site is optimized with the Yoast SEO Premium plugin v27.2 (Yoast SEO v27.2) - https:\/\/yoast.com\/product\/yoast-seo-premium-wordpress\/ -->\n<title>Der beste Lehrer der Welt - Buchstaben Collage - Positive Prints<\/title>\n<meta name=\"description\" content=\"Zeige deine Wertsch\u00e4tzung f\u00fcr den besten Lehrer der Welt mit einer personalisierten Buchstaben-Fotocollage. Bef\u00fclle sie mit Fotos von gl\u00fccklichen und spannenden Momenten und Erinnerungen.\" \/>\n<meta name=\"robots\" content=\"index, follow, max-snippet:-1, max-image-preview:large, max-video-preview:-1\" \/>\n<link rel=\"canonical\" href=\"https:\/\/positiveprints.com\/de-at\/produkt\/lehrerbrief-fotocollage\/\" \/>\n<meta property=\"og:locale\" content=\"de_DE\" \/>\n<meta property=\"og:type\" content=\"article\" \/>\n<meta property=\"og:title\" content=\"Der beste Lehrer der Welt - Buchstaben Collage\" \/>\n<meta property=\"og:description\" content=\"Lade eure Lieblingsfotos hoch, um jeden Buchstaben zu personalisieren  F\u00fcge eine herzliche Nachricht hinzu, um das Plakat einzigartig zu machen  Personalisiere in 3 einfachen Schritten mit unserem benutzerfreundlichen Editor  Sieh dir dein Design sofort in der interaktiven Vorschau an\" \/>\n<meta property=\"og:url\" content=\"https:\/\/positiveprints.com\/de-at\/produkt\/lehrerbrief-fotocollage\/\" \/>\n<meta property=\"og:site_name\" content=\"Positive Prints\" \/>\n<meta property=\"article:publisher\" content=\"https:\/\/www.facebook.com\/positiveprintscom\" \/>\n<meta property=\"article:modified_time\" content=\"2026-05-03T19:17:58+00:00\" \/>\n<meta property=\"og:image\" content=\"https:\/\/positiveprints.com\/wp-content\/uploads\/2025\/04\/Packshot_DE_LEHRER.webp\" \/>\n\t<meta property=\"og:image:width\" content=\"1450\" \/>\n\t<meta property=\"og:image:height\" content=\"1450\" \/>\n\t<meta property=\"og:image:type\" content=\"image\/webp\" \/>\n<meta name=\"twitter:card\" content=\"summary_large_image\" \/>\n<!-- \/ Yoast SEO Premium plugin. -->","yoast_head_json":{"title":"Der beste Lehrer der Welt - Buchstaben Collage - Positive Prints","description":"Zeige deine Wertsch\u00e4tzung f\u00fcr den besten Lehrer der Welt mit einer personalisierten Buchstaben-Fotocollage. Bef\u00fclle sie mit Fotos von gl\u00fccklichen und spannenden Momenten und Erinnerungen.","robots":{"index":"index","follow":"follow","max-snippet":"max-snippet:-1","max-image-preview":"max-image-preview:large","max-video-preview":"max-video-preview:-1"},"canonical":"https:\/\/positiveprints.com\/de-at\/produkt\/lehrerbrief-fotocollage\/","og_locale":"de_DE","og_type":"article","og_title":"Der beste Lehrer der Welt - Buchstaben Collage","og_description":"Lade eure Lieblingsfotos hoch, um jeden Buchstaben zu personalisieren  F\u00fcge eine herzliche Nachricht hinzu, um das Plakat einzigartig zu machen  Personalisiere in 3 einfachen Schritten mit unserem benutzerfreundlichen Editor  Sieh dir dein Design sofort in der interaktiven Vorschau an","og_url":"https:\/\/positiveprints.com\/de-at\/produkt\/lehrerbrief-fotocollage\/","og_site_name":"Positive Prints","article_publisher":"https:\/\/www.facebook.com\/positiveprintscom","article_modified_time":"2026-05-03T19:17:58+00:00","og_image":[{"width":1450,"height":1450,"url":"https:\/\/positiveprints.com\/wp-content\/uploads\/2025\/04\/Packshot_DE_LEHRER.webp","type":"image\/webp"}],"twitter_card":"summary_large_image","schema":{"@context":"https:\/\/schema.org","@graph":[{"@type":["WebPage","ItemPage"],"@id":"https:\/\/positiveprints.com\/de-at\/produkt\/lehrerbrief-fotocollage\/","url":"https:\/\/positiveprints.com\/de-at\/produkt\/lehrerbrief-fotocollage\/","name":"Der beste Lehrer der Welt - Buchstaben Collage - Positive Prints","isPartOf":{"@id":"https:\/\/positiveprints.com\/de-at\/#website"},"primaryImageOfPage":{"@id":"https:\/\/positiveprints.com\/de-at\/produkt\/lehrerbrief-fotocollage\/#primaryimage"},"image":{"@id":"https:\/\/positiveprints.com\/de-at\/produkt\/lehrerbrief-fotocollage\/#primaryimage"},"thumbnailUrl":"https:\/\/positiveprints.com\/wp-content\/uploads\/2025\/04\/Packshot_DE_LEHRER.webp","datePublished":"2023-06-14T14:37:16+00:00","dateModified":"2026-05-03T19:17:58+00:00","description":"Zeige deine Wertsch\u00e4tzung f\u00fcr den besten Lehrer der Welt mit einer personalisierten Buchstaben-Fotocollage. Bef\u00fclle sie mit Fotos von gl\u00fccklichen und spannenden Momenten und Erinnerungen.","breadcrumb":{"@id":"https:\/\/positiveprints.com\/de-at\/produkt\/lehrerbrief-fotocollage\/#breadcrumb"},"inLanguage":"de-AT","potentialAction":[{"@type":"ReadAction","target":["https:\/\/positiveprints.com\/de-at\/produkt\/lehrerbrief-fotocollage\/"]}]},{"@type":"ImageObject","inLanguage":"de-AT","@id":"https:\/\/positiveprints.com\/de-at\/produkt\/lehrerbrief-fotocollage\/#primaryimage","url":"https:\/\/positiveprints.com\/wp-content\/uploads\/2025\/04\/Packshot_DE_LEHRER.webp","contentUrl":"https:\/\/positiveprints.com\/wp-content\/uploads\/2025\/04\/Packshot_DE_LEHRER.webp","width":1450,"height":1450,"caption":"Packshot_DE_LEHRER"},{"@type":"BreadcrumbList","@id":"https:\/\/positiveprints.com\/de-at\/produkt\/lehrerbrief-fotocollage\/#breadcrumb","itemListElement":[{"@type":"ListItem","position":1,"name":"Home","item":"https:\/\/positiveprints.com\/de-at\/"},{"@type":"ListItem","position":2,"name":"Products","item":"https:\/\/positiveprints.com\/de-at\/shop\/"},{"@type":"ListItem","position":3,"name":"Der beste Lehrer der Welt &#8211; Buchstaben Collage"}]},{"@type":"WebSite","@id":"https:\/\/positiveprints.com\/de-at\/#website","url":"https:\/\/positiveprints.com\/de-at\/","name":"Positive Prints","description":"Amazing Custom Personalised Prints","publisher":{"@id":"https:\/\/positiveprints.com\/de-at\/#organization"},"potentialAction":[{"@type":"SearchAction","target":{"@type":"EntryPoint","urlTemplate":"https:\/\/positiveprints.com\/de-at\/?s={search_term_string}"},"query-input":{"@type":"PropertyValueSpecification","valueRequired":true,"valueName":"search_term_string"}}],"inLanguage":"de-AT"},{"@type":"Organization","@id":"https:\/\/positiveprints.com\/de-at\/#organization","name":"Positive Prints","alternateName":"Positive Prints","url":"https:\/\/positiveprints.com\/de-at\/","logo":{"@type":"ImageObject","inLanguage":"de-AT","@id":"https:\/\/positiveprints.com\/de-at\/#\/schema\/logo\/image\/","url":"https:\/\/positiveprints.com\/wp-content\/uploads\/2026\/03\/245815646_1337939713319158_5671353136411139666_n.png","contentUrl":"https:\/\/positiveprints.com\/wp-content\/uploads\/2026\/03\/245815646_1337939713319158_5671353136411139666_n.png","width":800,"height":800,"caption":"Positive Prints"},"image":{"@id":"https:\/\/positiveprints.com\/de-at\/#\/schema\/logo\/image\/"},"sameAs":["https:\/\/www.facebook.com\/positiveprintscom","https:\/\/www.instagram.com\/positiveprintscom\/","https:\/\/www.tiktok.com\/@positiveprintscom","https:\/\/www.pinterest.com\/positiveprintscom\/"]}]}},"jetpack_sharing_enabled":true,"_links":{"self":[{"href":"https:\/\/positiveprints.com\/de-at\/wp-json\/wp\/v2\/product\/620207","targetHints":{"allow":["GET"]}}],"collection":[{"href":"https:\/\/positiveprints.com\/de-at\/wp-json\/wp\/v2\/product"}],"about":[{"href":"https:\/\/positiveprints.com\/de-at\/wp-json\/wp\/v2\/types\/product"}],"wp:featuredmedia":[{"embeddable":true,"href":"https:\/\/positiveprints.com\/de-at\/wp-json\/wp\/v2\/media\/1411274"}],"wp:attachment":[{"href":"https:\/\/positiveprints.com\/de-at\/wp-json\/wp\/v2\/media?parent=620207"}],"wp:term":[{"taxonomy":"product_brand","embeddable":true,"href":"https:\/\/positiveprints.com\/de-at\/wp-json\/wp\/v2\/product_brand?post=620207"},{"taxonomy":"product_cat","embeddable":true,"href":"https:\/\/positiveprints.com\/de-at\/wp-json\/wp\/v2\/product_cat?post=620207"},{"taxonomy":"product_tag","embeddable":true,"href":"https:\/\/positiveprints.com\/de-at\/wp-json\/wp\/v2\/product_tag?post=620207"}],"curies":[{"name":"wp","href":"https:\/\/api.w.org\/{rel}","templated":true}]}}