{"id":614070,"date":"2023-04-24T15:33:19","date_gmt":"2023-04-24T14:33:19","guid":{"rendered":"https:\/\/positiveprints.com\/product\/dreifache-sternenkarte-fuer-enkelkinder\/"},"modified":"2026-04-12T22:23:13","modified_gmt":"2026-04-12T21:23:13","slug":"dreifache-sternenkarte-fuer-enkelkinder","status":"publish","type":"product","link":"https:\/\/positiveprints.com\/de-at\/produkt\/dreifache-sternenkarte-fuer-enkelkinder\/","title":{"rendered":"Dreifache Sternenkarte f\u00fcr Enkelkinder"},"content":{"rendered":"<p style=\"margin-top: 1rem\">Suchst du nach dem perfekten Geschenk, um deinen Gro\u00dfeltern zu zeigen, wie sehr du sie liebst? Suche einfach nicht weiter &#8211; wir haben f\u00fcr dich unsere (dreifache) Sternenkarte f\u00fcr deine Gro\u00dfeltern, die alle ihre Enkelkinder darstellt. Dieser personalisierte Druck f\u00e4ngt die Sterne vom Tag der Geburt jedes Enkelkindes ein und ist somit das perfekte Geschenk f\u00fcr Oma oder Opatag, den Geburtstag der Gro\u00dfeltern, Weihnachten oder jeden anderen besonderen Anlass.<\/p>\r\n\r\n\r\n<p style=\"margin-top: 1rem\">Dieses sentimentale Geschenk wird deine Gro\u00dfeltern mit Sicherheit Tr\u00e4nen in die Augen treiben, wenn sie \u00fcber die besonderen Erinnerungen mit ihren Enkelkindern nachdenken. Die wundersch\u00f6nen Sternenkarten werden sie an die Momente erinnern, in denen ihr Leben durch die Liebe jedes Enkelkindes bereichert wurde.<\/p>\r\n\r\n\r\n<p style=\"margin-top: 1rem\">Das Erstellen einer (dreifache) Sternenkarte f\u00fcr deine Gro\u00dfeltern ist einfach und individuell! W\u00e4hle dein Lieblingsdesign und deine Lieblingsfarben aus kreisf\u00f6rmigen oder herzf\u00f6rmigen Karten aus einer Vielzahl von Farben. Gebe einfach das Geburtsdatum und den Geburtsort jedes Enkelkindes ein und sehe dir in der Online-Vorschau genau an, wie dein Kunstwerk aussehen wird. W\u00e4hle schlie\u00dflich aus mehreren Formaten und Gr\u00f6\u00dfen, um sicherzustellen, dass dein Geschenk perfekt zum gew\u00fcnschten Anlass passt.<\/p>\r\n\r\n\r\n<p style=\"margin-top: 1rem\">Zeige deine Liebe auf eine einzigartige Art und Weise, die deine Gro\u00dfeltern noch viele Jahre lang sch\u00e4tzen werden. Bestelle noch heute deine (dreifache) Sternenkarte f\u00fcr deine Gro\u00dfeltern und gestalte ein sentimentales Andenken, das sie an die Liebe ihrer Enkelkinder erinnern wird.<\/p>","protected":false},"excerpt":{"rendered":"<ul class=\"check-list\">\n<li>Entwerfe eigene Sternenkarte, die den Himmel von 3 verschiedenen Orten und Daten darstellt<\/li>\n<li>F\u00fcge Sternbilder und die Milchstra\u00dfe hinzu<\/li>\n<li>Passe es in 3 einfachen Schritten<\/li>\n<li>F\u00fcge einen aussagekr\u00e4ftigen personalisierten Text hinzu<\/li>\n<li>Sieh das Ergebnis sofort \u2013 die interaktive Vorschau erm\u00f6glicht dir, jedes Detail direkt anzupassen<\/li>\n<\/ul>\n","protected":false},"featured_media":1256938,"template":"","meta":[],"product_brand":[],"product_cat":[4906,11341,11344,7715,7602,8995,9095,5265],"product_tag":[15473,16063,8531,13321,13319],"class_list":{"0":"post-614070","1":"product","2":"type-product","3":"status-publish","4":"has-post-thumbnail","6":"product_cat-alle-produkte-de-at","7":"product_cat-weihnachtsgeschenke-fur-den-opa-de-at","8":"product_cat-weihnachtsgeschenke-fur-die-oma-de-at","9":"product_cat-geschenke-fur-deine-oma-de-at","10":"product_cat-geschenke-fur-opa-de-at","11":"product_cat-grosselterntag-de-at","12":"product_cat-trio-stars-de-at","13":"product_cat-weihnachtsgeschenke-de-at","14":"product_tag-enkelkinder-de-at","15":"product_tag-family-de-de-at","16":"product_tag-family-de-at","17":"product_tag-weihnachtsgeschenk-fur-den-opa","18":"product_tag-weihnachtsgeschenk-fur-die-oma-de-at","20":"first","21":"instock","22":"sale","23":"taxable","24":"shipping-taxable","25":"purchasable","26":"product-type-variable"},"yoast_head":"<!-- This site is optimized with the Yoast SEO Premium plugin v27.2 (Yoast SEO v27.2) - https:\/\/yoast.com\/product\/yoast-seo-premium-wordpress\/ -->\n<title>Dreifache Sternenkarte f\u00fcr Enkelkinder - Positive Prints<\/title>\n<meta name=\"description\" content=\"Bestelle noch heute deine (dreifache) Sternenkarte f\u00fcr deine Gro\u00dfeltern und gestalte ein sentimentales Andenken, das sie an die Liebe ihrer Enkelkinder erinnern wird.\" \/>\n<meta name=\"robots\" content=\"index, follow, max-snippet:-1, max-image-preview:large, max-video-preview:-1\" \/>\n<link rel=\"canonical\" href=\"https:\/\/positiveprints.com\/de-at\/produkt\/dreifache-sternenkarte-fuer-enkelkinder\/\" \/>\n<meta property=\"og:locale\" content=\"de_DE\" \/>\n<meta property=\"og:type\" content=\"article\" \/>\n<meta property=\"og:title\" content=\"Dreifache Sternenkarte f\u00fcr Enkelkinder\" \/>\n<meta property=\"og:description\" content=\"Entwerfe eigene Sternenkarte, die den Himmel von 3 verschiedenen Orten und Daten darstellt F\u00fcge Sternbilder und die Milchstra\u00dfe hinzu Passe es in 3 einfachen Schritten F\u00fcge einen aussagekr\u00e4ftigen personalisierten Text hinzu Sieh das Ergebnis sofort \u2013 die interaktive Vorschau erm\u00f6glicht dir, jedes Detail direkt anzupassen\" \/>\n<meta property=\"og:url\" content=\"https:\/\/positiveprints.com\/de-at\/produkt\/dreifache-sternenkarte-fuer-enkelkinder\/\" \/>\n<meta property=\"og:site_name\" content=\"Positive Prints\" \/>\n<meta property=\"article:publisher\" content=\"https:\/\/www.facebook.com\/positiveprintscom\" \/>\n<meta property=\"article:modified_time\" content=\"2026-04-12T21:23:13+00:00\" \/>\n<meta property=\"og:image\" content=\"https:\/\/positiveprints.com\/wp-content\/uploads\/2024\/11\/Packshot_DE_Grandkids-Triple-Star-Map-product-image-.webp\" \/>\n\t<meta property=\"og:image:width\" content=\"1450\" \/>\n\t<meta property=\"og:image:height\" content=\"1450\" \/>\n\t<meta property=\"og:image:type\" content=\"image\/webp\" \/>\n<meta name=\"twitter:card\" content=\"summary_large_image\" \/>\n<meta name=\"twitter:label1\" content=\"Gesch\u00e4tzte Lesezeit\" \/>\n\t<meta name=\"twitter:data1\" content=\"1 Minute\" \/>\n<!-- \/ Yoast SEO Premium plugin. -->","yoast_head_json":{"title":"Dreifache Sternenkarte f\u00fcr Enkelkinder - Positive Prints","description":"Bestelle noch heute deine (dreifache) Sternenkarte f\u00fcr deine Gro\u00dfeltern und gestalte ein sentimentales Andenken, das sie an die Liebe ihrer Enkelkinder erinnern wird.","robots":{"index":"index","follow":"follow","max-snippet":"max-snippet:-1","max-image-preview":"max-image-preview:large","max-video-preview":"max-video-preview:-1"},"canonical":"https:\/\/positiveprints.com\/de-at\/produkt\/dreifache-sternenkarte-fuer-enkelkinder\/","og_locale":"de_DE","og_type":"article","og_title":"Dreifache Sternenkarte f\u00fcr Enkelkinder","og_description":"Entwerfe eigene Sternenkarte, die den Himmel von 3 verschiedenen Orten und Daten darstellt F\u00fcge Sternbilder und die Milchstra\u00dfe hinzu Passe es in 3 einfachen Schritten F\u00fcge einen aussagekr\u00e4ftigen personalisierten Text hinzu Sieh das Ergebnis sofort \u2013 die interaktive Vorschau erm\u00f6glicht dir, jedes Detail direkt anzupassen","og_url":"https:\/\/positiveprints.com\/de-at\/produkt\/dreifache-sternenkarte-fuer-enkelkinder\/","og_site_name":"Positive Prints","article_publisher":"https:\/\/www.facebook.com\/positiveprintscom","article_modified_time":"2026-04-12T21:23:13+00:00","og_image":[{"width":1450,"height":1450,"url":"https:\/\/positiveprints.com\/wp-content\/uploads\/2024\/11\/Packshot_DE_Grandkids-Triple-Star-Map-product-image-.webp","type":"image\/webp"}],"twitter_card":"summary_large_image","twitter_misc":{"Gesch\u00e4tzte Lesezeit":"1 Minute"},"schema":{"@context":"https:\/\/schema.org","@graph":[{"@type":["WebPage","ItemPage"],"@id":"https:\/\/positiveprints.com\/de-at\/produkt\/dreifache-sternenkarte-fuer-enkelkinder\/","url":"https:\/\/positiveprints.com\/de-at\/produkt\/dreifache-sternenkarte-fuer-enkelkinder\/","name":"Dreifache Sternenkarte f\u00fcr Enkelkinder - Positive Prints","isPartOf":{"@id":"https:\/\/positiveprints.com\/de-at\/#website"},"primaryImageOfPage":{"@id":"https:\/\/positiveprints.com\/de-at\/produkt\/dreifache-sternenkarte-fuer-enkelkinder\/#primaryimage"},"image":{"@id":"https:\/\/positiveprints.com\/de-at\/produkt\/dreifache-sternenkarte-fuer-enkelkinder\/#primaryimage"},"thumbnailUrl":"https:\/\/positiveprints.com\/wp-content\/uploads\/2024\/11\/Packshot_DE_Grandkids-Triple-Star-Map-product-image-.webp","datePublished":"2023-04-24T14:33:19+00:00","dateModified":"2026-04-12T21:23:13+00:00","description":"Bestelle noch heute deine (dreifache) Sternenkarte f\u00fcr deine Gro\u00dfeltern und gestalte ein sentimentales Andenken, das sie an die Liebe ihrer Enkelkinder erinnern wird.","breadcrumb":{"@id":"https:\/\/positiveprints.com\/de-at\/produkt\/dreifache-sternenkarte-fuer-enkelkinder\/#breadcrumb"},"inLanguage":"de-AT","potentialAction":[{"@type":"ReadAction","target":["https:\/\/positiveprints.com\/de-at\/produkt\/dreifache-sternenkarte-fuer-enkelkinder\/"]}]},{"@type":"ImageObject","inLanguage":"de-AT","@id":"https:\/\/positiveprints.com\/de-at\/produkt\/dreifache-sternenkarte-fuer-enkelkinder\/#primaryimage","url":"https:\/\/positiveprints.com\/wp-content\/uploads\/2024\/11\/Packshot_DE_Grandkids-Triple-Star-Map-product-image-.webp","contentUrl":"https:\/\/positiveprints.com\/wp-content\/uploads\/2024\/11\/Packshot_DE_Grandkids-Triple-Star-Map-product-image-.webp","width":1450,"height":1450},{"@type":"BreadcrumbList","@id":"https:\/\/positiveprints.com\/de-at\/produkt\/dreifache-sternenkarte-fuer-enkelkinder\/#breadcrumb","itemListElement":[{"@type":"ListItem","position":1,"name":"Home","item":"https:\/\/positiveprints.com\/de-at\/"},{"@type":"ListItem","position":2,"name":"Products","item":"https:\/\/positiveprints.com\/de-at\/shop\/"},{"@type":"ListItem","position":3,"name":"Dreifache Sternenkarte f\u00fcr Enkelkinder"}]},{"@type":"WebSite","@id":"https:\/\/positiveprints.com\/de-at\/#website","url":"https:\/\/positiveprints.com\/de-at\/","name":"Positive Prints","description":"Amazing Custom Personalised Prints","publisher":{"@id":"https:\/\/positiveprints.com\/de-at\/#organization"},"potentialAction":[{"@type":"SearchAction","target":{"@type":"EntryPoint","urlTemplate":"https:\/\/positiveprints.com\/de-at\/?s={search_term_string}"},"query-input":{"@type":"PropertyValueSpecification","valueRequired":true,"valueName":"search_term_string"}}],"inLanguage":"de-AT"},{"@type":"Organization","@id":"https:\/\/positiveprints.com\/de-at\/#organization","name":"Positive Prints","alternateName":"Positive Prints","url":"https:\/\/positiveprints.com\/de-at\/","logo":{"@type":"ImageObject","inLanguage":"de-AT","@id":"https:\/\/positiveprints.com\/de-at\/#\/schema\/logo\/image\/","url":"https:\/\/positiveprints.com\/wp-content\/uploads\/2026\/03\/245815646_1337939713319158_5671353136411139666_n.png","contentUrl":"https:\/\/positiveprints.com\/wp-content\/uploads\/2026\/03\/245815646_1337939713319158_5671353136411139666_n.png","width":800,"height":800,"caption":"Positive Prints"},"image":{"@id":"https:\/\/positiveprints.com\/de-at\/#\/schema\/logo\/image\/"},"sameAs":["https:\/\/www.facebook.com\/positiveprintscom","https:\/\/www.instagram.com\/positiveprintscom\/","https:\/\/www.tiktok.com\/@positiveprintscom","https:\/\/www.pinterest.com\/positiveprintscom\/"]}]}},"jetpack_sharing_enabled":true,"_links":{"self":[{"href":"https:\/\/positiveprints.com\/de-at\/wp-json\/wp\/v2\/product\/614070","targetHints":{"allow":["GET"]}}],"collection":[{"href":"https:\/\/positiveprints.com\/de-at\/wp-json\/wp\/v2\/product"}],"about":[{"href":"https:\/\/positiveprints.com\/de-at\/wp-json\/wp\/v2\/types\/product"}],"wp:featuredmedia":[{"embeddable":true,"href":"https:\/\/positiveprints.com\/de-at\/wp-json\/wp\/v2\/media\/1256938"}],"wp:attachment":[{"href":"https:\/\/positiveprints.com\/de-at\/wp-json\/wp\/v2\/media?parent=614070"}],"wp:term":[{"taxonomy":"product_brand","embeddable":true,"href":"https:\/\/positiveprints.com\/de-at\/wp-json\/wp\/v2\/product_brand?post=614070"},{"taxonomy":"product_cat","embeddable":true,"href":"https:\/\/positiveprints.com\/de-at\/wp-json\/wp\/v2\/product_cat?post=614070"},{"taxonomy":"product_tag","embeddable":true,"href":"https:\/\/positiveprints.com\/de-at\/wp-json\/wp\/v2\/product_tag?post=614070"}],"curies":[{"name":"wp","href":"https:\/\/api.w.org\/{rel}","templated":true}]}}