{"id":614022,"date":"2023-04-20T10:10:24","date_gmt":"2023-04-20T09:10:24","guid":{"rendered":"https:\/\/positiveprints.com\/product\/geschwister-doppelsternkarte\/"},"modified":"2026-04-12T22:25:53","modified_gmt":"2026-04-12T21:25:53","slug":"geschwister-doppelsternkarte","status":"publish","type":"product","link":"https:\/\/positiveprints.com\/de-at\/produkt\/geschwister-doppelsternkarte\/","title":{"rendered":"Geschwister-Doppelsternkarte"},"content":{"rendered":"<p style=\"margin-top: 1rem\">Suchst du nach einem personalisierten Geschenk, das so einzigartig ist wie die Bindung, die du mit deinem Bruder oder deiner Schwester teilst? Dann: Suche nicht weiter als bis zu unseren Geschwister-Doppelsternkarte! Dieser atemberaubende Druck zeigt zwei individuelle Sternenkarten nebeneinander, von denen jede den genauen Moment und Ort des Sternenhimmels einf\u00e4ngt. Mit unz\u00e4hligen Anpassungsm\u00f6glichkeiten kannst du eine besondere Sternenkarte f\u00fcr sich selbst und eine f\u00fcr deine Geschwister erstellen und so an alle besonderen Momente erinnern, die ihr geteilt habt \u2013 von Geburtstagen und Feiertagen bis hin zu unvergesslichen Abenteuern und gemeinsamen Erfolgen. Mit unserem benutzerfreundlichen Online-Editor ist das Erstellen einer individuellen Doppelsternkarte schneller und einfacher als je zuvor. Warum also warten, um deine Geschwister mit einem Geschenk zu \u00fcberraschen, das wirklich gl\u00e4nzt?<\/p>\r\n\r\n\r\n<p style=\"margin-top: 1rem\">Das Erstellen deiner Geschwister-Doppelsternkarte ist ganz einfach. Tobe dich in unserem Online-Kreator aus und w\u00e4hle den Stil, das Design und die Farben aus, die am besten zum Geschmack Geschwisterpaares passen. Gebe die Daten und Orte ein, an die ihr euch erinnern m\u00f6chtet und unser Editor zeigt dir genau, wie die Sternenkarten an diesen Tagen aussehen werden. Du kannst dir eine Vorschau deiner Kreation anzeigen lassen und alle erforderlichen \u00c4nderungen vornehmen, bevor du aus einer Vielzahl von Formaten und Gr\u00f6\u00dfen ausw\u00e4hlst, darunter gedruckte oder gerahmte Poster, Leinwand oder sofortige digitale Downloads.<\/p>\r\n\r\n\r\n<p style=\"margin-top: 1rem\">Ob zum Geburtstag, zu Weihnachten oder einfach so, die Geschwister-Doppelsternkarte ist die perfekte M\u00f6glichkeit, deinem Bruder oder Schwester zu zeigen, wie sehr du dich um sie k\u00fcmmerst. Halte besondere gemeinsame Momente mit diesem einzigartigen Geschenk fest. Bestelle noch heute und gebe deinen Geschwistern das Gef\u00fchl, geliebt und gesch\u00e4tzt zu werden wie nie zuvor.<\/p>","protected":false},"excerpt":{"rendered":"<ul class=\"check-list\">\n<li>Entwerfe deine eigene Sternkarte, die den Himmel von zwei verschiedenen Orten und Daten darstellt<\/li>\n<li>F\u00fcge Sternbilder und die Milchstra\u00dfe hinzu<\/li>\n<li>Passe es in 3 einfachen Schritten<\/li>\n<li>F\u00fcge einen aussagekr\u00e4ftigen personalisierten Text hinzu<\/li>\n<li>Sieh das Ergebnis sofort \u2013 die interaktive Vorschau erm\u00f6glicht dir, jedes Detail direkt anzupassen<\/li>\n<\/ul>\n","protected":false},"featured_media":1490264,"template":"","meta":[],"product_brand":[],"product_cat":[4906,9098,7618,11332,11369,7731,5265],"product_tag":[12528,16063,8531,17186,17275,12529,12572,15269,12571,13423,13452],"class_list":{"0":"post-614022","1":"product","2":"type-product","3":"status-publish","4":"has-post-thumbnail","6":"product_cat-alle-produkte-de-at","7":"product_cat-duo-stars-de-at","8":"product_cat-geschenke-fur-bruder-de-at","9":"product_cat-weihnachtsgeschenke-fur-den-bruder-de-at","10":"product_cat-weihnachtsgeschenke-fur-die-schwester-de-at","11":"product_cat-geschenke-fur-schwester-de-at","12":"product_cat-weihnachtsgeschenke-de-at","13":"product_tag-bruder-de-at","14":"product_tag-family-de-de-at","15":"product_tag-family-de-at","16":"product_tag-geschenk-fuer-bruder","17":"product_tag-geschenk-fuer-schwester","18":"product_tag-geschenke-fur-den-bruder-de-at","19":"product_tag-geschenke-fur-die-schwester","20":"product_tag-prezenty-swiateczne-dla-brata-de-at","21":"product_tag-schwester","22":"product_tag-weihnachtsgeschenk-fur-die-schwester-de-at","23":"product_tag-weihnachtsgeschenke-fur-den-bruder-de-at","25":"first","26":"instock","27":"sale","28":"taxable","29":"shipping-taxable","30":"purchasable","31":"product-type-variable"},"yoast_head":"<!-- This site is optimized with the Yoast SEO Premium plugin v27.2 (Yoast SEO v27.2) - https:\/\/yoast.com\/product\/yoast-seo-premium-wordpress\/ -->\n<title>Geschwister-Doppelsternkarte - Positive Prints<\/title>\n<meta name=\"description\" content=\"Suchst du nach einem personalisierten Geschenk, das so einzigartig ist wie die Bindung, die du mit deinem Bruder oder Schwester teilst? Dann: Suche nicht weiter als bis zur Geschwister-Doppelsternkarte!\" \/>\n<meta name=\"robots\" content=\"index, follow, max-snippet:-1, max-image-preview:large, max-video-preview:-1\" \/>\n<link rel=\"canonical\" href=\"https:\/\/positiveprints.com\/de-at\/produkt\/geschwister-doppelsternkarte\/\" \/>\n<meta property=\"og:locale\" content=\"de_DE\" \/>\n<meta property=\"og:type\" content=\"article\" \/>\n<meta property=\"og:title\" content=\"Geschwister-Doppelsternkarte\" \/>\n<meta property=\"og:description\" content=\"Entwerfe deine eigene Sternkarte, die den Himmel von zwei verschiedenen Orten und Daten darstellt F\u00fcge Sternbilder und die Milchstra\u00dfe hinzu Passe es in 3 einfachen Schritten F\u00fcge einen aussagekr\u00e4ftigen personalisierten Text hinzu Sieh das Ergebnis sofort \u2013 die interaktive Vorschau erm\u00f6glicht dir, jedes Detail direkt anzupassen\" \/>\n<meta property=\"og:url\" content=\"https:\/\/positiveprints.com\/de-at\/produkt\/geschwister-doppelsternkarte\/\" \/>\n<meta property=\"og:site_name\" content=\"Positive Prints\" \/>\n<meta property=\"article:publisher\" content=\"https:\/\/www.facebook.com\/positiveprintscom\" \/>\n<meta property=\"article:modified_time\" content=\"2026-04-12T21:25:53+00:00\" \/>\n<meta property=\"og:image\" content=\"https:\/\/positiveprints.com\/wp-content\/uploads\/2024\/11\/Packshot_DE_Siblings-Double-Star-Map-product-image-.webp\" \/>\n\t<meta property=\"og:image:width\" content=\"1450\" \/>\n\t<meta property=\"og:image:height\" content=\"1450\" \/>\n\t<meta property=\"og:image:type\" content=\"image\/webp\" \/>\n<meta name=\"twitter:card\" content=\"summary_large_image\" \/>\n<meta name=\"twitter:label1\" content=\"Gesch\u00e4tzte Lesezeit\" \/>\n\t<meta name=\"twitter:data1\" content=\"2 Minuten\" \/>\n<!-- \/ Yoast SEO Premium plugin. -->","yoast_head_json":{"title":"Geschwister-Doppelsternkarte - Positive Prints","description":"Suchst du nach einem personalisierten Geschenk, das so einzigartig ist wie die Bindung, die du mit deinem Bruder oder Schwester teilst? Dann: Suche nicht weiter als bis zur Geschwister-Doppelsternkarte!","robots":{"index":"index","follow":"follow","max-snippet":"max-snippet:-1","max-image-preview":"max-image-preview:large","max-video-preview":"max-video-preview:-1"},"canonical":"https:\/\/positiveprints.com\/de-at\/produkt\/geschwister-doppelsternkarte\/","og_locale":"de_DE","og_type":"article","og_title":"Geschwister-Doppelsternkarte","og_description":"Entwerfe deine eigene Sternkarte, die den Himmel von zwei verschiedenen Orten und Daten darstellt F\u00fcge Sternbilder und die Milchstra\u00dfe hinzu Passe es in 3 einfachen Schritten F\u00fcge einen aussagekr\u00e4ftigen personalisierten Text hinzu Sieh das Ergebnis sofort \u2013 die interaktive Vorschau erm\u00f6glicht dir, jedes Detail direkt anzupassen","og_url":"https:\/\/positiveprints.com\/de-at\/produkt\/geschwister-doppelsternkarte\/","og_site_name":"Positive Prints","article_publisher":"https:\/\/www.facebook.com\/positiveprintscom","article_modified_time":"2026-04-12T21:25:53+00:00","og_image":[{"width":1450,"height":1450,"url":"https:\/\/positiveprints.com\/wp-content\/uploads\/2024\/11\/Packshot_DE_Siblings-Double-Star-Map-product-image-.webp","type":"image\/webp"}],"twitter_card":"summary_large_image","twitter_misc":{"Gesch\u00e4tzte Lesezeit":"2 Minuten"},"schema":{"@context":"https:\/\/schema.org","@graph":[{"@type":["WebPage","ItemPage"],"@id":"https:\/\/positiveprints.com\/de-at\/produkt\/geschwister-doppelsternkarte\/","url":"https:\/\/positiveprints.com\/de-at\/produkt\/geschwister-doppelsternkarte\/","name":"Geschwister-Doppelsternkarte - Positive Prints","isPartOf":{"@id":"https:\/\/positiveprints.com\/de-at\/#website"},"primaryImageOfPage":{"@id":"https:\/\/positiveprints.com\/de-at\/produkt\/geschwister-doppelsternkarte\/#primaryimage"},"image":{"@id":"https:\/\/positiveprints.com\/de-at\/produkt\/geschwister-doppelsternkarte\/#primaryimage"},"thumbnailUrl":"https:\/\/positiveprints.com\/wp-content\/uploads\/2025\/08\/Packshot_DE_Geschwister-Doppelsternkarte.webp","datePublished":"2023-04-20T09:10:24+00:00","dateModified":"2026-04-12T21:25:53+00:00","description":"Suchst du nach einem personalisierten Geschenk, das so einzigartig ist wie die Bindung, die du mit deinem Bruder oder Schwester teilst? Dann: Suche nicht weiter als bis zur Geschwister-Doppelsternkarte!","breadcrumb":{"@id":"https:\/\/positiveprints.com\/de-at\/produkt\/geschwister-doppelsternkarte\/#breadcrumb"},"inLanguage":"de-AT","potentialAction":[{"@type":"ReadAction","target":["https:\/\/positiveprints.com\/de-at\/produkt\/geschwister-doppelsternkarte\/"]}]},{"@type":"ImageObject","inLanguage":"de-AT","@id":"https:\/\/positiveprints.com\/de-at\/produkt\/geschwister-doppelsternkarte\/#primaryimage","url":"https:\/\/positiveprints.com\/wp-content\/uploads\/2025\/08\/Packshot_DE_Geschwister-Doppelsternkarte.webp","contentUrl":"https:\/\/positiveprints.com\/wp-content\/uploads\/2025\/08\/Packshot_DE_Geschwister-Doppelsternkarte.webp","width":1450,"height":1450},{"@type":"BreadcrumbList","@id":"https:\/\/positiveprints.com\/de-at\/produkt\/geschwister-doppelsternkarte\/#breadcrumb","itemListElement":[{"@type":"ListItem","position":1,"name":"Home","item":"https:\/\/positiveprints.com\/de-at\/"},{"@type":"ListItem","position":2,"name":"Products","item":"https:\/\/positiveprints.com\/de-at\/shop\/"},{"@type":"ListItem","position":3,"name":"Geschwister-Doppelsternkarte"}]},{"@type":"WebSite","@id":"https:\/\/positiveprints.com\/de-at\/#website","url":"https:\/\/positiveprints.com\/de-at\/","name":"Positive Prints","description":"Amazing Custom Personalised Prints","publisher":{"@id":"https:\/\/positiveprints.com\/de-at\/#organization"},"potentialAction":[{"@type":"SearchAction","target":{"@type":"EntryPoint","urlTemplate":"https:\/\/positiveprints.com\/de-at\/?s={search_term_string}"},"query-input":{"@type":"PropertyValueSpecification","valueRequired":true,"valueName":"search_term_string"}}],"inLanguage":"de-AT"},{"@type":"Organization","@id":"https:\/\/positiveprints.com\/de-at\/#organization","name":"Positive Prints","alternateName":"Positive Prints","url":"https:\/\/positiveprints.com\/de-at\/","logo":{"@type":"ImageObject","inLanguage":"de-AT","@id":"https:\/\/positiveprints.com\/de-at\/#\/schema\/logo\/image\/","url":"https:\/\/positiveprints.com\/wp-content\/uploads\/2026\/03\/245815646_1337939713319158_5671353136411139666_n.png","contentUrl":"https:\/\/positiveprints.com\/wp-content\/uploads\/2026\/03\/245815646_1337939713319158_5671353136411139666_n.png","width":800,"height":800,"caption":"Positive Prints"},"image":{"@id":"https:\/\/positiveprints.com\/de-at\/#\/schema\/logo\/image\/"},"sameAs":["https:\/\/www.facebook.com\/positiveprintscom","https:\/\/www.instagram.com\/positiveprintscom\/","https:\/\/www.tiktok.com\/@positiveprintscom","https:\/\/www.pinterest.com\/positiveprintscom\/"]}]}},"jetpack_sharing_enabled":true,"_links":{"self":[{"href":"https:\/\/positiveprints.com\/de-at\/wp-json\/wp\/v2\/product\/614022","targetHints":{"allow":["GET"]}}],"collection":[{"href":"https:\/\/positiveprints.com\/de-at\/wp-json\/wp\/v2\/product"}],"about":[{"href":"https:\/\/positiveprints.com\/de-at\/wp-json\/wp\/v2\/types\/product"}],"wp:featuredmedia":[{"embeddable":true,"href":"https:\/\/positiveprints.com\/de-at\/wp-json\/wp\/v2\/media\/1490264"}],"wp:attachment":[{"href":"https:\/\/positiveprints.com\/de-at\/wp-json\/wp\/v2\/media?parent=614022"}],"wp:term":[{"taxonomy":"product_brand","embeddable":true,"href":"https:\/\/positiveprints.com\/de-at\/wp-json\/wp\/v2\/product_brand?post=614022"},{"taxonomy":"product_cat","embeddable":true,"href":"https:\/\/positiveprints.com\/de-at\/wp-json\/wp\/v2\/product_cat?post=614022"},{"taxonomy":"product_tag","embeddable":true,"href":"https:\/\/positiveprints.com\/de-at\/wp-json\/wp\/v2\/product_tag?post=614022"}],"curies":[{"name":"wp","href":"https:\/\/api.w.org\/{rel}","templated":true}]}}