{"id":613909,"date":"2023-06-02T13:30:00","date_gmt":"2023-06-02T12:30:00","guid":{"rendered":"https:\/\/positiveprints.com\/product\/als-aus-zwei-eins-wurde-eine-doppelsternkarte\/"},"modified":"2026-04-18T05:43:15","modified_gmt":"2026-04-18T04:43:15","slug":"als-aus-zwei-eins-wurde-eine-doppelsternkarte","status":"publish","type":"product","link":"https:\/\/positiveprints.com\/de-at\/produkt\/als-aus-zwei-eins-wurde-eine-doppelsternkarte\/","title":{"rendered":"\u201cAls aus zwei Eins wurde\u201d &#8211; eine Doppelsternkarte"},"content":{"rendered":"<p style=\"margin-top: 1rem\">Die Doppelsternkarte \u201eAls aus zwei Eins wurde\u201c ist ein wundersch\u00f6ner und vollst\u00e4ndig personalisierter Druck, perfekt f\u00fcr Jahrestag, Hochzeit, Valentinstag oder Weihnachten. Dieser exquisite Druck zeigt zwei Sternenkarten nebeneinander, die zwei Sternenhimmel von zwei verschiedenen Tagen darstellen, die f\u00fcr dich und deine Liebsten eine wichtige Bedeutung haben. Ob es der Tag eurer Verlobung, der Tag eurer Hochzeit oder ein anderer besonderer Anlass ist, dieses einzigartige Geschenk wird mit Sicherheit f\u00fcr viele Jahre wertvolle Erinnerungen und Emotionen wecken.<\/p>\r\n\r\n\r\n<p style=\"margin-top: 1rem\">Dank unseres Online-Kreators ist es ganz einfach, deine ganz eigene Doppelsternkarte \u201eAls aus zwei Eins wurde\u201c  zu erstellen. W\u00e4hle das Design, den Stil und die Farben, die deinen pers\u00f6nlichen Geschmack am besten widerspiegeln. W\u00e4hle die beiden Daten und Orte aus, die f\u00fcr dich und deine Liebsten von Bedeutung sind und entdecke, wie der Himmel an diesen besonderen Tagen aussah. Du kannst dem Druck auch eine personalisierte Nachricht hinzuf\u00fcgen, um zu zeigen, wie sehr dir das Anliegen am Herzen liegt. Schlie\u00dflich kannst du dein Kunstwerk als Poster, Leinwand oder als digital herunterladbares Format drucken oder rahmen lassen.<\/p>\r\n\r\n\r\n<p style=\"margin-top: 1rem\">Die Doppelsternkarte \u201eAls aus zwei Eins wurde\u201c ist ein wirklich besonderes Geschenk, dessen Herstellung M\u00fche und \u00dcberlegung erfordert und dein geliebter Mensch wird mit Sicherheit die Liebe und Sorgfalt sp\u00fcren, die du in die Herstellung gesteckt hast. Es ist das perfekte Geschenk, das du in keinem Marktregal finden wirst, da es wirklich f\u00fcr eine einzigartige und gesch\u00e4tzte Person in deinem Leben gefertigt wurde. Es ist ein Geschenk, das sie sch\u00e4tzen und an kommende Generationen weitergeben werden. Erstelle noch heute deine ganz eigene Doppelsternkarte \u201eAls aus zwei Eins wurde\u201c und mache deinen Liebsten ein Geschenk, das sie nie vergessen werden!<\/p>","protected":false},"excerpt":{"rendered":"<ul class=\"check-list\">\n<li>Entwerfe deine eigene Sternkarte, die den Himmel von zwei verschiedenen Orten und Daten darstellt<\/li>\n<li>F\u00fcge Sternbilder und die Milchstra\u00dfe hinzu<\/li>\n<li>Passe es in 3 einfachen Schritten<\/li>\n<li>F\u00fcge einen aussagekr\u00e4ftigen personalisierten Text hinzu<\/li>\n<li>Sieh das Ergebnis sofort \u2013 die interaktive Vorschau erm\u00f6glicht dir, jedes Detail direkt anzupassen<\/li>\n<\/ul>\n","protected":false},"featured_media":1252639,"template":"","meta":[],"product_brand":[],"product_cat":[9098,4906,5324,11170,11164,11167,7922,8002,7682],"product_tag":[8475],"class_list":{"0":"post-613909","1":"product","2":"type-product","3":"status-publish","4":"has-post-thumbnail","6":"product_cat-duo-stars-de-at","7":"product_cat-alle-produkte-de-at","8":"product_cat-jubilaumsgeschenke-de-at","9":"product_cat-jahrestag-geschenk-fur-paare-de-at","10":"product_cat-jahrestag-geschenke-fur-sie-de-at","11":"product_cat-jahrestag-geschenk-fur-ihn-de-at","12":"product_cat-brautduschen-geschenke-de-at","13":"product_cat-geschenke-fur-manner-de-at","14":"product_cat-geschenke-fur-wichtige-frauen-in-deinem-leben-de-at","15":"product_tag-wedding-de-at","17":"first","18":"instock","19":"sale","20":"taxable","21":"shipping-taxable","22":"purchasable","23":"product-type-variable"},"yoast_head":"<!-- This site is optimized with the Yoast SEO Premium plugin v27.2 (Yoast SEO v27.2) - https:\/\/yoast.com\/product\/yoast-seo-premium-wordpress\/ -->\n<title>Als aus zwei Eins wurde Doppelsternkarte - Positive Prints<\/title>\n<meta name=\"description\" content=\"Erstelle noch heute deine ganz eigene Doppelsternkarte \u201eAls aus zwei Eins wurde und mache deinen Liebsten ein Geschenk, das sie nie vergessen werden!\" \/>\n<meta name=\"robots\" content=\"index, follow, max-snippet:-1, max-image-preview:large, max-video-preview:-1\" \/>\n<link rel=\"canonical\" href=\"https:\/\/positiveprints.com\/de-at\/produkt\/als-aus-zwei-eins-wurde-eine-doppelsternkarte\/\" \/>\n<meta property=\"og:locale\" content=\"de_DE\" \/>\n<meta property=\"og:type\" content=\"article\" \/>\n<meta property=\"og:title\" content=\"\u201cAls aus zwei Eins wurde\u201d - eine Doppelsternkarte\" \/>\n<meta property=\"og:description\" content=\"Entwerfe deine eigene Sternkarte, die den Himmel von zwei verschiedenen Orten und Daten darstellt F\u00fcge Sternbilder und die Milchstra\u00dfe hinzu Passe es in 3 einfachen Schritten F\u00fcge einen aussagekr\u00e4ftigen personalisierten Text hinzu Sieh das Ergebnis sofort \u2013 die interaktive Vorschau erm\u00f6glicht dir, jedes Detail direkt anzupassen\" \/>\n<meta property=\"og:url\" content=\"https:\/\/positiveprints.com\/de-at\/produkt\/als-aus-zwei-eins-wurde-eine-doppelsternkarte\/\" \/>\n<meta property=\"og:site_name\" content=\"Positive Prints\" \/>\n<meta property=\"article:publisher\" content=\"https:\/\/www.facebook.com\/positiveprintscom\" \/>\n<meta property=\"article:modified_time\" content=\"2026-04-18T04:43:15+00:00\" \/>\n<meta property=\"og:image\" content=\"https:\/\/positiveprints.com\/wp-content\/uploads\/2024\/11\/PACKSHOT_DE_When-Two-Became-One-Double-Star-Map-product-image-.webp\" \/>\n\t<meta property=\"og:image:width\" content=\"1450\" \/>\n\t<meta property=\"og:image:height\" content=\"1450\" \/>\n\t<meta property=\"og:image:type\" content=\"image\/webp\" \/>\n<meta name=\"twitter:card\" content=\"summary_large_image\" \/>\n<meta name=\"twitter:label1\" content=\"Gesch\u00e4tzte Lesezeit\" \/>\n\t<meta name=\"twitter:data1\" content=\"2 Minuten\" \/>\n<!-- \/ Yoast SEO Premium plugin. -->","yoast_head_json":{"title":"Als aus zwei Eins wurde Doppelsternkarte - Positive Prints","description":"Erstelle noch heute deine ganz eigene Doppelsternkarte \u201eAls aus zwei Eins wurde und mache deinen Liebsten ein Geschenk, das sie nie vergessen werden!","robots":{"index":"index","follow":"follow","max-snippet":"max-snippet:-1","max-image-preview":"max-image-preview:large","max-video-preview":"max-video-preview:-1"},"canonical":"https:\/\/positiveprints.com\/de-at\/produkt\/als-aus-zwei-eins-wurde-eine-doppelsternkarte\/","og_locale":"de_DE","og_type":"article","og_title":"\u201cAls aus zwei Eins wurde\u201d - eine Doppelsternkarte","og_description":"Entwerfe deine eigene Sternkarte, die den Himmel von zwei verschiedenen Orten und Daten darstellt F\u00fcge Sternbilder und die Milchstra\u00dfe hinzu Passe es in 3 einfachen Schritten F\u00fcge einen aussagekr\u00e4ftigen personalisierten Text hinzu Sieh das Ergebnis sofort \u2013 die interaktive Vorschau erm\u00f6glicht dir, jedes Detail direkt anzupassen","og_url":"https:\/\/positiveprints.com\/de-at\/produkt\/als-aus-zwei-eins-wurde-eine-doppelsternkarte\/","og_site_name":"Positive Prints","article_publisher":"https:\/\/www.facebook.com\/positiveprintscom","article_modified_time":"2026-04-18T04:43:15+00:00","og_image":[{"width":1450,"height":1450,"url":"https:\/\/positiveprints.com\/wp-content\/uploads\/2024\/11\/PACKSHOT_DE_When-Two-Became-One-Double-Star-Map-product-image-.webp","type":"image\/webp"}],"twitter_card":"summary_large_image","twitter_misc":{"Gesch\u00e4tzte Lesezeit":"2 Minuten"},"schema":{"@context":"https:\/\/schema.org","@graph":[{"@type":["WebPage","ItemPage"],"@id":"https:\/\/positiveprints.com\/de-at\/produkt\/als-aus-zwei-eins-wurde-eine-doppelsternkarte\/","url":"https:\/\/positiveprints.com\/de-at\/produkt\/als-aus-zwei-eins-wurde-eine-doppelsternkarte\/","name":"Als aus zwei Eins wurde Doppelsternkarte - Positive Prints","isPartOf":{"@id":"https:\/\/positiveprints.com\/de-at\/#website"},"primaryImageOfPage":{"@id":"https:\/\/positiveprints.com\/de-at\/produkt\/als-aus-zwei-eins-wurde-eine-doppelsternkarte\/#primaryimage"},"image":{"@id":"https:\/\/positiveprints.com\/de-at\/produkt\/als-aus-zwei-eins-wurde-eine-doppelsternkarte\/#primaryimage"},"thumbnailUrl":"https:\/\/positiveprints.com\/wp-content\/uploads\/2024\/11\/PACKSHOT_DE_When-Two-Became-One-Double-Star-Map-product-image-.webp","datePublished":"2023-06-02T12:30:00+00:00","dateModified":"2026-04-18T04:43:15+00:00","description":"Erstelle noch heute deine ganz eigene Doppelsternkarte \u201eAls aus zwei Eins wurde und mache deinen Liebsten ein Geschenk, das sie nie vergessen werden!","breadcrumb":{"@id":"https:\/\/positiveprints.com\/de-at\/produkt\/als-aus-zwei-eins-wurde-eine-doppelsternkarte\/#breadcrumb"},"inLanguage":"de-AT","potentialAction":[{"@type":"ReadAction","target":["https:\/\/positiveprints.com\/de-at\/produkt\/als-aus-zwei-eins-wurde-eine-doppelsternkarte\/"]}]},{"@type":"ImageObject","inLanguage":"de-AT","@id":"https:\/\/positiveprints.com\/de-at\/produkt\/als-aus-zwei-eins-wurde-eine-doppelsternkarte\/#primaryimage","url":"https:\/\/positiveprints.com\/wp-content\/uploads\/2024\/11\/PACKSHOT_DE_When-Two-Became-One-Double-Star-Map-product-image-.webp","contentUrl":"https:\/\/positiveprints.com\/wp-content\/uploads\/2024\/11\/PACKSHOT_DE_When-Two-Became-One-Double-Star-Map-product-image-.webp","width":1450,"height":1450},{"@type":"BreadcrumbList","@id":"https:\/\/positiveprints.com\/de-at\/produkt\/als-aus-zwei-eins-wurde-eine-doppelsternkarte\/#breadcrumb","itemListElement":[{"@type":"ListItem","position":1,"name":"Home","item":"https:\/\/positiveprints.com\/de-at\/"},{"@type":"ListItem","position":2,"name":"Products","item":"https:\/\/positiveprints.com\/de-at\/shop\/"},{"@type":"ListItem","position":3,"name":"\u201cAls aus zwei Eins wurde\u201d &#8211; eine Doppelsternkarte"}]},{"@type":"WebSite","@id":"https:\/\/positiveprints.com\/de-at\/#website","url":"https:\/\/positiveprints.com\/de-at\/","name":"Positive Prints","description":"Amazing Custom Personalised Prints","publisher":{"@id":"https:\/\/positiveprints.com\/de-at\/#organization"},"potentialAction":[{"@type":"SearchAction","target":{"@type":"EntryPoint","urlTemplate":"https:\/\/positiveprints.com\/de-at\/?s={search_term_string}"},"query-input":{"@type":"PropertyValueSpecification","valueRequired":true,"valueName":"search_term_string"}}],"inLanguage":"de-AT"},{"@type":"Organization","@id":"https:\/\/positiveprints.com\/de-at\/#organization","name":"Positive Prints","alternateName":"Positive Prints","url":"https:\/\/positiveprints.com\/de-at\/","logo":{"@type":"ImageObject","inLanguage":"de-AT","@id":"https:\/\/positiveprints.com\/de-at\/#\/schema\/logo\/image\/","url":"https:\/\/positiveprints.com\/wp-content\/uploads\/2026\/03\/245815646_1337939713319158_5671353136411139666_n.png","contentUrl":"https:\/\/positiveprints.com\/wp-content\/uploads\/2026\/03\/245815646_1337939713319158_5671353136411139666_n.png","width":800,"height":800,"caption":"Positive Prints"},"image":{"@id":"https:\/\/positiveprints.com\/de-at\/#\/schema\/logo\/image\/"},"sameAs":["https:\/\/www.facebook.com\/positiveprintscom","https:\/\/www.instagram.com\/positiveprintscom\/","https:\/\/www.tiktok.com\/@positiveprintscom","https:\/\/www.pinterest.com\/positiveprintscom\/"]}]}},"jetpack_sharing_enabled":true,"_links":{"self":[{"href":"https:\/\/positiveprints.com\/de-at\/wp-json\/wp\/v2\/product\/613909","targetHints":{"allow":["GET"]}}],"collection":[{"href":"https:\/\/positiveprints.com\/de-at\/wp-json\/wp\/v2\/product"}],"about":[{"href":"https:\/\/positiveprints.com\/de-at\/wp-json\/wp\/v2\/types\/product"}],"wp:featuredmedia":[{"embeddable":true,"href":"https:\/\/positiveprints.com\/de-at\/wp-json\/wp\/v2\/media\/1252639"}],"wp:attachment":[{"href":"https:\/\/positiveprints.com\/de-at\/wp-json\/wp\/v2\/media?parent=613909"}],"wp:term":[{"taxonomy":"product_brand","embeddable":true,"href":"https:\/\/positiveprints.com\/de-at\/wp-json\/wp\/v2\/product_brand?post=613909"},{"taxonomy":"product_cat","embeddable":true,"href":"https:\/\/positiveprints.com\/de-at\/wp-json\/wp\/v2\/product_cat?post=613909"},{"taxonomy":"product_tag","embeddable":true,"href":"https:\/\/positiveprints.com\/de-at\/wp-json\/wp\/v2\/product_tag?post=613909"}],"curies":[{"name":"wp","href":"https:\/\/api.w.org\/{rel}","templated":true}]}}