{"id":613871,"date":"2023-04-17T14:23:38","date_gmt":"2023-04-17T13:23:38","guid":{"rendered":"https:\/\/positiveprints.com\/product\/doppelsternkarte-fuer-mama-und-papa\/"},"modified":"2026-04-12T22:29:59","modified_gmt":"2026-04-12T21:29:59","slug":"doppelsternkarte-fuer-mama-und-papa","status":"publish","type":"product","link":"https:\/\/positiveprints.com\/de-at\/produkt\/doppelsternkarte-fuer-mama-und-papa\/","title":{"rendered":"Doppelsternkarte f\u00fcr Mama und Papa"},"content":{"rendered":"<p style=\"margin-top: 1rem\">Die Doppelsternkarte f\u00fcr Mama und Papa ist ein einzigartiges und bedeutungsvolles Geschenk, das deine Eltern sicherlich sch\u00e4tzen werden. Es handelt sich um ein personalisiertes Geschenk, das zwei Sternenkarten von zwei wichtigen Daten im Leben deiner Eltern pr\u00e4sentiert. Eines f\u00fcr deine Mutter und das andere f\u00fcr deinen Vater. Du kannst die Sternenkarten mit den Daten ihrer Geburtstage, dem Tag ihrer Verlobung und Heirat oder sogar den Daten deiner Geburt und deiner Geschwister darstellen.<\/p>\r\n\r\n\r\n<p style=\"margin-top: 1rem\">Dank unserem Online-Kreators ist das Erstellen einer Doppelsternkarte sehr einfach. F\u00fcr deinen individuellen Druck kannst du aus einer breiten Palette an Stilen und Farben w\u00e4hlen. Vermerke die besonderen Daten und Orte und schau dir an, wie der Nachthimmel in diesen besonderen Momenten aussah. Du kannst aus unseren verschiedenen Optionen w\u00e4hlen, z. B. einem gedruckten Poster, einem gerahmten Poster, einer Leinwand oder einem sofortigen digitalen Download.<\/p>\r\n\r\n\r\n<p style=\"margin-top: 1rem\">Die Doppelsternkarte f\u00fcr Mama und Papa eignet sich perfekt zum Verschenken zu besonderen Anl\u00e4ssen wie Geburtstagen, Weihnachten, Muttertag oder Vatertag. Es ist eine r\u00fchrende Art, die bedeutenden Ereignisse und Momente im Leben deiner Eltern zu feiern und sich daran zu erinnern. Dieses personalisierte und einzigartige Geschenk ist ein klassisches und elegantes Dekorationsst\u00fcck f\u00fcr das Zuhause deiner Eltern und dient auch als Erinnerung an deine Liebe und Zuneigung f\u00fcr sie.<\/p>\r\n\r\n\r\n<p style=\"margin-top: 1rem\">Dar\u00fcber hinaus ist die Doppelsternkarte f\u00fcr Mama und Papa ein Gespr\u00e4chsstarter f\u00fcr deiner Familie und Freunde. Es ist ein einzigartiges St\u00fcck, das die Sternenkarten der bedeutendsten Tage in der Geschichte deiner Familie zeigt. Du kannst es nutzen, um Kontakte zu kn\u00fcpfen und mit deiner Familie und deinen Freunden in Erinnerungen zu schwelgen.<\/p>\r\n\r\n\r\n<p style=\"margin-top: 1rem\">Gebe dich nicht mit generischen Geschenken zufrieden. \u00dcberrasche deine Eltern mit diesem einzigartigen und bedeutungsvollen Geschenk, das sie sicherlich f\u00fcr immer sch\u00e4tzen werden. Beginne noch heute mit der Erstellung deiner Doppelsternkarte f\u00fcr deine Mama und Papa!<\/p>","protected":false},"excerpt":{"rendered":"<ul class=\"check-list\">\n<li>Entwerfe deine eigene Sternkarte, die den Himmel von zwei verschiedenen Orten und Daten darstellt<\/li>\n<li>F\u00fcge Sternbilder und die Milchstra\u00dfe hinzu<\/li>\n<li>Passe es in 3 einfachen Schritten<\/li>\n<li>F\u00fcge einen aussagekr\u00e4ftigen personalisierten Text hinzu<\/li>\n<li>Sieh das Ergebnis sofort \u2013 die interaktive Vorschau erm\u00f6glicht dir, jedes Detail direkt anzupassen<\/li>\n<\/ul>\n","protected":false},"featured_media":1252210,"template":"","meta":[],"product_brand":[],"product_cat":[4906,7953,5248,9271,9098,7842,11365,15053,7810,5265],"product_tag":[15580,15495,8750,13462],"class_list":{"0":"post-613871","1":"product","2":"type-product","3":"status-publish","4":"has-post-thumbnail","6":"product_cat-alle-produkte-de-at","7":"product_cat-geschenke-fur-baby-shower","8":"product_cat-babygeburtsgeschenke-de-at","9":"product_cat-bestsellers-label-de-at","10":"product_cat-duo-stars-de-at","11":"product_cat-geschenke-fur-deine-familie-de-at","12":"product_cat-weihnachtsgeschenke-fur-die-eltern-de-at","13":"product_cat-weihnachtsgeschenke-fuer-familie-de-at","14":"product_cat-geschenke-fur-frisch-gewordene-eltern-de-at","15":"product_cat-weihnachtsgeschenke-de-at","16":"product_tag-der-tag-an-dem-ihr-unsere-eltern-wurdet-de-at","17":"product_tag-mama-und-papa-de-at","18":"product_tag-parents-de-at","19":"product_tag-weihnachtsgeschenke-fur-die-familie-de-at","21":"first","22":"instock","23":"sale","24":"taxable","25":"shipping-taxable","26":"purchasable","27":"product-type-variable"},"yoast_head":"<!-- This site is optimized with the Yoast SEO Premium plugin v27.2 (Yoast SEO v27.2) - https:\/\/yoast.com\/product\/yoast-seo-premium-wordpress\/ -->\n<title>Doppelsternkarte f\u00fcr Mama und Papa - Positive Prints<\/title>\n<meta name=\"description\" content=\"Die Doppelsternkarte f\u00fcr Mama und Papa ist ein personalisiertes Geschenk, das zwei Sternenkarten von zwei wichtigen Daten im Leben deiner Eltern vereint\" \/>\n<meta name=\"robots\" content=\"index, follow, max-snippet:-1, max-image-preview:large, max-video-preview:-1\" \/>\n<link rel=\"canonical\" href=\"https:\/\/positiveprints.com\/de-at\/produkt\/doppelsternkarte-fuer-mama-und-papa\/\" \/>\n<meta property=\"og:locale\" content=\"de_DE\" \/>\n<meta property=\"og:type\" content=\"article\" \/>\n<meta property=\"og:title\" content=\"Doppelsternkarte f\u00fcr Mama und Papa\" \/>\n<meta property=\"og:description\" content=\"Entwerfe deine eigene Sternkarte, die den Himmel von zwei verschiedenen Orten und Daten darstellt F\u00fcge Sternbilder und die Milchstra\u00dfe hinzu Passe es in 3 einfachen Schritten F\u00fcge einen aussagekr\u00e4ftigen personalisierten Text hinzu Sieh das Ergebnis sofort \u2013 die interaktive Vorschau erm\u00f6glicht dir, jedes Detail direkt anzupassen\" \/>\n<meta property=\"og:url\" content=\"https:\/\/positiveprints.com\/de-at\/produkt\/doppelsternkarte-fuer-mama-und-papa\/\" \/>\n<meta property=\"og:site_name\" content=\"Positive Prints\" \/>\n<meta property=\"article:publisher\" content=\"https:\/\/www.facebook.com\/positiveprintscom\" \/>\n<meta property=\"article:modified_time\" content=\"2026-04-12T21:29:59+00:00\" \/>\n<meta property=\"og:image\" content=\"https:\/\/positiveprints.com\/wp-content\/uploads\/2024\/11\/PACKSHOT_DE_Mom-and-Dad-Double-Star-Map-product-image-.webp\" \/>\n\t<meta property=\"og:image:width\" content=\"1450\" \/>\n\t<meta property=\"og:image:height\" content=\"1450\" \/>\n\t<meta property=\"og:image:type\" content=\"image\/webp\" \/>\n<meta name=\"twitter:card\" content=\"summary_large_image\" \/>\n<meta name=\"twitter:label1\" content=\"Gesch\u00e4tzte Lesezeit\" \/>\n\t<meta name=\"twitter:data1\" content=\"2 Minuten\" \/>\n<!-- \/ Yoast SEO Premium plugin. -->","yoast_head_json":{"title":"Doppelsternkarte f\u00fcr Mama und Papa - Positive Prints","description":"Die Doppelsternkarte f\u00fcr Mama und Papa ist ein personalisiertes Geschenk, das zwei Sternenkarten von zwei wichtigen Daten im Leben deiner Eltern vereint","robots":{"index":"index","follow":"follow","max-snippet":"max-snippet:-1","max-image-preview":"max-image-preview:large","max-video-preview":"max-video-preview:-1"},"canonical":"https:\/\/positiveprints.com\/de-at\/produkt\/doppelsternkarte-fuer-mama-und-papa\/","og_locale":"de_DE","og_type":"article","og_title":"Doppelsternkarte f\u00fcr Mama und Papa","og_description":"Entwerfe deine eigene Sternkarte, die den Himmel von zwei verschiedenen Orten und Daten darstellt F\u00fcge Sternbilder und die Milchstra\u00dfe hinzu Passe es in 3 einfachen Schritten F\u00fcge einen aussagekr\u00e4ftigen personalisierten Text hinzu Sieh das Ergebnis sofort \u2013 die interaktive Vorschau erm\u00f6glicht dir, jedes Detail direkt anzupassen","og_url":"https:\/\/positiveprints.com\/de-at\/produkt\/doppelsternkarte-fuer-mama-und-papa\/","og_site_name":"Positive Prints","article_publisher":"https:\/\/www.facebook.com\/positiveprintscom","article_modified_time":"2026-04-12T21:29:59+00:00","og_image":[{"width":1450,"height":1450,"url":"https:\/\/positiveprints.com\/wp-content\/uploads\/2024\/11\/PACKSHOT_DE_Mom-and-Dad-Double-Star-Map-product-image-.webp","type":"image\/webp"}],"twitter_card":"summary_large_image","twitter_misc":{"Gesch\u00e4tzte Lesezeit":"2 Minuten"},"schema":{"@context":"https:\/\/schema.org","@graph":[{"@type":["WebPage","ItemPage"],"@id":"https:\/\/positiveprints.com\/de-at\/produkt\/doppelsternkarte-fuer-mama-und-papa\/","url":"https:\/\/positiveprints.com\/de-at\/produkt\/doppelsternkarte-fuer-mama-und-papa\/","name":"Doppelsternkarte f\u00fcr Mama und Papa - Positive Prints","isPartOf":{"@id":"https:\/\/positiveprints.com\/de-at\/#website"},"primaryImageOfPage":{"@id":"https:\/\/positiveprints.com\/de-at\/produkt\/doppelsternkarte-fuer-mama-und-papa\/#primaryimage"},"image":{"@id":"https:\/\/positiveprints.com\/de-at\/produkt\/doppelsternkarte-fuer-mama-und-papa\/#primaryimage"},"thumbnailUrl":"https:\/\/positiveprints.com\/wp-content\/uploads\/2024\/11\/PACKSHOT_DE_Mom-and-Dad-Double-Star-Map-product-image-.webp","datePublished":"2023-04-17T13:23:38+00:00","dateModified":"2026-04-12T21:29:59+00:00","description":"Die Doppelsternkarte f\u00fcr Mama und Papa ist ein personalisiertes Geschenk, das zwei Sternenkarten von zwei wichtigen Daten im Leben deiner Eltern vereint","breadcrumb":{"@id":"https:\/\/positiveprints.com\/de-at\/produkt\/doppelsternkarte-fuer-mama-und-papa\/#breadcrumb"},"inLanguage":"de-AT","potentialAction":[{"@type":"ReadAction","target":["https:\/\/positiveprints.com\/de-at\/produkt\/doppelsternkarte-fuer-mama-und-papa\/"]}]},{"@type":"ImageObject","inLanguage":"de-AT","@id":"https:\/\/positiveprints.com\/de-at\/produkt\/doppelsternkarte-fuer-mama-und-papa\/#primaryimage","url":"https:\/\/positiveprints.com\/wp-content\/uploads\/2024\/11\/PACKSHOT_DE_Mom-and-Dad-Double-Star-Map-product-image-.webp","contentUrl":"https:\/\/positiveprints.com\/wp-content\/uploads\/2024\/11\/PACKSHOT_DE_Mom-and-Dad-Double-Star-Map-product-image-.webp","width":1450,"height":1450},{"@type":"BreadcrumbList","@id":"https:\/\/positiveprints.com\/de-at\/produkt\/doppelsternkarte-fuer-mama-und-papa\/#breadcrumb","itemListElement":[{"@type":"ListItem","position":1,"name":"Home","item":"https:\/\/positiveprints.com\/de-at\/"},{"@type":"ListItem","position":2,"name":"Products","item":"https:\/\/positiveprints.com\/de-at\/shop\/"},{"@type":"ListItem","position":3,"name":"Doppelsternkarte f\u00fcr Mama und Papa"}]},{"@type":"WebSite","@id":"https:\/\/positiveprints.com\/de-at\/#website","url":"https:\/\/positiveprints.com\/de-at\/","name":"Positive Prints","description":"Amazing Custom Personalised Prints","publisher":{"@id":"https:\/\/positiveprints.com\/de-at\/#organization"},"potentialAction":[{"@type":"SearchAction","target":{"@type":"EntryPoint","urlTemplate":"https:\/\/positiveprints.com\/de-at\/?s={search_term_string}"},"query-input":{"@type":"PropertyValueSpecification","valueRequired":true,"valueName":"search_term_string"}}],"inLanguage":"de-AT"},{"@type":"Organization","@id":"https:\/\/positiveprints.com\/de-at\/#organization","name":"Positive Prints","alternateName":"Positive Prints","url":"https:\/\/positiveprints.com\/de-at\/","logo":{"@type":"ImageObject","inLanguage":"de-AT","@id":"https:\/\/positiveprints.com\/de-at\/#\/schema\/logo\/image\/","url":"https:\/\/positiveprints.com\/wp-content\/uploads\/2026\/03\/245815646_1337939713319158_5671353136411139666_n.png","contentUrl":"https:\/\/positiveprints.com\/wp-content\/uploads\/2026\/03\/245815646_1337939713319158_5671353136411139666_n.png","width":800,"height":800,"caption":"Positive Prints"},"image":{"@id":"https:\/\/positiveprints.com\/de-at\/#\/schema\/logo\/image\/"},"sameAs":["https:\/\/www.facebook.com\/positiveprintscom","https:\/\/www.instagram.com\/positiveprintscom\/","https:\/\/www.tiktok.com\/@positiveprintscom","https:\/\/www.pinterest.com\/positiveprintscom\/"]}]}},"jetpack_sharing_enabled":true,"_links":{"self":[{"href":"https:\/\/positiveprints.com\/de-at\/wp-json\/wp\/v2\/product\/613871","targetHints":{"allow":["GET"]}}],"collection":[{"href":"https:\/\/positiveprints.com\/de-at\/wp-json\/wp\/v2\/product"}],"about":[{"href":"https:\/\/positiveprints.com\/de-at\/wp-json\/wp\/v2\/types\/product"}],"wp:featuredmedia":[{"embeddable":true,"href":"https:\/\/positiveprints.com\/de-at\/wp-json\/wp\/v2\/media\/1252210"}],"wp:attachment":[{"href":"https:\/\/positiveprints.com\/de-at\/wp-json\/wp\/v2\/media?parent=613871"}],"wp:term":[{"taxonomy":"product_brand","embeddable":true,"href":"https:\/\/positiveprints.com\/de-at\/wp-json\/wp\/v2\/product_brand?post=613871"},{"taxonomy":"product_cat","embeddable":true,"href":"https:\/\/positiveprints.com\/de-at\/wp-json\/wp\/v2\/product_cat?post=613871"},{"taxonomy":"product_tag","embeddable":true,"href":"https:\/\/positiveprints.com\/de-at\/wp-json\/wp\/v2\/product_tag?post=613871"}],"curies":[{"name":"wp","href":"https:\/\/api.w.org\/{rel}","templated":true}]}}