{"id":61258,"date":"2020-05-30T11:31:35","date_gmt":"2020-05-30T10:31:35","guid":{"rendered":"https:\/\/positiveprints.com\/product\/baby-poster\/"},"modified":"2026-04-13T01:21:35","modified_gmt":"2026-04-13T00:21:35","slug":"baby-poster","status":"publish","type":"product","link":"https:\/\/positiveprints.com\/de-at\/produkt\/baby-poster\/","title":{"rendered":"Babyposter"},"content":{"rendered":"<br><br>\r\n<p>Es gibt nichts Wunderbareres, Sch\u00f6neres oder Lebensbejahenderes als die Geburt eines Kindes, insbesondere deines Kindes. Wir m\u00f6chten dir helfen, das Ereignis mit einem Babyplakat im Ma\u00dfstab 1 : 1 zu verewigen.<\/p>\r\n\r\n<p> So h\u00e4ltst du den Moment fest, an dem dein neugeborenes Kind wird auf diese Welt kam. Du wirst erstaunt sein, wie schnell dein Kind erwachsen wird! Schneller als wenn du bist 10 z\u00e4hlen kannst, wird es herumlaufen und die Welt um sich herum umarmen.<\/p>\r\n<br>\r\n\r\n<h2>Personalisierte Babyposter | Perfektes Geschenk f\u00fcr frisch gewordene Eltern<\/h2>\r\n<span style=\"font-weight: 400;\">Mit einem Babyplakat erh\u00e4ltst du ein visuelles Andenken daran, wie klein dein Baby war, als es geboren wurde. Jedes Poster ist ma\u00dfstabsgetreu gestaltet und das ideale Andenken an den Beginn eurer gemeinsamen Reise. Jedes Poster hat ein klares, minimalistisches Design, das zur Dekoration jedes Raums passt. <\/span>\r\n\r\n<span style=\"font-weight: 400;\">Auf jedem Neugeborenenplakat sind folgende Details in einer eleganten Schrift auffindbar: der Name des Kindes, das Geburtsdatum sowie die Gr\u00f6\u00dfe und das Gewicht. Ein Babyplakat ist das perfekte Geschenk f\u00fcr frisch gewordenen Eltern. Das einzigartige Geschenk, um den neuen Familienzuwachs willkommen zu hei\u00dfen. Beschenke dich selber oder andere. Wurdest du mit Zwillingen oder sogar Drillingen gesegnet? <\/span>\r\n\r\n<span style=\"font-weight: 400;\">Ehre alle Geschwister gleichzeitig mit einem unserer <a href=\"https:\/\/positiveprints.com\/de\/produkt\/geburts-poster-duo\/\">DUO<\/a>&#8211; oder <a href=\"https:\/\/positiveprints.com\/de\/produkt\/das-trio-geburtsposter\/\">TRIO<\/a>-Drucke.<\/span>\r\n<br><\/br>\r\nJedes Babyplakat wird auf Bestellung angefertigt und mit dem Namen und den Geburtsinformationen des Babys versehen, einschlie\u00dflich:\r\n<ul>\r\n         <li style=\"font-weight: 400;\">Geburtsdatum \/ -zeit<\/li>\r\n         <li style=\"font-weight: 400;\">Geburtsgewicht (in Pfund \/ Unzen oder Kilogramm)<\/li>\r\n         <li style=\"font-weight: 400;\">Geburtsh\u00f6he (in Zoll \/ Zentimeter)<\/li>\r\n<\/ul>\r\nDas Bild wird im perfekten Ma\u00dfstab 1 : 1 auf das Poster gedruckt, sodass die Gr\u00f6\u00dfe deines Kindes genau angezeigt wird.\r\n<br><\/br>\r\n<b><strong>Zur Druckversion: <\/strong><span style=\"font-weight: 400;\">Wir drucken unsere Babyplakate auf hochwertigem mattem Papier (190 g), damit es jahrelang gut aussieht, egal wo oder wie es h\u00e4ngt. Wenn du dein Poster online erstellst, ist eine sofortige Vorschau des Endergebnisses verf\u00fcgbar, sodass du sofort sicherstellen kannst, dass alle Informationen und Gr\u00f6\u00dfen korrekt sind, bevor das Poster gedruckt und versendet wird. Sobald du deine Bestellung online aufgibst, wird dein Neugeborenenplakat gedruckt und innerhalb von vier Tagen an dich versandt.<\/span><\/b>\r\n<br><\/br>\r\n<b><span style=\"font-weight: 400;\"><strong>Zur Digitalversion:<\/strong> \u00a0<\/span><span style=\"font-weight: 400;\">Bist du etwa wegen den Versandzeiten besorgt? Ben\u00f6tigst du ein Last-Minute-Geschenk? Deine digitalen Dateien stehen nach dem Kauf sofort zum Download zur Verf\u00fcgung. Die digitalen Dateien k\u00f6nnen im 50x70cm, 18x24in, 20x30in oder 24x36in Format gedruckt werden, um die L\u00e4nge des Babys genau wiederzugeben.<\/span><\/b>\r\n<h2><\/h2>","protected":false},"excerpt":{"rendered":"<ul class=\"check-list\">\n<li>Bewahre wertvolle Erinnerungen mit dem Geburtsposter \u2013 ein einzigartiges Geschenk, das frischgewordene Eltern f\u00fcr immer sch\u00e4tzen werden<\/li>\n<li>Erinnere an Geburtsdetails wie Name, Geburtsdatum, Gr\u00f6\u00dfe und Gewicht <\/li>\n<li>W\u00e4hle aus 7 Illustrationen und skaliere sie 1:1 auf die L\u00e4nge des Babys zum Zeitpunkt der Geburt<\/li>\n<li>Sieh das Ergebnis sofort \u2013 die interaktive Vorschau erm\u00f6glicht dir, jedes Detail direkt anzupassen<\/li>\n<\/ul>\n","protected":false},"featured_media":1528443,"template":"","meta":[],"product_brand":[],"product_cat":[4730,4796],"product_tag":[14798],"class_list":{"0":"post-61258","1":"product","2":"type-product","3":"status-publish","4":"has-post-thumbnail","6":"product_cat-creators-de-at-2","7":"product_cat-infant-de-at-2","8":"product_tag-creators-de-at-2","10":"first","11":"instock","12":"sale","13":"taxable","14":"shipping-taxable","15":"purchasable","16":"product-type-variable"},"yoast_head":"<!-- This site is optimized with the Yoast SEO Premium plugin v27.2 (Yoast SEO v27.2) - https:\/\/yoast.com\/product\/yoast-seo-premium-wordpress\/ -->\n<title>Babyposter 1:1 [Versandkostenfrei] - Positive Prints<\/title>\n<meta name=\"description\" content=\"Ein Babyposter, das die Gr\u00f6\u00dfe deines Kindes bei der Geburt im Ma\u00dfstab 1 : 1 zeigt. Eine sch\u00f6ne Dekoration f\u00fcr ein Kinderzimmer.\" \/>\n<meta name=\"robots\" content=\"index, follow, max-snippet:-1, max-image-preview:large, max-video-preview:-1\" \/>\n<link rel=\"canonical\" href=\"https:\/\/positiveprints.com\/de-at\/produkt\/baby-poster\/\" \/>\n<meta property=\"og:locale\" content=\"de_DE\" \/>\n<meta property=\"og:type\" content=\"article\" \/>\n<meta property=\"og:title\" content=\"Babyposter\" \/>\n<meta property=\"og:description\" content=\"Bewahre wertvolle Erinnerungen mit dem Geburtsposter \u2013 ein einzigartiges Geschenk, das frischgewordene Eltern f\u00fcr immer sch\u00e4tzen werden  Erinnere an Geburtsdetails wie Name, Geburtsdatum, Gr\u00f6\u00dfe und Gewicht   W\u00e4hle aus 7 Illustrationen und skaliere sie 1:1 auf die L\u00e4nge des Babys zum Zeitpunkt der Geburt  Sieh das Ergebnis sofort \u2013 die interaktive Vorschau erm\u00f6glicht dir, jedes Detail direkt anzupassen\" \/>\n<meta property=\"og:url\" content=\"https:\/\/positiveprints.com\/de-at\/produkt\/baby-poster\/\" \/>\n<meta property=\"og:site_name\" content=\"Positive Prints\" \/>\n<meta property=\"article:publisher\" content=\"https:\/\/www.facebook.com\/positiveprintscom\" \/>\n<meta property=\"article:modified_time\" content=\"2026-04-13T00:21:35+00:00\" \/>\n<meta property=\"og:image\" content=\"https:\/\/positiveprints.com\/wp-content\/uploads\/2022\/05\/baby-poster-2.jpg\" \/>\n\t<meta property=\"og:image:width\" content=\"1080\" \/>\n\t<meta property=\"og:image:height\" content=\"1080\" \/>\n\t<meta property=\"og:image:type\" content=\"image\/jpeg\" \/>\n<meta name=\"twitter:card\" content=\"summary_large_image\" \/>\n<meta name=\"twitter:label1\" content=\"Gesch\u00e4tzte Lesezeit\" \/>\n\t<meta name=\"twitter:data1\" content=\"2 Minuten\" \/>\n<!-- \/ Yoast SEO Premium plugin. -->","yoast_head_json":{"title":"Babyposter 1:1 [Versandkostenfrei] - Positive Prints","description":"Ein Babyposter, das die Gr\u00f6\u00dfe deines Kindes bei der Geburt im Ma\u00dfstab 1 : 1 zeigt. Eine sch\u00f6ne Dekoration f\u00fcr ein Kinderzimmer.","robots":{"index":"index","follow":"follow","max-snippet":"max-snippet:-1","max-image-preview":"max-image-preview:large","max-video-preview":"max-video-preview:-1"},"canonical":"https:\/\/positiveprints.com\/de-at\/produkt\/baby-poster\/","og_locale":"de_DE","og_type":"article","og_title":"Babyposter","og_description":"Bewahre wertvolle Erinnerungen mit dem Geburtsposter \u2013 ein einzigartiges Geschenk, das frischgewordene Eltern f\u00fcr immer sch\u00e4tzen werden  Erinnere an Geburtsdetails wie Name, Geburtsdatum, Gr\u00f6\u00dfe und Gewicht   W\u00e4hle aus 7 Illustrationen und skaliere sie 1:1 auf die L\u00e4nge des Babys zum Zeitpunkt der Geburt  Sieh das Ergebnis sofort \u2013 die interaktive Vorschau erm\u00f6glicht dir, jedes Detail direkt anzupassen","og_url":"https:\/\/positiveprints.com\/de-at\/produkt\/baby-poster\/","og_site_name":"Positive Prints","article_publisher":"https:\/\/www.facebook.com\/positiveprintscom","article_modified_time":"2026-04-13T00:21:35+00:00","og_image":[{"width":1080,"height":1080,"url":"https:\/\/positiveprints.com\/wp-content\/uploads\/2022\/05\/baby-poster-2.jpg","type":"image\/jpeg"}],"twitter_card":"summary_large_image","twitter_misc":{"Gesch\u00e4tzte Lesezeit":"2 Minuten"},"schema":{"@context":"https:\/\/schema.org","@graph":[{"@type":["WebPage","ItemPage"],"@id":"https:\/\/positiveprints.com\/de-at\/produkt\/baby-poster\/","url":"https:\/\/positiveprints.com\/de-at\/produkt\/baby-poster\/","name":"Babyposter 1:1 [Versandkostenfrei] - Positive Prints","isPartOf":{"@id":"https:\/\/positiveprints.com\/de-at\/#website"},"primaryImageOfPage":{"@id":"https:\/\/positiveprints.com\/de-at\/produkt\/baby-poster\/#primaryimage"},"image":{"@id":"https:\/\/positiveprints.com\/de-at\/produkt\/baby-poster\/#primaryimage"},"thumbnailUrl":"https:\/\/positiveprints.com\/wp-content\/uploads\/2025\/09\/Packshot_DE_Babyposter.webp","datePublished":"2020-05-30T10:31:35+00:00","dateModified":"2026-04-13T00:21:35+00:00","description":"Ein Babyposter, das die Gr\u00f6\u00dfe deines Kindes bei der Geburt im Ma\u00dfstab 1 : 1 zeigt. Eine sch\u00f6ne Dekoration f\u00fcr ein Kinderzimmer.","breadcrumb":{"@id":"https:\/\/positiveprints.com\/de-at\/produkt\/baby-poster\/#breadcrumb"},"inLanguage":"de-AT","potentialAction":[{"@type":"ReadAction","target":["https:\/\/positiveprints.com\/de-at\/produkt\/baby-poster\/"]}]},{"@type":"ImageObject","inLanguage":"de-AT","@id":"https:\/\/positiveprints.com\/de-at\/produkt\/baby-poster\/#primaryimage","url":"https:\/\/positiveprints.com\/wp-content\/uploads\/2025\/09\/Packshot_DE_Babyposter.webp","contentUrl":"https:\/\/positiveprints.com\/wp-content\/uploads\/2025\/09\/Packshot_DE_Babyposter.webp","width":1450,"height":1450},{"@type":"BreadcrumbList","@id":"https:\/\/positiveprints.com\/de-at\/produkt\/baby-poster\/#breadcrumb","itemListElement":[{"@type":"ListItem","position":1,"name":"Home","item":"https:\/\/positiveprints.com\/de-at\/"},{"@type":"ListItem","position":2,"name":"Products","item":"https:\/\/positiveprints.com\/de-at\/shop\/"},{"@type":"ListItem","position":3,"name":"Babyposter"}]},{"@type":"WebSite","@id":"https:\/\/positiveprints.com\/de-at\/#website","url":"https:\/\/positiveprints.com\/de-at\/","name":"Positive Prints","description":"Amazing Custom Personalised Prints","publisher":{"@id":"https:\/\/positiveprints.com\/de-at\/#organization"},"potentialAction":[{"@type":"SearchAction","target":{"@type":"EntryPoint","urlTemplate":"https:\/\/positiveprints.com\/de-at\/?s={search_term_string}"},"query-input":{"@type":"PropertyValueSpecification","valueRequired":true,"valueName":"search_term_string"}}],"inLanguage":"de-AT"},{"@type":"Organization","@id":"https:\/\/positiveprints.com\/de-at\/#organization","name":"Positive Prints","alternateName":"Positive Prints","url":"https:\/\/positiveprints.com\/de-at\/","logo":{"@type":"ImageObject","inLanguage":"de-AT","@id":"https:\/\/positiveprints.com\/de-at\/#\/schema\/logo\/image\/","url":"https:\/\/positiveprints.com\/wp-content\/uploads\/2026\/03\/245815646_1337939713319158_5671353136411139666_n.png","contentUrl":"https:\/\/positiveprints.com\/wp-content\/uploads\/2026\/03\/245815646_1337939713319158_5671353136411139666_n.png","width":800,"height":800,"caption":"Positive Prints"},"image":{"@id":"https:\/\/positiveprints.com\/de-at\/#\/schema\/logo\/image\/"},"sameAs":["https:\/\/www.facebook.com\/positiveprintscom","https:\/\/www.instagram.com\/positiveprintscom\/","https:\/\/www.tiktok.com\/@positiveprintscom","https:\/\/www.pinterest.com\/positiveprintscom\/"]}]}},"jetpack_sharing_enabled":true,"_links":{"self":[{"href":"https:\/\/positiveprints.com\/de-at\/wp-json\/wp\/v2\/product\/61258","targetHints":{"allow":["GET"]}}],"collection":[{"href":"https:\/\/positiveprints.com\/de-at\/wp-json\/wp\/v2\/product"}],"about":[{"href":"https:\/\/positiveprints.com\/de-at\/wp-json\/wp\/v2\/types\/product"}],"wp:featuredmedia":[{"embeddable":true,"href":"https:\/\/positiveprints.com\/de-at\/wp-json\/wp\/v2\/media\/1528443"}],"wp:attachment":[{"href":"https:\/\/positiveprints.com\/de-at\/wp-json\/wp\/v2\/media?parent=61258"}],"wp:term":[{"taxonomy":"product_brand","embeddable":true,"href":"https:\/\/positiveprints.com\/de-at\/wp-json\/wp\/v2\/product_brand?post=61258"},{"taxonomy":"product_cat","embeddable":true,"href":"https:\/\/positiveprints.com\/de-at\/wp-json\/wp\/v2\/product_cat?post=61258"},{"taxonomy":"product_tag","embeddable":true,"href":"https:\/\/positiveprints.com\/de-at\/wp-json\/wp\/v2\/product_tag?post=61258"}],"curies":[{"name":"wp","href":"https:\/\/api.w.org\/{rel}","templated":true}]}}