{"id":61003,"date":"2019-10-02T17:05:56","date_gmt":"2019-10-02T16:05:56","guid":{"rendered":"https:\/\/positiveprints.com\/product\/mond-poster\/"},"modified":"2026-04-18T09:19:54","modified_gmt":"2026-04-18T08:19:54","slug":"mond-poster","status":"publish","type":"product","link":"https:\/\/positiveprints.com\/de-at\/produkt\/mond-poster\/","title":{"rendered":"Personalisierte Mondphase"},"content":{"rendered":"<p>Erstelle dein Mondposter. Wecke mit diesem personalisierbaren Mond-Geschenk Erinnerungen an deine Lieblingsn\u00e4chte. Jetzt kannst du die sch\u00f6nsten Momente und Erinnerungen genie\u00dfen, die unter demselben Himmel stattgefunden haben wie damals!<\/p>\r\n\r\n<h2 class=\"grenB f24 cblue\" style=\"margin-top: 3rem\">Dein personalisiertes Mondposter<\/h2>\r\n\r\n<p style=\"margin-top: 1rem\">Ehre den hellsten Punkt am Nachthimmel mit einem personalisierten Mondposter! <a rel=\"nofollow\" href=\"https:\/\/de.wikipedia.org\/wiki\/Galileo_Galilei\">Galileo<\/a> sagte, als er durch sein Teleskop sp\u00e4hte: &#8220;Es ist ein wundersch\u00f6ner und entz\u00fcckender Anblick, den K\u00f6rper des Mondes zu betrachten.&#8221; Jetzt kannst du die Sch\u00f6nheit der Mondlandschaft mit einem benutzerdefinierten Mond bild teilen. Der Mond spielt eine wichtige Rolle in unserem Leben, er schenkt uns Licht in der Dunkelheit. Mithilfe astronomischer Daten kannst du einen Mondphasen Poster erstellen, der auf einem beliebigen Datum und Ort basiert. M\u00f6chtest du dich daran erinnern, wie der Mond an eurer Hochzeitsnacht war? Oder der Himmel, als euer Kind geboren wurde? Oder m\u00f6chtest du deine <a href=\"https:\/\/positiveprints.com\/de-at\/produkt\/geburtstag-mond\/\">Geburtsmondphase<\/a> \u00fcberpr\u00fcfen? Ein individuelles Mond poster ist eines der erstaunlichsten Mondgeschenke mit einer pers\u00f6nlichen Note. Und in Kombination mit einer benutzerdefinierten Sternenkarte sieht es noch fantastischer aus.<\/p>\r\n\r\n<h2 class=\"grenB f24 cblue\" style=\"margin-top: 3rem\">Suchst du nach benutzerdefinierten Mondphasengeschenken?<\/h2>\r\n\r\n<p style=\"margin-top: 1rem\">Unsere digitalen Mondposter sind das perfekte Last-Minute-Geschenk, um beispielsweise ein neues Familienmitglied auf der Welt willkommen zu hei\u00dfen. Jetzt kannst du dich immer mit einen Blick auf das Mondphasengeschenk an die Nacht erinnern, die einzigartig und besonders war. W\u00e4hle das richtige Datum und Ort aus und mit nur wenigen Klicks kann dein benutzerdefinierter Monddruck innerhalb weniger Tage \u00fcberall auf der Welt versendet werden. Ben\u00f6tigst du dieses sofort? Kein Problem! W\u00e4hle einen sofortigen Download, damit deine lokale Druckerei dein Design auf Glas, Holz oder sogar ein T-Shirt kleben kann! <\/p>\r\n\r\n<h2 class=\"grenB f24 cblue\" style=\"margin-top: 3rem\">Dein eigenes benutzerdefiniertes Mond Poster aus dem von dir angegebenen Datum und Ort<\/h2>\r\n\r\n<p style=\"margin-top: 1rem\">Vom Meer des heiteren Himmels zum Mann auf dem Mond&#8230; Mondposter erz\u00e4hlen Geschichten. Mithilfe zielgerichteter astronomischer Daten kannst du sehr leicht dein Poster erstellen: w\u00e4hlen das gew\u00fcnschte Datum und den Ort sowie eines von f\u00fcnf Hintergrundfarbschemata (Nachthimmel, Schwarz, Wei\u00df, Marine oder Beige) aus. Zudem kannst du auf dem Plakat eine benutzerdefinierte Nachricht platzieren. So wirst du nie vergessen, wie sch\u00f6n und bedeutungsvoll der Mond in dieser Nacht war!<\/p>\r\n\r\n\r\n<h2 class=\"grenB f24 cblue\" style=\"margin-top: 3rem\">Hole dir einen digitalen oder gedruckten personalisierten Poster Mond:<\/h2>\r\n\r\n<ul style=\"margin-top: 1rem\">\r\n<li>Gedruckte Mond Poster sind im Quer- und Hochformat erh\u00e4ltlich. Wir bieten die g\u00e4ngigsten Postergr\u00f6\u00dfen an, einschlie\u00dflich 16&#215;12, 36&#215;24 und 24&#215;18 Zoll oder 100&#215;70, 70&#215;50 und 40&#215;30 cm. Mondphasenposter werden auf hochwertigem Postermaterial gedruckt, um die Rahmung zum Kinderspiel zu machen.<\/li>\r\n\r\n<li>Sofortige Downloads von digitalen Mond Bild werden dir per Email als PNG-Dateien geliefert. Die meisten professionellen Druckereien k\u00f6nnen mit den angegebenen Verh\u00e4ltnissen arbeiten, um dein benutzerdefiniertes Mondphasen Poster auf die ideale Gr\u00f6\u00dfe zu skalieren. Wir empfehlen dein Kunstwerk, auf 180 g \/ m\u00b2 mattem Papier zu drucken. So bekommst du die die besten Ergebnisse.<\/li>\r\n<\/ul>\r\n\r\n<p style=\"margin-top: 1rem\">Bist du auf der Suche nach einem Geschenk f\u00fcr frischgebackene Eltern? Schaue dir unser atemberaubendes <a href=\"https:\/\/positiveprints.com\/de-at\/produkt\/geburtsposter\/\">Geburtsplakat<\/a> an\r\n<\/p>","protected":false},"excerpt":{"rendered":"<ul class=\"check-list\">\n<li>F\u00fcge den einzigartigen Schatten des Mondes hinzu<\/li>\n<li>Passe dein Kunstwerk in 3 einfachen Schritten an<\/li>\n<li>W\u00e4hle aus einer Vielzahl atemberaubender Designs<\/li>\n<li>Sieh das Ergebnis sofort \u2013 die interaktive Vorschau erm\u00f6glicht dir, jedes Detail direkt anzupassen<\/li>\n<\/ul>\n","protected":false},"featured_media":1688273,"template":"","meta":[],"product_brand":[],"product_cat":[15841,9271,15106,8240,4730,7202,7922],"product_tag":[15720,14798,13722,9790,13636],"class_list":{"0":"post-61003","1":"product","2":"type-product","3":"status-publish","4":"has-post-thumbnail","6":"product_cat-shop-bestsellers-de-at","7":"product_cat-bestsellers-label-de-at","8":"product_cat-bestsellers-menu-de-at","9":"product_cat-digital-products-de-at","10":"product_cat-creators-de-at-2","11":"product_cat-moon-de-at","12":"product_cat-brautduschen-geschenke-de-at","13":"product_tag-christmas-present-de-at","14":"product_tag-creators-de-at-2","15":"product_tag-luna-de-at","16":"product_tag-mond-de-at","17":"product_tag-moon-phase-de-at","19":"first","20":"instock","21":"sale","22":"taxable","23":"shipping-taxable","24":"purchasable","25":"product-type-variable"},"yoast_head":"<!-- This site is optimized with the Yoast SEO Premium plugin v27.2 (Yoast SEO v27.2) - https:\/\/yoast.com\/product\/yoast-seo-premium-wordpress\/ -->\n<title>Personalisierte Mondphase - Positive Prints<\/title>\n<meta name=\"description\" content=\"Erstelle die MondPoster an dem von dir gew\u00e4hlten Datum und Ort. F\u00fcge du dem Mondphasen Poster eine benutzerdefinierte Nachricht hinzu.\" \/>\n<meta name=\"robots\" content=\"index, follow, max-snippet:-1, max-image-preview:large, max-video-preview:-1\" \/>\n<link rel=\"canonical\" href=\"https:\/\/positiveprints.com\/de-at\/produkt\/mond-poster\/\" \/>\n<meta property=\"og:locale\" content=\"de_DE\" \/>\n<meta property=\"og:type\" content=\"article\" \/>\n<meta property=\"og:title\" content=\"Personalisierte Mondphase\" \/>\n<meta property=\"og:description\" content=\"F\u00fcge den einzigartigen Schatten des Mondes hinzu  Passe dein Kunstwerk in 3 einfachen Schritten an  W\u00e4hle aus einer Vielzahl atemberaubender Designs  Sieh das Ergebnis sofort \u2013 die interaktive Vorschau erm\u00f6glicht dir, jedes Detail direkt anzupassen\" \/>\n<meta property=\"og:url\" content=\"https:\/\/positiveprints.com\/de-at\/produkt\/mond-poster\/\" \/>\n<meta property=\"og:site_name\" content=\"Positive Prints\" \/>\n<meta property=\"article:publisher\" content=\"https:\/\/www.facebook.com\/positiveprintscom\" \/>\n<meta property=\"article:modified_time\" content=\"2026-04-18T08:19:54+00:00\" \/>\n<meta property=\"og:image\" content=\"https:\/\/positiveprints.com\/wp-content\/uploads\/2024\/10\/Packshot_DE_Personalized-Moon-Phase-product-image.webp\" \/>\n\t<meta property=\"og:image:width\" content=\"1450\" \/>\n\t<meta property=\"og:image:height\" content=\"1450\" \/>\n\t<meta property=\"og:image:type\" content=\"image\/webp\" \/>\n<meta name=\"twitter:card\" content=\"summary_large_image\" \/>\n<meta name=\"twitter:label1\" content=\"Gesch\u00e4tzte Lesezeit\" \/>\n\t<meta name=\"twitter:data1\" content=\"3 Minuten\" \/>\n<!-- \/ Yoast SEO Premium plugin. -->","yoast_head_json":{"title":"Personalisierte Mondphase - Positive Prints","description":"Erstelle die MondPoster an dem von dir gew\u00e4hlten Datum und Ort. F\u00fcge du dem Mondphasen Poster eine benutzerdefinierte Nachricht hinzu.","robots":{"index":"index","follow":"follow","max-snippet":"max-snippet:-1","max-image-preview":"max-image-preview:large","max-video-preview":"max-video-preview:-1"},"canonical":"https:\/\/positiveprints.com\/de-at\/produkt\/mond-poster\/","og_locale":"de_DE","og_type":"article","og_title":"Personalisierte Mondphase","og_description":"F\u00fcge den einzigartigen Schatten des Mondes hinzu  Passe dein Kunstwerk in 3 einfachen Schritten an  W\u00e4hle aus einer Vielzahl atemberaubender Designs  Sieh das Ergebnis sofort \u2013 die interaktive Vorschau erm\u00f6glicht dir, jedes Detail direkt anzupassen","og_url":"https:\/\/positiveprints.com\/de-at\/produkt\/mond-poster\/","og_site_name":"Positive Prints","article_publisher":"https:\/\/www.facebook.com\/positiveprintscom","article_modified_time":"2026-04-18T08:19:54+00:00","og_image":[{"width":1450,"height":1450,"url":"https:\/\/positiveprints.com\/wp-content\/uploads\/2024\/10\/Packshot_DE_Personalized-Moon-Phase-product-image.webp","type":"image\/webp"}],"twitter_card":"summary_large_image","twitter_misc":{"Gesch\u00e4tzte Lesezeit":"3 Minuten"},"schema":{"@context":"https:\/\/schema.org","@graph":[{"@type":["WebPage","ItemPage"],"@id":"https:\/\/positiveprints.com\/de-at\/produkt\/mond-poster\/","url":"https:\/\/positiveprints.com\/de-at\/produkt\/mond-poster\/","name":"Personalisierte Mondphase - Positive Prints","isPartOf":{"@id":"https:\/\/positiveprints.com\/de-at\/#website"},"primaryImageOfPage":{"@id":"https:\/\/positiveprints.com\/de-at\/produkt\/mond-poster\/#primaryimage"},"image":{"@id":"https:\/\/positiveprints.com\/de-at\/produkt\/mond-poster\/#primaryimage"},"thumbnailUrl":"https:\/\/positiveprints.com\/wp-content\/uploads\/2026\/03\/Packshot_DE_XX-mondphase.webp","datePublished":"2019-10-02T16:05:56+00:00","dateModified":"2026-04-18T08:19:54+00:00","description":"Erstelle die MondPoster an dem von dir gew\u00e4hlten Datum und Ort. F\u00fcge du dem Mondphasen Poster eine benutzerdefinierte Nachricht hinzu.","breadcrumb":{"@id":"https:\/\/positiveprints.com\/de-at\/produkt\/mond-poster\/#breadcrumb"},"inLanguage":"de-AT","potentialAction":[{"@type":"ReadAction","target":["https:\/\/positiveprints.com\/de-at\/produkt\/mond-poster\/"]}]},{"@type":"ImageObject","inLanguage":"de-AT","@id":"https:\/\/positiveprints.com\/de-at\/produkt\/mond-poster\/#primaryimage","url":"https:\/\/positiveprints.com\/wp-content\/uploads\/2026\/03\/Packshot_DE_XX-mondphase.webp","contentUrl":"https:\/\/positiveprints.com\/wp-content\/uploads\/2026\/03\/Packshot_DE_XX-mondphase.webp","width":1450,"height":1450,"caption":"Packshot_DE_XX mondphase"},{"@type":"BreadcrumbList","@id":"https:\/\/positiveprints.com\/de-at\/produkt\/mond-poster\/#breadcrumb","itemListElement":[{"@type":"ListItem","position":1,"name":"Home","item":"https:\/\/positiveprints.com\/de-at\/"},{"@type":"ListItem","position":2,"name":"Products","item":"https:\/\/positiveprints.com\/de-at\/shop\/"},{"@type":"ListItem","position":3,"name":"Personalisierte Mondphase"}]},{"@type":"WebSite","@id":"https:\/\/positiveprints.com\/de-at\/#website","url":"https:\/\/positiveprints.com\/de-at\/","name":"Positive Prints","description":"Amazing Custom Personalised Prints","publisher":{"@id":"https:\/\/positiveprints.com\/de-at\/#organization"},"potentialAction":[{"@type":"SearchAction","target":{"@type":"EntryPoint","urlTemplate":"https:\/\/positiveprints.com\/de-at\/?s={search_term_string}"},"query-input":{"@type":"PropertyValueSpecification","valueRequired":true,"valueName":"search_term_string"}}],"inLanguage":"de-AT"},{"@type":"Organization","@id":"https:\/\/positiveprints.com\/de-at\/#organization","name":"Positive Prints","alternateName":"Positive Prints","url":"https:\/\/positiveprints.com\/de-at\/","logo":{"@type":"ImageObject","inLanguage":"de-AT","@id":"https:\/\/positiveprints.com\/de-at\/#\/schema\/logo\/image\/","url":"https:\/\/positiveprints.com\/wp-content\/uploads\/2026\/03\/245815646_1337939713319158_5671353136411139666_n.png","contentUrl":"https:\/\/positiveprints.com\/wp-content\/uploads\/2026\/03\/245815646_1337939713319158_5671353136411139666_n.png","width":800,"height":800,"caption":"Positive Prints"},"image":{"@id":"https:\/\/positiveprints.com\/de-at\/#\/schema\/logo\/image\/"},"sameAs":["https:\/\/www.facebook.com\/positiveprintscom","https:\/\/www.instagram.com\/positiveprintscom\/","https:\/\/www.tiktok.com\/@positiveprintscom","https:\/\/www.pinterest.com\/positiveprintscom\/"]}]}},"jetpack_sharing_enabled":true,"_links":{"self":[{"href":"https:\/\/positiveprints.com\/de-at\/wp-json\/wp\/v2\/product\/61003","targetHints":{"allow":["GET"]}}],"collection":[{"href":"https:\/\/positiveprints.com\/de-at\/wp-json\/wp\/v2\/product"}],"about":[{"href":"https:\/\/positiveprints.com\/de-at\/wp-json\/wp\/v2\/types\/product"}],"wp:featuredmedia":[{"embeddable":true,"href":"https:\/\/positiveprints.com\/de-at\/wp-json\/wp\/v2\/media\/1688273"}],"wp:attachment":[{"href":"https:\/\/positiveprints.com\/de-at\/wp-json\/wp\/v2\/media?parent=61003"}],"wp:term":[{"taxonomy":"product_brand","embeddable":true,"href":"https:\/\/positiveprints.com\/de-at\/wp-json\/wp\/v2\/product_brand?post=61003"},{"taxonomy":"product_cat","embeddable":true,"href":"https:\/\/positiveprints.com\/de-at\/wp-json\/wp\/v2\/product_cat?post=61003"},{"taxonomy":"product_tag","embeddable":true,"href":"https:\/\/positiveprints.com\/de-at\/wp-json\/wp\/v2\/product_tag?post=61003"}],"curies":[{"name":"wp","href":"https:\/\/api.w.org\/{rel}","templated":true}]}}