{"id":609301,"date":"2022-10-28T14:30:04","date_gmt":"2022-10-28T13:30:04","guid":{"rendered":"https:\/\/positiveprints.com\/product\/alles-gute-zum-geburtstag-schallwellen-kunst\/"},"modified":"2026-04-12T22:50:38","modified_gmt":"2026-04-12T21:50:38","slug":"alles-gute-zum-geburtstag-schallwellen-kunst","status":"publish","type":"product","link":"https:\/\/positiveprints.com\/de-at\/produkt\/alles-gute-zum-geburtstag-schallwellen-kunst\/","title":{"rendered":"\u201eAlles Gute zum Geburtstag\u201c Schallwellen-Kunst"},"content":{"rendered":"<p>Alles Gute zum Geburtstag \u2013 diesen Satz hast du sicherlich schon unz\u00e4hlige Male im Leben geh\u00f6rt. Aber es bedeutet mehr, wenn es von denen kommt, die dich f\u00fcr jemanden Besonderen halten. Verwandele deine Stimmen mit unserer \u201eZum Geburtstag viel Gl\u00fcck\u201c Schallwellen-Kunst in einen Schatz f\u00fcr die Ewigkeit.<\/p>\n\n\n\n\n\n<h2 class=\"grenB f24 cblue\" style=\"margin-top: 3rem\">Einzigartige Geburtstagsw\u00fcnsche, die du f\u00fcr immer in Erinnerung behalten wirst<\/h2>\n\n\n\n<p style=\"margin-top: 1rem\">Jeder Geburtstag ist etwas Besonderes. Aber es ist nicht nur eine weitere Reise um die Sonne, die dazu f\u00fchrt. Es geht darum, mit den Menschen zu feiern, die man liebt. Deshalb gibt es kein besseres Geschenk als unsere \u201eZum Geburtstag viel Gl\u00fcck\u201c Schallwellen-Kunst.<\/p>\n\n\n\n<p style=\"margin-top: 1rem\">Nehme eine Aufnahme einer geliebten Person auf, die \u201eHappy Birthday\u201c sagt (oder das ganze Lied singt!) und verwandele sie in ein wundersch\u00f6nes, individuelles Kunstwerk. Und wann immer die Beschenkte Person die Stimme h\u00f6ren m\u00f6chte, scannt sie einfach den QR-Code und spielt die Schallwelle in Echtzeit ab.<\/p>\n\n\n\n\n\n<h2 class=\"grenB f24 cblue\" style=\"margin-top: 3rem\">Kreative Art, alles Gute zum Geburtstag zu sagen<\/h2>\n\n\n\n<p style=\"margin-top: 1rem\">Mit Positive Prints ist es ganz einfach, aus einem Ton visuelle Kunst zu schaffen. Wir haben unsere Technologie so konzipiert, dass sie jeden Klang in ein Familienerbst\u00fcck verwandelt, das \u00fcber Generationen weitergegeben werden kann. Lade einfach eine Audiodatei hoch und beobachte, wie deine \u201eZum Geburtstag viel Gl\u00fcck\u201c Schallwellen-Kunst zum Leben erwacht.<\/p>\n\n\n\n<p style=\"margin-top: 1rem\">W\u00e4hlen Sie aus unseren fachm\u00e4nnisch gestalteten Vorlagen, die deine Schallwelle Farbe und Kontext verleihen. F\u00fcge eine Bildunterschrift oder einen anderen Text hinzu, um die Geschichte zu veranschaulichen. W\u00e4hle dann aus, wie du den Druck erhalten m\u00f6chtest \u2013 als gedrucktes Premium-Poster, als Druck auf Leinwand oder als sofortigen digitalen Download. Es gibt kein pers\u00f6nlicheres Geschenk, als sich den Menschen nahe zu f\u00fchlen, die man liebt, auch wenn diese nicht mehr hier sind, um mit einem den Geburtstag zu feiern.<\/p>\n\n\n\n<h2 class=\"grenB f24 cblue\" style=\"margin-top: 3rem\">Die ultimativen personalisierten \u201eAlles Gute zum Geburtstag\u201c-Geschenke<\/h2>\n\n\n\n<p style=\"margin-top: 1rem\">Halte alle feinen Details eines geliebten Menschen mit unserer einzigartigen \u201eHappy Birthday\u201c-Schallwellen-Kunst fest. Es ist wirklich das Geschenk, das unvergesslich bleibt. Personalisiere es auf deine Art und verschenke das Geschenk deines Lebens. Fange jetzt an dieses zu gestalten.<\/p>","protected":false},"excerpt":{"rendered":"<ul class=\"check-list\">\n<li>\u00dcberrasche deine Freunde und Familie mit einem einzigartigen und herzlichen Geschenk, das die Essenz deiner Geburtstagsw\u00fcnsche einf\u00e4ngt<\/li>\n<li>Einfach eine Audiodatei hochladen<\/li>\n<li>F\u00fcge einen QR-Code hinzu und scannen ihn, um dein Lieblingssong abzuspielen<\/li>\n<li>Passe dein Kunstwerk in 3 einfachen Schritten an<\/li>\n<li>W\u00e4hle eine Vorlage oder werde kreativ<\/li>\n<\/ul>\n","protected":false},"featured_media":982336,"template":"","meta":[],"product_brand":[],"product_cat":[5341,11204,11207,7475],"product_tag":[8460],"class_list":{"0":"post-609301","1":"product","2":"type-product","3":"status-publish","4":"has-post-thumbnail","6":"product_cat-geburtstagsgeschenke-de-at","7":"product_cat-geburtstagsgeschenk-fur-frauen","8":"product_cat-geburtstagsgeschenk-fur-manner-de-at","9":"product_cat-soundwave-de-at","10":"product_tag-birthday-de-at","12":"first","13":"instock","14":"sale","15":"taxable","16":"shipping-taxable","17":"purchasable","18":"product-type-variable"},"yoast_head":"<!-- This site is optimized with the Yoast SEO Premium plugin v27.2 (Yoast SEO v27.2) - https:\/\/yoast.com\/product\/yoast-seo-premium-wordpress\/ -->\n<title>&quot;Alles Gute zum Geburtstag&quot; Schallwellen-Kunst | Positive Prints<\/title>\n<meta name=\"description\" content=\"Auch wenn ein geliebter Mensch vielleicht nicht in der Lage ist, deinen Geburtstag zu feiern, kann dir unsere &quot;Alles Gute zum Geburtstag&quot; Schallwellen-Kunstt dabei helfen, ihm nahe zu bleiben. Erfahre mehr.\" \/>\n<meta name=\"robots\" content=\"index, follow, max-snippet:-1, max-image-preview:large, max-video-preview:-1\" \/>\n<link rel=\"canonical\" href=\"https:\/\/positiveprints.com\/de-at\/produkt\/alles-gute-zum-geburtstag-schallwellen-kunst\/\" \/>\n<meta property=\"og:locale\" content=\"de_DE\" \/>\n<meta property=\"og:type\" content=\"article\" \/>\n<meta property=\"og:title\" content=\"\u201eAlles Gute zum Geburtstag\u201c Schallwellen-Kunst\" \/>\n<meta property=\"og:description\" content=\"\u00dcberrasche deine Freunde und Familie mit einem einzigartigen und herzlichen Geschenk, das die Essenz deiner Geburtstagsw\u00fcnsche einf\u00e4ngt Einfach eine Audiodatei hochladen F\u00fcge einen QR-Code hinzu und scannen ihn, um dein Lieblingssong abzuspielen Passe dein Kunstwerk in 3 einfachen Schritten an W\u00e4hle eine Vorlage oder werde kreativ\" \/>\n<meta property=\"og:url\" content=\"https:\/\/positiveprints.com\/de-at\/produkt\/alles-gute-zum-geburtstag-schallwellen-kunst\/\" \/>\n<meta property=\"og:site_name\" content=\"Positive Prints\" \/>\n<meta property=\"article:publisher\" content=\"https:\/\/www.facebook.com\/positiveprintscom\" \/>\n<meta property=\"article:modified_time\" content=\"2026-04-12T21:50:38+00:00\" \/>\n<meta property=\"og:image\" content=\"https:\/\/positiveprints.com\/wp-content\/uploads\/2023\/10\/\u201eAlles-Gute-zum-Geburtstag-Schallwellen-Kunst.jpg\" \/>\n\t<meta property=\"og:image:width\" content=\"1080\" \/>\n\t<meta property=\"og:image:height\" content=\"1080\" \/>\n\t<meta property=\"og:image:type\" content=\"image\/jpeg\" \/>\n<meta name=\"twitter:card\" content=\"summary_large_image\" \/>\n<!-- \/ Yoast SEO Premium plugin. -->","yoast_head_json":{"title":"\"Alles Gute zum Geburtstag\" Schallwellen-Kunst | Positive Prints","description":"Auch wenn ein geliebter Mensch vielleicht nicht in der Lage ist, deinen Geburtstag zu feiern, kann dir unsere \"Alles Gute zum Geburtstag\" Schallwellen-Kunstt dabei helfen, ihm nahe zu bleiben. Erfahre mehr.","robots":{"index":"index","follow":"follow","max-snippet":"max-snippet:-1","max-image-preview":"max-image-preview:large","max-video-preview":"max-video-preview:-1"},"canonical":"https:\/\/positiveprints.com\/de-at\/produkt\/alles-gute-zum-geburtstag-schallwellen-kunst\/","og_locale":"de_DE","og_type":"article","og_title":"\u201eAlles Gute zum Geburtstag\u201c Schallwellen-Kunst","og_description":"\u00dcberrasche deine Freunde und Familie mit einem einzigartigen und herzlichen Geschenk, das die Essenz deiner Geburtstagsw\u00fcnsche einf\u00e4ngt Einfach eine Audiodatei hochladen F\u00fcge einen QR-Code hinzu und scannen ihn, um dein Lieblingssong abzuspielen Passe dein Kunstwerk in 3 einfachen Schritten an W\u00e4hle eine Vorlage oder werde kreativ","og_url":"https:\/\/positiveprints.com\/de-at\/produkt\/alles-gute-zum-geburtstag-schallwellen-kunst\/","og_site_name":"Positive Prints","article_publisher":"https:\/\/www.facebook.com\/positiveprintscom","article_modified_time":"2026-04-12T21:50:38+00:00","og_image":[{"width":1080,"height":1080,"url":"https:\/\/positiveprints.com\/wp-content\/uploads\/2023\/10\/\u201eAlles-Gute-zum-Geburtstag-Schallwellen-Kunst.jpg","type":"image\/jpeg"}],"twitter_card":"summary_large_image","schema":{"@context":"https:\/\/schema.org","@graph":[{"@type":["WebPage","ItemPage"],"@id":"https:\/\/positiveprints.com\/de-at\/produkt\/alles-gute-zum-geburtstag-schallwellen-kunst\/","url":"https:\/\/positiveprints.com\/de-at\/produkt\/alles-gute-zum-geburtstag-schallwellen-kunst\/","name":"\"Alles Gute zum Geburtstag\" Schallwellen-Kunst | Positive Prints","isPartOf":{"@id":"https:\/\/positiveprints.com\/de-at\/#website"},"primaryImageOfPage":{"@id":"https:\/\/positiveprints.com\/de-at\/produkt\/alles-gute-zum-geburtstag-schallwellen-kunst\/#primaryimage"},"image":{"@id":"https:\/\/positiveprints.com\/de-at\/produkt\/alles-gute-zum-geburtstag-schallwellen-kunst\/#primaryimage"},"thumbnailUrl":"https:\/\/positiveprints.com\/wp-content\/uploads\/2023\/10\/\u201eAlles-Gute-zum-Geburtstag-Schallwellen-Kunst.jpg","datePublished":"2022-10-28T13:30:04+00:00","dateModified":"2026-04-12T21:50:38+00:00","description":"Auch wenn ein geliebter Mensch vielleicht nicht in der Lage ist, deinen Geburtstag zu feiern, kann dir unsere \"Alles Gute zum Geburtstag\" Schallwellen-Kunstt dabei helfen, ihm nahe zu bleiben. Erfahre mehr.","breadcrumb":{"@id":"https:\/\/positiveprints.com\/de-at\/produkt\/alles-gute-zum-geburtstag-schallwellen-kunst\/#breadcrumb"},"inLanguage":"de-AT","potentialAction":[{"@type":"ReadAction","target":["https:\/\/positiveprints.com\/de-at\/produkt\/alles-gute-zum-geburtstag-schallwellen-kunst\/"]}]},{"@type":"ImageObject","inLanguage":"de-AT","@id":"https:\/\/positiveprints.com\/de-at\/produkt\/alles-gute-zum-geburtstag-schallwellen-kunst\/#primaryimage","url":"https:\/\/positiveprints.com\/wp-content\/uploads\/2023\/10\/\u201eAlles-Gute-zum-Geburtstag-Schallwellen-Kunst.jpg","contentUrl":"https:\/\/positiveprints.com\/wp-content\/uploads\/2023\/10\/\u201eAlles-Gute-zum-Geburtstag-Schallwellen-Kunst.jpg","width":1080,"height":1080,"caption":"\u201eAlles Gute zum Geburtstag\u201c Schallwellen-Kunst"},{"@type":"BreadcrumbList","@id":"https:\/\/positiveprints.com\/de-at\/produkt\/alles-gute-zum-geburtstag-schallwellen-kunst\/#breadcrumb","itemListElement":[{"@type":"ListItem","position":1,"name":"Home","item":"https:\/\/positiveprints.com\/de-at\/"},{"@type":"ListItem","position":2,"name":"Products","item":"https:\/\/positiveprints.com\/de-at\/shop\/"},{"@type":"ListItem","position":3,"name":"\u201eAlles Gute zum Geburtstag\u201c Schallwellen-Kunst"}]},{"@type":"WebSite","@id":"https:\/\/positiveprints.com\/de-at\/#website","url":"https:\/\/positiveprints.com\/de-at\/","name":"Positive Prints","description":"Amazing Custom Personalised Prints","publisher":{"@id":"https:\/\/positiveprints.com\/de-at\/#organization"},"potentialAction":[{"@type":"SearchAction","target":{"@type":"EntryPoint","urlTemplate":"https:\/\/positiveprints.com\/de-at\/?s={search_term_string}"},"query-input":{"@type":"PropertyValueSpecification","valueRequired":true,"valueName":"search_term_string"}}],"inLanguage":"de-AT"},{"@type":"Organization","@id":"https:\/\/positiveprints.com\/de-at\/#organization","name":"Positive Prints","alternateName":"Positive Prints","url":"https:\/\/positiveprints.com\/de-at\/","logo":{"@type":"ImageObject","inLanguage":"de-AT","@id":"https:\/\/positiveprints.com\/de-at\/#\/schema\/logo\/image\/","url":"https:\/\/positiveprints.com\/wp-content\/uploads\/2026\/03\/245815646_1337939713319158_5671353136411139666_n.png","contentUrl":"https:\/\/positiveprints.com\/wp-content\/uploads\/2026\/03\/245815646_1337939713319158_5671353136411139666_n.png","width":800,"height":800,"caption":"Positive Prints"},"image":{"@id":"https:\/\/positiveprints.com\/de-at\/#\/schema\/logo\/image\/"},"sameAs":["https:\/\/www.facebook.com\/positiveprintscom","https:\/\/www.instagram.com\/positiveprintscom\/","https:\/\/www.tiktok.com\/@positiveprintscom","https:\/\/www.pinterest.com\/positiveprintscom\/"]}]}},"jetpack_sharing_enabled":true,"_links":{"self":[{"href":"https:\/\/positiveprints.com\/de-at\/wp-json\/wp\/v2\/product\/609301","targetHints":{"allow":["GET"]}}],"collection":[{"href":"https:\/\/positiveprints.com\/de-at\/wp-json\/wp\/v2\/product"}],"about":[{"href":"https:\/\/positiveprints.com\/de-at\/wp-json\/wp\/v2\/types\/product"}],"wp:featuredmedia":[{"embeddable":true,"href":"https:\/\/positiveprints.com\/de-at\/wp-json\/wp\/v2\/media\/982336"}],"wp:attachment":[{"href":"https:\/\/positiveprints.com\/de-at\/wp-json\/wp\/v2\/media?parent=609301"}],"wp:term":[{"taxonomy":"product_brand","embeddable":true,"href":"https:\/\/positiveprints.com\/de-at\/wp-json\/wp\/v2\/product_brand?post=609301"},{"taxonomy":"product_cat","embeddable":true,"href":"https:\/\/positiveprints.com\/de-at\/wp-json\/wp\/v2\/product_cat?post=609301"},{"taxonomy":"product_tag","embeddable":true,"href":"https:\/\/positiveprints.com\/de-at\/wp-json\/wp\/v2\/product_tag?post=609301"}],"curies":[{"name":"wp","href":"https:\/\/api.w.org\/{rel}","templated":true}]}}