{"id":60818,"date":"2020-06-18T21:24:37","date_gmt":"2020-06-18T20:24:37","guid":{"rendered":"https:\/\/positiveprints.com\/product\/geburtsposter\/"},"modified":"2026-04-18T09:14:54","modified_gmt":"2026-04-18T08:14:54","slug":"geburtsposter","status":"publish","type":"product","link":"https:\/\/positiveprints.com\/de-at\/produkt\/geburtsposter\/","title":{"rendered":"Geburtsposter"},"content":{"rendered":"<p>Mit einem Geburtsposter erh\u00e4ltst du ein visuelles Andenken daran, wie klein dein Baby war, als es geboren wurde. Jedes Poster ist ma\u00dfstabsgetreu gestaltet. Wir bieten ein minimalistisches Design, das zur Dekoration jedes Raums passt. <\/p>\r\n\r\n<h2 class=\"grenB f24 cblue\" style=\"margin-top: 3rem\">Personalisiertes Geburtsposter<\/h2>\r\n\r\n<p style=\"margin-top: 1rem\">Der Tag, an dem euer Baby geboren wurde, wird f\u00fcr immer in Erinnerung bleiben. Ein Poster vom Tag der Geburt deines Babys ist eine gro\u00dfartige Erg\u00e4nzung, um diesen Moment zu feiern. Du kannst es einfach nach deinen W\u00fcnschen personalisieren. W\u00e4hle einen Hintergrund, der zum Dekor des Kinderzimmers passt &#038; dir am besten gef\u00e4llt. Vervollst\u00e4ndige dann noch das Kunstwerk um den Namen und die Gebutsdetails deines Babys. &#038; fertig! All diese Informationen werden auf dem Poster platziert, wodurch es einen individuellen Charakter erh\u00e4lt. Suchst du ein Poster, um mehrere Kindern darzustellen? Wir bieten ebenfalls Geburtsurkunden f\u00fcr Zwillinge oder Geschwister oder auch f\u00fcr Drillinge. Unsere Poster werden sicherlich deine Erwartungen \u00fcbertreffen! Lass&#8217; dich \u00fcberraschen. <\/p>\r\n\r\n<h2 class=\"grenB f24 cblue\" style=\"margin-top: 3rem\">Geburtsposter im Ma\u00dfstab 1:1<\/h2>\r\n\r\n<p style=\"margin-top: 1rem\">Das auf dem Geburtsposter gezeigte Baby-Kunstwerk hat genau die gleiche Gr\u00f6\u00dfe wie dein Nachwuchs bei der Geburt. Kinder wachsen in erstaunlichem Tempo. Mit der Zeit wirst du diese kleine Maus wahrscheinlich vermissen. Ein Geburtsposter im Ma\u00dfstab 1 : 1 wird diese erstaunlichen Erinnerungen zur\u00fcckbringen &#038; f\u00fcr immer festhalten. Wer wei\u00df, dieses kann ja auch im Laufe der Zeit durch ein anderes Poster im Kinderzimmer ersetzt werden. Und dann hindert nichts daran, dass das Baby-Kunstwerk in euer Schlafzimmer wandert.<\/p>\r\n\r\n<h2 class=\"grenB f24 cblue\" style=\"margin-top: 3rem\">Ein personalisiertes Poster ist ein einzigartiges Geschenk anl\u00e4sslich einer Geburt<\/h2>\r\n\r\n<p style=\"margin-top: 1rem\">Ein neues Familienmitglied wurde gerade geboren? Deine Freunde haben Kinder bekommen? Eine Geburtsurkunde f\u00fcr ein Kind ist eine <a href=\"https:\/\/positiveprints.com\/de\/sentimentale-geschenke-fuer-frisch-gewordene-eltern\/\">originelle Geschenkidee f\u00fcr frisch gewordene Eltern<\/a>. Du kann deinen eigenen Touch hinzuf\u00fcgen und ein Geschenk erschaffen, das sicherlich viele positive Emotionen hervorrufen wird.<\/p>\r\n\r\n<h2 class=\"grenB f24 cblue\" style=\"margin-top: 3rem\">Digitale Geburtsposter oder gedruckte?<\/h2>\r\n\r\n<p style=\"margin-top: 1rem\">Ein Plakat anl\u00e4sslich einer Geburt eines Kindes ist eine sch\u00f6ne Erg\u00e4nzung f\u00fcr jedes Interieur. Du kannst dieses in gedruckter oder digitaler Version bestellen. Suchst du vielleicht sogar ein Last-Minute-Geschenk? Du wirst sicherlich die M\u00f6glichkeit zu sch\u00e4tzen wissen, dass du ein Poster in digitaler Form direkt zum Ausdrucken bestellen kannst.<\/p>\r\n\r\n\r\n<ul style=\"margin-top: 1rem\">\r\n<li> Gedrucktes Poster: Ein personalisiertes Babyposter im Ma\u00dfstab 1 : 1 wird auf hochwertigem mattem Papier mit einer Dicke von 190 g gedruckt. Dadurch beh\u00e4lt es jahrelang seine hervorragende Qualit\u00e4t. Beim Entwerfen eines Posters hast du Zugriff auf eine Vorschau, mit der du die Richtigkeit der eingegebenen Daten und das Erscheinungsbild des Posters fortlaufend \u00fcberpr\u00fcfen kannst. Nach Best\u00e4tigung des Entwurfs wird das Poster gedruckt, sorgf\u00e4ltig &#038; liebevoll verpackt und an die angegebene Adresse gesendet. <\/li>\r\n<li> Selbstdruckdatei: Das Babyplakat ist zudem eine perfekte Last-Minute-Geschenkidee. Nachdem du die Bestellung bezahlt hast, bekommst du per Email eine Poster-Datei in verschiedenen Gr\u00f6\u00dfen zum Selbstdrucken. <\/li>\r\n<\/ul>","protected":false},"excerpt":{"rendered":"<ul class=\"check-list\">\n<li>Bewahre wertvolle Erinnerungen mit dem Geburtsposter \u2013 ein einzigartiges Geschenk, das frischgewordene Eltern f\u00fcr immer sch\u00e4tzen werden<\/li>\n<li>Erinnere an Geburtsdetails wie Name, Geburtsdatum, Gr\u00f6\u00dfe und Gewicht <\/li>\n<li>W\u00e4hle aus 7 Illustrationen und skaliere sie 1:1 auf die L\u00e4nge des Babys zum Zeitpunkt der Geburt<\/li>\n<li>Sieh das Ergebnis sofort \u2013 die interaktive Vorschau erm\u00f6glicht dir, jedes Detail direkt anzupassen<\/li>\n<\/ul>\n","protected":false},"featured_media":1527982,"template":"","meta":[],"product_brand":[],"product_cat":[5248,4730,8240,7810,5341,11204,11207,4796,7586],"product_tag":[9475,9491,8445],"class_list":{"0":"post-60818","1":"product","2":"type-product","3":"status-publish","4":"has-post-thumbnail","6":"product_cat-babygeburtsgeschenke-de-at","7":"product_cat-creators-de-at-2","8":"product_cat-digital-products-de-at","9":"product_cat-geschenke-fur-frisch-gewordene-eltern-de-at","10":"product_cat-geburtstagsgeschenke-de-at","11":"product_cat-geburtstagsgeschenk-fur-frauen","12":"product_cat-geburtstagsgeschenk-fur-manner-de-at","13":"product_cat-infant-de-at-2","14":"product_cat-taufgeschenke","15":"product_tag-babyplakat-de-at","16":"product_tag-neugeborenes-de-at","17":"product_tag-new-parents-de-at","19":"first","20":"instock","21":"sale","22":"taxable","23":"shipping-taxable","24":"purchasable","25":"product-type-variable"},"yoast_head":"<!-- This site is optimized with the Yoast SEO Premium plugin v27.2 (Yoast SEO v27.2) - https:\/\/yoast.com\/product\/yoast-seo-premium-wordpress\/ -->\n<title>Geburtsposter im Ma\u00dfstab 1:1 | Babyposter - Positive Prints<\/title>\n<meta name=\"description\" content=\"Ein Geburtsposter, das die Gr\u00f6\u00dfe deines Kindes bei der Geburt im Ma\u00dfstab 1 : 1 wiedergibt. Eine sch\u00f6ne Dekoration f\u00fcr jedes Kinderzimmer\" \/>\n<meta name=\"robots\" content=\"index, follow, max-snippet:-1, max-image-preview:large, max-video-preview:-1\" \/>\n<link rel=\"canonical\" href=\"https:\/\/positiveprints.com\/de-at\/produkt\/geburtsposter\/\" \/>\n<meta property=\"og:locale\" content=\"de_DE\" \/>\n<meta property=\"og:type\" content=\"article\" \/>\n<meta property=\"og:title\" content=\"Geburtsposter\" \/>\n<meta property=\"og:description\" content=\"Bewahre wertvolle Erinnerungen mit dem Geburtsposter \u2013 ein einzigartiges Geschenk, das frischgewordene Eltern f\u00fcr immer sch\u00e4tzen werden    Erinnere an Geburtsdetails wie Name, Geburtsdatum, Gr\u00f6\u00dfe und Gewicht     W\u00e4hle aus 7 Illustrationen und skaliere sie 1:1 auf die L\u00e4nge des Babys zum Zeitpunkt der Geburt    Sieh das Ergebnis sofort \u2013 die interaktive Vorschau erm\u00f6glicht dir, jedes Detail direkt anzupassen\" \/>\n<meta property=\"og:url\" content=\"https:\/\/positiveprints.com\/de-at\/produkt\/geburtsposter\/\" \/>\n<meta property=\"og:site_name\" content=\"Positive Prints\" \/>\n<meta property=\"article:publisher\" content=\"https:\/\/www.facebook.com\/positiveprintscom\" \/>\n<meta property=\"article:modified_time\" content=\"2026-04-18T08:14:54+00:00\" \/>\n<meta property=\"og:image\" content=\"https:\/\/positiveprints.com\/wp-content\/uploads\/2022\/05\/geburtsposter-baby.jpg\" \/>\n\t<meta property=\"og:image:width\" content=\"1080\" \/>\n\t<meta property=\"og:image:height\" content=\"1080\" \/>\n\t<meta property=\"og:image:type\" content=\"image\/jpeg\" \/>\n<meta name=\"twitter:card\" content=\"summary_large_image\" \/>\n<meta name=\"twitter:label1\" content=\"Gesch\u00e4tzte Lesezeit\" \/>\n\t<meta name=\"twitter:data1\" content=\"3 Minuten\" \/>\n<!-- \/ Yoast SEO Premium plugin. -->","yoast_head_json":{"title":"Geburtsposter im Ma\u00dfstab 1:1 | Babyposter - Positive Prints","description":"Ein Geburtsposter, das die Gr\u00f6\u00dfe deines Kindes bei der Geburt im Ma\u00dfstab 1 : 1 wiedergibt. Eine sch\u00f6ne Dekoration f\u00fcr jedes Kinderzimmer","robots":{"index":"index","follow":"follow","max-snippet":"max-snippet:-1","max-image-preview":"max-image-preview:large","max-video-preview":"max-video-preview:-1"},"canonical":"https:\/\/positiveprints.com\/de-at\/produkt\/geburtsposter\/","og_locale":"de_DE","og_type":"article","og_title":"Geburtsposter","og_description":"Bewahre wertvolle Erinnerungen mit dem Geburtsposter \u2013 ein einzigartiges Geschenk, das frischgewordene Eltern f\u00fcr immer sch\u00e4tzen werden    Erinnere an Geburtsdetails wie Name, Geburtsdatum, Gr\u00f6\u00dfe und Gewicht     W\u00e4hle aus 7 Illustrationen und skaliere sie 1:1 auf die L\u00e4nge des Babys zum Zeitpunkt der Geburt    Sieh das Ergebnis sofort \u2013 die interaktive Vorschau erm\u00f6glicht dir, jedes Detail direkt anzupassen","og_url":"https:\/\/positiveprints.com\/de-at\/produkt\/geburtsposter\/","og_site_name":"Positive Prints","article_publisher":"https:\/\/www.facebook.com\/positiveprintscom","article_modified_time":"2026-04-18T08:14:54+00:00","og_image":[{"width":1080,"height":1080,"url":"https:\/\/positiveprints.com\/wp-content\/uploads\/2022\/05\/geburtsposter-baby.jpg","type":"image\/jpeg"}],"twitter_card":"summary_large_image","twitter_misc":{"Gesch\u00e4tzte Lesezeit":"3 Minuten"},"schema":{"@context":"https:\/\/schema.org","@graph":[{"@type":["WebPage","ItemPage"],"@id":"https:\/\/positiveprints.com\/de-at\/produkt\/geburtsposter\/","url":"https:\/\/positiveprints.com\/de-at\/produkt\/geburtsposter\/","name":"Geburtsposter im Ma\u00dfstab 1:1 | Babyposter - Positive Prints","isPartOf":{"@id":"https:\/\/positiveprints.com\/de-at\/#website"},"primaryImageOfPage":{"@id":"https:\/\/positiveprints.com\/de-at\/produkt\/geburtsposter\/#primaryimage"},"image":{"@id":"https:\/\/positiveprints.com\/de-at\/produkt\/geburtsposter\/#primaryimage"},"thumbnailUrl":"https:\/\/positiveprints.com\/wp-content\/uploads\/2025\/09\/Packshot_DE_Geburtsposter.webp","datePublished":"2020-06-18T20:24:37+00:00","dateModified":"2026-04-18T08:14:54+00:00","description":"Ein Geburtsposter, das die Gr\u00f6\u00dfe deines Kindes bei der Geburt im Ma\u00dfstab 1 : 1 wiedergibt. Eine sch\u00f6ne Dekoration f\u00fcr jedes Kinderzimmer","breadcrumb":{"@id":"https:\/\/positiveprints.com\/de-at\/produkt\/geburtsposter\/#breadcrumb"},"inLanguage":"de-AT","potentialAction":[{"@type":"ReadAction","target":["https:\/\/positiveprints.com\/de-at\/produkt\/geburtsposter\/"]}]},{"@type":"ImageObject","inLanguage":"de-AT","@id":"https:\/\/positiveprints.com\/de-at\/produkt\/geburtsposter\/#primaryimage","url":"https:\/\/positiveprints.com\/wp-content\/uploads\/2025\/09\/Packshot_DE_Geburtsposter.webp","contentUrl":"https:\/\/positiveprints.com\/wp-content\/uploads\/2025\/09\/Packshot_DE_Geburtsposter.webp","width":1450,"height":1450},{"@type":"BreadcrumbList","@id":"https:\/\/positiveprints.com\/de-at\/produkt\/geburtsposter\/#breadcrumb","itemListElement":[{"@type":"ListItem","position":1,"name":"Home","item":"https:\/\/positiveprints.com\/de-at\/"},{"@type":"ListItem","position":2,"name":"Products","item":"https:\/\/positiveprints.com\/de-at\/shop\/"},{"@type":"ListItem","position":3,"name":"Geburtsposter"}]},{"@type":"WebSite","@id":"https:\/\/positiveprints.com\/de-at\/#website","url":"https:\/\/positiveprints.com\/de-at\/","name":"Positive Prints","description":"Amazing Custom Personalised Prints","publisher":{"@id":"https:\/\/positiveprints.com\/de-at\/#organization"},"potentialAction":[{"@type":"SearchAction","target":{"@type":"EntryPoint","urlTemplate":"https:\/\/positiveprints.com\/de-at\/?s={search_term_string}"},"query-input":{"@type":"PropertyValueSpecification","valueRequired":true,"valueName":"search_term_string"}}],"inLanguage":"de-AT"},{"@type":"Organization","@id":"https:\/\/positiveprints.com\/de-at\/#organization","name":"Positive Prints","alternateName":"Positive Prints","url":"https:\/\/positiveprints.com\/de-at\/","logo":{"@type":"ImageObject","inLanguage":"de-AT","@id":"https:\/\/positiveprints.com\/de-at\/#\/schema\/logo\/image\/","url":"https:\/\/positiveprints.com\/wp-content\/uploads\/2026\/03\/245815646_1337939713319158_5671353136411139666_n.png","contentUrl":"https:\/\/positiveprints.com\/wp-content\/uploads\/2026\/03\/245815646_1337939713319158_5671353136411139666_n.png","width":800,"height":800,"caption":"Positive Prints"},"image":{"@id":"https:\/\/positiveprints.com\/de-at\/#\/schema\/logo\/image\/"},"sameAs":["https:\/\/www.facebook.com\/positiveprintscom","https:\/\/www.instagram.com\/positiveprintscom\/","https:\/\/www.tiktok.com\/@positiveprintscom","https:\/\/www.pinterest.com\/positiveprintscom\/"]}]}},"jetpack_sharing_enabled":true,"_links":{"self":[{"href":"https:\/\/positiveprints.com\/de-at\/wp-json\/wp\/v2\/product\/60818","targetHints":{"allow":["GET"]}}],"collection":[{"href":"https:\/\/positiveprints.com\/de-at\/wp-json\/wp\/v2\/product"}],"about":[{"href":"https:\/\/positiveprints.com\/de-at\/wp-json\/wp\/v2\/types\/product"}],"wp:featuredmedia":[{"embeddable":true,"href":"https:\/\/positiveprints.com\/de-at\/wp-json\/wp\/v2\/media\/1527982"}],"wp:attachment":[{"href":"https:\/\/positiveprints.com\/de-at\/wp-json\/wp\/v2\/media?parent=60818"}],"wp:term":[{"taxonomy":"product_brand","embeddable":true,"href":"https:\/\/positiveprints.com\/de-at\/wp-json\/wp\/v2\/product_brand?post=60818"},{"taxonomy":"product_cat","embeddable":true,"href":"https:\/\/positiveprints.com\/de-at\/wp-json\/wp\/v2\/product_cat?post=60818"},{"taxonomy":"product_tag","embeddable":true,"href":"https:\/\/positiveprints.com\/de-at\/wp-json\/wp\/v2\/product_tag?post=60818"}],"curies":[{"name":"wp","href":"https:\/\/api.w.org\/{rel}","templated":true}]}}