{"id":470386,"date":"2023-04-17T21:35:09","date_gmt":"2023-04-17T20:35:09","guid":{"rendered":"https:\/\/positiveprints.com\/?post_type=product&#038;p=470386"},"modified":"2026-04-03T03:18:19","modified_gmt":"2026-04-03T02:18:19","slug":"buchstaben-fotocollage-fur-deinen-papa","status":"publish","type":"product","link":"https:\/\/positiveprints.com\/de-at\/produkt\/buchstaben-fotocollage-fur-deinen-papa\/","title":{"rendered":"Buchstaben-Fotocollage f\u00fcr deinen Papa"},"content":{"rendered":"<p style=\"margin-top: 1rem\">Es war noch nie einfacher, V\u00e4ter und ihre Liebe von ihren Kindern zu feiern, als mit der Fotocollage von Positive Prints! Dieses Produkt ist eine einzigartige und von Herzen kommende M\u00f6glichkeit, ein personalisiertes Geschenk f\u00fcr deinen Papa zu kreieren. Die Fotocollage besteht aus deinen bzw. euren Lieblingsfotos, die die Form des Wortes &#8220;Papa&#8221; bilden. Wenn du m\u00f6chtest, kannst du das Wort auch so anpassen, dass es mit dem Namen deines Vaters oder seinem Lieblingsspitznamen \u00fcbereinstimmt, z. B. \u201ePapa\u201c oder \u201eDaddy\u201c.<\/p>\r\n\r\n\r\n<p style=\"margin-top: 1rem\">Um deine eigene &#8220;Vater-Buchstaben-Fotocollage&#8221; zu erstellen, gehe einfach zu unserem Online-Editor und lade deine Lieblingsfotos hoch. Jeder Buchstabe des gew\u00e4hlten Wortes wird aus den ausgew\u00e4hlten Fotos erstellt, wodurch ein einzigartiges Kunstwerk entsteht. Du kannst aus verschiedenen Druckformaten w\u00e4hlen, darunter Poster, Leinwand- oder gerahmte Drucke oder digitale Download-Dateien zum Selbstausdrucken.<\/p>\r\n\r\n\r\n<p style=\"margin-top: 1rem\">Mit der hochmodernen Technologie und den hochwertigen Druckmaterialien von Positive Prints kannst du sicher sein, dass das Endprodukt fantastisch und professionell aussehen wird. Es ist ein Geschenk, das deinem Vater ein L\u00e4cheln ins Gesicht zaubert und als t\u00e4gliche Erinnerung an die gesch\u00e4tzten Erinnerungen dient, die ihr geteilt habt.<\/p>\r\n\r\n\r\n<p style=\"margin-top: 1rem\">Egal, ob du nach einem Geschenk f\u00fcr den Vatertag, Geburtstage oder einen anderen Anlass suchst, die Buchstaben-Fotocollage ist der perfekte Weg, um deinem Vater zu zeigen, wie viel er dir bedeutet. Es ist ein Geschenk, das er f\u00fcr die kommenden Jahre sch\u00e4tzen wird und ihn an den gro\u00dfartigen Vater erinnern wird, der er ist. Mit Positive Prints war es noch nie so einfach, eine sch\u00f6ne und personalisierte Fotocollage mit Papa-Buchstaben zu erstellen!<\/p>","protected":false},"excerpt":{"rendered":"<ul class=\"check-list\">\n<li>F\u00fcgee einen aussagekr\u00e4ftigen personalisierten Text hinzu<\/li>\n<li>Passe dein Kunstwerk in 3 einfachen Schritten an<\/li>\n<li>W\u00e4hle eine Vorlage oder werde kreativ<\/li>\n<li>Sieh das Ergebnis sofort \u2013 die interaktive Vorschau erm\u00f6glicht dir, jedes Detail direkt anzupassen<\/li>\n<\/ul>\n","protected":false},"featured_media":1278874,"template":"","meta":[],"product_brand":[],"product_cat":[8820,4906],"product_tag":[8549],"class_list":{"0":"post-470386","1":"product","2":"type-product","3":"status-publish","4":"has-post-thumbnail","6":"product_cat-photo-letter-de-at","7":"product_cat-alle-produkte-de-at","8":"product_tag-father-de-at","10":"first","11":"instock","12":"sale","13":"taxable","14":"shipping-taxable","15":"purchasable","16":"product-type-variable"},"yoast_head":"<!-- This site is optimized with the Yoast SEO Premium plugin v27.2 (Yoast SEO v27.2) - https:\/\/yoast.com\/product\/yoast-seo-premium-wordpress\/ -->\n<title>Buchstaben-Fotocollage f\u00fcr deinen Papa - Positive Prints<\/title>\n<meta name=\"description\" content=\"Egal, ob du nach einem Geschenk f\u00fcr den Vatertag, Geburtstage oder einen anderen Anlass suchst, die Buchstaben-Fotocollage ist der perfekte Weg, um deinem Vater zu zeigen, wie viel er dir bedeutet.\" \/>\n<meta name=\"robots\" content=\"index, follow, max-snippet:-1, max-image-preview:large, max-video-preview:-1\" \/>\n<link rel=\"canonical\" href=\"https:\/\/positiveprints.com\/de-at\/produkt\/buchstaben-fotocollage-fur-deinen-papa\/\" \/>\n<meta property=\"og:locale\" content=\"de_DE\" \/>\n<meta property=\"og:type\" content=\"article\" \/>\n<meta property=\"og:title\" content=\"Buchstaben-Fotocollage f\u00fcr deinen Papa\" \/>\n<meta property=\"og:description\" content=\"F\u00fcgee einen aussagekr\u00e4ftigen personalisierten Text hinzu Passe dein Kunstwerk in 3 einfachen Schritten an W\u00e4hle eine Vorlage oder werde kreativ Sieh das Ergebnis sofort \u2013 die interaktive Vorschau erm\u00f6glicht dir, jedes Detail direkt anzupassen\" \/>\n<meta property=\"og:url\" content=\"https:\/\/positiveprints.com\/de-at\/produkt\/buchstaben-fotocollage-fur-deinen-papa\/\" \/>\n<meta property=\"og:site_name\" content=\"Positive Prints\" \/>\n<meta property=\"article:publisher\" content=\"https:\/\/www.facebook.com\/positiveprintscom\" \/>\n<meta property=\"article:modified_time\" content=\"2026-04-03T02:18:19+00:00\" \/>\n<meta property=\"og:image\" content=\"https:\/\/positiveprints.com\/wp-content\/uploads\/2024\/11\/Packshot_DE_Dad-Letter-Photo-Collage-product-image-.webp\" \/>\n\t<meta property=\"og:image:width\" content=\"1450\" \/>\n\t<meta property=\"og:image:height\" content=\"1450\" \/>\n\t<meta property=\"og:image:type\" content=\"image\/webp\" \/>\n<meta name=\"twitter:card\" content=\"summary_large_image\" \/>\n<meta name=\"twitter:label1\" content=\"Gesch\u00e4tzte Lesezeit\" \/>\n\t<meta name=\"twitter:data1\" content=\"2 Minuten\" \/>\n<!-- \/ Yoast SEO Premium plugin. -->","yoast_head_json":{"title":"Buchstaben-Fotocollage f\u00fcr deinen Papa - Positive Prints","description":"Egal, ob du nach einem Geschenk f\u00fcr den Vatertag, Geburtstage oder einen anderen Anlass suchst, die Buchstaben-Fotocollage ist der perfekte Weg, um deinem Vater zu zeigen, wie viel er dir bedeutet.","robots":{"index":"index","follow":"follow","max-snippet":"max-snippet:-1","max-image-preview":"max-image-preview:large","max-video-preview":"max-video-preview:-1"},"canonical":"https:\/\/positiveprints.com\/de-at\/produkt\/buchstaben-fotocollage-fur-deinen-papa\/","og_locale":"de_DE","og_type":"article","og_title":"Buchstaben-Fotocollage f\u00fcr deinen Papa","og_description":"F\u00fcgee einen aussagekr\u00e4ftigen personalisierten Text hinzu Passe dein Kunstwerk in 3 einfachen Schritten an W\u00e4hle eine Vorlage oder werde kreativ Sieh das Ergebnis sofort \u2013 die interaktive Vorschau erm\u00f6glicht dir, jedes Detail direkt anzupassen","og_url":"https:\/\/positiveprints.com\/de-at\/produkt\/buchstaben-fotocollage-fur-deinen-papa\/","og_site_name":"Positive Prints","article_publisher":"https:\/\/www.facebook.com\/positiveprintscom","article_modified_time":"2026-04-03T02:18:19+00:00","og_image":[{"width":1450,"height":1450,"url":"https:\/\/positiveprints.com\/wp-content\/uploads\/2024\/11\/Packshot_DE_Dad-Letter-Photo-Collage-product-image-.webp","type":"image\/webp"}],"twitter_card":"summary_large_image","twitter_misc":{"Gesch\u00e4tzte Lesezeit":"2 Minuten"},"schema":{"@context":"https:\/\/schema.org","@graph":[{"@type":["WebPage","ItemPage"],"@id":"https:\/\/positiveprints.com\/de-at\/produkt\/buchstaben-fotocollage-fur-deinen-papa\/","url":"https:\/\/positiveprints.com\/de-at\/produkt\/buchstaben-fotocollage-fur-deinen-papa\/","name":"Buchstaben-Fotocollage f\u00fcr deinen Papa - Positive Prints","isPartOf":{"@id":"https:\/\/positiveprints.com\/de-at\/#website"},"primaryImageOfPage":{"@id":"https:\/\/positiveprints.com\/de-at\/produkt\/buchstaben-fotocollage-fur-deinen-papa\/#primaryimage"},"image":{"@id":"https:\/\/positiveprints.com\/de-at\/produkt\/buchstaben-fotocollage-fur-deinen-papa\/#primaryimage"},"thumbnailUrl":"https:\/\/positiveprints.com\/wp-content\/uploads\/2024\/11\/Packshot_DE_Dad-Letter-Photo-Collage-product-image-.webp","datePublished":"2023-04-17T20:35:09+00:00","dateModified":"2026-04-03T02:18:19+00:00","description":"Egal, ob du nach einem Geschenk f\u00fcr den Vatertag, Geburtstage oder einen anderen Anlass suchst, die Buchstaben-Fotocollage ist der perfekte Weg, um deinem Vater zu zeigen, wie viel er dir bedeutet.","breadcrumb":{"@id":"https:\/\/positiveprints.com\/de-at\/produkt\/buchstaben-fotocollage-fur-deinen-papa\/#breadcrumb"},"inLanguage":"de-AT","potentialAction":[{"@type":"ReadAction","target":["https:\/\/positiveprints.com\/de-at\/produkt\/buchstaben-fotocollage-fur-deinen-papa\/"]}]},{"@type":"ImageObject","inLanguage":"de-AT","@id":"https:\/\/positiveprints.com\/de-at\/produkt\/buchstaben-fotocollage-fur-deinen-papa\/#primaryimage","url":"https:\/\/positiveprints.com\/wp-content\/uploads\/2024\/11\/Packshot_DE_Dad-Letter-Photo-Collage-product-image-.webp","contentUrl":"https:\/\/positiveprints.com\/wp-content\/uploads\/2024\/11\/Packshot_DE_Dad-Letter-Photo-Collage-product-image-.webp","width":1450,"height":1450},{"@type":"BreadcrumbList","@id":"https:\/\/positiveprints.com\/de-at\/produkt\/buchstaben-fotocollage-fur-deinen-papa\/#breadcrumb","itemListElement":[{"@type":"ListItem","position":1,"name":"Home","item":"https:\/\/positiveprints.com\/de-at\/"},{"@type":"ListItem","position":2,"name":"Products","item":"https:\/\/positiveprints.com\/de-at\/shop\/"},{"@type":"ListItem","position":3,"name":"Buchstaben-Fotocollage f\u00fcr deinen Papa"}]},{"@type":"WebSite","@id":"https:\/\/positiveprints.com\/de-at\/#website","url":"https:\/\/positiveprints.com\/de-at\/","name":"Positive Prints","description":"Amazing Custom Personalised Prints","publisher":{"@id":"https:\/\/positiveprints.com\/de-at\/#organization"},"potentialAction":[{"@type":"SearchAction","target":{"@type":"EntryPoint","urlTemplate":"https:\/\/positiveprints.com\/de-at\/?s={search_term_string}"},"query-input":{"@type":"PropertyValueSpecification","valueRequired":true,"valueName":"search_term_string"}}],"inLanguage":"de-AT"},{"@type":"Organization","@id":"https:\/\/positiveprints.com\/de-at\/#organization","name":"Positive Prints","alternateName":"Positive Prints","url":"https:\/\/positiveprints.com\/de-at\/","logo":{"@type":"ImageObject","inLanguage":"de-AT","@id":"https:\/\/positiveprints.com\/de-at\/#\/schema\/logo\/image\/","url":"https:\/\/positiveprints.com\/wp-content\/uploads\/2026\/03\/245815646_1337939713319158_5671353136411139666_n.png","contentUrl":"https:\/\/positiveprints.com\/wp-content\/uploads\/2026\/03\/245815646_1337939713319158_5671353136411139666_n.png","width":800,"height":800,"caption":"Positive Prints"},"image":{"@id":"https:\/\/positiveprints.com\/de-at\/#\/schema\/logo\/image\/"},"sameAs":["https:\/\/www.facebook.com\/positiveprintscom","https:\/\/www.instagram.com\/positiveprintscom\/","https:\/\/www.tiktok.com\/@positiveprintscom","https:\/\/www.pinterest.com\/positiveprintscom\/"]}]}},"jetpack_sharing_enabled":true,"_links":{"self":[{"href":"https:\/\/positiveprints.com\/de-at\/wp-json\/wp\/v2\/product\/470386","targetHints":{"allow":["GET"]}}],"collection":[{"href":"https:\/\/positiveprints.com\/de-at\/wp-json\/wp\/v2\/product"}],"about":[{"href":"https:\/\/positiveprints.com\/de-at\/wp-json\/wp\/v2\/types\/product"}],"wp:featuredmedia":[{"embeddable":true,"href":"https:\/\/positiveprints.com\/de-at\/wp-json\/wp\/v2\/media\/1278874"}],"wp:attachment":[{"href":"https:\/\/positiveprints.com\/de-at\/wp-json\/wp\/v2\/media?parent=470386"}],"wp:term":[{"taxonomy":"product_brand","embeddable":true,"href":"https:\/\/positiveprints.com\/de-at\/wp-json\/wp\/v2\/product_brand?post=470386"},{"taxonomy":"product_cat","embeddable":true,"href":"https:\/\/positiveprints.com\/de-at\/wp-json\/wp\/v2\/product_cat?post=470386"},{"taxonomy":"product_tag","embeddable":true,"href":"https:\/\/positiveprints.com\/de-at\/wp-json\/wp\/v2\/product_tag?post=470386"}],"curies":[{"name":"wp","href":"https:\/\/api.w.org\/{rel}","templated":true}]}}