{"id":470362,"date":"2023-04-12T10:23:49","date_gmt":"2023-04-12T09:23:49","guid":{"rendered":"https:\/\/positiveprints.com\/product\/fotocollage-fuer-deine-mama\/"},"modified":"2026-04-18T06:01:18","modified_gmt":"2026-04-18T05:01:18","slug":"fotocollage-fuer-deine-mama","status":"publish","type":"product","link":"https:\/\/positiveprints.com\/de-at\/produkt\/fotocollage-fuer-deine-mama\/","title":{"rendered":"Fotocollage f\u00fcr deine Mama"},"content":{"rendered":"<p style=\"margin-top: 1rem\">Suchst du ein personalisiertes und sinnvolles Geschenk f\u00fcr deine Mutter? Wir, Positive Prints, haben das perfekte Geschenk f\u00fcr deine Mama &#8211; unsere Buchstaben-Fotocollage! Mit diesem Produkt kannst du eine sch\u00f6ne und sentimentale Collage aus deinen bzw. euren Lieblingsfotos in Form des Wortes &#8220;Mama&#8221; erstellen. Aber es ist nicht nur auf das Wort &#8220;Mama&#8221; beschr\u00e4nkt. Du kannst ein beliebiges Wort ausw\u00e4hlen. Von &#8220;Mama&#8221; \u00fcber &#8220;Liebe&#8221; bis hin zu jedem benutzerdefinierten Wort deiner Wahl. Diese Collage dient als wunderbare M\u00f6glichkeit, genau die Momente und Erinnerungen zu feiern und zu sch\u00e4tzen, die du mit deiner Mutter geteilt hast.<\/p>\r\n\r\n\r\n<p style=\"margin-top: 1rem\">Der Prozess ist einfach und unkompliziert. Um deine eigene Mama-Buchstaben-Fotocollage zu erstellen, gehe einfach zu unserem Online-Editor und lade Fotos f\u00fcr jeden Bereich hoch. Du kannst zwischen verschiedenen Druckformaten w\u00e4hlen, darunter Poster, Leinwand oder gerahmte Drucke oder die digitale Version der Collage herunterladen. Der Prozess ist schnell und einfach und du kannst das Design an deine Vorlieben anpassen.<\/p>\r\n\r\n\r\n<p style=\"margin-top: 1rem\">Mit den hochwertigen Druckmaterialien und -technologien von Positive Prints kannst du sicher sein, dass das Endprodukt umwerfend und professionell aussieht. Du kannst den Druck bei sich zu Hause aufh\u00e4ngen oder deiner Mutter zum Geburtstag, Muttertag oder anderen besonderen Anl\u00e4ssen schenken.<\/p>\r\n\r\n\r\n<p style=\"margin-top: 1rem\">Unsere Mama-Buchstaben-Fotocollage ist eine erstaunliche M\u00f6glichkeit, die Liebe und Verbindung zwischen einer Mutter und ihrem Kind zu feiern. Mache deiner Mutter mit Positive Prints ein personalisiertes und herzliches Geschenk, das sie f\u00fcr immer sch\u00e4tzen wird.<\/p>","protected":false},"excerpt":{"rendered":"<ul class=\"check-list\">\n<li>Passe dein Kunstwerk in 3 einfachen Schritten an<\/li>\n<li>W\u00e4hle eine Vorlage oder werde kreativ<\/li>\n<li>Sieh das Ergebnis sofort \u2013 die interaktive Vorschau erm\u00f6glicht dir, jedes Detail direkt anzupassen<\/li>\n<\/ul>\n","protected":false},"featured_media":1283985,"template":"","meta":[],"product_brand":[],"product_cat":[8820,9757,4906,7282,5265,11362,7698],"product_tag":[12554,12555,8402,11742],"class_list":{"0":"post-470362","1":"product","2":"type-product","3":"status-publish","4":"has-post-thumbnail","6":"product_cat-photo-letter-de-at","7":"product_cat-trending-label-de-at","8":"product_cat-alle-produkte-de-at","9":"product_cat-muttertagsgeschenke-de-at","10":"product_cat-weihnachtsgeschenke-de-at","11":"product_cat-weihnachtsgeschenke-fur-die-mama-de-at","12":"product_cat-geschenke-fur-mama-de-at","13":"product_tag-mama-de-at","14":"product_tag-mama-de-at-2","15":"product_tag-mother-de-at","16":"product_tag-weihnachtsgeschenke-fuer-die-mama-de-at","18":"first","19":"instock","20":"sale","21":"taxable","22":"shipping-taxable","23":"purchasable","24":"product-type-variable"},"yoast_head":"<!-- This site is optimized with the Yoast SEO Premium plugin v27.2 (Yoast SEO v27.2) - https:\/\/yoast.com\/product\/yoast-seo-premium-wordpress\/ -->\n<title>Fotocollage f\u00fcr deine Mama - Positive Prints<\/title>\n<meta name=\"description\" content=\"Suchst du ein personalisiertes und sinnvolles Geschenk f\u00fcr deine Mutter? Wir, Positive Prints, haben das perfekte Geschenk f\u00fcr deine Mama - unsere Buchstaben-Fotocollage!\" \/>\n<meta name=\"robots\" content=\"index, follow, max-snippet:-1, max-image-preview:large, max-video-preview:-1\" \/>\n<link rel=\"canonical\" href=\"https:\/\/positiveprints.com\/de-at\/produkt\/fotocollage-fuer-deine-mama\/\" \/>\n<meta property=\"og:locale\" content=\"de_DE\" \/>\n<meta property=\"og:type\" content=\"article\" \/>\n<meta property=\"og:title\" content=\"Fotocollage f\u00fcr deine Mama\" \/>\n<meta property=\"og:description\" content=\"Passe dein Kunstwerk in 3 einfachen Schritten an W\u00e4hle eine Vorlage oder werde kreativ Sieh das Ergebnis sofort \u2013 die interaktive Vorschau erm\u00f6glicht dir, jedes Detail direkt anzupassen\" \/>\n<meta property=\"og:url\" content=\"https:\/\/positiveprints.com\/de-at\/produkt\/fotocollage-fuer-deine-mama\/\" \/>\n<meta property=\"og:site_name\" content=\"Positive Prints\" \/>\n<meta property=\"article:publisher\" content=\"https:\/\/www.facebook.com\/positiveprintscom\" \/>\n<meta property=\"article:modified_time\" content=\"2026-04-18T05:01:18+00:00\" \/>\n<meta property=\"og:image\" content=\"https:\/\/positiveprints.com\/wp-content\/uploads\/2024\/11\/Packshot_DE_Mom-Letter-Photo-Collage-product-image.webp\" \/>\n\t<meta property=\"og:image:width\" content=\"1450\" \/>\n\t<meta property=\"og:image:height\" content=\"1450\" \/>\n\t<meta property=\"og:image:type\" content=\"image\/webp\" \/>\n<meta name=\"twitter:card\" content=\"summary_large_image\" \/>\n<meta name=\"twitter:label1\" content=\"Gesch\u00e4tzte Lesezeit\" \/>\n\t<meta name=\"twitter:data1\" content=\"2 Minuten\" \/>\n<!-- \/ Yoast SEO Premium plugin. -->","yoast_head_json":{"title":"Fotocollage f\u00fcr deine Mama - Positive Prints","description":"Suchst du ein personalisiertes und sinnvolles Geschenk f\u00fcr deine Mutter? Wir, Positive Prints, haben das perfekte Geschenk f\u00fcr deine Mama - unsere Buchstaben-Fotocollage!","robots":{"index":"index","follow":"follow","max-snippet":"max-snippet:-1","max-image-preview":"max-image-preview:large","max-video-preview":"max-video-preview:-1"},"canonical":"https:\/\/positiveprints.com\/de-at\/produkt\/fotocollage-fuer-deine-mama\/","og_locale":"de_DE","og_type":"article","og_title":"Fotocollage f\u00fcr deine Mama","og_description":"Passe dein Kunstwerk in 3 einfachen Schritten an W\u00e4hle eine Vorlage oder werde kreativ Sieh das Ergebnis sofort \u2013 die interaktive Vorschau erm\u00f6glicht dir, jedes Detail direkt anzupassen","og_url":"https:\/\/positiveprints.com\/de-at\/produkt\/fotocollage-fuer-deine-mama\/","og_site_name":"Positive Prints","article_publisher":"https:\/\/www.facebook.com\/positiveprintscom","article_modified_time":"2026-04-18T05:01:18+00:00","og_image":[{"width":1450,"height":1450,"url":"https:\/\/positiveprints.com\/wp-content\/uploads\/2024\/11\/Packshot_DE_Mom-Letter-Photo-Collage-product-image.webp","type":"image\/webp"}],"twitter_card":"summary_large_image","twitter_misc":{"Gesch\u00e4tzte Lesezeit":"2 Minuten"},"schema":{"@context":"https:\/\/schema.org","@graph":[{"@type":["WebPage","ItemPage"],"@id":"https:\/\/positiveprints.com\/de-at\/produkt\/fotocollage-fuer-deine-mama\/","url":"https:\/\/positiveprints.com\/de-at\/produkt\/fotocollage-fuer-deine-mama\/","name":"Fotocollage f\u00fcr deine Mama - Positive Prints","isPartOf":{"@id":"https:\/\/positiveprints.com\/de-at\/#website"},"primaryImageOfPage":{"@id":"https:\/\/positiveprints.com\/de-at\/produkt\/fotocollage-fuer-deine-mama\/#primaryimage"},"image":{"@id":"https:\/\/positiveprints.com\/de-at\/produkt\/fotocollage-fuer-deine-mama\/#primaryimage"},"thumbnailUrl":"https:\/\/positiveprints.com\/wp-content\/uploads\/2024\/11\/Packshot_DE_Mom-Letter-Photo-Collage-product-image.webp","datePublished":"2023-04-12T09:23:49+00:00","dateModified":"2026-04-18T05:01:18+00:00","description":"Suchst du ein personalisiertes und sinnvolles Geschenk f\u00fcr deine Mutter? Wir, Positive Prints, haben das perfekte Geschenk f\u00fcr deine Mama - unsere Buchstaben-Fotocollage!","breadcrumb":{"@id":"https:\/\/positiveprints.com\/de-at\/produkt\/fotocollage-fuer-deine-mama\/#breadcrumb"},"inLanguage":"de-AT","potentialAction":[{"@type":"ReadAction","target":["https:\/\/positiveprints.com\/de-at\/produkt\/fotocollage-fuer-deine-mama\/"]}]},{"@type":"ImageObject","inLanguage":"de-AT","@id":"https:\/\/positiveprints.com\/de-at\/produkt\/fotocollage-fuer-deine-mama\/#primaryimage","url":"https:\/\/positiveprints.com\/wp-content\/uploads\/2024\/11\/Packshot_DE_Mom-Letter-Photo-Collage-product-image.webp","contentUrl":"https:\/\/positiveprints.com\/wp-content\/uploads\/2024\/11\/Packshot_DE_Mom-Letter-Photo-Collage-product-image.webp","width":1450,"height":1450},{"@type":"BreadcrumbList","@id":"https:\/\/positiveprints.com\/de-at\/produkt\/fotocollage-fuer-deine-mama\/#breadcrumb","itemListElement":[{"@type":"ListItem","position":1,"name":"Home","item":"https:\/\/positiveprints.com\/de-at\/"},{"@type":"ListItem","position":2,"name":"Products","item":"https:\/\/positiveprints.com\/de-at\/shop\/"},{"@type":"ListItem","position":3,"name":"Fotocollage f\u00fcr deine Mama"}]},{"@type":"WebSite","@id":"https:\/\/positiveprints.com\/de-at\/#website","url":"https:\/\/positiveprints.com\/de-at\/","name":"Positive Prints","description":"Amazing Custom Personalised Prints","publisher":{"@id":"https:\/\/positiveprints.com\/de-at\/#organization"},"potentialAction":[{"@type":"SearchAction","target":{"@type":"EntryPoint","urlTemplate":"https:\/\/positiveprints.com\/de-at\/?s={search_term_string}"},"query-input":{"@type":"PropertyValueSpecification","valueRequired":true,"valueName":"search_term_string"}}],"inLanguage":"de-AT"},{"@type":"Organization","@id":"https:\/\/positiveprints.com\/de-at\/#organization","name":"Positive Prints","alternateName":"Positive Prints","url":"https:\/\/positiveprints.com\/de-at\/","logo":{"@type":"ImageObject","inLanguage":"de-AT","@id":"https:\/\/positiveprints.com\/de-at\/#\/schema\/logo\/image\/","url":"https:\/\/positiveprints.com\/wp-content\/uploads\/2026\/03\/245815646_1337939713319158_5671353136411139666_n.png","contentUrl":"https:\/\/positiveprints.com\/wp-content\/uploads\/2026\/03\/245815646_1337939713319158_5671353136411139666_n.png","width":800,"height":800,"caption":"Positive Prints"},"image":{"@id":"https:\/\/positiveprints.com\/de-at\/#\/schema\/logo\/image\/"},"sameAs":["https:\/\/www.facebook.com\/positiveprintscom","https:\/\/www.instagram.com\/positiveprintscom\/","https:\/\/www.tiktok.com\/@positiveprintscom","https:\/\/www.pinterest.com\/positiveprintscom\/"]}]}},"jetpack_sharing_enabled":true,"_links":{"self":[{"href":"https:\/\/positiveprints.com\/de-at\/wp-json\/wp\/v2\/product\/470362","targetHints":{"allow":["GET"]}}],"collection":[{"href":"https:\/\/positiveprints.com\/de-at\/wp-json\/wp\/v2\/product"}],"about":[{"href":"https:\/\/positiveprints.com\/de-at\/wp-json\/wp\/v2\/types\/product"}],"wp:featuredmedia":[{"embeddable":true,"href":"https:\/\/positiveprints.com\/de-at\/wp-json\/wp\/v2\/media\/1283985"}],"wp:attachment":[{"href":"https:\/\/positiveprints.com\/de-at\/wp-json\/wp\/v2\/media?parent=470362"}],"wp:term":[{"taxonomy":"product_brand","embeddable":true,"href":"https:\/\/positiveprints.com\/de-at\/wp-json\/wp\/v2\/product_brand?post=470362"},{"taxonomy":"product_cat","embeddable":true,"href":"https:\/\/positiveprints.com\/de-at\/wp-json\/wp\/v2\/product_cat?post=470362"},{"taxonomy":"product_tag","embeddable":true,"href":"https:\/\/positiveprints.com\/de-at\/wp-json\/wp\/v2\/product_tag?post=470362"}],"curies":[{"name":"wp","href":"https:\/\/api.w.org\/{rel}","templated":true}]}}