{"id":453523,"date":"2023-02-17T14:09:33","date_gmt":"2023-02-17T13:09:33","guid":{"rendered":"https:\/\/positiveprints.com\/product\/benutzerdefinierte-karte-fuer-eltern\/"},"modified":"2026-04-18T06:11:16","modified_gmt":"2026-04-18T05:11:16","slug":"benutzerdefinierte-karte-fuer-eltern","status":"publish","type":"product","link":"https:\/\/positiveprints.com\/de-at\/produkt\/benutzerdefinierte-karte-fuer-eltern\/","title":{"rendered":"Benutzerdefinierte Karte f\u00fcr Eltern"},"content":{"rendered":"<p style=\"margin-top: 1rem\">Suchst du ein einzigartiges Geschenk f\u00fcr deine Eltern? Betrachte deine Suche als vollendet! Wir haben das individuelle Kartenkunstwerk f\u00fcr dich. Mit Personalisierungsoptionen wie Design, Farben und Text kannst du etwas Sinnvolles schaffen, das von deinen Eltern gesch\u00e4tzt wird. Egal zu welchem \u200b\u200bAnlass, eine personalisierte benutzerdefinierte Karte f\u00fcr deine Eltern zeigt mit Sicherheit deine Wertsch\u00e4tzung und gibt ihnen das Gef\u00fchl, gesehen und geliebt zu werden.<\/p>\r\n\r\n\r\n\r\n<h2 class=\"grenB f24 cblue\" style=\"margin-top: 3rem\">Zeige deine Wertsch\u00e4tzung und Liebe<\/h2>\r\n\r\n<p style=\"margin-top: 1rem\">Eine benutzerdefinierte Karte f\u00fcr deine Eltern kann eine einzigartige M\u00f6glichkeit sein, an besondere Anl\u00e4sse wie Jubil\u00e4en, Geburtstage oder Schulabschl\u00fcsse zu erinnern. Versuche einen Ort hervorzuheben, der f\u00fcr deine Eltern von besonderer Bedeutung ist \u2013 wie der Ort, an dem sie geheiratet haben, ihre Heimatstadt oder einen Ort, den sie gemeinsam besucht haben. Diese Art von Geschenk zeigt ihnen, wie sehr du dich f\u00fcr sie interessiert und gibt ihnen das Gef\u00fchl, gesch\u00e4tzt und gesehen zu werden.<\/p>\r\n\r\n\r\n\r\n<h2 class=\"grenB f24 cblue\" style=\"margin-top: 3rem\">Passe deine benutzerdefinierte \u201cKarte f\u00fcr Eltern\u201d an<\/h2>\r\n\r\n<p style=\"margin-top: 1rem\">Unabh\u00e4ngig von der Gelegenheit bietet unsere benutzerdefinierte \u201cKarte f\u00fcr Eltern\u201d eine Vielzahl von Designs und Farben zur Auswahl. Von klassischen Schwarz-Wei\u00df-Karten bis hin zu lebendigen abstrakten Designs findest du sicher etwas, das deine Eltern lieben werden. W\u00e4hle ein Design, das ihre Pers\u00f6nlichkeit widerspiegelt oder eines, das ihre Interessen anspricht.<\/p>\r\n\r\n\r\n\r\n<p style=\"margin-top: 1rem\">Du kannst deinen eigenen Text auf einem Druck oder einer Leinwand f\u00fcr deine Eltern hinzuf\u00fcgen. Du kannst ebenfalls eine von Herzen kommende Nachricht einf\u00fcgen, z. B. zum Ausdruck bringen, wie sehr du sie liebst und sch\u00e4tzt. Oder, wenn du deine Eltern zum Lachen bringen m\u00f6chtest, warum f\u00fcgst du nicht einen Witz oder einen lustigen Satz hinzu? Wenn du die Karte mit deinen eigenen Worten personalisieren willst, wird das Geschenk noch spezieller und unvergesslicher.<\/p>\r\n\r\n\r\n\r\n<h2 class=\"grenB f24 cblue\" style=\"margin-top: 3rem\">Das perfekte Geschenk f\u00fcr jeden Anlass!<\/h2>\r\n\r\n<p style=\"margin-top: 1rem\">Egal, ob du einen besonderen Anlass feierst oder einfach nur deine Wertsch\u00e4tzung zeigen willst, unsere benutzerdefinierte \u201cKarte f\u00fcr Eltern\u201d ist das perfekte Geschenk f\u00fcr deine Eltern. Unsere Karte ist einzigartig und durchdacht \u2013 etwas, das sie f\u00fcr die kommenden Jahre sch\u00e4tzen werden. Stelle also sicher, dass du deine Liebe mit einer personalisierten, benutzerdefinierten \u201cKarte f\u00fcr deine Eltern\u201d zeigst!<\/p>","protected":false},"excerpt":{"rendered":"<ul class=\"check-list\">\n<li>Erstelle eine Karte des Ortes, den du immer dein Zuhause nennen wirst<\/li>\n<li>Markiere eine besondere Stelle mit einem ausgew\u00e4hlten Symbol<\/li>\n<li>Passe dein Kunstwerk in 3 einfachen Schritten an<\/li>\n<li>F\u00fcge einen aussagekr\u00e4ftigen personalisierten Text hinzu<\/li>\n<li>Sieh das Ergebnis sofort \u2013 die interaktive Vorschau erm\u00f6glicht dir, jedes Detail direkt anzupassen<\/li>\n<\/ul>\n","protected":false},"featured_media":1611533,"template":"","meta":[],"product_brand":[],"product_cat":[4906,7196,5265,11365],"product_tag":[15495,8750],"class_list":{"0":"post-453523","1":"product","2":"type-product","3":"status-publish","4":"has-post-thumbnail","6":"product_cat-alle-produkte-de-at","7":"product_cat-map-de-at","8":"product_cat-weihnachtsgeschenke-de-at","9":"product_cat-weihnachtsgeschenke-fur-die-eltern-de-at","10":"product_tag-mama-und-papa-de-at","11":"product_tag-parents-de-at","13":"first","14":"instock","15":"sale","16":"taxable","17":"shipping-taxable","18":"purchasable","19":"product-type-variable"},"yoast_head":"<!-- This site is optimized with the Yoast SEO Premium plugin v27.2 (Yoast SEO v27.2) - https:\/\/yoast.com\/product\/yoast-seo-premium-wordpress\/ -->\n<title>Benutzerdefinierte Karte f\u00fcr Eltern - Positive Prints<\/title>\n<meta name=\"description\" content=\"Egal, ob du einen besonderen Anlass feiern oder einfach nur deine Wertsch\u00e4tzung zeigen m\u00f6chtest, benutzerdefinierte Karten f\u00fcr Eltern sind das perfekte Geschenk f\u00fcr deine Eltern.\" \/>\n<meta name=\"robots\" content=\"index, follow, max-snippet:-1, max-image-preview:large, max-video-preview:-1\" \/>\n<link rel=\"canonical\" href=\"https:\/\/positiveprints.com\/de-at\/produkt\/benutzerdefinierte-karte-fuer-eltern\/\" \/>\n<meta property=\"og:locale\" content=\"de_DE\" \/>\n<meta property=\"og:type\" content=\"article\" \/>\n<meta property=\"og:title\" content=\"Benutzerdefinierte Karte f\u00fcr Eltern\" \/>\n<meta property=\"og:description\" content=\"Erstelle eine Karte des Ortes, den du immer dein Zuhause nennen wirst Markiere eine besondere Stelle mit einem ausgew\u00e4hlten Symbol Passe dein Kunstwerk in 3 einfachen Schritten an F\u00fcge einen aussagekr\u00e4ftigen personalisierten Text hinzu Sieh das Ergebnis sofort \u2013 die interaktive Vorschau erm\u00f6glicht dir, jedes Detail direkt anzupassen\" \/>\n<meta property=\"og:url\" content=\"https:\/\/positiveprints.com\/de-at\/produkt\/benutzerdefinierte-karte-fuer-eltern\/\" \/>\n<meta property=\"og:site_name\" content=\"Positive Prints\" \/>\n<meta property=\"article:publisher\" content=\"https:\/\/www.facebook.com\/positiveprintscom\" \/>\n<meta property=\"article:modified_time\" content=\"2026-04-18T05:11:16+00:00\" \/>\n<meta property=\"og:image\" content=\"https:\/\/positiveprints.com\/wp-content\/uploads\/2023\/08\/Benutzerdefinierte-Karte-fur-Eltern-1.jpg\" \/>\n\t<meta property=\"og:image:width\" content=\"1080\" \/>\n\t<meta property=\"og:image:height\" content=\"1080\" \/>\n\t<meta property=\"og:image:type\" content=\"image\/jpeg\" \/>\n<meta name=\"twitter:card\" content=\"summary_large_image\" \/>\n<meta name=\"twitter:label1\" content=\"Gesch\u00e4tzte Lesezeit\" \/>\n\t<meta name=\"twitter:data1\" content=\"2 Minuten\" \/>\n<!-- \/ Yoast SEO Premium plugin. -->","yoast_head_json":{"title":"Benutzerdefinierte Karte f\u00fcr Eltern - Positive Prints","description":"Egal, ob du einen besonderen Anlass feiern oder einfach nur deine Wertsch\u00e4tzung zeigen m\u00f6chtest, benutzerdefinierte Karten f\u00fcr Eltern sind das perfekte Geschenk f\u00fcr deine Eltern.","robots":{"index":"index","follow":"follow","max-snippet":"max-snippet:-1","max-image-preview":"max-image-preview:large","max-video-preview":"max-video-preview:-1"},"canonical":"https:\/\/positiveprints.com\/de-at\/produkt\/benutzerdefinierte-karte-fuer-eltern\/","og_locale":"de_DE","og_type":"article","og_title":"Benutzerdefinierte Karte f\u00fcr Eltern","og_description":"Erstelle eine Karte des Ortes, den du immer dein Zuhause nennen wirst Markiere eine besondere Stelle mit einem ausgew\u00e4hlten Symbol Passe dein Kunstwerk in 3 einfachen Schritten an F\u00fcge einen aussagekr\u00e4ftigen personalisierten Text hinzu Sieh das Ergebnis sofort \u2013 die interaktive Vorschau erm\u00f6glicht dir, jedes Detail direkt anzupassen","og_url":"https:\/\/positiveprints.com\/de-at\/produkt\/benutzerdefinierte-karte-fuer-eltern\/","og_site_name":"Positive Prints","article_publisher":"https:\/\/www.facebook.com\/positiveprintscom","article_modified_time":"2026-04-18T05:11:16+00:00","og_image":[{"width":1080,"height":1080,"url":"https:\/\/positiveprints.com\/wp-content\/uploads\/2023\/08\/Benutzerdefinierte-Karte-fur-Eltern-1.jpg","type":"image\/jpeg"}],"twitter_card":"summary_large_image","twitter_misc":{"Gesch\u00e4tzte Lesezeit":"2 Minuten"},"schema":{"@context":"https:\/\/schema.org","@graph":[{"@type":["WebPage","ItemPage"],"@id":"https:\/\/positiveprints.com\/de-at\/produkt\/benutzerdefinierte-karte-fuer-eltern\/","url":"https:\/\/positiveprints.com\/de-at\/produkt\/benutzerdefinierte-karte-fuer-eltern\/","name":"Benutzerdefinierte Karte f\u00fcr Eltern - Positive Prints","isPartOf":{"@id":"https:\/\/positiveprints.com\/de-at\/#website"},"primaryImageOfPage":{"@id":"https:\/\/positiveprints.com\/de-at\/produkt\/benutzerdefinierte-karte-fuer-eltern\/#primaryimage"},"image":{"@id":"https:\/\/positiveprints.com\/de-at\/produkt\/benutzerdefinierte-karte-fuer-eltern\/#primaryimage"},"thumbnailUrl":"https:\/\/positiveprints.com\/wp-content\/uploads\/2026\/01\/Packshot_DE_Benutzerdefinierte-Karte-fur-Eltern.webp","datePublished":"2023-02-17T13:09:33+00:00","dateModified":"2026-04-18T05:11:16+00:00","description":"Egal, ob du einen besonderen Anlass feiern oder einfach nur deine Wertsch\u00e4tzung zeigen m\u00f6chtest, benutzerdefinierte Karten f\u00fcr Eltern sind das perfekte Geschenk f\u00fcr deine Eltern.","breadcrumb":{"@id":"https:\/\/positiveprints.com\/de-at\/produkt\/benutzerdefinierte-karte-fuer-eltern\/#breadcrumb"},"inLanguage":"de-AT","potentialAction":[{"@type":"ReadAction","target":["https:\/\/positiveprints.com\/de-at\/produkt\/benutzerdefinierte-karte-fuer-eltern\/"]}]},{"@type":"ImageObject","inLanguage":"de-AT","@id":"https:\/\/positiveprints.com\/de-at\/produkt\/benutzerdefinierte-karte-fuer-eltern\/#primaryimage","url":"https:\/\/positiveprints.com\/wp-content\/uploads\/2026\/01\/Packshot_DE_Benutzerdefinierte-Karte-fur-Eltern.webp","contentUrl":"https:\/\/positiveprints.com\/wp-content\/uploads\/2026\/01\/Packshot_DE_Benutzerdefinierte-Karte-fur-Eltern.webp","width":1450,"height":1450},{"@type":"BreadcrumbList","@id":"https:\/\/positiveprints.com\/de-at\/produkt\/benutzerdefinierte-karte-fuer-eltern\/#breadcrumb","itemListElement":[{"@type":"ListItem","position":1,"name":"Home","item":"https:\/\/positiveprints.com\/de-at\/"},{"@type":"ListItem","position":2,"name":"Products","item":"https:\/\/positiveprints.com\/de-at\/shop\/"},{"@type":"ListItem","position":3,"name":"Benutzerdefinierte Karte f\u00fcr Eltern"}]},{"@type":"WebSite","@id":"https:\/\/positiveprints.com\/de-at\/#website","url":"https:\/\/positiveprints.com\/de-at\/","name":"Positive Prints","description":"Amazing Custom Personalised Prints","publisher":{"@id":"https:\/\/positiveprints.com\/de-at\/#organization"},"potentialAction":[{"@type":"SearchAction","target":{"@type":"EntryPoint","urlTemplate":"https:\/\/positiveprints.com\/de-at\/?s={search_term_string}"},"query-input":{"@type":"PropertyValueSpecification","valueRequired":true,"valueName":"search_term_string"}}],"inLanguage":"de-AT"},{"@type":"Organization","@id":"https:\/\/positiveprints.com\/de-at\/#organization","name":"Positive Prints","alternateName":"Positive Prints","url":"https:\/\/positiveprints.com\/de-at\/","logo":{"@type":"ImageObject","inLanguage":"de-AT","@id":"https:\/\/positiveprints.com\/de-at\/#\/schema\/logo\/image\/","url":"https:\/\/positiveprints.com\/wp-content\/uploads\/2026\/03\/245815646_1337939713319158_5671353136411139666_n.png","contentUrl":"https:\/\/positiveprints.com\/wp-content\/uploads\/2026\/03\/245815646_1337939713319158_5671353136411139666_n.png","width":800,"height":800,"caption":"Positive Prints"},"image":{"@id":"https:\/\/positiveprints.com\/de-at\/#\/schema\/logo\/image\/"},"sameAs":["https:\/\/www.facebook.com\/positiveprintscom","https:\/\/www.instagram.com\/positiveprintscom\/","https:\/\/www.tiktok.com\/@positiveprintscom","https:\/\/www.pinterest.com\/positiveprintscom\/"]}]}},"jetpack_sharing_enabled":true,"_links":{"self":[{"href":"https:\/\/positiveprints.com\/de-at\/wp-json\/wp\/v2\/product\/453523","targetHints":{"allow":["GET"]}}],"collection":[{"href":"https:\/\/positiveprints.com\/de-at\/wp-json\/wp\/v2\/product"}],"about":[{"href":"https:\/\/positiveprints.com\/de-at\/wp-json\/wp\/v2\/types\/product"}],"wp:featuredmedia":[{"embeddable":true,"href":"https:\/\/positiveprints.com\/de-at\/wp-json\/wp\/v2\/media\/1611533"}],"wp:attachment":[{"href":"https:\/\/positiveprints.com\/de-at\/wp-json\/wp\/v2\/media?parent=453523"}],"wp:term":[{"taxonomy":"product_brand","embeddable":true,"href":"https:\/\/positiveprints.com\/de-at\/wp-json\/wp\/v2\/product_brand?post=453523"},{"taxonomy":"product_cat","embeddable":true,"href":"https:\/\/positiveprints.com\/de-at\/wp-json\/wp\/v2\/product_cat?post=453523"},{"taxonomy":"product_tag","embeddable":true,"href":"https:\/\/positiveprints.com\/de-at\/wp-json\/wp\/v2\/product_tag?post=453523"}],"curies":[{"name":"wp","href":"https:\/\/api.w.org\/{rel}","templated":true}]}}