{"id":452802,"date":"2023-03-23T21:11:15","date_gmt":"2023-03-23T20:11:15","guid":{"rendered":"https:\/\/positiveprints.com\/product\/die-dreifache-sternenkarte-fuer-mama\/"},"modified":"2026-04-18T06:06:15","modified_gmt":"2026-04-18T05:06:15","slug":"die-dreifache-sternenkarte-fuer-mama","status":"publish","type":"product","link":"https:\/\/positiveprints.com\/de-at\/produkt\/die-dreifache-sternenkarte-fuer-mama\/","title":{"rendered":"Die dreifache Sternenkarte f\u00fcr Mama"},"content":{"rendered":"<p style=\"margin-top: 1rem\">Unsere \u201cdreifache Sternenkarte f\u00fcr Mama\u201d ist das perfekte personalisierte Geschenk f\u00fcr jede Mutter von drei Kindern zu besonderen Anl\u00e4ssen! Ob Muttertag, Geburtstag oder Weihnachten, dieser einzigartige Druck macht ihren Tag mit Sicherheit unvergesslich.<\/p>\r\n\r\n\r\n\r\n<p style=\"margin-top: 1rem\">Mit drei atemberaubenden Sternenkarten auf einem einzigen Poster ist dieses Geschenk eine perfekte Darstellung des Nachthimmels von dem Tag an, an dem du und deine Geschwister geboren wurden. Du kannst sogar andere wichtige Momente aus dem Leben deiner Mutter hinzuf\u00fcgen. Die M\u00f6glichkeiten sind wirklich endlos!<\/p>\r\n\r\n\r\n\r\n<p style=\"margin-top: 1rem\">Mit unserem benutzerfreundlichen Online-Editor hast du die Freiheit, aus einer breiten Palette von Designs und Farben zu w\u00e4hlen, um eine einzigartige und atemberaubende \u201cdreifache Sternenkarte f\u00fcr Mama\u201d zu erstellen. Du kannst vordefinierte Farben ausw\u00e4hlen oder mit deinen eigenen spielen, um es perfekt aussehen zu lassen. Au\u00dferdem kannst du eine besondere Note hinzuf\u00fcgen, indem du eine pers\u00f6nliche Nachricht oder ein Zitat eingibst.<\/p>\r\n\r\n\r\n\r\n<p style=\"margin-top: 1rem\">Sobald du die perfekten Sternkarten entworfen hast, kannst du die Gr\u00f6\u00dfe und das Format ausw\u00e4hlen, die deinen Anforderungen am besten entsprechen. Wir bieten gedruckte, gerahmte Poster, Leinwand oder eine sofortige digitale Download-Datei. Egal, ob du das Poster verschenken oder an die Wand h\u00e4ngen m\u00f6chtest, du kannst ganz einfach die perfekte Option ausw\u00e4hlen.<\/p>","protected":false},"excerpt":{"rendered":"<ul class=\"check-list\">\n<li>F\u00fcge Sternbilder und die Milchstra\u00dfe hinzu<\/li>\n<li>Passe es in 3 einfachen Schritten<\/li>\n<li>F\u00fcge einen aussagekr\u00e4ftigen personalisierten Text hinzu<\/li>\n<li>Sehe dir dein  Design bei jedem Schritt in der Vorschau an<\/li>\n<\/ul>\n","protected":false},"featured_media":1244419,"template":"","meta":[],"product_brand":[],"product_cat":[4906,11362,7698,7282,9095,5265],"product_tag":[8402,11742],"class_list":{"0":"post-452802","1":"product","2":"type-product","3":"status-publish","4":"has-post-thumbnail","6":"product_cat-alle-produkte-de-at","7":"product_cat-weihnachtsgeschenke-fur-die-mama-de-at","8":"product_cat-geschenke-fur-mama-de-at","9":"product_cat-muttertagsgeschenke-de-at","10":"product_cat-trio-stars-de-at","11":"product_cat-weihnachtsgeschenke-de-at","12":"product_tag-mother-de-at","13":"product_tag-weihnachtsgeschenke-fuer-die-mama-de-at","15":"first","16":"instock","17":"sale","18":"taxable","19":"shipping-taxable","20":"purchasable","21":"product-type-variable"},"yoast_head":"<!-- This site is optimized with the Yoast SEO Premium plugin v27.2 (Yoast SEO v27.2) - https:\/\/yoast.com\/product\/yoast-seo-premium-wordpress\/ -->\n<title>Die dreifache Sternenkarte f\u00fcr Mama - Positive Prints<\/title>\n<meta name=\"description\" content=\"Erstelle eine einzigartige dreifache Sternenkarte f\u00fcr deine Mama und mache ihren Tag mit diesem einzigartigen und durchdachten Geschenk zu etwas ganz Besonderem! Werde noch heute kreativ!\" \/>\n<meta name=\"robots\" content=\"index, follow, max-snippet:-1, max-image-preview:large, max-video-preview:-1\" \/>\n<link rel=\"canonical\" href=\"https:\/\/positiveprints.com\/de-at\/produkt\/die-dreifache-sternenkarte-fuer-mama\/\" \/>\n<meta property=\"og:locale\" content=\"de_DE\" \/>\n<meta property=\"og:type\" content=\"article\" \/>\n<meta property=\"og:title\" content=\"Die dreifache Sternenkarte f\u00fcr Mama\" \/>\n<meta property=\"og:description\" content=\"F\u00fcge Sternbilder und die Milchstra\u00dfe hinzu Passe es in 3 einfachen Schritten F\u00fcge einen aussagekr\u00e4ftigen personalisierten Text hinzu Sehe dir dein Design bei jedem Schritt in der Vorschau an\" \/>\n<meta property=\"og:url\" content=\"https:\/\/positiveprints.com\/de-at\/produkt\/die-dreifache-sternenkarte-fuer-mama\/\" \/>\n<meta property=\"og:site_name\" content=\"Positive Prints\" \/>\n<meta property=\"article:publisher\" content=\"https:\/\/www.facebook.com\/positiveprintscom\" \/>\n<meta property=\"article:modified_time\" content=\"2026-04-18T05:06:15+00:00\" \/>\n<meta property=\"og:image\" content=\"https:\/\/positiveprints.com\/wp-content\/uploads\/2024\/10\/Packshot_DE_Triple-Star-Map-for-Mom-product-image-.webp\" \/>\n\t<meta property=\"og:image:width\" content=\"1450\" \/>\n\t<meta property=\"og:image:height\" content=\"1450\" \/>\n\t<meta property=\"og:image:type\" content=\"image\/webp\" \/>\n<meta name=\"twitter:card\" content=\"summary_large_image\" \/>\n<meta name=\"twitter:label1\" content=\"Gesch\u00e4tzte Lesezeit\" \/>\n\t<meta name=\"twitter:data1\" content=\"1 Minute\" \/>\n<!-- \/ Yoast SEO Premium plugin. -->","yoast_head_json":{"title":"Die dreifache Sternenkarte f\u00fcr Mama - Positive Prints","description":"Erstelle eine einzigartige dreifache Sternenkarte f\u00fcr deine Mama und mache ihren Tag mit diesem einzigartigen und durchdachten Geschenk zu etwas ganz Besonderem! Werde noch heute kreativ!","robots":{"index":"index","follow":"follow","max-snippet":"max-snippet:-1","max-image-preview":"max-image-preview:large","max-video-preview":"max-video-preview:-1"},"canonical":"https:\/\/positiveprints.com\/de-at\/produkt\/die-dreifache-sternenkarte-fuer-mama\/","og_locale":"de_DE","og_type":"article","og_title":"Die dreifache Sternenkarte f\u00fcr Mama","og_description":"F\u00fcge Sternbilder und die Milchstra\u00dfe hinzu Passe es in 3 einfachen Schritten F\u00fcge einen aussagekr\u00e4ftigen personalisierten Text hinzu Sehe dir dein Design bei jedem Schritt in der Vorschau an","og_url":"https:\/\/positiveprints.com\/de-at\/produkt\/die-dreifache-sternenkarte-fuer-mama\/","og_site_name":"Positive Prints","article_publisher":"https:\/\/www.facebook.com\/positiveprintscom","article_modified_time":"2026-04-18T05:06:15+00:00","og_image":[{"width":1450,"height":1450,"url":"https:\/\/positiveprints.com\/wp-content\/uploads\/2024\/10\/Packshot_DE_Triple-Star-Map-for-Mom-product-image-.webp","type":"image\/webp"}],"twitter_card":"summary_large_image","twitter_misc":{"Gesch\u00e4tzte Lesezeit":"1 Minute"},"schema":{"@context":"https:\/\/schema.org","@graph":[{"@type":["WebPage","ItemPage"],"@id":"https:\/\/positiveprints.com\/de-at\/produkt\/die-dreifache-sternenkarte-fuer-mama\/","url":"https:\/\/positiveprints.com\/de-at\/produkt\/die-dreifache-sternenkarte-fuer-mama\/","name":"Die dreifache Sternenkarte f\u00fcr Mama - Positive Prints","isPartOf":{"@id":"https:\/\/positiveprints.com\/de-at\/#website"},"primaryImageOfPage":{"@id":"https:\/\/positiveprints.com\/de-at\/produkt\/die-dreifache-sternenkarte-fuer-mama\/#primaryimage"},"image":{"@id":"https:\/\/positiveprints.com\/de-at\/produkt\/die-dreifache-sternenkarte-fuer-mama\/#primaryimage"},"thumbnailUrl":"https:\/\/positiveprints.com\/wp-content\/uploads\/2024\/10\/Packshot_DE_Triple-Star-Map-for-Mom-product-image-.webp","datePublished":"2023-03-23T20:11:15+00:00","dateModified":"2026-04-18T05:06:15+00:00","description":"Erstelle eine einzigartige dreifache Sternenkarte f\u00fcr deine Mama und mache ihren Tag mit diesem einzigartigen und durchdachten Geschenk zu etwas ganz Besonderem! Werde noch heute kreativ!","breadcrumb":{"@id":"https:\/\/positiveprints.com\/de-at\/produkt\/die-dreifache-sternenkarte-fuer-mama\/#breadcrumb"},"inLanguage":"de-AT","potentialAction":[{"@type":"ReadAction","target":["https:\/\/positiveprints.com\/de-at\/produkt\/die-dreifache-sternenkarte-fuer-mama\/"]}]},{"@type":"ImageObject","inLanguage":"de-AT","@id":"https:\/\/positiveprints.com\/de-at\/produkt\/die-dreifache-sternenkarte-fuer-mama\/#primaryimage","url":"https:\/\/positiveprints.com\/wp-content\/uploads\/2024\/10\/Packshot_DE_Triple-Star-Map-for-Mom-product-image-.webp","contentUrl":"https:\/\/positiveprints.com\/wp-content\/uploads\/2024\/10\/Packshot_DE_Triple-Star-Map-for-Mom-product-image-.webp","width":1450,"height":1450},{"@type":"BreadcrumbList","@id":"https:\/\/positiveprints.com\/de-at\/produkt\/die-dreifache-sternenkarte-fuer-mama\/#breadcrumb","itemListElement":[{"@type":"ListItem","position":1,"name":"Home","item":"https:\/\/positiveprints.com\/de-at\/"},{"@type":"ListItem","position":2,"name":"Products","item":"https:\/\/positiveprints.com\/de-at\/shop\/"},{"@type":"ListItem","position":3,"name":"Die dreifache Sternenkarte f\u00fcr Mama"}]},{"@type":"WebSite","@id":"https:\/\/positiveprints.com\/de-at\/#website","url":"https:\/\/positiveprints.com\/de-at\/","name":"Positive Prints","description":"Amazing Custom Personalised Prints","publisher":{"@id":"https:\/\/positiveprints.com\/de-at\/#organization"},"potentialAction":[{"@type":"SearchAction","target":{"@type":"EntryPoint","urlTemplate":"https:\/\/positiveprints.com\/de-at\/?s={search_term_string}"},"query-input":{"@type":"PropertyValueSpecification","valueRequired":true,"valueName":"search_term_string"}}],"inLanguage":"de-AT"},{"@type":"Organization","@id":"https:\/\/positiveprints.com\/de-at\/#organization","name":"Positive Prints","alternateName":"Positive Prints","url":"https:\/\/positiveprints.com\/de-at\/","logo":{"@type":"ImageObject","inLanguage":"de-AT","@id":"https:\/\/positiveprints.com\/de-at\/#\/schema\/logo\/image\/","url":"https:\/\/positiveprints.com\/wp-content\/uploads\/2026\/03\/245815646_1337939713319158_5671353136411139666_n.png","contentUrl":"https:\/\/positiveprints.com\/wp-content\/uploads\/2026\/03\/245815646_1337939713319158_5671353136411139666_n.png","width":800,"height":800,"caption":"Positive Prints"},"image":{"@id":"https:\/\/positiveprints.com\/de-at\/#\/schema\/logo\/image\/"},"sameAs":["https:\/\/www.facebook.com\/positiveprintscom","https:\/\/www.instagram.com\/positiveprintscom\/","https:\/\/www.tiktok.com\/@positiveprintscom","https:\/\/www.pinterest.com\/positiveprintscom\/"]}]}},"jetpack_sharing_enabled":true,"_links":{"self":[{"href":"https:\/\/positiveprints.com\/de-at\/wp-json\/wp\/v2\/product\/452802","targetHints":{"allow":["GET"]}}],"collection":[{"href":"https:\/\/positiveprints.com\/de-at\/wp-json\/wp\/v2\/product"}],"about":[{"href":"https:\/\/positiveprints.com\/de-at\/wp-json\/wp\/v2\/types\/product"}],"wp:featuredmedia":[{"embeddable":true,"href":"https:\/\/positiveprints.com\/de-at\/wp-json\/wp\/v2\/media\/1244419"}],"wp:attachment":[{"href":"https:\/\/positiveprints.com\/de-at\/wp-json\/wp\/v2\/media?parent=452802"}],"wp:term":[{"taxonomy":"product_brand","embeddable":true,"href":"https:\/\/positiveprints.com\/de-at\/wp-json\/wp\/v2\/product_brand?post=452802"},{"taxonomy":"product_cat","embeddable":true,"href":"https:\/\/positiveprints.com\/de-at\/wp-json\/wp\/v2\/product_cat?post=452802"},{"taxonomy":"product_tag","embeddable":true,"href":"https:\/\/positiveprints.com\/de-at\/wp-json\/wp\/v2\/product_tag?post=452802"}],"curies":[{"name":"wp","href":"https:\/\/api.w.org\/{rel}","templated":true}]}}