{"id":452249,"date":"2023-04-03T15:25:57","date_gmt":"2023-04-03T14:25:57","guid":{"rendered":"https:\/\/positiveprints.com\/product\/doppelte-sternenkarte-fuer-mutter\/"},"modified":"2026-04-07T15:12:30","modified_gmt":"2026-04-07T14:12:30","slug":"doppelte-sternenkarte-fuer-mutter","status":"publish","type":"product","link":"https:\/\/positiveprints.com\/de-at\/produkt\/doppelte-sternenkarte-fuer-mutter\/","title":{"rendered":"Doppelte Sternenkarte f\u00fcr Mutter"},"content":{"rendered":"<p style=\"margin-top: 1rem\">Die Doppelte Sternenkarte f\u00fcr Mutter ist ein einzigartiges Geschenk, das die Ausrichtung der Sterne an den beiden sch\u00f6nsten Tagen im Leben einer Mutter, der Geburt ihrer Kinder, einf\u00e4ngt. Diese personalisierte Sternkarte repr\u00e4sentiert Ereignisse, die f\u00fcr immer einen besonderen Platz im Herzen einer Mutter einnehmen werden.<\/p>\r\n\r\n\r\n<p style=\"margin-top: 1rem\">Unser einzigartiger dreistufiger Prozess erm\u00f6glicht es dir, deineindividuelle Doppelsternkarte ganz einfach zu erstellen.\r\nIn Schritt eins kannst du die Farben der Sterne und des Hintergrunds deinesDrucks \u00e4ndern. Du kannst aus unseren vordefinierten Kombinationen w\u00e4hlen oder dein eigenes, einzigartiges und personalisiertes Farbschema erstellen. Als N\u00e4chstes gibst du das Geburtsdatum, die Uhrzeit und den Ort jedes Kindes sowie einen benutzerdefinierten Text ein. W\u00e4hle im letzten Schritt zwischen gedrucktem oder gerahmtem Poster, Leinwand und sofortiger digitaler Download-Datei.<\/p>\r\n\r\n\r\n<p style=\"margin-top: 1rem\">Der Druck kann optional mit dem Namen und der Geburtszeit jedes Kindes versehen werden, was ihn zu einem echten Unikat macht. Ob zum Muttertag, zum Geburtstag oder einfach so, die Doppelte Sternenkarte f\u00fcr Mutter ist ein unvergessliches Geschenk, das viele Jahre lang gesch\u00e4tzt wird.<\/p>","protected":false},"excerpt":{"rendered":"<ul class=\"check-list\">\n<li>Gebe jeder Mutter das Gef\u00fchl, etwas Besonderes zu sein und beeindrucke sie mit einer atemberaubenden Darstellung des Nachthimmels am Geburtsdatum ihrer Kinder<\/li>\n<li>F\u00fcge Sternbilder und die Milchstra\u00dfe hinzu<\/li>\n<li>Passe es in 3 einfachen Schritten<\/li>\n<li>F\u00fcge einen aussagekr\u00e4ftigen personalisierten Text hinzu<\/li>\n<li>Sieh das Ergebnis sofort \u2013 die interaktive Vorschau erm\u00f6glicht dir, jedes Detail direkt anzupassen<\/li>\n<\/ul>\n","protected":false},"featured_media":1489867,"template":"","meta":[],"product_brand":[],"product_cat":[4906,9098],"product_tag":[],"class_list":{"0":"post-452249","1":"product","2":"type-product","3":"status-publish","4":"has-post-thumbnail","6":"product_cat-alle-produkte-de-at","7":"product_cat-duo-stars-de-at","9":"first","10":"instock","11":"sale","12":"taxable","13":"shipping-taxable","14":"purchasable","15":"product-type-variable"},"yoast_head":"<!-- This site is optimized with the Yoast SEO Premium plugin v27.2 (Yoast SEO v27.2) - https:\/\/yoast.com\/product\/yoast-seo-premium-wordpress\/ -->\n<title>Doppelte Sternenkarte f\u00fcr Mutter - Positive Prints<\/title>\n<meta name=\"description\" content=\"Die Doppelte Sternenkarte f\u00fcr Mutter ist ein Geschenk, das die Ausrichtung der Sterne an den beiden sch\u00f6nsten Tagen im Leben einer Mutter, der Geburt ihrer Kinder, einf\u00e4ngt. Bestelle direkt jetzt!\" \/>\n<meta name=\"robots\" content=\"index, follow, max-snippet:-1, max-image-preview:large, max-video-preview:-1\" \/>\n<link rel=\"canonical\" href=\"https:\/\/positiveprints.com\/de-at\/produkt\/doppelte-sternenkarte-fuer-mutter\/\" \/>\n<meta property=\"og:locale\" content=\"de_DE\" \/>\n<meta property=\"og:type\" content=\"article\" \/>\n<meta property=\"og:title\" content=\"Doppelte Sternenkarte f\u00fcr Mutter\" \/>\n<meta property=\"og:description\" content=\"Gebe jeder Mutter das Gef\u00fchl, etwas Besonderes zu sein und beeindrucke sie mit einer atemberaubenden Darstellung des Nachthimmels am Geburtsdatum ihrer Kinder F\u00fcge Sternbilder und die Milchstra\u00dfe hinzu Passe es in 3 einfachen Schritten F\u00fcge einen aussagekr\u00e4ftigen personalisierten Text hinzu Sieh das Ergebnis sofort \u2013 die interaktive Vorschau erm\u00f6glicht dir, jedes Detail direkt anzupassen\" \/>\n<meta property=\"og:url\" content=\"https:\/\/positiveprints.com\/de-at\/produkt\/doppelte-sternenkarte-fuer-mutter\/\" \/>\n<meta property=\"og:site_name\" content=\"Positive Prints\" \/>\n<meta property=\"article:publisher\" content=\"https:\/\/www.facebook.com\/positiveprintscom\" \/>\n<meta property=\"article:modified_time\" content=\"2026-04-07T14:12:30+00:00\" \/>\n<meta property=\"og:image\" content=\"https:\/\/positiveprints.com\/wp-content\/uploads\/2024\/11\/Packshot_DE_Double-Star-Map-for-Mom-product-image-.webp\" \/>\n\t<meta property=\"og:image:width\" content=\"1450\" \/>\n\t<meta property=\"og:image:height\" content=\"1450\" \/>\n\t<meta property=\"og:image:type\" content=\"image\/webp\" \/>\n<meta name=\"twitter:card\" content=\"summary_large_image\" \/>\n<meta name=\"twitter:label1\" content=\"Gesch\u00e4tzte Lesezeit\" \/>\n\t<meta name=\"twitter:data1\" content=\"1 Minute\" \/>\n<!-- \/ Yoast SEO Premium plugin. -->","yoast_head_json":{"title":"Doppelte Sternenkarte f\u00fcr Mutter - Positive Prints","description":"Die Doppelte Sternenkarte f\u00fcr Mutter ist ein Geschenk, das die Ausrichtung der Sterne an den beiden sch\u00f6nsten Tagen im Leben einer Mutter, der Geburt ihrer Kinder, einf\u00e4ngt. Bestelle direkt jetzt!","robots":{"index":"index","follow":"follow","max-snippet":"max-snippet:-1","max-image-preview":"max-image-preview:large","max-video-preview":"max-video-preview:-1"},"canonical":"https:\/\/positiveprints.com\/de-at\/produkt\/doppelte-sternenkarte-fuer-mutter\/","og_locale":"de_DE","og_type":"article","og_title":"Doppelte Sternenkarte f\u00fcr Mutter","og_description":"Gebe jeder Mutter das Gef\u00fchl, etwas Besonderes zu sein und beeindrucke sie mit einer atemberaubenden Darstellung des Nachthimmels am Geburtsdatum ihrer Kinder F\u00fcge Sternbilder und die Milchstra\u00dfe hinzu Passe es in 3 einfachen Schritten F\u00fcge einen aussagekr\u00e4ftigen personalisierten Text hinzu Sieh das Ergebnis sofort \u2013 die interaktive Vorschau erm\u00f6glicht dir, jedes Detail direkt anzupassen","og_url":"https:\/\/positiveprints.com\/de-at\/produkt\/doppelte-sternenkarte-fuer-mutter\/","og_site_name":"Positive Prints","article_publisher":"https:\/\/www.facebook.com\/positiveprintscom","article_modified_time":"2026-04-07T14:12:30+00:00","og_image":[{"width":1450,"height":1450,"url":"https:\/\/positiveprints.com\/wp-content\/uploads\/2024\/11\/Packshot_DE_Double-Star-Map-for-Mom-product-image-.webp","type":"image\/webp"}],"twitter_card":"summary_large_image","twitter_misc":{"Gesch\u00e4tzte Lesezeit":"1 Minute"},"schema":{"@context":"https:\/\/schema.org","@graph":[{"@type":["WebPage","ItemPage"],"@id":"https:\/\/positiveprints.com\/de-at\/produkt\/doppelte-sternenkarte-fuer-mutter\/","url":"https:\/\/positiveprints.com\/de-at\/produkt\/doppelte-sternenkarte-fuer-mutter\/","name":"Doppelte Sternenkarte f\u00fcr Mutter - Positive Prints","isPartOf":{"@id":"https:\/\/positiveprints.com\/de-at\/#website"},"primaryImageOfPage":{"@id":"https:\/\/positiveprints.com\/de-at\/produkt\/doppelte-sternenkarte-fuer-mutter\/#primaryimage"},"image":{"@id":"https:\/\/positiveprints.com\/de-at\/produkt\/doppelte-sternenkarte-fuer-mutter\/#primaryimage"},"thumbnailUrl":"https:\/\/positiveprints.com\/wp-content\/uploads\/2025\/08\/Packshot_DE_Doppelte-Sternenkarte-fu\u0308r-Mutter.webp","datePublished":"2023-04-03T14:25:57+00:00","dateModified":"2026-04-07T14:12:30+00:00","description":"Die Doppelte Sternenkarte f\u00fcr Mutter ist ein Geschenk, das die Ausrichtung der Sterne an den beiden sch\u00f6nsten Tagen im Leben einer Mutter, der Geburt ihrer Kinder, einf\u00e4ngt. Bestelle direkt jetzt!","breadcrumb":{"@id":"https:\/\/positiveprints.com\/de-at\/produkt\/doppelte-sternenkarte-fuer-mutter\/#breadcrumb"},"inLanguage":"de-AT","potentialAction":[{"@type":"ReadAction","target":["https:\/\/positiveprints.com\/de-at\/produkt\/doppelte-sternenkarte-fuer-mutter\/"]}]},{"@type":"ImageObject","inLanguage":"de-AT","@id":"https:\/\/positiveprints.com\/de-at\/produkt\/doppelte-sternenkarte-fuer-mutter\/#primaryimage","url":"https:\/\/positiveprints.com\/wp-content\/uploads\/2025\/08\/Packshot_DE_Doppelte-Sternenkarte-fu\u0308r-Mutter.webp","contentUrl":"https:\/\/positiveprints.com\/wp-content\/uploads\/2025\/08\/Packshot_DE_Doppelte-Sternenkarte-fu\u0308r-Mutter.webp","width":1450,"height":1450},{"@type":"BreadcrumbList","@id":"https:\/\/positiveprints.com\/de-at\/produkt\/doppelte-sternenkarte-fuer-mutter\/#breadcrumb","itemListElement":[{"@type":"ListItem","position":1,"name":"Home","item":"https:\/\/positiveprints.com\/de-at\/"},{"@type":"ListItem","position":2,"name":"Products","item":"https:\/\/positiveprints.com\/de-at\/shop\/"},{"@type":"ListItem","position":3,"name":"Doppelte Sternenkarte f\u00fcr Mutter"}]},{"@type":"WebSite","@id":"https:\/\/positiveprints.com\/de-at\/#website","url":"https:\/\/positiveprints.com\/de-at\/","name":"Positive Prints","description":"Amazing Custom Personalised Prints","publisher":{"@id":"https:\/\/positiveprints.com\/de-at\/#organization"},"potentialAction":[{"@type":"SearchAction","target":{"@type":"EntryPoint","urlTemplate":"https:\/\/positiveprints.com\/de-at\/?s={search_term_string}"},"query-input":{"@type":"PropertyValueSpecification","valueRequired":true,"valueName":"search_term_string"}}],"inLanguage":"de-AT"},{"@type":"Organization","@id":"https:\/\/positiveprints.com\/de-at\/#organization","name":"Positive Prints","alternateName":"Positive Prints","url":"https:\/\/positiveprints.com\/de-at\/","logo":{"@type":"ImageObject","inLanguage":"de-AT","@id":"https:\/\/positiveprints.com\/de-at\/#\/schema\/logo\/image\/","url":"https:\/\/positiveprints.com\/wp-content\/uploads\/2026\/03\/245815646_1337939713319158_5671353136411139666_n.png","contentUrl":"https:\/\/positiveprints.com\/wp-content\/uploads\/2026\/03\/245815646_1337939713319158_5671353136411139666_n.png","width":800,"height":800,"caption":"Positive Prints"},"image":{"@id":"https:\/\/positiveprints.com\/de-at\/#\/schema\/logo\/image\/"},"sameAs":["https:\/\/www.facebook.com\/positiveprintscom","https:\/\/www.instagram.com\/positiveprintscom\/","https:\/\/www.tiktok.com\/@positiveprintscom","https:\/\/www.pinterest.com\/positiveprintscom\/"]}]}},"jetpack_sharing_enabled":true,"_links":{"self":[{"href":"https:\/\/positiveprints.com\/de-at\/wp-json\/wp\/v2\/product\/452249","targetHints":{"allow":["GET"]}}],"collection":[{"href":"https:\/\/positiveprints.com\/de-at\/wp-json\/wp\/v2\/product"}],"about":[{"href":"https:\/\/positiveprints.com\/de-at\/wp-json\/wp\/v2\/types\/product"}],"wp:featuredmedia":[{"embeddable":true,"href":"https:\/\/positiveprints.com\/de-at\/wp-json\/wp\/v2\/media\/1489867"}],"wp:attachment":[{"href":"https:\/\/positiveprints.com\/de-at\/wp-json\/wp\/v2\/media?parent=452249"}],"wp:term":[{"taxonomy":"product_brand","embeddable":true,"href":"https:\/\/positiveprints.com\/de-at\/wp-json\/wp\/v2\/product_brand?post=452249"},{"taxonomy":"product_cat","embeddable":true,"href":"https:\/\/positiveprints.com\/de-at\/wp-json\/wp\/v2\/product_cat?post=452249"},{"taxonomy":"product_tag","embeddable":true,"href":"https:\/\/positiveprints.com\/de-at\/wp-json\/wp\/v2\/product_tag?post=452249"}],"curies":[{"name":"wp","href":"https:\/\/api.w.org\/{rel}","templated":true}]}}