{"id":451194,"date":"2023-02-10T19:32:31","date_gmt":"2023-02-10T18:32:31","guid":{"rendered":"https:\/\/positiveprints.com\/product\/liebe-kennt-keine-entfernung-deine-karte-fuer-mama\/"},"modified":"2026-04-18T06:14:45","modified_gmt":"2026-04-18T05:14:45","slug":"liebe-kennt-keine-entfernung-deine-karte-fuer-mama","status":"publish","type":"product","link":"https:\/\/positiveprints.com\/de-at\/produkt\/liebe-kennt-keine-entfernung-deine-karte-fuer-mama\/","title":{"rendered":"\u201cLiebe kennt keine Entfernung\u201d deine Karte f\u00fcr Mama"},"content":{"rendered":"<p style=\"margin-top: 1rem\">Besondere Tage mit Mama zu feiern, wie Geburtstage oder Muttertag, kann eine Herausforderung sein, wenn ihr getrennt lebt. Aber ihr eine bedeutungsvolle Erinnerung an deine Liebe und Wertsch\u00e4tzung zu schicken, ist eine M\u00f6glichkeit, die Distanz zu \u00fcberbr\u00fccken. Ein personalisierter Druck oder eine Leinwand \u201cLiebe kennt keine Entfernung\u201d ist das perfekte Geschenk f\u00fcr deine Mama und sogar f\u00fcr jeden Anlass \u2013 es l\u00e4sst sie wissen, dass eure Bindung niemals verblassen wird, egal wie weit ihr voneinander entfernt sind. Es ist eine Erinnerung, die sie f\u00fcr immer sch\u00e4tzen wird!<\/p>\r\n\r\n\r\n\r\n<h2 class=\"grenB f24 cblue\" style=\"margin-top: 3rem\">Personalisierte \u201cLiebe kennt keine Entfernung\u201d-Karte f\u00fcr deine Mama<\/h2>\r\n\r\n\r\n<p style=\"margin-top: 1rem\">Unsere \u201cLiebe kennt keine Entfernung\u201d-Karte f\u00fcr deine Mama f\u00e4ngt die besondere Bindung zwischen dir und deiner Mutter ein. Um das perfekte Geschenk f\u00fcr Mama zu kreieren, gebe einfach zwei Adressen ein, die wir verwenden, um sie auf einer sch\u00f6nen Karte zu markieren. Du kannst die Karte auch mit Farbe, Stil und Gr\u00f6\u00dfe deiner Wahl anpassen. Wir sorgen daf\u00fcr, dass es etwas ist, das Mama stolz in ihrem Zuhause ausstellen wird.<\/p>\r\n\r\n\r\n\r\n<h2 class=\"grenB f24 cblue\" style=\"margin-top: 3rem\">Ein Geschenk, das eure Verbundenheit feiert<\/h2>\r\n\r\n\r\n<p style=\"margin-top: 1rem\">Deine Mutter wird sich freuen, eine personalisierte Karte zu erhalten, und sie wird jedes Mal an deine Liebe und Verbindung erinnert, wenn sie sie betrachtet. Dieses sorgf\u00e4ltig gestaltete Geschenk feiert die Verbundenheit, die ihr teilt, auch wenn das Leben euch auseinanderzieht. Es ist eine eindrucksvolle M\u00f6glichkeit, deiner Mutter zu zeigen, wie viel sie dir bedeutet, und sie wissen zu lassen, dass deine Liebe unabh\u00e4ngig von der Entfernung unendlich ist.<\/p>\r\n\r\n\r\n\r\n<h2 class=\"grenB f24 cblue\" style=\"margin-top: 3rem\">Bestelle jetzt deine \u201cLiebe kennt keine Entfernung\u201d-Karte f\u00fcr deine Mama<\/h2>\r\n\r\n\r\n<p style=\"margin-top: 1rem\">Bei Positive Prints sind wir darauf spezialisiert, personalisierte Geschenke zu kreieren, die ein L\u00e4cheln auf das Gesicht deiner Mutter zaubern. Wir wissen, wie besonders die Verbindung zwischen euch beiden ist, und wir sind hier, um mit unseren kunstvollen, bedeutungsvollen St\u00fccken jede Distanz zu \u00fcberbr\u00fccken. Bestelle noch heute eine personalisierte \u201cLiebe kennt keine Entfernung\u201d-Karte und zeige ihr, dass deine Liebe keine Grenzen kennt, egal wie weit ihr entfernt seid.<\/p>","protected":false},"excerpt":{"rendered":"<ul class=\"check-list\">\n<li>Zeige deiner Mutter, wie viel sie dir bedeutet: Hebe einen die besonderen Orte hervor, die euch beide verbindet, auch wenn ihr meilenweit voneinander entfernt seid<\/li>\n<li>Markiere zwei besondere Orte mit ausgew\u00e4hlten Symbolen<\/li>\n<li>Passe dein Kunstwerk in 3 einfachen Schritten an<\/li>\n<li>F\u00fcge einen aussagekr\u00e4ftigen personalisierten Text hinzu<\/li>\n<li>Sieh das Ergebnis sofort \u2013 die interaktive Vorschau erm\u00f6glicht dir, jedes Detail direkt anzupassen<\/li>\n<\/ul>\n","protected":false},"featured_media":1464755,"template":"","meta":[],"product_brand":[],"product_cat":[4906,9109,11362,7698,7282,5265],"product_tag":[8402,11742],"class_list":{"0":"post-451194","1":"product","2":"type-product","3":"status-publish","4":"has-post-thumbnail","6":"product_cat-alle-produkte-de-at","7":"product_cat-double-maps-de-at","8":"product_cat-weihnachtsgeschenke-fur-die-mama-de-at","9":"product_cat-geschenke-fur-mama-de-at","10":"product_cat-muttertagsgeschenke-de-at","11":"product_cat-weihnachtsgeschenke-de-at","12":"product_tag-mother-de-at","13":"product_tag-weihnachtsgeschenke-fuer-die-mama-de-at","15":"first","16":"instock","17":"sale","18":"taxable","19":"shipping-taxable","20":"purchasable","21":"product-type-variable"},"yoast_head":"<!-- This site is optimized with the Yoast SEO Premium plugin v27.2 (Yoast SEO v27.2) - https:\/\/yoast.com\/product\/yoast-seo-premium-wordpress\/ -->\n<title>Liebe kennt keine Entfernung Karte f\u00fcr Mama - Positive Prints<\/title>\n<meta name=\"description\" content=\"Bestelle noch heute eine personalisierte \u201cLiebe kennt keine Entfernung\u201d-Karte f\u00fcr deine Mama und zeige ihr, dass deine Liebe keine Grenzen kennt, egal wie weit ihr voneinander entfernt seid.\" \/>\n<meta name=\"robots\" content=\"index, follow, max-snippet:-1, max-image-preview:large, max-video-preview:-1\" \/>\n<link rel=\"canonical\" href=\"https:\/\/positiveprints.com\/de-at\/produkt\/liebe-kennt-keine-entfernung-deine-karte-fuer-mama\/\" \/>\n<meta property=\"og:locale\" content=\"de_DE\" \/>\n<meta property=\"og:type\" content=\"article\" \/>\n<meta property=\"og:title\" content=\"\u201cLiebe kennt keine Entfernung\u201d deine Karte f\u00fcr Mama\" \/>\n<meta property=\"og:description\" content=\"Zeige deiner Mutter, wie viel sie dir bedeutet: Hebe einen die besonderen Orte hervor, die euch beide verbindet, auch wenn ihr meilenweit voneinander entfernt seid Markiere zwei besondere Orte mit ausgew\u00e4hlten Symbolen Passe dein Kunstwerk in 3 einfachen Schritten an F\u00fcge einen aussagekr\u00e4ftigen personalisierten Text hinzu Sieh das Ergebnis sofort \u2013 die interaktive Vorschau erm\u00f6glicht dir, jedes Detail direkt anzupassen\" \/>\n<meta property=\"og:url\" content=\"https:\/\/positiveprints.com\/de-at\/produkt\/liebe-kennt-keine-entfernung-deine-karte-fuer-mama\/\" \/>\n<meta property=\"og:site_name\" content=\"Positive Prints\" \/>\n<meta property=\"article:publisher\" content=\"https:\/\/www.facebook.com\/positiveprintscom\" \/>\n<meta property=\"article:modified_time\" content=\"2026-04-18T05:14:45+00:00\" \/>\n<meta property=\"og:image\" content=\"https:\/\/positiveprints.com\/wp-content\/uploads\/2023\/04\/deine-Karte-fur-Mama.jpg\" \/>\n\t<meta property=\"og:image:width\" content=\"1080\" \/>\n\t<meta property=\"og:image:height\" content=\"1080\" \/>\n\t<meta property=\"og:image:type\" content=\"image\/jpeg\" \/>\n<meta name=\"twitter:card\" content=\"summary_large_image\" \/>\n<meta name=\"twitter:label1\" content=\"Gesch\u00e4tzte Lesezeit\" \/>\n\t<meta name=\"twitter:data1\" content=\"2 Minuten\" \/>\n<!-- \/ Yoast SEO Premium plugin. -->","yoast_head_json":{"title":"Liebe kennt keine Entfernung Karte f\u00fcr Mama - Positive Prints","description":"Bestelle noch heute eine personalisierte \u201cLiebe kennt keine Entfernung\u201d-Karte f\u00fcr deine Mama und zeige ihr, dass deine Liebe keine Grenzen kennt, egal wie weit ihr voneinander entfernt seid.","robots":{"index":"index","follow":"follow","max-snippet":"max-snippet:-1","max-image-preview":"max-image-preview:large","max-video-preview":"max-video-preview:-1"},"canonical":"https:\/\/positiveprints.com\/de-at\/produkt\/liebe-kennt-keine-entfernung-deine-karte-fuer-mama\/","og_locale":"de_DE","og_type":"article","og_title":"\u201cLiebe kennt keine Entfernung\u201d deine Karte f\u00fcr Mama","og_description":"Zeige deiner Mutter, wie viel sie dir bedeutet: Hebe einen die besonderen Orte hervor, die euch beide verbindet, auch wenn ihr meilenweit voneinander entfernt seid Markiere zwei besondere Orte mit ausgew\u00e4hlten Symbolen Passe dein Kunstwerk in 3 einfachen Schritten an F\u00fcge einen aussagekr\u00e4ftigen personalisierten Text hinzu Sieh das Ergebnis sofort \u2013 die interaktive Vorschau erm\u00f6glicht dir, jedes Detail direkt anzupassen","og_url":"https:\/\/positiveprints.com\/de-at\/produkt\/liebe-kennt-keine-entfernung-deine-karte-fuer-mama\/","og_site_name":"Positive Prints","article_publisher":"https:\/\/www.facebook.com\/positiveprintscom","article_modified_time":"2026-04-18T05:14:45+00:00","og_image":[{"width":1080,"height":1080,"url":"https:\/\/positiveprints.com\/wp-content\/uploads\/2023\/04\/deine-Karte-fur-Mama.jpg","type":"image\/jpeg"}],"twitter_card":"summary_large_image","twitter_misc":{"Gesch\u00e4tzte Lesezeit":"2 Minuten"},"schema":{"@context":"https:\/\/schema.org","@graph":[{"@type":["WebPage","ItemPage"],"@id":"https:\/\/positiveprints.com\/de-at\/produkt\/liebe-kennt-keine-entfernung-deine-karte-fuer-mama\/","url":"https:\/\/positiveprints.com\/de-at\/produkt\/liebe-kennt-keine-entfernung-deine-karte-fuer-mama\/","name":"Liebe kennt keine Entfernung Karte f\u00fcr Mama - Positive Prints","isPartOf":{"@id":"https:\/\/positiveprints.com\/de-at\/#website"},"primaryImageOfPage":{"@id":"https:\/\/positiveprints.com\/de-at\/produkt\/liebe-kennt-keine-entfernung-deine-karte-fuer-mama\/#primaryimage"},"image":{"@id":"https:\/\/positiveprints.com\/de-at\/produkt\/liebe-kennt-keine-entfernung-deine-karte-fuer-mama\/#primaryimage"},"thumbnailUrl":"https:\/\/positiveprints.com\/wp-content\/uploads\/2025\/06\/Packshot_DE_Liebe-kennt-keine-Entfernung-deine-Karte-fu\u0308r-Mama.webp","datePublished":"2023-02-10T18:32:31+00:00","dateModified":"2026-04-18T05:14:45+00:00","description":"Bestelle noch heute eine personalisierte \u201cLiebe kennt keine Entfernung\u201d-Karte f\u00fcr deine Mama und zeige ihr, dass deine Liebe keine Grenzen kennt, egal wie weit ihr voneinander entfernt seid.","breadcrumb":{"@id":"https:\/\/positiveprints.com\/de-at\/produkt\/liebe-kennt-keine-entfernung-deine-karte-fuer-mama\/#breadcrumb"},"inLanguage":"de-AT","potentialAction":[{"@type":"ReadAction","target":["https:\/\/positiveprints.com\/de-at\/produkt\/liebe-kennt-keine-entfernung-deine-karte-fuer-mama\/"]}]},{"@type":"ImageObject","inLanguage":"de-AT","@id":"https:\/\/positiveprints.com\/de-at\/produkt\/liebe-kennt-keine-entfernung-deine-karte-fuer-mama\/#primaryimage","url":"https:\/\/positiveprints.com\/wp-content\/uploads\/2025\/06\/Packshot_DE_Liebe-kennt-keine-Entfernung-deine-Karte-fu\u0308r-Mama.webp","contentUrl":"https:\/\/positiveprints.com\/wp-content\/uploads\/2025\/06\/Packshot_DE_Liebe-kennt-keine-Entfernung-deine-Karte-fu\u0308r-Mama.webp","width":1450,"height":1450},{"@type":"BreadcrumbList","@id":"https:\/\/positiveprints.com\/de-at\/produkt\/liebe-kennt-keine-entfernung-deine-karte-fuer-mama\/#breadcrumb","itemListElement":[{"@type":"ListItem","position":1,"name":"Home","item":"https:\/\/positiveprints.com\/de-at\/"},{"@type":"ListItem","position":2,"name":"Products","item":"https:\/\/positiveprints.com\/de-at\/shop\/"},{"@type":"ListItem","position":3,"name":"\u201cLiebe kennt keine Entfernung\u201d deine Karte f\u00fcr Mama"}]},{"@type":"WebSite","@id":"https:\/\/positiveprints.com\/de-at\/#website","url":"https:\/\/positiveprints.com\/de-at\/","name":"Positive Prints","description":"Amazing Custom Personalised Prints","publisher":{"@id":"https:\/\/positiveprints.com\/de-at\/#organization"},"potentialAction":[{"@type":"SearchAction","target":{"@type":"EntryPoint","urlTemplate":"https:\/\/positiveprints.com\/de-at\/?s={search_term_string}"},"query-input":{"@type":"PropertyValueSpecification","valueRequired":true,"valueName":"search_term_string"}}],"inLanguage":"de-AT"},{"@type":"Organization","@id":"https:\/\/positiveprints.com\/de-at\/#organization","name":"Positive Prints","alternateName":"Positive Prints","url":"https:\/\/positiveprints.com\/de-at\/","logo":{"@type":"ImageObject","inLanguage":"de-AT","@id":"https:\/\/positiveprints.com\/de-at\/#\/schema\/logo\/image\/","url":"https:\/\/positiveprints.com\/wp-content\/uploads\/2026\/03\/245815646_1337939713319158_5671353136411139666_n.png","contentUrl":"https:\/\/positiveprints.com\/wp-content\/uploads\/2026\/03\/245815646_1337939713319158_5671353136411139666_n.png","width":800,"height":800,"caption":"Positive Prints"},"image":{"@id":"https:\/\/positiveprints.com\/de-at\/#\/schema\/logo\/image\/"},"sameAs":["https:\/\/www.facebook.com\/positiveprintscom","https:\/\/www.instagram.com\/positiveprintscom\/","https:\/\/www.tiktok.com\/@positiveprintscom","https:\/\/www.pinterest.com\/positiveprintscom\/"]}]}},"jetpack_sharing_enabled":true,"_links":{"self":[{"href":"https:\/\/positiveprints.com\/de-at\/wp-json\/wp\/v2\/product\/451194","targetHints":{"allow":["GET"]}}],"collection":[{"href":"https:\/\/positiveprints.com\/de-at\/wp-json\/wp\/v2\/product"}],"about":[{"href":"https:\/\/positiveprints.com\/de-at\/wp-json\/wp\/v2\/types\/product"}],"wp:featuredmedia":[{"embeddable":true,"href":"https:\/\/positiveprints.com\/de-at\/wp-json\/wp\/v2\/media\/1464755"}],"wp:attachment":[{"href":"https:\/\/positiveprints.com\/de-at\/wp-json\/wp\/v2\/media?parent=451194"}],"wp:term":[{"taxonomy":"product_brand","embeddable":true,"href":"https:\/\/positiveprints.com\/de-at\/wp-json\/wp\/v2\/product_brand?post=451194"},{"taxonomy":"product_cat","embeddable":true,"href":"https:\/\/positiveprints.com\/de-at\/wp-json\/wp\/v2\/product_cat?post=451194"},{"taxonomy":"product_tag","embeddable":true,"href":"https:\/\/positiveprints.com\/de-at\/wp-json\/wp\/v2\/product_tag?post=451194"}],"curies":[{"name":"wp","href":"https:\/\/api.w.org\/{rel}","templated":true}]}}