{"id":392169,"date":"2022-12-12T10:35:25","date_gmt":"2023-01-04T11:56:58","guid":{"rendered":"https:\/\/positiveprints.com\/product\/unser-liebeslied-als-schallwellenkunst\/"},"modified":"2026-04-12T22:46:37","modified_gmt":"2026-04-12T21:46:37","slug":"unser-liebeslied-als-schallwellenkunst","status":"publish","type":"product","link":"https:\/\/positiveprints.com\/de-at\/produkt\/unser-liebeslied-als-schallwellenkunst\/","title":{"rendered":"Unser Liebeslied als Schallwellenkunst"},"content":{"rendered":"<p style=\"margin-top: 1rem\">Dein Liebeslied in ein Kunstwerk zu verwandeln, ist eine wunderbare M\u00f6glichkeit, deine Liebe auszudr\u00fccken und deine W\u00e4nde zu schm\u00fccken. Egal, ob du eine langj\u00e4hrige Liebe oder gerade erst eine frische begonnen hast, eine besondere Person zu sch\u00e4tzen, die Pr\u00e4sentation der Liebe durch Musikbilder sorgt f\u00fcr ein einzigartiges Dekor, das sentimentalen Wert und belebende Energie hat. Jeder verdient es, Liebe mit Sch\u00f6nheit innerhalb und au\u00dferhalb seiner vier W\u00e4nde zu feiern. Lasse dir von deinem Liebeslied Freude bereiten.<\/p>\r\n\r\n<h2 class=\"grenB f24 cblue\" style=\"margin-top: 3rem\">Musik kann Emotionen und Gef\u00fchle ausdr\u00fccken<\/h2>\r\n\r\n<p style=\"margin-top: 1rem\">Liebeslieder sind unsere gr\u00f6\u00dfte Quelle musikalischen Trostes. Wir lieben es, unsere innersten Emotionen durch Liebeslieder auszudr\u00fccken, da Liebe eine universelle Sprache ist, mit der sich jeder identifizieren kann. <\/p>\r\n\r\n<p style=\"margin-top: 1rem\">Wir bekommen unsere Liebeslieder von vielen Orten; Manchmal denken wir uns sie selbst aus und lassen sie wahre Liebesgeschichten widerspiegeln, w\u00e4hrend wir manchmal zum ersten Mal Liebeslieder von Radiosendern oder den S\u00e4ngern selbst h\u00f6ren, die sie denen widmen, die sie lieben. Unabh\u00e4ngig davon, woher Liebeslieder stammen, finden wir so viel Trost in ihren herzlichen Texten und sch\u00f6nen Melodien, die uns ein Gef\u00fchl von Hoffnung und Liebe in einer ansonsten tristen Welt bieten.<\/p>\r\n\r\n<h2 class=\"grenB f24 cblue\" style=\"margin-top: 3rem\">Personalisiere deine Schallwellenkunst<\/h2>\r\n\r\n<p style=\"margin-top: 1rem\">Suchst du nach dem perfekten Weg, um deine Liebe zu zeigen? \r\n\r\nEin personalisierter Schallwellen-Kunstdruck mit deinem Liebeslied wird garantiert ein L\u00e4cheln oder sogar Freudentr\u00e4nen bringen! Mit diesem besonderen Geschenk kannst du deine eigene Audiodatei hochladen oder von Spotify verlinken und das Design, die Farbe und den Text anpassen, der auf dem Druck angezeigt wird. Sie haben mehrere Optionen zur Auswahl, z. B. die Bestellung eines gedruckten Posters, eines gerahmten St\u00fccks oder einer Leinwand oder das sofortige Herunterladen einer digitalen Datei. Wirklich etwas Einzigartiges und Bedeutungsvolles, das die Liebe feiert, die du mit deinem besonderen Menschen teilst!<\/p>\r\n\r\n<p style=\"margin-top: 1rem\">Was k\u00f6nnte sch\u00f6ner und pers\u00f6nlicher sein als deinem Liebsten einen ganz eigenen Song zu schenken? Erstelle einen benutzerdefinierten Schallwellen-Kunstdruck aus eurem Liebeslied. Ein perfektes Geschenk zum Valentinstag oder Jubil\u00e4um.<\/p>","protected":false},"excerpt":{"rendered":"<ul class=\"check-list\">\n<li>Einfach eine Audiodatei hochladen<\/li>\n<li>F\u00fcge einen QR-Code hinzu und scannen ihn, um dein Lieblingssong abzuspielen<\/li>\n<li>Passe dein Kunstwerk in 3 einfachen Schritten an<\/li>\n<li>W\u00e4hle eine Vorlage oder werde kreativ<\/li>\n<\/ul>\n","protected":false},"featured_media":1394784,"template":"","meta":[],"product_brand":[],"product_cat":[4906,11167,11170,11164,5324,7475],"product_tag":[14784,9070,9434],"class_list":{"0":"post-392169","1":"product","2":"type-product","3":"status-publish","4":"has-post-thumbnail","6":"product_cat-alle-produkte-de-at","7":"product_cat-jahrestag-geschenk-fur-ihn-de-at","8":"product_cat-jahrestag-geschenk-fur-paare-de-at","9":"product_cat-jahrestag-geschenke-fur-sie-de-at","10":"product_cat-jubilaumsgeschenke-de-at","11":"product_cat-soundwave-de-at","12":"product_tag-anniversary-de-at","13":"product_tag-jubilaum-de-at","14":"product_tag-liebeslied-de-at","16":"first","17":"instock","18":"sale","19":"taxable","20":"shipping-taxable","21":"purchasable","22":"product-type-variable"},"yoast_head":"<!-- This site is optimized with the Yoast SEO Premium plugin v27.2 (Yoast SEO v27.2) - https:\/\/yoast.com\/product\/yoast-seo-premium-wordpress\/ -->\n<title>Unser Liebeslied als Schallwellenkunst - Positive Prints<\/title>\n<meta name=\"description\" content=\"Erstelle einen benutzerdefinierten Schallwellen-Kunstdruck aus eurem Liebeslied. Ein perfektes Geschenk zum Valentinstag oder Jubil\u00e4um\" \/>\n<meta name=\"robots\" content=\"index, follow, max-snippet:-1, max-image-preview:large, max-video-preview:-1\" \/>\n<link rel=\"canonical\" href=\"https:\/\/positiveprints.com\/de-at\/produkt\/unser-liebeslied-als-schallwellenkunst\/\" \/>\n<meta property=\"og:locale\" content=\"de_DE\" \/>\n<meta property=\"og:type\" content=\"article\" \/>\n<meta property=\"og:title\" content=\"Unser Liebeslied als Schallwellenkunst\" \/>\n<meta property=\"og:description\" content=\"Einfach eine Audiodatei hochladen  F\u00fcge einen QR-Code hinzu und scannen ihn, um dein Lieblingssong abzuspielen  Passe dein Kunstwerk in 3 einfachen Schritten an  W\u00e4hle eine Vorlage oder werde kreativ\" \/>\n<meta property=\"og:url\" content=\"https:\/\/positiveprints.com\/de-at\/produkt\/unser-liebeslied-als-schallwellenkunst\/\" \/>\n<meta property=\"og:site_name\" content=\"Positive Prints\" \/>\n<meta property=\"article:publisher\" content=\"https:\/\/www.facebook.com\/positiveprintscom\" \/>\n<meta property=\"article:modified_time\" content=\"2026-04-12T21:46:37+00:00\" \/>\n<meta property=\"og:image\" content=\"https:\/\/positiveprints.com\/wp-content\/uploads\/2025\/04\/Unser-Liebeslied-als-Schallwellenkunst-1.webp\" \/>\n\t<meta property=\"og:image:width\" content=\"1450\" \/>\n\t<meta property=\"og:image:height\" content=\"1450\" \/>\n\t<meta property=\"og:image:type\" content=\"image\/webp\" \/>\n<meta name=\"twitter:card\" content=\"summary_large_image\" \/>\n<meta name=\"twitter:label1\" content=\"Gesch\u00e4tzte Lesezeit\" \/>\n\t<meta name=\"twitter:data1\" content=\"2 Minuten\" \/>\n<!-- \/ Yoast SEO Premium plugin. -->","yoast_head_json":{"title":"Unser Liebeslied als Schallwellenkunst - Positive Prints","description":"Erstelle einen benutzerdefinierten Schallwellen-Kunstdruck aus eurem Liebeslied. Ein perfektes Geschenk zum Valentinstag oder Jubil\u00e4um","robots":{"index":"index","follow":"follow","max-snippet":"max-snippet:-1","max-image-preview":"max-image-preview:large","max-video-preview":"max-video-preview:-1"},"canonical":"https:\/\/positiveprints.com\/de-at\/produkt\/unser-liebeslied-als-schallwellenkunst\/","og_locale":"de_DE","og_type":"article","og_title":"Unser Liebeslied als Schallwellenkunst","og_description":"Einfach eine Audiodatei hochladen  F\u00fcge einen QR-Code hinzu und scannen ihn, um dein Lieblingssong abzuspielen  Passe dein Kunstwerk in 3 einfachen Schritten an  W\u00e4hle eine Vorlage oder werde kreativ","og_url":"https:\/\/positiveprints.com\/de-at\/produkt\/unser-liebeslied-als-schallwellenkunst\/","og_site_name":"Positive Prints","article_publisher":"https:\/\/www.facebook.com\/positiveprintscom","article_modified_time":"2026-04-12T21:46:37+00:00","og_image":[{"width":1450,"height":1450,"url":"https:\/\/positiveprints.com\/wp-content\/uploads\/2025\/04\/Unser-Liebeslied-als-Schallwellenkunst-1.webp","type":"image\/webp"}],"twitter_card":"summary_large_image","twitter_misc":{"Gesch\u00e4tzte Lesezeit":"2 Minuten"},"schema":{"@context":"https:\/\/schema.org","@graph":[{"@type":["WebPage","ItemPage"],"@id":"https:\/\/positiveprints.com\/de-at\/produkt\/unser-liebeslied-als-schallwellenkunst\/","url":"https:\/\/positiveprints.com\/de-at\/produkt\/unser-liebeslied-als-schallwellenkunst\/","name":"Unser Liebeslied als Schallwellenkunst - Positive Prints","isPartOf":{"@id":"https:\/\/positiveprints.com\/de-at\/#website"},"primaryImageOfPage":{"@id":"https:\/\/positiveprints.com\/de-at\/produkt\/unser-liebeslied-als-schallwellenkunst\/#primaryimage"},"image":{"@id":"https:\/\/positiveprints.com\/de-at\/produkt\/unser-liebeslied-als-schallwellenkunst\/#primaryimage"},"thumbnailUrl":"https:\/\/positiveprints.com\/wp-content\/uploads\/2025\/04\/Unser-Liebeslied-als-Schallwellenkunst-1.webp","datePublished":"2023-01-04T11:56:58+00:00","dateModified":"2026-04-12T21:46:37+00:00","description":"Erstelle einen benutzerdefinierten Schallwellen-Kunstdruck aus eurem Liebeslied. Ein perfektes Geschenk zum Valentinstag oder Jubil\u00e4um","breadcrumb":{"@id":"https:\/\/positiveprints.com\/de-at\/produkt\/unser-liebeslied-als-schallwellenkunst\/#breadcrumb"},"inLanguage":"de-AT","potentialAction":[{"@type":"ReadAction","target":["https:\/\/positiveprints.com\/de-at\/produkt\/unser-liebeslied-als-schallwellenkunst\/"]}]},{"@type":"ImageObject","inLanguage":"de-AT","@id":"https:\/\/positiveprints.com\/de-at\/produkt\/unser-liebeslied-als-schallwellenkunst\/#primaryimage","url":"https:\/\/positiveprints.com\/wp-content\/uploads\/2025\/04\/Unser-Liebeslied-als-Schallwellenkunst-1.webp","contentUrl":"https:\/\/positiveprints.com\/wp-content\/uploads\/2025\/04\/Unser-Liebeslied-als-Schallwellenkunst-1.webp","width":1450,"height":1450},{"@type":"BreadcrumbList","@id":"https:\/\/positiveprints.com\/de-at\/produkt\/unser-liebeslied-als-schallwellenkunst\/#breadcrumb","itemListElement":[{"@type":"ListItem","position":1,"name":"Home","item":"https:\/\/positiveprints.com\/de-at\/"},{"@type":"ListItem","position":2,"name":"Products","item":"https:\/\/positiveprints.com\/de-at\/shop\/"},{"@type":"ListItem","position":3,"name":"Unser Liebeslied als Schallwellenkunst"}]},{"@type":"WebSite","@id":"https:\/\/positiveprints.com\/de-at\/#website","url":"https:\/\/positiveprints.com\/de-at\/","name":"Positive Prints","description":"Amazing Custom Personalised Prints","publisher":{"@id":"https:\/\/positiveprints.com\/de-at\/#organization"},"potentialAction":[{"@type":"SearchAction","target":{"@type":"EntryPoint","urlTemplate":"https:\/\/positiveprints.com\/de-at\/?s={search_term_string}"},"query-input":{"@type":"PropertyValueSpecification","valueRequired":true,"valueName":"search_term_string"}}],"inLanguage":"de-AT"},{"@type":"Organization","@id":"https:\/\/positiveprints.com\/de-at\/#organization","name":"Positive Prints","alternateName":"Positive Prints","url":"https:\/\/positiveprints.com\/de-at\/","logo":{"@type":"ImageObject","inLanguage":"de-AT","@id":"https:\/\/positiveprints.com\/de-at\/#\/schema\/logo\/image\/","url":"https:\/\/positiveprints.com\/wp-content\/uploads\/2026\/03\/245815646_1337939713319158_5671353136411139666_n.png","contentUrl":"https:\/\/positiveprints.com\/wp-content\/uploads\/2026\/03\/245815646_1337939713319158_5671353136411139666_n.png","width":800,"height":800,"caption":"Positive Prints"},"image":{"@id":"https:\/\/positiveprints.com\/de-at\/#\/schema\/logo\/image\/"},"sameAs":["https:\/\/www.facebook.com\/positiveprintscom","https:\/\/www.instagram.com\/positiveprintscom\/","https:\/\/www.tiktok.com\/@positiveprintscom","https:\/\/www.pinterest.com\/positiveprintscom\/"]}]}},"jetpack_sharing_enabled":true,"_links":{"self":[{"href":"https:\/\/positiveprints.com\/de-at\/wp-json\/wp\/v2\/product\/392169","targetHints":{"allow":["GET"]}}],"collection":[{"href":"https:\/\/positiveprints.com\/de-at\/wp-json\/wp\/v2\/product"}],"about":[{"href":"https:\/\/positiveprints.com\/de-at\/wp-json\/wp\/v2\/types\/product"}],"wp:featuredmedia":[{"embeddable":true,"href":"https:\/\/positiveprints.com\/de-at\/wp-json\/wp\/v2\/media\/1394784"}],"wp:attachment":[{"href":"https:\/\/positiveprints.com\/de-at\/wp-json\/wp\/v2\/media?parent=392169"}],"wp:term":[{"taxonomy":"product_brand","embeddable":true,"href":"https:\/\/positiveprints.com\/de-at\/wp-json\/wp\/v2\/product_brand?post=392169"},{"taxonomy":"product_cat","embeddable":true,"href":"https:\/\/positiveprints.com\/de-at\/wp-json\/wp\/v2\/product_cat?post=392169"},{"taxonomy":"product_tag","embeddable":true,"href":"https:\/\/positiveprints.com\/de-at\/wp-json\/wp\/v2\/product_tag?post=392169"}],"curies":[{"name":"wp","href":"https:\/\/api.w.org\/{rel}","templated":true}]}}