{"id":390414,"date":"2022-12-23T17:44:24","date_gmt":"2022-12-23T16:44:24","guid":{"rendered":"https:\/\/positiveprints.com\/product\/baby-herzschlag-kunst\/"},"modified":"2026-04-12T22:45:14","modified_gmt":"2026-04-12T21:45:14","slug":"baby-herzschlag-kunst","status":"publish","type":"product","link":"https:\/\/positiveprints.com\/de-at\/produkt\/baby-herzschlag-kunst\/","title":{"rendered":"Baby-Herzschlag-Kunst"},"content":{"rendered":"<p>Der Herzschlag deines Babys ist einer der wertvollsten Ger\u00e4usche. Verwandele es in eine sofortige Erinnerung f\u00fcr die Ewigkeit mit individueller Baby-Herzschlag-Kunst. <\/p>\n\n\n\n\n\n<h2 class=\"grenB f24 cblue\" style=\"margin-top: 3rem\">Was ist eine Baby-Herzschlag-Kunst?<\/h2>\n\n\n\n<p style=\"margin-top: 1rem\">Erinnerst du dich an das erste Mal, als du diesen wundersch\u00f6nen kleinen Herzschlag geh\u00f6rt hast und wusstest, dass neues Leben am Horizont war? Es ist eine magische Erfahrung, fast surreal! Es ist ein Sound, der Musik in den Ohren vieler Eltern ist und von dem du dir w\u00fcnscht, du k\u00f6nntest ihn f\u00fcr immer festhalten. Mit unserer Baby-Herzschlag-Kunst kannst du diesen besonderen Moment im Leben deines Babys f\u00fcr immer festhalten und genie\u00dfen. <\/p>\n\n\n\n<p style=\"margin-top: 1rem\">Ein Baby-Herzschlag-Kunst verwandelt einen Soundclip in ein visuelles Bild. Anstatt zu h\u00f6ren, wie das Herz deines kostbaren Kleinen klingt, kann es jeder sehen. Es ist eine sch\u00f6ne Hommage an das erste Mal, als du das neue Leben geh\u00f6rt hast. <\/p>\n\n\n\n<h2 class=\"grenB f24 cblue\" style=\"margin-top: 3rem\">Warum einen Baby-Herzschlag in Soundwave-Kunst verwandeln?<\/h2>\n\n\n\n<p style=\"margin-top: 1rem\">Viele Eltern und ihre Freunde oder Familienmitglieder w\u00e4hlen Schallwellenkunst als Geschenk f\u00fcr die Babyparty, weil sie so einzigartig ist! Jedes Kunstwerk ist individuell, was bedeutet, dass kein Druck dem anderen gleicht. Es verwendet die Herzschlag-Audiodatei deines Babys zusammen mit weiteren Layoutelementen wie Farben und Text deiner Wahl. Das Endergebnis ist ein besonderes Andenken, das du und dein Baby sch\u00e4tzen werden, wenn es \u00e4lter ist. Denn die Zeit l\u00e4uft sehr schnell davon!<\/p>\n\n\n\n<h2 class=\"grenB f24 cblue\" style=\"margin-top: 3rem\">So personalisierst du deine Baby-Herzschlag auf Leinwand<\/h2>\n\n\n\n<p style=\"margin-top: 1rem\">Positive Prints hat das Konzept individueller Kunstwerke neu definiert, und wir sind stolz darauf, jetzt den Baby-Herzschlag auf Leinwand als Teil unserer Kollektion anbieten zu k\u00f6nnen. Wie bei allen unseren kundenspezifischen Kunstprodukten machen wir es dir leicht, deinen einzigartigen Druck individuell anzupassen. Nun zeigen wir es dir, wie einfach es ist:<\/p>\n\n\n\n<p style=\"margin-top: 1rem\"><strong>Schritt Eins:<\/strong> Lade deine Audiodatei hoch. Wir akzeptieren .mp3- und .wav-Dateien und konvertieren den Ton in eine visuelle Schallwelle.<\/p>\n\n\n\n<p style=\"margin-top: 1rem\"><strong>Schritt Zwei:<\/strong> F\u00fcge deine bevorzugten Details hinzu. Das Anpassen der Herzschlagkunst deines Babys ist Teil des Spa\u00dfes! W\u00e4hle aus einem unserer vorgefertigten Farbschemata oder erstellen dein eigenes. F\u00fcge ein besonderes Zitat, Liedtexte oder anderen Text hinzu, um es wirklich zu deinem zu machen.<\/p>\n\n\n\n<p style=\"margin-top: 1rem\"><strong>Schritt Drei:<\/strong> W\u00e4hle dein Format und deine gew\u00fcnschte Liefermethode aus. Wir drucken auf Poster und Leinw\u00e4nde und liefern weltweit jede Bestellung. Du kannst ebenfalls eine digitale Download-Datei ausw\u00e4hlen, um dein Kunstwerk zum schnelleren Verschenken lokal drucken zu lassen.<\/p>\n\n\n\n<h2 class=\"grenB f24 cblue\" style=\"margin-top: 3rem\">Schenke benutzerdefinierte Soundwave-Kunst!<\/h2>\n\n\n\n<p style=\"margin-top: 1rem\">Egal, ob du ein Geschenk f\u00fcr eine Babyparty eines geliebten Menschen erstellen oder das Kinderzimmer deines eigenen Kindes dekorieren m\u00f6chtest, individuelle Baby-Herzschlag-Kunst wird zu einem Lieblingskunstwerk in deinem Zuhause. Verwandele eine der s\u00fc\u00dfesten Kl\u00e4nge in eine Erinnerung, die niemals alt wird. Fang jetzt an. <\/p>","protected":false},"excerpt":{"rendered":"<ul class=\"check-list\">\n<li>Fange den unglaublichen Klang des Herzschlags deines Babys ein und verwandele ihn in ein einzigartiges Kunstwerk<\/li>\n<li>Einfach eine Audiodatei hochladen<\/li>\n<li>F\u00fcge einen QR-Code hinzu und scannen ihn, um dein Lieblingssong abzuspielen<\/li>\n<li>Passe dein Kunstwerk in 3 einfachen Schritten an<\/li>\n<li>W\u00e4hle eine Vorlage oder werde kreativ<\/li>\n<\/ul>\n","protected":false},"featured_media":983119,"template":"","meta":[],"product_brand":[],"product_cat":[7953,5248,7810,7475],"product_tag":[8445],"class_list":{"0":"post-390414","1":"product","2":"type-product","3":"status-publish","4":"has-post-thumbnail","6":"product_cat-geschenke-fur-baby-shower","7":"product_cat-babygeburtsgeschenke-de-at","8":"product_cat-geschenke-fur-frisch-gewordene-eltern-de-at","9":"product_cat-soundwave-de-at","10":"product_tag-new-parents-de-at","12":"first","13":"instock","14":"sale","15":"taxable","16":"shipping-taxable","17":"purchasable","18":"product-type-variable"},"yoast_head":"<!-- This site is optimized with the Yoast SEO Premium plugin v27.2 (Yoast SEO v27.2) - https:\/\/yoast.com\/product\/yoast-seo-premium-wordpress\/ -->\n<title>Baby-Herzschlag-Kunst - Positive Prints<\/title>\n<meta name=\"description\" content=\"Der Herzschlag deines Babys ist einer der wertvollsten Ger\u00e4usche. Verwandele es in eine sofortige Erinnerung f\u00fcr die Ewigkeit mit individueller Baby-Herzschlag-Kunst.\" \/>\n<meta name=\"robots\" content=\"index, follow, max-snippet:-1, max-image-preview:large, max-video-preview:-1\" \/>\n<link rel=\"canonical\" href=\"https:\/\/positiveprints.com\/de-at\/produkt\/baby-herzschlag-kunst\/\" \/>\n<meta property=\"og:locale\" content=\"de_DE\" \/>\n<meta property=\"og:type\" content=\"article\" \/>\n<meta property=\"og:title\" content=\"Baby-Herzschlag-Kunst\" \/>\n<meta property=\"og:description\" content=\"Fange den unglaublichen Klang des Herzschlags deines Babys ein und verwandele ihn in ein einzigartiges Kunstwerk Einfach eine Audiodatei hochladen F\u00fcge einen QR-Code hinzu und scannen ihn, um dein Lieblingssong abzuspielen Passe dein Kunstwerk in 3 einfachen Schritten an W\u00e4hle eine Vorlage oder werde kreativ\" \/>\n<meta property=\"og:url\" content=\"https:\/\/positiveprints.com\/de-at\/produkt\/baby-herzschlag-kunst\/\" \/>\n<meta property=\"og:site_name\" content=\"Positive Prints\" \/>\n<meta property=\"article:publisher\" content=\"https:\/\/www.facebook.com\/positiveprintscom\" \/>\n<meta property=\"article:modified_time\" content=\"2026-04-12T21:45:14+00:00\" \/>\n<meta property=\"og:image\" content=\"https:\/\/positiveprints.com\/wp-content\/uploads\/2023\/10\/Baby-Herzschlag-Kunst.jpg\" \/>\n\t<meta property=\"og:image:width\" content=\"1080\" \/>\n\t<meta property=\"og:image:height\" content=\"1080\" \/>\n\t<meta property=\"og:image:type\" content=\"image\/jpeg\" \/>\n<meta name=\"twitter:card\" content=\"summary_large_image\" \/>\n<meta name=\"twitter:label1\" content=\"Gesch\u00e4tzte Lesezeit\" \/>\n\t<meta name=\"twitter:data1\" content=\"2 Minuten\" \/>\n<!-- \/ Yoast SEO Premium plugin. -->","yoast_head_json":{"title":"Baby-Herzschlag-Kunst - Positive Prints","description":"Der Herzschlag deines Babys ist einer der wertvollsten Ger\u00e4usche. Verwandele es in eine sofortige Erinnerung f\u00fcr die Ewigkeit mit individueller Baby-Herzschlag-Kunst.","robots":{"index":"index","follow":"follow","max-snippet":"max-snippet:-1","max-image-preview":"max-image-preview:large","max-video-preview":"max-video-preview:-1"},"canonical":"https:\/\/positiveprints.com\/de-at\/produkt\/baby-herzschlag-kunst\/","og_locale":"de_DE","og_type":"article","og_title":"Baby-Herzschlag-Kunst","og_description":"Fange den unglaublichen Klang des Herzschlags deines Babys ein und verwandele ihn in ein einzigartiges Kunstwerk Einfach eine Audiodatei hochladen F\u00fcge einen QR-Code hinzu und scannen ihn, um dein Lieblingssong abzuspielen Passe dein Kunstwerk in 3 einfachen Schritten an W\u00e4hle eine Vorlage oder werde kreativ","og_url":"https:\/\/positiveprints.com\/de-at\/produkt\/baby-herzschlag-kunst\/","og_site_name":"Positive Prints","article_publisher":"https:\/\/www.facebook.com\/positiveprintscom","article_modified_time":"2026-04-12T21:45:14+00:00","og_image":[{"width":1080,"height":1080,"url":"https:\/\/positiveprints.com\/wp-content\/uploads\/2023\/10\/Baby-Herzschlag-Kunst.jpg","type":"image\/jpeg"}],"twitter_card":"summary_large_image","twitter_misc":{"Gesch\u00e4tzte Lesezeit":"2 Minuten"},"schema":{"@context":"https:\/\/schema.org","@graph":[{"@type":["WebPage","ItemPage"],"@id":"https:\/\/positiveprints.com\/de-at\/produkt\/baby-herzschlag-kunst\/","url":"https:\/\/positiveprints.com\/de-at\/produkt\/baby-herzschlag-kunst\/","name":"Baby-Herzschlag-Kunst - Positive Prints","isPartOf":{"@id":"https:\/\/positiveprints.com\/de-at\/#website"},"primaryImageOfPage":{"@id":"https:\/\/positiveprints.com\/de-at\/produkt\/baby-herzschlag-kunst\/#primaryimage"},"image":{"@id":"https:\/\/positiveprints.com\/de-at\/produkt\/baby-herzschlag-kunst\/#primaryimage"},"thumbnailUrl":"https:\/\/positiveprints.com\/wp-content\/uploads\/2023\/10\/Baby-Herzschlag-Kunst.jpg","datePublished":"2022-12-23T16:44:24+00:00","dateModified":"2026-04-12T21:45:14+00:00","description":"Der Herzschlag deines Babys ist einer der wertvollsten Ger\u00e4usche. Verwandele es in eine sofortige Erinnerung f\u00fcr die Ewigkeit mit individueller Baby-Herzschlag-Kunst.","breadcrumb":{"@id":"https:\/\/positiveprints.com\/de-at\/produkt\/baby-herzschlag-kunst\/#breadcrumb"},"inLanguage":"de-AT","potentialAction":[{"@type":"ReadAction","target":["https:\/\/positiveprints.com\/de-at\/produkt\/baby-herzschlag-kunst\/"]}]},{"@type":"ImageObject","inLanguage":"de-AT","@id":"https:\/\/positiveprints.com\/de-at\/produkt\/baby-herzschlag-kunst\/#primaryimage","url":"https:\/\/positiveprints.com\/wp-content\/uploads\/2023\/10\/Baby-Herzschlag-Kunst.jpg","contentUrl":"https:\/\/positiveprints.com\/wp-content\/uploads\/2023\/10\/Baby-Herzschlag-Kunst.jpg","width":1080,"height":1080,"caption":"Baby-Herzschlag-Kunst"},{"@type":"BreadcrumbList","@id":"https:\/\/positiveprints.com\/de-at\/produkt\/baby-herzschlag-kunst\/#breadcrumb","itemListElement":[{"@type":"ListItem","position":1,"name":"Home","item":"https:\/\/positiveprints.com\/de-at\/"},{"@type":"ListItem","position":2,"name":"Products","item":"https:\/\/positiveprints.com\/de-at\/shop\/"},{"@type":"ListItem","position":3,"name":"Baby-Herzschlag-Kunst"}]},{"@type":"WebSite","@id":"https:\/\/positiveprints.com\/de-at\/#website","url":"https:\/\/positiveprints.com\/de-at\/","name":"Positive Prints","description":"Amazing Custom Personalised Prints","publisher":{"@id":"https:\/\/positiveprints.com\/de-at\/#organization"},"potentialAction":[{"@type":"SearchAction","target":{"@type":"EntryPoint","urlTemplate":"https:\/\/positiveprints.com\/de-at\/?s={search_term_string}"},"query-input":{"@type":"PropertyValueSpecification","valueRequired":true,"valueName":"search_term_string"}}],"inLanguage":"de-AT"},{"@type":"Organization","@id":"https:\/\/positiveprints.com\/de-at\/#organization","name":"Positive Prints","alternateName":"Positive Prints","url":"https:\/\/positiveprints.com\/de-at\/","logo":{"@type":"ImageObject","inLanguage":"de-AT","@id":"https:\/\/positiveprints.com\/de-at\/#\/schema\/logo\/image\/","url":"https:\/\/positiveprints.com\/wp-content\/uploads\/2026\/03\/245815646_1337939713319158_5671353136411139666_n.png","contentUrl":"https:\/\/positiveprints.com\/wp-content\/uploads\/2026\/03\/245815646_1337939713319158_5671353136411139666_n.png","width":800,"height":800,"caption":"Positive Prints"},"image":{"@id":"https:\/\/positiveprints.com\/de-at\/#\/schema\/logo\/image\/"},"sameAs":["https:\/\/www.facebook.com\/positiveprintscom","https:\/\/www.instagram.com\/positiveprintscom\/","https:\/\/www.tiktok.com\/@positiveprintscom","https:\/\/www.pinterest.com\/positiveprintscom\/"]}]}},"jetpack_sharing_enabled":true,"_links":{"self":[{"href":"https:\/\/positiveprints.com\/de-at\/wp-json\/wp\/v2\/product\/390414","targetHints":{"allow":["GET"]}}],"collection":[{"href":"https:\/\/positiveprints.com\/de-at\/wp-json\/wp\/v2\/product"}],"about":[{"href":"https:\/\/positiveprints.com\/de-at\/wp-json\/wp\/v2\/types\/product"}],"wp:featuredmedia":[{"embeddable":true,"href":"https:\/\/positiveprints.com\/de-at\/wp-json\/wp\/v2\/media\/983119"}],"wp:attachment":[{"href":"https:\/\/positiveprints.com\/de-at\/wp-json\/wp\/v2\/media?parent=390414"}],"wp:term":[{"taxonomy":"product_brand","embeddable":true,"href":"https:\/\/positiveprints.com\/de-at\/wp-json\/wp\/v2\/product_brand?post=390414"},{"taxonomy":"product_cat","embeddable":true,"href":"https:\/\/positiveprints.com\/de-at\/wp-json\/wp\/v2\/product_cat?post=390414"},{"taxonomy":"product_tag","embeddable":true,"href":"https:\/\/positiveprints.com\/de-at\/wp-json\/wp\/v2\/product_tag?post=390414"}],"curies":[{"name":"wp","href":"https:\/\/api.w.org\/{rel}","templated":true}]}}