{"id":381621,"date":"2022-10-11T07:51:05","date_gmt":"2022-10-11T06:51:05","guid":{"rendered":"https:\/\/positiveprints.com\/product\/sprachaufnahme-fuer-die-schallwellen-kunst\/"},"modified":"2026-04-18T06:28:09","modified_gmt":"2026-04-18T05:28:09","slug":"sprachaufnahme-fuer-die-schallwellen-kunst","status":"publish","type":"product","link":"https:\/\/positiveprints.com\/de-at\/produkt\/sprachaufnahme-fuer-die-schallwellen-kunst\/","title":{"rendered":"Sprachaufnahme f\u00fcr die Schallwellen-Kunst"},"content":{"rendered":"<p>Ein Sprachaufzeichnungsgeschenk ist eine einzigartige und besondere M\u00f6glichkeit, deinen Lieben zu zeigen, wie sehr sie dir am Herzen liegen. Du kannst eine auf den Empf\u00e4nger zugeschnittene Liebes-, Wertsch\u00e4tzungs- oder Gl\u00fcckwunschbotschaft aufzeichnen. Das Erstellen von Schallwellen-Kunst f\u00fcr Sprachaufzeichnungen ist einfach, macht Spa\u00df und die Ergebnisse sind wirklich atemberaubend.<\/p> \r\n\r\n\r\n\r\n<h2 class=\"grenB f24 cblue\" style=\"margin-top: 3rem\">Geschenke zur Sprachaufzeichnung<\/h2>\r\n\r\n\r\n\r\n<p style=\"margin-top: 1rem\">Das Geschenk \u201eSprachaufzeichnung\u201c ist eine kreative M\u00f6glichkeit, Sprachnachrichten zu \u00fcbermitteln. Es kann als Jubil\u00e4ums- oder Abschlussgeschenk verwendet werden. Du kannst es auch als Verewigung erster Worte deines Kindes verwenden. Es ist eine einfache und unkomplizierte M\u00f6glichkeit, jemandem, der etwas Besonderes ist, deine Liebe und Wertsch\u00e4tzung zu zeigen.<\/p>\r\n\r\n\r\n\r\n<h2 class=\"grenB f24 cblue\" style=\"margin-top: 3rem\">Sprachaufzeichnung als Schallwellen-Kunst ist ein perfektes Geschenk f\u00fcr jeden Anlass<\/h2>\r\n\r\n\r\n\r\n\r\n\r\n<p style=\"margin-top: 1rem\">Wir stellen vor: Schallwellen-Kunst mit QR-Code zur Sprachaufzeichnung \u2013 als ein personalisiertes Geschenk zur Sprachaufzeichnung, das dich mit Sicherheit beeindrucken wird! Mit diesem innovativen und einzigartigen Geschenk kannst du deine eigene Nachricht aufzeichnen und beim Scannen des QR-Codes abspielen lassen. Der Empf\u00e4nger kann sich dann immer wieder an deiner besonderen Botschaft erfreuen.<\/p>\r\n\r\n\r\n\r\n<p style=\"margin-top: 1rem\">Schallwellen-Kunst ist eine einzigartige und innovative M\u00f6glichkeit, deine Lieblingssounds in individuelle Kunst zu verwandeln. Lade einfach dein Audio hoch oder finde dein Lieblingslied auf Spotify und unser Sound-Editor verleiht dem Sound eine visuelle Dimension und verwandelt ihn in ein Kunstwerk. Anschlie\u00dfend kannst du dein Design ausw\u00e4hlen und wir erledigen den Rest!<\/p>\r\n\r\n\r\n\r\n<p style=\"margin-top: 1rem\">Der Schallwellen-Kunstdruck mit Sprachaufzeichnung und QR-Code ist das perfekte Geschenk f\u00fcr jeden Anlass. Ganz gleich, ob du an ein besonderes Ereignis erinnert werden magst, euer Eheversprechen dokumentieren oder euren Lieben einfach nur zeigen m\u00f6chtest, wie sehr sie dir am Herzen liegen, dieses einzigartige und durchdachte Geschenk wird dich mit Sicherheit beeindrucken. Bestelle noch heute!<\/p>","protected":false},"excerpt":{"rendered":"<ul class=\"check-list\">\n<li>Nehme auf \u00fcberraschende Weise eine besondere Nachricht an deine Liebsten auf und lasse die Kraft des Klangs deiner Erinnerungen zum Leben erwecken<\/li>\n<li>Einfach eine Audiodatei hochladen<\/li>\n<li>F\u00fcge einen QR-Code hinzu und scannen ihn, um dein Lieblingssong abzuspielen<\/li>\n<li>Passe dein Kunstwerk in 3 einfachen Schritten an<\/li>\n<li>W\u00e4hle eine Vorlage oder werde kreativ<\/li>\n<\/ul>\n","protected":false},"featured_media":1395094,"template":"","meta":[],"product_brand":[],"product_cat":[7842,7667,11332,11359,11335,11369,8995,7475,5265],"product_tag":[14784,15402,15269,15429,13423,13218],"class_list":{"0":"post-381621","1":"product","2":"type-product","3":"status-publish","4":"has-post-thumbnail","6":"product_cat-geschenke-fur-deine-familie-de-at","7":"product_cat-geschenke-fur-deinen-freund-de-at","8":"product_cat-weihnachtsgeschenke-fur-den-bruder-de-at","9":"product_cat-weihnachtsgeschenke-fur-die-kinder-de-at","10":"product_cat-weihnachtsgeschenke-fur-die-kollegen-de-at","11":"product_cat-weihnachtsgeschenke-fur-die-schwester-de-at","12":"product_cat-grosselterntag-de-at","13":"product_cat-soundwave-de-at","14":"product_cat-weihnachtsgeschenke-de-at","15":"product_tag-anniversary-de-at","16":"product_tag-audio-de-at","17":"product_tag-prezenty-swiateczne-dla-brata-de-at","18":"product_tag-rahmen-mit-audio-qr-code-de-at","19":"product_tag-weihnachtsgeschenk-fur-die-schwester-de-at","20":"product_tag-weihnachtsgeschenk-fuer-einen-kollegen","22":"first","23":"instock","24":"sale","25":"taxable","26":"shipping-taxable","27":"purchasable","28":"product-type-variable"},"yoast_head":"<!-- This site is optimized with the Yoast SEO Premium plugin v27.2 (Yoast SEO v27.2) - https:\/\/yoast.com\/product\/yoast-seo-premium-wordpress\/ -->\n<title>Sprachaufnahme f\u00fcr die Schallwellen-Kunst - Positive Prints<\/title>\n<meta name=\"description\" content=\"Schallwellen-Kunst ist das perfekte Geschenk f\u00fcr jeden Anlass. Es ist eine besondere Art, deinen Lieben zu zeigen, wie sehr du dich um sie k\u00fcmmerst.\" \/>\n<meta name=\"robots\" content=\"index, follow, max-snippet:-1, max-image-preview:large, max-video-preview:-1\" \/>\n<link rel=\"canonical\" href=\"https:\/\/positiveprints.com\/de-at\/produkt\/sprachaufnahme-fuer-die-schallwellen-kunst\/\" \/>\n<meta property=\"og:locale\" content=\"de_DE\" \/>\n<meta property=\"og:type\" content=\"article\" \/>\n<meta property=\"og:title\" content=\"Sprachaufnahme f\u00fcr die Schallwellen-Kunst\" \/>\n<meta property=\"og:description\" content=\"Nehme auf \u00fcberraschende Weise eine besondere Nachricht an deine Liebsten auf und lasse die Kraft des Klangs deiner Erinnerungen zum Leben erwecken  Einfach eine Audiodatei hochladen  F\u00fcge einen QR-Code hinzu und scannen ihn, um dein Lieblingssong abzuspielen  Passe dein Kunstwerk in 3 einfachen Schritten an  W\u00e4hle eine Vorlage oder werde kreativ\" \/>\n<meta property=\"og:url\" content=\"https:\/\/positiveprints.com\/de-at\/produkt\/sprachaufnahme-fuer-die-schallwellen-kunst\/\" \/>\n<meta property=\"og:site_name\" content=\"Positive Prints\" \/>\n<meta property=\"article:publisher\" content=\"https:\/\/www.facebook.com\/positiveprintscom\" \/>\n<meta property=\"article:modified_time\" content=\"2026-04-18T05:28:09+00:00\" \/>\n<meta property=\"og:image\" content=\"https:\/\/positiveprints.com\/wp-content\/uploads\/2025\/04\/Sprachaufnahme-fu\u0308r-die-Schallwellen-Kunst-1.webp\" \/>\n\t<meta property=\"og:image:width\" content=\"1450\" \/>\n\t<meta property=\"og:image:height\" content=\"1450\" \/>\n\t<meta property=\"og:image:type\" content=\"image\/webp\" \/>\n<meta name=\"twitter:card\" content=\"summary_large_image\" \/>\n<meta name=\"twitter:label1\" content=\"Gesch\u00e4tzte Lesezeit\" \/>\n\t<meta name=\"twitter:data1\" content=\"2 Minuten\" \/>\n<!-- \/ Yoast SEO Premium plugin. -->","yoast_head_json":{"title":"Sprachaufnahme f\u00fcr die Schallwellen-Kunst - Positive Prints","description":"Schallwellen-Kunst ist das perfekte Geschenk f\u00fcr jeden Anlass. Es ist eine besondere Art, deinen Lieben zu zeigen, wie sehr du dich um sie k\u00fcmmerst.","robots":{"index":"index","follow":"follow","max-snippet":"max-snippet:-1","max-image-preview":"max-image-preview:large","max-video-preview":"max-video-preview:-1"},"canonical":"https:\/\/positiveprints.com\/de-at\/produkt\/sprachaufnahme-fuer-die-schallwellen-kunst\/","og_locale":"de_DE","og_type":"article","og_title":"Sprachaufnahme f\u00fcr die Schallwellen-Kunst","og_description":"Nehme auf \u00fcberraschende Weise eine besondere Nachricht an deine Liebsten auf und lasse die Kraft des Klangs deiner Erinnerungen zum Leben erwecken  Einfach eine Audiodatei hochladen  F\u00fcge einen QR-Code hinzu und scannen ihn, um dein Lieblingssong abzuspielen  Passe dein Kunstwerk in 3 einfachen Schritten an  W\u00e4hle eine Vorlage oder werde kreativ","og_url":"https:\/\/positiveprints.com\/de-at\/produkt\/sprachaufnahme-fuer-die-schallwellen-kunst\/","og_site_name":"Positive Prints","article_publisher":"https:\/\/www.facebook.com\/positiveprintscom","article_modified_time":"2026-04-18T05:28:09+00:00","og_image":[{"width":1450,"height":1450,"url":"https:\/\/positiveprints.com\/wp-content\/uploads\/2025\/04\/Sprachaufnahme-fu\u0308r-die-Schallwellen-Kunst-1.webp","type":"image\/webp"}],"twitter_card":"summary_large_image","twitter_misc":{"Gesch\u00e4tzte Lesezeit":"2 Minuten"},"schema":{"@context":"https:\/\/schema.org","@graph":[{"@type":["WebPage","ItemPage"],"@id":"https:\/\/positiveprints.com\/de-at\/produkt\/sprachaufnahme-fuer-die-schallwellen-kunst\/","url":"https:\/\/positiveprints.com\/de-at\/produkt\/sprachaufnahme-fuer-die-schallwellen-kunst\/","name":"Sprachaufnahme f\u00fcr die Schallwellen-Kunst - Positive Prints","isPartOf":{"@id":"https:\/\/positiveprints.com\/de-at\/#website"},"primaryImageOfPage":{"@id":"https:\/\/positiveprints.com\/de-at\/produkt\/sprachaufnahme-fuer-die-schallwellen-kunst\/#primaryimage"},"image":{"@id":"https:\/\/positiveprints.com\/de-at\/produkt\/sprachaufnahme-fuer-die-schallwellen-kunst\/#primaryimage"},"thumbnailUrl":"https:\/\/positiveprints.com\/wp-content\/uploads\/2025\/04\/Sprachaufnahme-fu\u0308r-die-Schallwellen-Kunst-1.webp","datePublished":"2022-10-11T06:51:05+00:00","dateModified":"2026-04-18T05:28:09+00:00","description":"Schallwellen-Kunst ist das perfekte Geschenk f\u00fcr jeden Anlass. Es ist eine besondere Art, deinen Lieben zu zeigen, wie sehr du dich um sie k\u00fcmmerst.","breadcrumb":{"@id":"https:\/\/positiveprints.com\/de-at\/produkt\/sprachaufnahme-fuer-die-schallwellen-kunst\/#breadcrumb"},"inLanguage":"de-AT","potentialAction":[{"@type":"ReadAction","target":["https:\/\/positiveprints.com\/de-at\/produkt\/sprachaufnahme-fuer-die-schallwellen-kunst\/"]}]},{"@type":"ImageObject","inLanguage":"de-AT","@id":"https:\/\/positiveprints.com\/de-at\/produkt\/sprachaufnahme-fuer-die-schallwellen-kunst\/#primaryimage","url":"https:\/\/positiveprints.com\/wp-content\/uploads\/2025\/04\/Sprachaufnahme-fu\u0308r-die-Schallwellen-Kunst-1.webp","contentUrl":"https:\/\/positiveprints.com\/wp-content\/uploads\/2025\/04\/Sprachaufnahme-fu\u0308r-die-Schallwellen-Kunst-1.webp","width":1450,"height":1450,"caption":"Sprachaufnahme fu\u0308r die Schallwellen-Kunst 1"},{"@type":"BreadcrumbList","@id":"https:\/\/positiveprints.com\/de-at\/produkt\/sprachaufnahme-fuer-die-schallwellen-kunst\/#breadcrumb","itemListElement":[{"@type":"ListItem","position":1,"name":"Home","item":"https:\/\/positiveprints.com\/de-at\/"},{"@type":"ListItem","position":2,"name":"Products","item":"https:\/\/positiveprints.com\/de-at\/shop\/"},{"@type":"ListItem","position":3,"name":"Sprachaufnahme f\u00fcr die Schallwellen-Kunst"}]},{"@type":"WebSite","@id":"https:\/\/positiveprints.com\/de-at\/#website","url":"https:\/\/positiveprints.com\/de-at\/","name":"Positive Prints","description":"Amazing Custom Personalised Prints","publisher":{"@id":"https:\/\/positiveprints.com\/de-at\/#organization"},"potentialAction":[{"@type":"SearchAction","target":{"@type":"EntryPoint","urlTemplate":"https:\/\/positiveprints.com\/de-at\/?s={search_term_string}"},"query-input":{"@type":"PropertyValueSpecification","valueRequired":true,"valueName":"search_term_string"}}],"inLanguage":"de-AT"},{"@type":"Organization","@id":"https:\/\/positiveprints.com\/de-at\/#organization","name":"Positive Prints","alternateName":"Positive Prints","url":"https:\/\/positiveprints.com\/de-at\/","logo":{"@type":"ImageObject","inLanguage":"de-AT","@id":"https:\/\/positiveprints.com\/de-at\/#\/schema\/logo\/image\/","url":"https:\/\/positiveprints.com\/wp-content\/uploads\/2026\/03\/245815646_1337939713319158_5671353136411139666_n.png","contentUrl":"https:\/\/positiveprints.com\/wp-content\/uploads\/2026\/03\/245815646_1337939713319158_5671353136411139666_n.png","width":800,"height":800,"caption":"Positive Prints"},"image":{"@id":"https:\/\/positiveprints.com\/de-at\/#\/schema\/logo\/image\/"},"sameAs":["https:\/\/www.facebook.com\/positiveprintscom","https:\/\/www.instagram.com\/positiveprintscom\/","https:\/\/www.tiktok.com\/@positiveprintscom","https:\/\/www.pinterest.com\/positiveprintscom\/"]}]}},"jetpack_sharing_enabled":true,"_links":{"self":[{"href":"https:\/\/positiveprints.com\/de-at\/wp-json\/wp\/v2\/product\/381621","targetHints":{"allow":["GET"]}}],"collection":[{"href":"https:\/\/positiveprints.com\/de-at\/wp-json\/wp\/v2\/product"}],"about":[{"href":"https:\/\/positiveprints.com\/de-at\/wp-json\/wp\/v2\/types\/product"}],"wp:featuredmedia":[{"embeddable":true,"href":"https:\/\/positiveprints.com\/de-at\/wp-json\/wp\/v2\/media\/1395094"}],"wp:attachment":[{"href":"https:\/\/positiveprints.com\/de-at\/wp-json\/wp\/v2\/media?parent=381621"}],"wp:term":[{"taxonomy":"product_brand","embeddable":true,"href":"https:\/\/positiveprints.com\/de-at\/wp-json\/wp\/v2\/product_brand?post=381621"},{"taxonomy":"product_cat","embeddable":true,"href":"https:\/\/positiveprints.com\/de-at\/wp-json\/wp\/v2\/product_cat?post=381621"},{"taxonomy":"product_tag","embeddable":true,"href":"https:\/\/positiveprints.com\/de-at\/wp-json\/wp\/v2\/product_tag?post=381621"}],"curies":[{"name":"wp","href":"https:\/\/api.w.org\/{rel}","templated":true}]}}