{"id":381015,"date":"2022-12-08T16:00:22","date_gmt":"2022-12-08T15:00:22","guid":{"rendered":"https:\/\/positiveprints.com\/product\/es-ist-ein-maedchen-fotowandkunst\/"},"modified":"2026-04-12T22:46:45","modified_gmt":"2026-04-12T21:46:45","slug":"es-ist-ein-maedchen-fotowandkunst","status":"publish","type":"product","link":"https:\/\/positiveprints.com\/de-at\/produkt\/es-ist-ein-maedchen-fotowandkunst\/","title":{"rendered":"&#8220;Es ist ein M\u00e4dchen&#8221; Fotowandkunst"},"content":{"rendered":"","protected":false},"excerpt":{"rendered":"<ul class=\"check-list\">\n<li>Mache deine Gender-Reveal-Party zu etwas ganz Besonderem und feiere die Ankunft der kleinen Prinzessin mit einem einzigartigen Geschenk<\/li>\n<li>F\u00fcge Text\u00fcberlagerungen hinzu, um jedes Geschenk besonders und bedeutungsvoll zu machen<\/li>\n<li>Passe es in 3 einfachen Schritten<\/li>\n<li>Sieh das Ergebnis sofort \u2013 die interaktive Vorschau erm\u00f6glicht dir, jedes Detail direkt anzupassen<\/li>\n<\/ul>\n","protected":false},"featured_media":356300,"template":"","meta":[],"product_brand":[],"product_cat":[7953,5248,7496,7810],"product_tag":[8445],"class_list":{"0":"post-381015","1":"product","2":"type-product","3":"status-publish","4":"has-post-thumbnail","6":"product_cat-geschenke-fur-baby-shower","7":"product_cat-babygeburtsgeschenke-de-at","8":"product_cat-foto-de-at","9":"product_cat-geschenke-fur-frisch-gewordene-eltern-de-at","10":"product_tag-new-parents-de-at","12":"first","13":"instock","14":"sale","15":"taxable","16":"shipping-taxable","17":"purchasable","18":"product-type-variable"},"yoast_head":"<!-- This site is optimized with the Yoast SEO Premium plugin v27.2 (Yoast SEO v27.2) - https:\/\/yoast.com\/product\/yoast-seo-premium-wordpress\/ -->\n<title>&quot;Es ist ein M\u00e4dchen&quot; Fotowandkunst | Positive Prints<\/title>\n<meta name=\"description\" content=\"Wir pr\u00e4sentieren die &quot;Es ist ein M\u00e4dchen&quot; Foto-Wandkunst. Es ist eine sch\u00f6ne Art, die Ankunft deines frischgeborenen Babys zu gedenken.\" \/>\n<meta name=\"robots\" content=\"index, follow, max-snippet:-1, max-image-preview:large, max-video-preview:-1\" \/>\n<link rel=\"canonical\" href=\"https:\/\/positiveprints.com\/de-at\/produkt\/es-ist-ein-maedchen-fotowandkunst\/\" \/>\n<meta property=\"og:locale\" content=\"de_DE\" \/>\n<meta property=\"og:type\" content=\"article\" \/>\n<meta property=\"og:title\" content=\"&quot;Es ist ein M\u00e4dchen&quot; Fotowandkunst\" \/>\n<meta property=\"og:description\" content=\"Mache deine Gender-Reveal-Party zu etwas ganz Besonderem und feiere die Ankunft der kleinen Prinzessin mit einem einzigartigen Geschenk F\u00fcge Text\u00fcberlagerungen hinzu, um jedes Geschenk besonders und bedeutungsvoll zu machen Passe es in 3 einfachen Schritten Sieh das Ergebnis sofort \u2013 die interaktive Vorschau erm\u00f6glicht dir, jedes Detail direkt anzupassen\" \/>\n<meta property=\"og:url\" content=\"https:\/\/positiveprints.com\/de-at\/produkt\/es-ist-ein-maedchen-fotowandkunst\/\" \/>\n<meta property=\"og:site_name\" content=\"Positive Prints\" \/>\n<meta property=\"article:publisher\" content=\"https:\/\/www.facebook.com\/positiveprintscom\" \/>\n<meta property=\"article:modified_time\" content=\"2026-04-12T21:46:45+00:00\" \/>\n<meta property=\"og:image\" content=\"https:\/\/positiveprints.com\/wp-content\/uploads\/2022\/10\/its-a-girl-photo-poster.jpg\" \/>\n\t<meta property=\"og:image:width\" content=\"1080\" \/>\n\t<meta property=\"og:image:height\" content=\"1080\" \/>\n\t<meta property=\"og:image:type\" content=\"image\/jpeg\" \/>\n<meta name=\"twitter:card\" content=\"summary_large_image\" \/>\n<!-- \/ Yoast SEO Premium plugin. -->","yoast_head_json":{"title":"\"Es ist ein M\u00e4dchen\" Fotowandkunst | Positive Prints","description":"Wir pr\u00e4sentieren die \"Es ist ein M\u00e4dchen\" Foto-Wandkunst. Es ist eine sch\u00f6ne Art, die Ankunft deines frischgeborenen Babys zu gedenken.","robots":{"index":"index","follow":"follow","max-snippet":"max-snippet:-1","max-image-preview":"max-image-preview:large","max-video-preview":"max-video-preview:-1"},"canonical":"https:\/\/positiveprints.com\/de-at\/produkt\/es-ist-ein-maedchen-fotowandkunst\/","og_locale":"de_DE","og_type":"article","og_title":"\"Es ist ein M\u00e4dchen\" Fotowandkunst","og_description":"Mache deine Gender-Reveal-Party zu etwas ganz Besonderem und feiere die Ankunft der kleinen Prinzessin mit einem einzigartigen Geschenk F\u00fcge Text\u00fcberlagerungen hinzu, um jedes Geschenk besonders und bedeutungsvoll zu machen Passe es in 3 einfachen Schritten Sieh das Ergebnis sofort \u2013 die interaktive Vorschau erm\u00f6glicht dir, jedes Detail direkt anzupassen","og_url":"https:\/\/positiveprints.com\/de-at\/produkt\/es-ist-ein-maedchen-fotowandkunst\/","og_site_name":"Positive Prints","article_publisher":"https:\/\/www.facebook.com\/positiveprintscom","article_modified_time":"2026-04-12T21:46:45+00:00","og_image":[{"width":1080,"height":1080,"url":"https:\/\/positiveprints.com\/wp-content\/uploads\/2022\/10\/its-a-girl-photo-poster.jpg","type":"image\/jpeg"}],"twitter_card":"summary_large_image","schema":{"@context":"https:\/\/schema.org","@graph":[{"@type":["WebPage","ItemPage"],"@id":"https:\/\/positiveprints.com\/de-at\/produkt\/es-ist-ein-maedchen-fotowandkunst\/","url":"https:\/\/positiveprints.com\/de-at\/produkt\/es-ist-ein-maedchen-fotowandkunst\/","name":"\"Es ist ein M\u00e4dchen\" Fotowandkunst | Positive Prints","isPartOf":{"@id":"https:\/\/positiveprints.com\/de-at\/#website"},"primaryImageOfPage":{"@id":"https:\/\/positiveprints.com\/de-at\/produkt\/es-ist-ein-maedchen-fotowandkunst\/#primaryimage"},"image":{"@id":"https:\/\/positiveprints.com\/de-at\/produkt\/es-ist-ein-maedchen-fotowandkunst\/#primaryimage"},"thumbnailUrl":"https:\/\/positiveprints.com\/wp-content\/uploads\/2022\/10\/its-a-girl-photo-poster.jpg","datePublished":"2022-12-08T15:00:22+00:00","dateModified":"2026-04-12T21:46:45+00:00","description":"Wir pr\u00e4sentieren die \"Es ist ein M\u00e4dchen\" Foto-Wandkunst. Es ist eine sch\u00f6ne Art, die Ankunft deines frischgeborenen Babys zu gedenken.","breadcrumb":{"@id":"https:\/\/positiveprints.com\/de-at\/produkt\/es-ist-ein-maedchen-fotowandkunst\/#breadcrumb"},"inLanguage":"de-AT","potentialAction":[{"@type":"ReadAction","target":["https:\/\/positiveprints.com\/de-at\/produkt\/es-ist-ein-maedchen-fotowandkunst\/"]}]},{"@type":"ImageObject","inLanguage":"de-AT","@id":"https:\/\/positiveprints.com\/de-at\/produkt\/es-ist-ein-maedchen-fotowandkunst\/#primaryimage","url":"https:\/\/positiveprints.com\/wp-content\/uploads\/2022\/10\/its-a-girl-photo-poster.jpg","contentUrl":"https:\/\/positiveprints.com\/wp-content\/uploads\/2022\/10\/its-a-girl-photo-poster.jpg","width":1080,"height":1080,"caption":"It's a girl sign gift is the perfect way to celebrate the birth of a new baby girl!"},{"@type":"BreadcrumbList","@id":"https:\/\/positiveprints.com\/de-at\/produkt\/es-ist-ein-maedchen-fotowandkunst\/#breadcrumb","itemListElement":[{"@type":"ListItem","position":1,"name":"Home","item":"https:\/\/positiveprints.com\/de-at\/"},{"@type":"ListItem","position":2,"name":"Products","item":"https:\/\/positiveprints.com\/de-at\/shop\/"},{"@type":"ListItem","position":3,"name":"&#8220;Es ist ein M\u00e4dchen&#8221; Fotowandkunst"}]},{"@type":"WebSite","@id":"https:\/\/positiveprints.com\/de-at\/#website","url":"https:\/\/positiveprints.com\/de-at\/","name":"Positive Prints","description":"Amazing Custom Personalised Prints","publisher":{"@id":"https:\/\/positiveprints.com\/de-at\/#organization"},"potentialAction":[{"@type":"SearchAction","target":{"@type":"EntryPoint","urlTemplate":"https:\/\/positiveprints.com\/de-at\/?s={search_term_string}"},"query-input":{"@type":"PropertyValueSpecification","valueRequired":true,"valueName":"search_term_string"}}],"inLanguage":"de-AT"},{"@type":"Organization","@id":"https:\/\/positiveprints.com\/de-at\/#organization","name":"Positive Prints","alternateName":"Positive Prints","url":"https:\/\/positiveprints.com\/de-at\/","logo":{"@type":"ImageObject","inLanguage":"de-AT","@id":"https:\/\/positiveprints.com\/de-at\/#\/schema\/logo\/image\/","url":"https:\/\/positiveprints.com\/wp-content\/uploads\/2026\/03\/245815646_1337939713319158_5671353136411139666_n.png","contentUrl":"https:\/\/positiveprints.com\/wp-content\/uploads\/2026\/03\/245815646_1337939713319158_5671353136411139666_n.png","width":800,"height":800,"caption":"Positive Prints"},"image":{"@id":"https:\/\/positiveprints.com\/de-at\/#\/schema\/logo\/image\/"},"sameAs":["https:\/\/www.facebook.com\/positiveprintscom","https:\/\/www.instagram.com\/positiveprintscom\/","https:\/\/www.tiktok.com\/@positiveprintscom","https:\/\/www.pinterest.com\/positiveprintscom\/"]}]}},"jetpack_sharing_enabled":true,"_links":{"self":[{"href":"https:\/\/positiveprints.com\/de-at\/wp-json\/wp\/v2\/product\/381015","targetHints":{"allow":["GET"]}}],"collection":[{"href":"https:\/\/positiveprints.com\/de-at\/wp-json\/wp\/v2\/product"}],"about":[{"href":"https:\/\/positiveprints.com\/de-at\/wp-json\/wp\/v2\/types\/product"}],"wp:featuredmedia":[{"embeddable":true,"href":"https:\/\/positiveprints.com\/de-at\/wp-json\/wp\/v2\/media\/356300"}],"wp:attachment":[{"href":"https:\/\/positiveprints.com\/de-at\/wp-json\/wp\/v2\/media?parent=381015"}],"wp:term":[{"taxonomy":"product_brand","embeddable":true,"href":"https:\/\/positiveprints.com\/de-at\/wp-json\/wp\/v2\/product_brand?post=381015"},{"taxonomy":"product_cat","embeddable":true,"href":"https:\/\/positiveprints.com\/de-at\/wp-json\/wp\/v2\/product_cat?post=381015"},{"taxonomy":"product_tag","embeddable":true,"href":"https:\/\/positiveprints.com\/de-at\/wp-json\/wp\/v2\/product_tag?post=381015"}],"curies":[{"name":"wp","href":"https:\/\/api.w.org\/{rel}","templated":true}]}}