{"id":376775,"date":"2022-10-10T12:55:19","date_gmt":"2022-10-10T11:55:19","guid":{"rendered":"https:\/\/positiveprints.com\/product\/opi-ich-liebe-dich-bis-zum-mond-und-zuruck\/"},"modified":"2026-04-28T14:33:16","modified_gmt":"2026-04-28T13:33:16","slug":"opi-ich-liebe-dich-bis-zum-mond-und-zuruck","status":"publish","type":"product","link":"https:\/\/positiveprints.com\/de-at\/produkt\/opi-ich-liebe-dich-bis-zum-mond-und-zuruck\/","title":{"rendered":"Opi, ich liebe dich bis zum Mond und zur\u00fcck"},"content":{"rendered":"<p>\r\n&#8220;Opi, ich liebe dich bis zum Mond und zur\u00fcck&#8221; ist ein personalisierter Monddruck mit dem Datum und der Uhrzeit deiner Wahl. Bestes Geschenk f\u00fcr jeden Opa\r\n<\/p>","protected":false},"excerpt":{"rendered":"<ul class=\"check-list\">\n<li>\u00dcberrasche deinen Opa mit einem Geschenk, das nicht von dieser Welt ist und lasse deine Liebe wie die Sterne strahlen<\/li>\n<li>F\u00fcge den einzigartigen Schatten des Mondes hinzu<\/li>\n<li>Passe dein Kunstwerk in 3 einfachen Schritten an<\/li>\n<li>W\u00e4hle aus einer Vielzahl atemberaubender Designs<\/li>\n<li>Sieh das Ergebnis sofort \u2013 die interaktive Vorschau erm\u00f6glicht dir, jedes Detail direkt anzupassen<\/li>\n<\/ul>\n","protected":false},"featured_media":354729,"template":"","meta":[],"product_brand":[],"product_cat":[7202,5265,11341,7602],"product_tag":[8657,13321],"class_list":{"0":"post-376775","1":"product","2":"type-product","3":"status-publish","4":"has-post-thumbnail","6":"product_cat-moon-de-at","7":"product_cat-weihnachtsgeschenke-de-at","8":"product_cat-weihnachtsgeschenke-fur-den-opa-de-at","9":"product_cat-geschenke-fur-opa-de-at","10":"product_tag-grandpa-de-at","11":"product_tag-weihnachtsgeschenk-fur-den-opa","13":"first","14":"instock","15":"sale","16":"taxable","17":"shipping-taxable","18":"purchasable","19":"product-type-variable"},"yoast_head":"<!-- This site is optimized with the Yoast SEO Premium plugin v27.2 (Yoast SEO v27.2) - https:\/\/yoast.com\/product\/yoast-seo-premium-wordpress\/ -->\n<title>Opi, ich liebe dich bis zum Mond und zur\u00fcck - Positive Prints<\/title>\n<meta name=\"description\" content=\"Opi, ich liebe dich bis zum Mond und zur\u00fcck ist ein personalisierter Monddruck mit dem Datum und der Uhrzeit deiner Wahl. Bestes Geschenk f\u00fcr jeden Opa\" \/>\n<meta name=\"robots\" content=\"index, follow, max-snippet:-1, max-image-preview:large, max-video-preview:-1\" \/>\n<link rel=\"canonical\" href=\"https:\/\/positiveprints.com\/de-at\/produkt\/opi-ich-liebe-dich-bis-zum-mond-und-zuruck\/\" \/>\n<meta property=\"og:locale\" content=\"de_DE\" \/>\n<meta property=\"og:type\" content=\"article\" \/>\n<meta property=\"og:title\" content=\"Opi, ich liebe dich bis zum Mond und zur\u00fcck\" \/>\n<meta property=\"og:description\" content=\"\u00dcberrasche deinen Opa mit einem Geschenk, das nicht von dieser Welt ist und lasse deine Liebe wie die Sterne strahlen F\u00fcge den einzigartigen Schatten des Mondes hinzu Passe dein Kunstwerk in 3 einfachen Schritten an W\u00e4hle aus einer Vielzahl atemberaubender Designs Sieh das Ergebnis sofort \u2013 die interaktive Vorschau erm\u00f6glicht dir, jedes Detail direkt anzupassen\" \/>\n<meta property=\"og:url\" content=\"https:\/\/positiveprints.com\/de-at\/produkt\/opi-ich-liebe-dich-bis-zum-mond-und-zuruck\/\" \/>\n<meta property=\"og:site_name\" content=\"Positive Prints\" \/>\n<meta property=\"article:publisher\" content=\"https:\/\/www.facebook.com\/positiveprintscom\" \/>\n<meta property=\"article:modified_time\" content=\"2026-04-28T13:33:16+00:00\" \/>\n<meta property=\"og:image\" content=\"https:\/\/positiveprints.com\/wp-content\/uploads\/2022\/10\/grandpa-i-love-you-to-the-moon-and-back.jpg\" \/>\n\t<meta property=\"og:image:width\" content=\"1080\" \/>\n\t<meta property=\"og:image:height\" content=\"1080\" \/>\n\t<meta property=\"og:image:type\" content=\"image\/jpeg\" \/>\n<meta name=\"twitter:card\" content=\"summary_large_image\" \/>\n<!-- \/ Yoast SEO Premium plugin. -->","yoast_head_json":{"title":"Opi, ich liebe dich bis zum Mond und zur\u00fcck - Positive Prints","description":"Opi, ich liebe dich bis zum Mond und zur\u00fcck ist ein personalisierter Monddruck mit dem Datum und der Uhrzeit deiner Wahl. Bestes Geschenk f\u00fcr jeden Opa","robots":{"index":"index","follow":"follow","max-snippet":"max-snippet:-1","max-image-preview":"max-image-preview:large","max-video-preview":"max-video-preview:-1"},"canonical":"https:\/\/positiveprints.com\/de-at\/produkt\/opi-ich-liebe-dich-bis-zum-mond-und-zuruck\/","og_locale":"de_DE","og_type":"article","og_title":"Opi, ich liebe dich bis zum Mond und zur\u00fcck","og_description":"\u00dcberrasche deinen Opa mit einem Geschenk, das nicht von dieser Welt ist und lasse deine Liebe wie die Sterne strahlen F\u00fcge den einzigartigen Schatten des Mondes hinzu Passe dein Kunstwerk in 3 einfachen Schritten an W\u00e4hle aus einer Vielzahl atemberaubender Designs Sieh das Ergebnis sofort \u2013 die interaktive Vorschau erm\u00f6glicht dir, jedes Detail direkt anzupassen","og_url":"https:\/\/positiveprints.com\/de-at\/produkt\/opi-ich-liebe-dich-bis-zum-mond-und-zuruck\/","og_site_name":"Positive Prints","article_publisher":"https:\/\/www.facebook.com\/positiveprintscom","article_modified_time":"2026-04-28T13:33:16+00:00","og_image":[{"width":1080,"height":1080,"url":"https:\/\/positiveprints.com\/wp-content\/uploads\/2022\/10\/grandpa-i-love-you-to-the-moon-and-back.jpg","type":"image\/jpeg"}],"twitter_card":"summary_large_image","schema":{"@context":"https:\/\/schema.org","@graph":[{"@type":["WebPage","ItemPage"],"@id":"https:\/\/positiveprints.com\/de-at\/produkt\/opi-ich-liebe-dich-bis-zum-mond-und-zuruck\/","url":"https:\/\/positiveprints.com\/de-at\/produkt\/opi-ich-liebe-dich-bis-zum-mond-und-zuruck\/","name":"Opi, ich liebe dich bis zum Mond und zur\u00fcck - Positive Prints","isPartOf":{"@id":"https:\/\/positiveprints.com\/de-at\/#website"},"primaryImageOfPage":{"@id":"https:\/\/positiveprints.com\/de-at\/produkt\/opi-ich-liebe-dich-bis-zum-mond-und-zuruck\/#primaryimage"},"image":{"@id":"https:\/\/positiveprints.com\/de-at\/produkt\/opi-ich-liebe-dich-bis-zum-mond-und-zuruck\/#primaryimage"},"thumbnailUrl":"https:\/\/positiveprints.com\/wp-content\/uploads\/2022\/10\/grandpa-i-love-you-to-the-moon-and-back.jpg","datePublished":"2022-10-10T11:55:19+00:00","dateModified":"2026-04-28T13:33:16+00:00","description":"Opi, ich liebe dich bis zum Mond und zur\u00fcck ist ein personalisierter Monddruck mit dem Datum und der Uhrzeit deiner Wahl. Bestes Geschenk f\u00fcr jeden Opa","breadcrumb":{"@id":"https:\/\/positiveprints.com\/de-at\/produkt\/opi-ich-liebe-dich-bis-zum-mond-und-zuruck\/#breadcrumb"},"inLanguage":"de-AT","potentialAction":[{"@type":"ReadAction","target":["https:\/\/positiveprints.com\/de-at\/produkt\/opi-ich-liebe-dich-bis-zum-mond-und-zuruck\/"]}]},{"@type":"ImageObject","inLanguage":"de-AT","@id":"https:\/\/positiveprints.com\/de-at\/produkt\/opi-ich-liebe-dich-bis-zum-mond-und-zuruck\/#primaryimage","url":"https:\/\/positiveprints.com\/wp-content\/uploads\/2022\/10\/grandpa-i-love-you-to-the-moon-and-back.jpg","contentUrl":"https:\/\/positiveprints.com\/wp-content\/uploads\/2022\/10\/grandpa-i-love-you-to-the-moon-and-back.jpg","width":1080,"height":1080,"caption":"You can choose a date when he become your grandfather, and add your own personal text message."},{"@type":"BreadcrumbList","@id":"https:\/\/positiveprints.com\/de-at\/produkt\/opi-ich-liebe-dich-bis-zum-mond-und-zuruck\/#breadcrumb","itemListElement":[{"@type":"ListItem","position":1,"name":"Home","item":"https:\/\/positiveprints.com\/de-at\/"},{"@type":"ListItem","position":2,"name":"Products","item":"https:\/\/positiveprints.com\/de-at\/shop\/"},{"@type":"ListItem","position":3,"name":"Opi, ich liebe dich bis zum Mond und zur\u00fcck"}]},{"@type":"WebSite","@id":"https:\/\/positiveprints.com\/de-at\/#website","url":"https:\/\/positiveprints.com\/de-at\/","name":"Positive Prints","description":"Amazing Custom Personalised Prints","publisher":{"@id":"https:\/\/positiveprints.com\/de-at\/#organization"},"potentialAction":[{"@type":"SearchAction","target":{"@type":"EntryPoint","urlTemplate":"https:\/\/positiveprints.com\/de-at\/?s={search_term_string}"},"query-input":{"@type":"PropertyValueSpecification","valueRequired":true,"valueName":"search_term_string"}}],"inLanguage":"de-AT"},{"@type":"Organization","@id":"https:\/\/positiveprints.com\/de-at\/#organization","name":"Positive Prints","alternateName":"Positive Prints","url":"https:\/\/positiveprints.com\/de-at\/","logo":{"@type":"ImageObject","inLanguage":"de-AT","@id":"https:\/\/positiveprints.com\/de-at\/#\/schema\/logo\/image\/","url":"https:\/\/positiveprints.com\/wp-content\/uploads\/2026\/03\/245815646_1337939713319158_5671353136411139666_n.png","contentUrl":"https:\/\/positiveprints.com\/wp-content\/uploads\/2026\/03\/245815646_1337939713319158_5671353136411139666_n.png","width":800,"height":800,"caption":"Positive Prints"},"image":{"@id":"https:\/\/positiveprints.com\/de-at\/#\/schema\/logo\/image\/"},"sameAs":["https:\/\/www.facebook.com\/positiveprintscom","https:\/\/www.instagram.com\/positiveprintscom\/","https:\/\/www.tiktok.com\/@positiveprintscom","https:\/\/www.pinterest.com\/positiveprintscom\/"]}]}},"jetpack_sharing_enabled":true,"_links":{"self":[{"href":"https:\/\/positiveprints.com\/de-at\/wp-json\/wp\/v2\/product\/376775","targetHints":{"allow":["GET"]}}],"collection":[{"href":"https:\/\/positiveprints.com\/de-at\/wp-json\/wp\/v2\/product"}],"about":[{"href":"https:\/\/positiveprints.com\/de-at\/wp-json\/wp\/v2\/types\/product"}],"wp:featuredmedia":[{"embeddable":true,"href":"https:\/\/positiveprints.com\/de-at\/wp-json\/wp\/v2\/media\/354729"}],"wp:attachment":[{"href":"https:\/\/positiveprints.com\/de-at\/wp-json\/wp\/v2\/media?parent=376775"}],"wp:term":[{"taxonomy":"product_brand","embeddable":true,"href":"https:\/\/positiveprints.com\/de-at\/wp-json\/wp\/v2\/product_brand?post=376775"},{"taxonomy":"product_cat","embeddable":true,"href":"https:\/\/positiveprints.com\/de-at\/wp-json\/wp\/v2\/product_cat?post=376775"},{"taxonomy":"product_tag","embeddable":true,"href":"https:\/\/positiveprints.com\/de-at\/wp-json\/wp\/v2\/product_tag?post=376775"}],"curies":[{"name":"wp","href":"https:\/\/api.w.org\/{rel}","templated":true}]}}