{"id":376236,"date":"2022-07-21T12:05:10","date_gmt":"2022-07-21T11:05:10","guid":{"rendered":"https:\/\/positiveprints.com\/product\/ich-liebe-dich-schallwellen-kunst\/"},"modified":"2026-04-23T11:48:42","modified_gmt":"2026-04-23T10:48:42","slug":"ich-liebe-dich-schallwellen-kunst","status":"publish","type":"product","link":"https:\/\/positiveprints.com\/de-at\/produkt\/ich-liebe-dich-schallwellen-kunst\/","title":{"rendered":"Ich liebe dich Schallwellen"},"content":{"rendered":"<p>\u201eIch liebe dich\u201c kann der s\u00fc\u00dfeste Klang der Welt sein, besonders wenn er von jemandem kommt, den du auch liebst. Verwandele deine Worte in \u201eIch liebe dich\u201c\u201c-Schallwellen-Kunst.<\/p>\n\n\n\n\n\n<h2 class=\"grenB f24 cblue\" style=\"margin-top: 3rem\">Was ist \u201eIch liebe dich\u201c Schallwellenkunst\u201c?<\/h2>\n\n\n\n<p style=\"margin-top: 1rem\">Ger\u00e4usche bet\u00f6ren nicht nur unsere Ohren. Sie k\u00f6nnen auch unsere Augen erfreuen. Ger\u00e4usche kommen in Wellen vor, und obwohl wir diese Wellen mit blo\u00dfem Auge nicht sehen k\u00f6nnen, k\u00f6nnen wir sie mit der richtigen Technologie nutzen. Daf\u00fcr ist unsere Schallwellen-Kunst-Technologie konzipiert.<\/p>\n\n\n\n<p style=\"margin-top: 1rem\">Wir nehmen deine Audiodatei und verwandeln deinen Sound in eine visuelle Welle. Jede Klangwellenkunst ist einzigartig, da keine zwei Stimmen ganz gleich sind. Lade einfach eine Audiodatei hoch, in der dein geliebter Mensch \u201eIch liebe dich\u201c sagt und wir verwandeln diese in ein Kunstwerk.<\/p>\n\n\n\n\n\n<h2 class=\"grenB f24 cblue\" style=\"margin-top: 3rem\">\u201eIch liebe dich\u201c Schallwellenkunst ist das perfekte Geschenk f\u00fcr Paare!<\/h2>\n\n\n\n<p style=\"margin-top: 1rem\">Viele unserer Positive Prints-Kunden verlieben sich in die Idee, \u201eI Love You\u201c bzw. \u201eIch liebe dich\u201c an ihren W\u00e4nden zu sehen. Sie h\u00f6ren jeden Tag, wie ihr geliebter Mensch ihnen diese sch\u00f6nen Worte sagt. Und wenn Distanz oder ungeplante Lebensereignisse sie trennen, lassen Kunstwerke diese Worte nachklingen.<\/p>\n\n\n\n<p style=\"margin-top: 1rem\">\u201eIch liebe dich\u201c Schallwellenkunst\u201c ist ein ideales Geschenk f\u00fcr jeden Anlass, einschlie\u00dflich:<\/p>\n\n\n\n<ul>\n\n<li>Geburtstage,<\/li>\n\n<li>Hochzeiten,<\/li>\n\n<li>Verpflichtungen,<\/li>\n\n<li>Jubil\u00e4en,<\/li>\n\n<li>Valentinstag<\/li>\n\n<li>Weihnachten<\/li>\n\n<li>und jeder andere Anlass, der f\u00fcr dich etwas Besonderes ist!<\/li>\n\n<\/ul>\n\n\n\n<p style=\"margin-top: 1rem\">Was eine \u201eIch liebe dich\u201c Schallwellenkunst Sendung noch spezieller macht, ist die Tatsache, dass sie ganz individuell auf den Empf\u00e4nger zugeschnitten ist. Jede Schallwelle basiert auf der von Ihnen bereitgestellten Stimme und nicht auf einem generischen Kunstwerk, das du in einem Gesch\u00e4ft finden kannst. Wenn du deinen Druck an deine W\u00e4nde h\u00e4ngst, kannst du sicher sein, dass niemand sonst einen vergleichbaren Druck hat.<\/p>\n\n\n\n<h2 class=\"grenB f24 cblue\" style=\"margin-top: 3rem\">So erstellst du individuelle \u201eIch liebe dich\u201c Schallwellen-Kunstwerke<\/h2>\n\n\n\n<p style=\"margin-top: 1rem\">Ma\u00dfgeschneiderte Kunst h\u00f6rt sich wie ein zeitraubendes und teures Geschenk an, ist aber tats\u00e4chlich einfacher, als in ein Gesch\u00e4ft zu gehen und etwas von der Stange zu kaufen. Bei Positive Prints haben wir die Schallwellentechnologie in unsere einfachen DIY-Prozesse integriert. \u00c4hnlich wie bei unseren anderen Angeboten kannst du in nur drei kurzen Schritten einen individuellen Schallwellen-Druck erstellen.<\/p>\n\n\n\n<p style=\"margin-top: 1rem\"><strong>Schritt eins:<\/strong> Lade deine Audiodatei hoch. Nehme auf, wie ein geliebter Mensch \u201eIch liebe dich\u201c oder etwas sagt, das dir etwas bedeutet. Dann teile es mit uns und wir verwandeln es in eine visuelle Schallwelle.<\/p>\n\n\n\n<p style=\"margin-top: 1rem\"><strong>Schritt zwei:<\/strong> W\u00e4hle deine Farben und weitere Details. Du hast die Kontrolle dar\u00fcber, wie deine Schallwellen-Wandkunst aussieht. W\u00e4hle eines unserer professionell gestalteten Farbschemata oder erstelle dein eigenes. F\u00fcge f\u00fcr noch mehr Personalisierung eine Nachricht hinzu.<\/p>\n\n\n\n<p style=\"margin-top: 1rem\"><strong>Schritt drei:<\/strong> W\u00e4hle ein Lieferformat aus. Wir bieten Posterdrucke und Drucke auf Leinwand sowie sofortige digitale Downloads an.<\/p>\n\n\n\n<h2 class=\"grenB f24 cblue\" style=\"margin-top: 3rem\">Beginne noch heute!<\/h2>\n\n\n\n<p style=\"margin-top: 1rem\">Erstelle noch heute deinen \u201eIch liebe dich\u201c Schallwellen-Kunstdruck. Fang hier an.<\/p>","protected":false},"excerpt":{"rendered":"<ul class=\"check-list\">\n<li>Verwandle dein \u201eIch liebe dich\u201c in individuelle Schallwellen-Kunst<\/li>\n<li>Einfach eine Audiodatei hochladen<\/li>\n<li>F\u00fcge einen QR-Code hinzu und scannen ihn, um dein Lieblingssong abzuspielen<\/li>\n<li>Passe dein Kunstwerk in 3 einfachen Schritten an<\/li>\n<li>W\u00e4hle eine Vorlage oder werde kreativ<\/li>\n<\/ul>\n","protected":false},"featured_media":631784,"template":"","meta":[],"product_brand":[],"product_cat":[5265,11350,11354,11347,11329,11372,11356,7667,7635,7778,7746,7794,7475,5316,11234,11237],"product_tag":[14784,15743,15741,15747,15745,15752,15750,11739,11710,11734,11716,11750,11745],"class_list":{"0":"post-376236","1":"product","2":"type-product","3":"status-publish","4":"has-post-thumbnail","6":"product_cat-weihnachtsgeschenke-de-at","7":"product_cat-weihnachtsgeschenke-fur-frauen-de-at","8":"product_cat-weihnachtsgeschenke-fur-manner-de-at","9":"product_cat-weihnachtsgeschenke-fur-die-freundin-de-at","10":"product_cat-weihnachtsgeschenke-fur-den-freund-de-at","11":"product_cat-weihnachtsgeschenke-fur-die-frau-de-at","12":"product_cat-weihnachtsgeschenke-fur-den-ehemann-de-at","13":"product_cat-geschenke-fur-deinen-freund-de-at","14":"product_cat-geschenke-fur-deinen-ehemann-de-at","15":"product_cat-geschenke-fur-deine-freundin-de-at","16":"product_cat-geschenke-fur-deine-ehefrau-de-at","17":"product_cat-geschenke-fur-paare-de-at","18":"product_cat-soundwave-de-at","19":"product_cat-geschenke-zum-valentinstag","20":"product_cat-valentinstagsgeschenke-fur-frauen-de-at","21":"product_cat-valentinstagsgeschenke-fur-manner-de-at","22":"product_tag-anniversary-de-at","23":"product_tag-regali-di-natale-per-il-fidanzato-de-at","24":"product_tag-regali-di-natale-per-il-marito-de-at","25":"product_tag-regali-di-natale-per-la-fidanzata-de-at","26":"product_tag-regali-di-natale-per-la-moglie-de-at","27":"product_tag-regali-di-natale-per-lei-de-at","28":"product_tag-regali-di-natale-per-lui-de-at","29":"product_tag-weihnachtsgeschenke-fuer-den-ehemann-de-at","30":"product_tag-weihnachtsgeschenke-fuer-den-freund-de-at","31":"product_tag-weihnachtsgeschenke-fuer-die-frau","32":"product_tag-weihnachtsgeschenke-fuer-die-freundin-de-at","33":"product_tag-weihnachtsgeschenke-fuer-ihn-de-at","34":"product_tag-weihnachtsgeschenke-fuer-sie-de-at","36":"first","37":"instock","38":"sale","39":"taxable","40":"shipping-taxable","41":"purchasable","42":"product-type-variable"},"yoast_head":"<!-- This site is optimized with the Yoast SEO Premium plugin v27.2 (Yoast SEO v27.2) - https:\/\/yoast.com\/product\/yoast-seo-premium-wordpress\/ -->\n<title>Ich liebe dich Schallwellen-Kunst - Positive Prints<\/title>\n<meta name=\"description\" content=\"Ich liebe dich kann der s\u00fc\u00dfeste Sound der Welt sein, besonders wenn er von jemandem kommt, den du liebst. Verwandele deine Worte in eine Ich liebe dich Schallwellen-Kunst\" \/>\n<meta name=\"robots\" content=\"index, follow, max-snippet:-1, max-image-preview:large, max-video-preview:-1\" \/>\n<link rel=\"canonical\" href=\"https:\/\/positiveprints.com\/de-at\/produkt\/ich-liebe-dich-schallwellen-kunst\/\" \/>\n<meta property=\"og:locale\" content=\"de_DE\" \/>\n<meta property=\"og:type\" content=\"article\" \/>\n<meta property=\"og:title\" content=\"Ich liebe dich Schallwellen\" \/>\n<meta property=\"og:description\" content=\"Verwandle dein \u201eIch liebe dich\u201c in individuelle Schallwellen-Kunst Einfach eine Audiodatei hochladen F\u00fcge einen QR-Code hinzu und scannen ihn, um dein Lieblingssong abzuspielen Passe dein Kunstwerk in 3 einfachen Schritten an W\u00e4hle eine Vorlage oder werde kreativ\" \/>\n<meta property=\"og:url\" content=\"https:\/\/positiveprints.com\/de-at\/produkt\/ich-liebe-dich-schallwellen-kunst\/\" \/>\n<meta property=\"og:site_name\" content=\"Positive Prints\" \/>\n<meta property=\"article:publisher\" content=\"https:\/\/www.facebook.com\/positiveprintscom\" \/>\n<meta property=\"article:modified_time\" content=\"2026-04-23T10:48:42+00:00\" \/>\n<meta property=\"og:image\" content=\"https:\/\/positiveprints.com\/wp-content\/uploads\/2023\/07\/Ich-liebe-dich-Schallwellen-Kunst.jpg\" \/>\n\t<meta property=\"og:image:width\" content=\"1080\" \/>\n\t<meta property=\"og:image:height\" content=\"1080\" \/>\n\t<meta property=\"og:image:type\" content=\"image\/jpeg\" \/>\n<meta name=\"twitter:card\" content=\"summary_large_image\" \/>\n<meta name=\"twitter:label1\" content=\"Gesch\u00e4tzte Lesezeit\" \/>\n\t<meta name=\"twitter:data1\" content=\"2 Minuten\" \/>\n<!-- \/ Yoast SEO Premium plugin. -->","yoast_head_json":{"title":"Ich liebe dich Schallwellen-Kunst - Positive Prints","description":"Ich liebe dich kann der s\u00fc\u00dfeste Sound der Welt sein, besonders wenn er von jemandem kommt, den du liebst. Verwandele deine Worte in eine Ich liebe dich Schallwellen-Kunst","robots":{"index":"index","follow":"follow","max-snippet":"max-snippet:-1","max-image-preview":"max-image-preview:large","max-video-preview":"max-video-preview:-1"},"canonical":"https:\/\/positiveprints.com\/de-at\/produkt\/ich-liebe-dich-schallwellen-kunst\/","og_locale":"de_DE","og_type":"article","og_title":"Ich liebe dich Schallwellen","og_description":"Verwandle dein \u201eIch liebe dich\u201c in individuelle Schallwellen-Kunst Einfach eine Audiodatei hochladen F\u00fcge einen QR-Code hinzu und scannen ihn, um dein Lieblingssong abzuspielen Passe dein Kunstwerk in 3 einfachen Schritten an W\u00e4hle eine Vorlage oder werde kreativ","og_url":"https:\/\/positiveprints.com\/de-at\/produkt\/ich-liebe-dich-schallwellen-kunst\/","og_site_name":"Positive Prints","article_publisher":"https:\/\/www.facebook.com\/positiveprintscom","article_modified_time":"2026-04-23T10:48:42+00:00","og_image":[{"width":1080,"height":1080,"url":"https:\/\/positiveprints.com\/wp-content\/uploads\/2023\/07\/Ich-liebe-dich-Schallwellen-Kunst.jpg","type":"image\/jpeg"}],"twitter_card":"summary_large_image","twitter_misc":{"Gesch\u00e4tzte Lesezeit":"2 Minuten"},"schema":{"@context":"https:\/\/schema.org","@graph":[{"@type":["WebPage","ItemPage"],"@id":"https:\/\/positiveprints.com\/de-at\/produkt\/ich-liebe-dich-schallwellen-kunst\/","url":"https:\/\/positiveprints.com\/de-at\/produkt\/ich-liebe-dich-schallwellen-kunst\/","name":"Ich liebe dich Schallwellen-Kunst - Positive Prints","isPartOf":{"@id":"https:\/\/positiveprints.com\/de-at\/#website"},"primaryImageOfPage":{"@id":"https:\/\/positiveprints.com\/de-at\/produkt\/ich-liebe-dich-schallwellen-kunst\/#primaryimage"},"image":{"@id":"https:\/\/positiveprints.com\/de-at\/produkt\/ich-liebe-dich-schallwellen-kunst\/#primaryimage"},"thumbnailUrl":"https:\/\/positiveprints.com\/wp-content\/uploads\/2023\/07\/Ich-liebe-dich-Schallwellen-Kunst.jpg","datePublished":"2022-07-21T11:05:10+00:00","dateModified":"2026-04-23T10:48:42+00:00","description":"Ich liebe dich kann der s\u00fc\u00dfeste Sound der Welt sein, besonders wenn er von jemandem kommt, den du liebst. Verwandele deine Worte in eine Ich liebe dich Schallwellen-Kunst","breadcrumb":{"@id":"https:\/\/positiveprints.com\/de-at\/produkt\/ich-liebe-dich-schallwellen-kunst\/#breadcrumb"},"inLanguage":"de-AT","potentialAction":[{"@type":"ReadAction","target":["https:\/\/positiveprints.com\/de-at\/produkt\/ich-liebe-dich-schallwellen-kunst\/"]}]},{"@type":"ImageObject","inLanguage":"de-AT","@id":"https:\/\/positiveprints.com\/de-at\/produkt\/ich-liebe-dich-schallwellen-kunst\/#primaryimage","url":"https:\/\/positiveprints.com\/wp-content\/uploads\/2023\/07\/Ich-liebe-dich-Schallwellen-Kunst.jpg","contentUrl":"https:\/\/positiveprints.com\/wp-content\/uploads\/2023\/07\/Ich-liebe-dich-Schallwellen-Kunst.jpg","width":1080,"height":1080,"caption":"Ich liebe dich Schallwellen-Kunst"},{"@type":"BreadcrumbList","@id":"https:\/\/positiveprints.com\/de-at\/produkt\/ich-liebe-dich-schallwellen-kunst\/#breadcrumb","itemListElement":[{"@type":"ListItem","position":1,"name":"Home","item":"https:\/\/positiveprints.com\/de-at\/"},{"@type":"ListItem","position":2,"name":"Products","item":"https:\/\/positiveprints.com\/de-at\/shop\/"},{"@type":"ListItem","position":3,"name":"Ich liebe dich Schallwellen"}]},{"@type":"WebSite","@id":"https:\/\/positiveprints.com\/de-at\/#website","url":"https:\/\/positiveprints.com\/de-at\/","name":"Positive Prints","description":"Amazing Custom Personalised Prints","publisher":{"@id":"https:\/\/positiveprints.com\/de-at\/#organization"},"potentialAction":[{"@type":"SearchAction","target":{"@type":"EntryPoint","urlTemplate":"https:\/\/positiveprints.com\/de-at\/?s={search_term_string}"},"query-input":{"@type":"PropertyValueSpecification","valueRequired":true,"valueName":"search_term_string"}}],"inLanguage":"de-AT"},{"@type":"Organization","@id":"https:\/\/positiveprints.com\/de-at\/#organization","name":"Positive Prints","alternateName":"Positive Prints","url":"https:\/\/positiveprints.com\/de-at\/","logo":{"@type":"ImageObject","inLanguage":"de-AT","@id":"https:\/\/positiveprints.com\/de-at\/#\/schema\/logo\/image\/","url":"https:\/\/positiveprints.com\/wp-content\/uploads\/2026\/03\/245815646_1337939713319158_5671353136411139666_n.png","contentUrl":"https:\/\/positiveprints.com\/wp-content\/uploads\/2026\/03\/245815646_1337939713319158_5671353136411139666_n.png","width":800,"height":800,"caption":"Positive Prints"},"image":{"@id":"https:\/\/positiveprints.com\/de-at\/#\/schema\/logo\/image\/"},"sameAs":["https:\/\/www.facebook.com\/positiveprintscom","https:\/\/www.instagram.com\/positiveprintscom\/","https:\/\/www.tiktok.com\/@positiveprintscom","https:\/\/www.pinterest.com\/positiveprintscom\/"]}]}},"jetpack_sharing_enabled":true,"_links":{"self":[{"href":"https:\/\/positiveprints.com\/de-at\/wp-json\/wp\/v2\/product\/376236","targetHints":{"allow":["GET"]}}],"collection":[{"href":"https:\/\/positiveprints.com\/de-at\/wp-json\/wp\/v2\/product"}],"about":[{"href":"https:\/\/positiveprints.com\/de-at\/wp-json\/wp\/v2\/types\/product"}],"wp:featuredmedia":[{"embeddable":true,"href":"https:\/\/positiveprints.com\/de-at\/wp-json\/wp\/v2\/media\/631784"}],"wp:attachment":[{"href":"https:\/\/positiveprints.com\/de-at\/wp-json\/wp\/v2\/media?parent=376236"}],"wp:term":[{"taxonomy":"product_brand","embeddable":true,"href":"https:\/\/positiveprints.com\/de-at\/wp-json\/wp\/v2\/product_brand?post=376236"},{"taxonomy":"product_cat","embeddable":true,"href":"https:\/\/positiveprints.com\/de-at\/wp-json\/wp\/v2\/product_cat?post=376236"},{"taxonomy":"product_tag","embeddable":true,"href":"https:\/\/positiveprints.com\/de-at\/wp-json\/wp\/v2\/product_tag?post=376236"}],"curies":[{"name":"wp","href":"https:\/\/api.w.org\/{rel}","templated":true}]}}