{"id":363707,"date":"2022-10-28T12:29:43","date_gmt":"2022-10-28T11:29:43","guid":{"rendered":"https:\/\/positiveprints.com\/product\/hochzeitsgeluebde-schallwellen-kunst\/"},"modified":"2026-04-03T03:25:16","modified_gmt":"2026-04-03T02:25:16","slug":"hochzeitsgeluebde-schallwellen-kunst","status":"publish","type":"product","link":"https:\/\/positiveprints.com\/de-at\/produkt\/hochzeitsgeluebde-schallwellen-kunst\/","title":{"rendered":"Hochzeitsgel\u00fcbde als Schallwellen-Kunst"},"content":{"rendered":"<p>W\u00fcnschst du dir, du k\u00f6nnest einige der sch\u00f6nsten Momente eures Hochzeitstages noch einmal erleben? Positive Prints macht es mit unserer Schallwellen-Kunst f\u00fcr Hochzeitsgel\u00fcbde m\u00f6glich.<\/p>\r\n\r\n\r\n<h2 class=\"grenB f24 cblue\" style=\"margin-top: 3rem\">Verschenke ein einzigartiges Geschenk<\/h2>\r\n\r\n<p style=\"margin-top: 1rem\">Die Hochzeit ist zweifellos einer der sch\u00f6nsten Tage des Lebens. Jetzt kannst du die wichtigsten Momente dieses Tages f\u00fcr immer bewahren \u2013 das Eheversprechen. Unsere individuelle Schallwellen-Kunst verwandelt deine Audiodatei in eine wundersch\u00f6ne visuelle Klangwelle. Dar\u00fcber hinaus erzeugen wir unsere Schallwellen so detailliert, dass du diese in Echtzeit wiedergeben kannst. Behalte euer Gel\u00fcbde w\u00e4hrend der gesamten Ehe im Ged\u00e4chtnis, indem du sie in eurem gemeinsamen Zuhause auf eine der einzigartigsten Arten zur Schau stellst.<\/p>\r\n\r\n\r\n<h2 class=\"grenB f24 cblue\" style=\"margin-top: 3rem\">Wie es funktioniert? Ganz einfach!<\/h2>\r\n\r\n<p style=\"margin-top: 1rem\">Positive Prints verwandelt jeden dank unseren Schallwellen-Kunstgenerators in einen professionellen K\u00fcnstler. Lade einfach deine Audiodatei hoch und unsere Technologie erledigt den Rest. W\u00e4hle anhand einer vorgefertigten Vorlage und eines Farbschemas aus, wie deine Schallwelle auf dem Druck aussehen soll. F\u00fcge einen Text hinzu, um deiner Schallwelle dabei zu helfen, die einzigartige Liebesgeschichte zu erz\u00e4hlen, vom Hochzeitsdatum bis zum Veranstaltungsort und mehr.<\/p>\r\n\r\n<p style=\"margin-top: 1rem\">Wir k\u00f6nnen deine Schallwellen-Kunst auf Premium-Posterpapier oder einer Leinwand drucken. Oder w\u00e4hle einfach f\u00fcr eine schnellere Bearbeitungszeit unsere digitale Download-Option und lasse dein Kunstwerk vor Ort drucken.<\/p>\r\n\r\n<h2 class=\"grenB f24 cblue\" style=\"margin-top: 3rem\">Die besten Geschenke zum Hochzeitstag<\/h2>\r\n\r\n<p style=\"margin-top: 1rem\">Erlebe deinen Hochzeitstag jeden Tag aufs Neue. Unsere personalisierten Hochzeitsgeschenke werden deinem Ehepartner oder ein frisch verm\u00e4hltes Lieblingspaar \u00fcberraschen und erfreuen. Teile Gel\u00fcbde im Laufe der Zeit mit anderen und lasse sie ein gutes Beispiel daf\u00fcr sein, wie eine Ehe aussehen kann. Erstelle jetzt!<\/p>","protected":false},"excerpt":{"rendered":"<ul class=\"check-list\">\n<li>Verwandle dein Eheversprechen in eine spielbare Klangwelle<\/li>\n<li>Lade einfach eine Audiodatei hoch oder f\u00fcge einen YouTube-Link ein<\/li>\n<li>F\u00fcge einen QR-Code hinzu und scannen ihn, um dein Lieblingssong abzuspielen<\/li>\n<li>Passe dein Kunstwerk in 3 einfachen Schritten an<\/li>\n<li>W\u00e4hle eine Vorlage oder werde kreativ<\/li>\n<\/ul>\n","protected":false},"featured_media":632912,"template":"","meta":[],"product_brand":[],"product_cat":[4906],"product_tag":[14784,9070],"class_list":{"0":"post-363707","1":"product","2":"type-product","3":"status-publish","4":"has-post-thumbnail","6":"product_cat-alle-produkte-de-at","7":"product_tag-anniversary-de-at","8":"product_tag-jubilaum-de-at","10":"first","11":"instock","12":"sale","13":"taxable","14":"shipping-taxable","15":"purchasable","16":"product-type-variable"},"yoast_head":"<!-- This site is optimized with the Yoast SEO Premium plugin v27.2 (Yoast SEO v27.2) - https:\/\/yoast.com\/product\/yoast-seo-premium-wordpress\/ -->\n<title>Hochzeitsgel\u00fcbde als Schallwellen-Kunst - Positive Prints<\/title>\n<meta name=\"description\" content=\"Du hast dir bereits viele Gedanken gemacht, um dein Eheversprechen zu schreiben. Genie\u00dfe diese Momente immer wieder mit unserer Schallwellen-Kunst und h\u00f6re es dir das Eheversprechen.\" \/>\n<meta name=\"robots\" content=\"index, follow, max-snippet:-1, max-image-preview:large, max-video-preview:-1\" \/>\n<link rel=\"canonical\" href=\"https:\/\/positiveprints.com\/de-at\/produkt\/hochzeitsgeluebde-schallwellen-kunst\/\" \/>\n<meta property=\"og:locale\" content=\"de_DE\" \/>\n<meta property=\"og:type\" content=\"article\" \/>\n<meta property=\"og:title\" content=\"Hochzeitsgel\u00fcbde als Schallwellen-Kunst\" \/>\n<meta property=\"og:description\" content=\"Verwandle dein Eheversprechen in eine spielbare Klangwelle Lade einfach eine Audiodatei hoch oder f\u00fcge einen YouTube-Link ein F\u00fcge einen QR-Code hinzu und scannen ihn, um dein Lieblingssong abzuspielen Passe dein Kunstwerk in 3 einfachen Schritten an W\u00e4hle eine Vorlage oder werde kreativ\" \/>\n<meta property=\"og:url\" content=\"https:\/\/positiveprints.com\/de-at\/produkt\/hochzeitsgeluebde-schallwellen-kunst\/\" \/>\n<meta property=\"og:site_name\" content=\"Positive Prints\" \/>\n<meta property=\"article:publisher\" content=\"https:\/\/www.facebook.com\/positiveprintscom\" \/>\n<meta property=\"article:modified_time\" content=\"2026-04-03T02:25:16+00:00\" \/>\n<meta property=\"og:image\" content=\"https:\/\/positiveprints.com\/wp-content\/uploads\/2023\/07\/Hochzeitsgelubde-als-Schallwellen-Kunst.jpg\" \/>\n\t<meta property=\"og:image:width\" content=\"1080\" \/>\n\t<meta property=\"og:image:height\" content=\"1080\" \/>\n\t<meta property=\"og:image:type\" content=\"image\/jpeg\" \/>\n<meta name=\"twitter:card\" content=\"summary_large_image\" \/>\n<!-- \/ Yoast SEO Premium plugin. -->","yoast_head_json":{"title":"Hochzeitsgel\u00fcbde als Schallwellen-Kunst - Positive Prints","description":"Du hast dir bereits viele Gedanken gemacht, um dein Eheversprechen zu schreiben. Genie\u00dfe diese Momente immer wieder mit unserer Schallwellen-Kunst und h\u00f6re es dir das Eheversprechen.","robots":{"index":"index","follow":"follow","max-snippet":"max-snippet:-1","max-image-preview":"max-image-preview:large","max-video-preview":"max-video-preview:-1"},"canonical":"https:\/\/positiveprints.com\/de-at\/produkt\/hochzeitsgeluebde-schallwellen-kunst\/","og_locale":"de_DE","og_type":"article","og_title":"Hochzeitsgel\u00fcbde als Schallwellen-Kunst","og_description":"Verwandle dein Eheversprechen in eine spielbare Klangwelle Lade einfach eine Audiodatei hoch oder f\u00fcge einen YouTube-Link ein F\u00fcge einen QR-Code hinzu und scannen ihn, um dein Lieblingssong abzuspielen Passe dein Kunstwerk in 3 einfachen Schritten an W\u00e4hle eine Vorlage oder werde kreativ","og_url":"https:\/\/positiveprints.com\/de-at\/produkt\/hochzeitsgeluebde-schallwellen-kunst\/","og_site_name":"Positive Prints","article_publisher":"https:\/\/www.facebook.com\/positiveprintscom","article_modified_time":"2026-04-03T02:25:16+00:00","og_image":[{"width":1080,"height":1080,"url":"https:\/\/positiveprints.com\/wp-content\/uploads\/2023\/07\/Hochzeitsgelubde-als-Schallwellen-Kunst.jpg","type":"image\/jpeg"}],"twitter_card":"summary_large_image","schema":{"@context":"https:\/\/schema.org","@graph":[{"@type":["WebPage","ItemPage"],"@id":"https:\/\/positiveprints.com\/de-at\/produkt\/hochzeitsgeluebde-schallwellen-kunst\/","url":"https:\/\/positiveprints.com\/de-at\/produkt\/hochzeitsgeluebde-schallwellen-kunst\/","name":"Hochzeitsgel\u00fcbde als Schallwellen-Kunst - Positive Prints","isPartOf":{"@id":"https:\/\/positiveprints.com\/de-at\/#website"},"primaryImageOfPage":{"@id":"https:\/\/positiveprints.com\/de-at\/produkt\/hochzeitsgeluebde-schallwellen-kunst\/#primaryimage"},"image":{"@id":"https:\/\/positiveprints.com\/de-at\/produkt\/hochzeitsgeluebde-schallwellen-kunst\/#primaryimage"},"thumbnailUrl":"https:\/\/positiveprints.com\/wp-content\/uploads\/2023\/07\/Hochzeitsgelubde-als-Schallwellen-Kunst.jpg","datePublished":"2022-10-28T11:29:43+00:00","dateModified":"2026-04-03T02:25:16+00:00","description":"Du hast dir bereits viele Gedanken gemacht, um dein Eheversprechen zu schreiben. Genie\u00dfe diese Momente immer wieder mit unserer Schallwellen-Kunst und h\u00f6re es dir das Eheversprechen.","breadcrumb":{"@id":"https:\/\/positiveprints.com\/de-at\/produkt\/hochzeitsgeluebde-schallwellen-kunst\/#breadcrumb"},"inLanguage":"de-AT","potentialAction":[{"@type":"ReadAction","target":["https:\/\/positiveprints.com\/de-at\/produkt\/hochzeitsgeluebde-schallwellen-kunst\/"]}]},{"@type":"ImageObject","inLanguage":"de-AT","@id":"https:\/\/positiveprints.com\/de-at\/produkt\/hochzeitsgeluebde-schallwellen-kunst\/#primaryimage","url":"https:\/\/positiveprints.com\/wp-content\/uploads\/2023\/07\/Hochzeitsgelubde-als-Schallwellen-Kunst.jpg","contentUrl":"https:\/\/positiveprints.com\/wp-content\/uploads\/2023\/07\/Hochzeitsgelubde-als-Schallwellen-Kunst.jpg","width":1080,"height":1080,"caption":"Hochzeitsgel\u00fcbde als Schallwellen-Kunst"},{"@type":"BreadcrumbList","@id":"https:\/\/positiveprints.com\/de-at\/produkt\/hochzeitsgeluebde-schallwellen-kunst\/#breadcrumb","itemListElement":[{"@type":"ListItem","position":1,"name":"Home","item":"https:\/\/positiveprints.com\/de-at\/"},{"@type":"ListItem","position":2,"name":"Products","item":"https:\/\/positiveprints.com\/de-at\/shop\/"},{"@type":"ListItem","position":3,"name":"Hochzeitsgel\u00fcbde als Schallwellen-Kunst"}]},{"@type":"WebSite","@id":"https:\/\/positiveprints.com\/de-at\/#website","url":"https:\/\/positiveprints.com\/de-at\/","name":"Positive Prints","description":"Amazing Custom Personalised Prints","publisher":{"@id":"https:\/\/positiveprints.com\/de-at\/#organization"},"potentialAction":[{"@type":"SearchAction","target":{"@type":"EntryPoint","urlTemplate":"https:\/\/positiveprints.com\/de-at\/?s={search_term_string}"},"query-input":{"@type":"PropertyValueSpecification","valueRequired":true,"valueName":"search_term_string"}}],"inLanguage":"de-AT"},{"@type":"Organization","@id":"https:\/\/positiveprints.com\/de-at\/#organization","name":"Positive Prints","alternateName":"Positive Prints","url":"https:\/\/positiveprints.com\/de-at\/","logo":{"@type":"ImageObject","inLanguage":"de-AT","@id":"https:\/\/positiveprints.com\/de-at\/#\/schema\/logo\/image\/","url":"https:\/\/positiveprints.com\/wp-content\/uploads\/2026\/03\/245815646_1337939713319158_5671353136411139666_n.png","contentUrl":"https:\/\/positiveprints.com\/wp-content\/uploads\/2026\/03\/245815646_1337939713319158_5671353136411139666_n.png","width":800,"height":800,"caption":"Positive Prints"},"image":{"@id":"https:\/\/positiveprints.com\/de-at\/#\/schema\/logo\/image\/"},"sameAs":["https:\/\/www.facebook.com\/positiveprintscom","https:\/\/www.instagram.com\/positiveprintscom\/","https:\/\/www.tiktok.com\/@positiveprintscom","https:\/\/www.pinterest.com\/positiveprintscom\/"]}]}},"jetpack_sharing_enabled":true,"_links":{"self":[{"href":"https:\/\/positiveprints.com\/de-at\/wp-json\/wp\/v2\/product\/363707","targetHints":{"allow":["GET"]}}],"collection":[{"href":"https:\/\/positiveprints.com\/de-at\/wp-json\/wp\/v2\/product"}],"about":[{"href":"https:\/\/positiveprints.com\/de-at\/wp-json\/wp\/v2\/types\/product"}],"wp:featuredmedia":[{"embeddable":true,"href":"https:\/\/positiveprints.com\/de-at\/wp-json\/wp\/v2\/media\/632912"}],"wp:attachment":[{"href":"https:\/\/positiveprints.com\/de-at\/wp-json\/wp\/v2\/media?parent=363707"}],"wp:term":[{"taxonomy":"product_brand","embeddable":true,"href":"https:\/\/positiveprints.com\/de-at\/wp-json\/wp\/v2\/product_brand?post=363707"},{"taxonomy":"product_cat","embeddable":true,"href":"https:\/\/positiveprints.com\/de-at\/wp-json\/wp\/v2\/product_cat?post=363707"},{"taxonomy":"product_tag","embeddable":true,"href":"https:\/\/positiveprints.com\/de-at\/wp-json\/wp\/v2\/product_tag?post=363707"}],"curies":[{"name":"wp","href":"https:\/\/api.w.org\/{rel}","templated":true}]}}