{"id":363289,"date":"2022-07-22T18:37:57","date_gmt":"2022-07-22T17:37:57","guid":{"rendered":"https:\/\/positiveprints.com\/product\/ich-liebe-dich-papi-schallwellen-kunst\/"},"modified":"2026-04-03T03:31:24","modified_gmt":"2026-04-03T02:31:24","slug":"ich-liebe-dich-papi-schallwellen-kunst","status":"publish","type":"product","link":"https:\/\/positiveprints.com\/de-at\/produkt\/ich-liebe-dich-papi-schallwellen-kunst\/","title":{"rendered":"&#8220;Ich liebe dich, Papi&#8221; Schallwellen-Kunst"},"content":{"rendered":"","protected":false},"excerpt":{"rendered":"<ul class=\"check-list\">\n<li>Zeige deinem Vater, wie viel er dir bedeutet, mit diesem einzigartigen Geschenk, das er f\u00fcr immer sch\u00e4tzen wird<\/li>\n<li>Einfach eine Audiodatei hochladen<\/li>\n<li>F\u00fcge einen QR-Code hinzu und scannen ihn, um dein Lieblingssong abzuspielen<\/li>\n<li>Passe dein Kunstwerk in 3 einfachen Schritten an<\/li>\n<li>W\u00e4hle eine Vorlage oder werde kreativ<\/li>\n<\/ul>\n","protected":false},"featured_media":1425633,"template":"","meta":[],"product_brand":[],"product_cat":[11338,11365,15053,7971,7475,7331,5265],"product_tag":[15402,8549,11713,13462],"class_list":{"0":"post-363289","1":"product","2":"type-product","3":"status-publish","4":"has-post-thumbnail","6":"product_cat-weihnachtsgeschenke-fur-den-papa-de-at","7":"product_cat-weihnachtsgeschenke-fur-die-eltern-de-at","8":"product_cat-weihnachtsgeschenke-fuer-familie-de-at","9":"product_cat-geschenke-fur-papa","10":"product_cat-soundwave-de-at","11":"product_cat-vatertagsgeschenke-de-at","12":"product_cat-weihnachtsgeschenke-de-at","13":"product_tag-audio-de-at","14":"product_tag-father-de-at","15":"product_tag-weihnachtsgeschenke-fuer-den-papa-de-at","16":"product_tag-weihnachtsgeschenke-fur-die-familie-de-at","18":"first","19":"instock","20":"sale","21":"taxable","22":"shipping-taxable","23":"purchasable","24":"product-type-variable"},"yoast_head":"<!-- This site is optimized with the Yoast SEO Premium plugin v27.2 (Yoast SEO v27.2) - https:\/\/yoast.com\/product\/yoast-seo-premium-wordpress\/ -->\n<title>&quot;Ich liebe dich, Papi&quot; Schallwellen-Kunst | Positive Prints<\/title>\n<meta name=\"description\" content=\"Zu h\u00f6ren, wie dein Kind &quot;Ich liebe dich, Papi&quot; sagt, sind Worte, die das Herz zum Schmelzen bringen. Halte sie f\u00fcr immer klein mit &quot;&quot;Ich liebe dich, Papi&quot; Schallwellen-Kunst.\" \/>\n<meta name=\"robots\" content=\"index, follow, max-snippet:-1, max-image-preview:large, max-video-preview:-1\" \/>\n<link rel=\"canonical\" href=\"https:\/\/positiveprints.com\/de-at\/produkt\/ich-liebe-dich-papi-schallwellen-kunst\/\" \/>\n<meta property=\"og:locale\" content=\"de_DE\" \/>\n<meta property=\"og:type\" content=\"article\" \/>\n<meta property=\"og:title\" content=\"&quot;Ich liebe dich, Papi&quot; Schallwellen-Kunst\" \/>\n<meta property=\"og:description\" content=\"Zeige deinem Vater, wie viel er dir bedeutet, mit diesem einzigartigen Geschenk, das er f\u00fcr immer sch\u00e4tzen wird Einfach eine Audiodatei hochladen F\u00fcge einen QR-Code hinzu und scannen ihn, um dein Lieblingssong abzuspielen Passe dein Kunstwerk in 3 einfachen Schritten an W\u00e4hle eine Vorlage oder werde kreativ\" \/>\n<meta property=\"og:url\" content=\"https:\/\/positiveprints.com\/de-at\/produkt\/ich-liebe-dich-papi-schallwellen-kunst\/\" \/>\n<meta property=\"og:site_name\" content=\"Positive Prints\" \/>\n<meta property=\"article:publisher\" content=\"https:\/\/www.facebook.com\/positiveprintscom\" \/>\n<meta property=\"article:modified_time\" content=\"2026-04-03T02:31:24+00:00\" \/>\n<meta property=\"og:image\" content=\"https:\/\/positiveprints.com\/wp-content\/uploads\/2023\/04\/Ich-liebe-dich-Papi-Schallwellen-Kunst.jpg\" \/>\n\t<meta property=\"og:image:width\" content=\"1080\" \/>\n\t<meta property=\"og:image:height\" content=\"1080\" \/>\n\t<meta property=\"og:image:type\" content=\"image\/jpeg\" \/>\n<meta name=\"twitter:card\" content=\"summary_large_image\" \/>\n<!-- \/ Yoast SEO Premium plugin. -->","yoast_head_json":{"title":"\"Ich liebe dich, Papi\" Schallwellen-Kunst | Positive Prints","description":"Zu h\u00f6ren, wie dein Kind \"Ich liebe dich, Papi\" sagt, sind Worte, die das Herz zum Schmelzen bringen. Halte sie f\u00fcr immer klein mit \"\"Ich liebe dich, Papi\" Schallwellen-Kunst.","robots":{"index":"index","follow":"follow","max-snippet":"max-snippet:-1","max-image-preview":"max-image-preview:large","max-video-preview":"max-video-preview:-1"},"canonical":"https:\/\/positiveprints.com\/de-at\/produkt\/ich-liebe-dich-papi-schallwellen-kunst\/","og_locale":"de_DE","og_type":"article","og_title":"\"Ich liebe dich, Papi\" Schallwellen-Kunst","og_description":"Zeige deinem Vater, wie viel er dir bedeutet, mit diesem einzigartigen Geschenk, das er f\u00fcr immer sch\u00e4tzen wird Einfach eine Audiodatei hochladen F\u00fcge einen QR-Code hinzu und scannen ihn, um dein Lieblingssong abzuspielen Passe dein Kunstwerk in 3 einfachen Schritten an W\u00e4hle eine Vorlage oder werde kreativ","og_url":"https:\/\/positiveprints.com\/de-at\/produkt\/ich-liebe-dich-papi-schallwellen-kunst\/","og_site_name":"Positive Prints","article_publisher":"https:\/\/www.facebook.com\/positiveprintscom","article_modified_time":"2026-04-03T02:31:24+00:00","og_image":[{"width":1080,"height":1080,"url":"https:\/\/positiveprints.com\/wp-content\/uploads\/2023\/04\/Ich-liebe-dich-Papi-Schallwellen-Kunst.jpg","type":"image\/jpeg"}],"twitter_card":"summary_large_image","schema":{"@context":"https:\/\/schema.org","@graph":[{"@type":["WebPage","ItemPage"],"@id":"https:\/\/positiveprints.com\/de-at\/produkt\/ich-liebe-dich-papi-schallwellen-kunst\/","url":"https:\/\/positiveprints.com\/de-at\/produkt\/ich-liebe-dich-papi-schallwellen-kunst\/","name":"\"Ich liebe dich, Papi\" Schallwellen-Kunst | Positive Prints","isPartOf":{"@id":"https:\/\/positiveprints.com\/de-at\/#website"},"primaryImageOfPage":{"@id":"https:\/\/positiveprints.com\/de-at\/produkt\/ich-liebe-dich-papi-schallwellen-kunst\/#primaryimage"},"image":{"@id":"https:\/\/positiveprints.com\/de-at\/produkt\/ich-liebe-dich-papi-schallwellen-kunst\/#primaryimage"},"thumbnailUrl":"https:\/\/positiveprints.com\/wp-content\/uploads\/2025\/05\/22Ich-liebe-dich-Papi22-Schallwellen-Kunst-1.webp","datePublished":"2022-07-22T17:37:57+00:00","dateModified":"2026-04-03T02:31:24+00:00","description":"Zu h\u00f6ren, wie dein Kind \"Ich liebe dich, Papi\" sagt, sind Worte, die das Herz zum Schmelzen bringen. Halte sie f\u00fcr immer klein mit \"\"Ich liebe dich, Papi\" Schallwellen-Kunst.","breadcrumb":{"@id":"https:\/\/positiveprints.com\/de-at\/produkt\/ich-liebe-dich-papi-schallwellen-kunst\/#breadcrumb"},"inLanguage":"de-AT","potentialAction":[{"@type":"ReadAction","target":["https:\/\/positiveprints.com\/de-at\/produkt\/ich-liebe-dich-papi-schallwellen-kunst\/"]}]},{"@type":"ImageObject","inLanguage":"de-AT","@id":"https:\/\/positiveprints.com\/de-at\/produkt\/ich-liebe-dich-papi-schallwellen-kunst\/#primaryimage","url":"https:\/\/positiveprints.com\/wp-content\/uploads\/2025\/05\/22Ich-liebe-dich-Papi22-Schallwellen-Kunst-1.webp","contentUrl":"https:\/\/positiveprints.com\/wp-content\/uploads\/2025\/05\/22Ich-liebe-dich-Papi22-Schallwellen-Kunst-1.webp","width":1450,"height":1450},{"@type":"BreadcrumbList","@id":"https:\/\/positiveprints.com\/de-at\/produkt\/ich-liebe-dich-papi-schallwellen-kunst\/#breadcrumb","itemListElement":[{"@type":"ListItem","position":1,"name":"Home","item":"https:\/\/positiveprints.com\/de-at\/"},{"@type":"ListItem","position":2,"name":"Products","item":"https:\/\/positiveprints.com\/de-at\/shop\/"},{"@type":"ListItem","position":3,"name":"&#8220;Ich liebe dich, Papi&#8221; Schallwellen-Kunst"}]},{"@type":"WebSite","@id":"https:\/\/positiveprints.com\/de-at\/#website","url":"https:\/\/positiveprints.com\/de-at\/","name":"Positive Prints","description":"Amazing Custom Personalised Prints","publisher":{"@id":"https:\/\/positiveprints.com\/de-at\/#organization"},"potentialAction":[{"@type":"SearchAction","target":{"@type":"EntryPoint","urlTemplate":"https:\/\/positiveprints.com\/de-at\/?s={search_term_string}"},"query-input":{"@type":"PropertyValueSpecification","valueRequired":true,"valueName":"search_term_string"}}],"inLanguage":"de-AT"},{"@type":"Organization","@id":"https:\/\/positiveprints.com\/de-at\/#organization","name":"Positive Prints","alternateName":"Positive Prints","url":"https:\/\/positiveprints.com\/de-at\/","logo":{"@type":"ImageObject","inLanguage":"de-AT","@id":"https:\/\/positiveprints.com\/de-at\/#\/schema\/logo\/image\/","url":"https:\/\/positiveprints.com\/wp-content\/uploads\/2026\/03\/245815646_1337939713319158_5671353136411139666_n.png","contentUrl":"https:\/\/positiveprints.com\/wp-content\/uploads\/2026\/03\/245815646_1337939713319158_5671353136411139666_n.png","width":800,"height":800,"caption":"Positive Prints"},"image":{"@id":"https:\/\/positiveprints.com\/de-at\/#\/schema\/logo\/image\/"},"sameAs":["https:\/\/www.facebook.com\/positiveprintscom","https:\/\/www.instagram.com\/positiveprintscom\/","https:\/\/www.tiktok.com\/@positiveprintscom","https:\/\/www.pinterest.com\/positiveprintscom\/"]}]}},"jetpack_sharing_enabled":true,"_links":{"self":[{"href":"https:\/\/positiveprints.com\/de-at\/wp-json\/wp\/v2\/product\/363289","targetHints":{"allow":["GET"]}}],"collection":[{"href":"https:\/\/positiveprints.com\/de-at\/wp-json\/wp\/v2\/product"}],"about":[{"href":"https:\/\/positiveprints.com\/de-at\/wp-json\/wp\/v2\/types\/product"}],"wp:featuredmedia":[{"embeddable":true,"href":"https:\/\/positiveprints.com\/de-at\/wp-json\/wp\/v2\/media\/1425633"}],"wp:attachment":[{"href":"https:\/\/positiveprints.com\/de-at\/wp-json\/wp\/v2\/media?parent=363289"}],"wp:term":[{"taxonomy":"product_brand","embeddable":true,"href":"https:\/\/positiveprints.com\/de-at\/wp-json\/wp\/v2\/product_brand?post=363289"},{"taxonomy":"product_cat","embeddable":true,"href":"https:\/\/positiveprints.com\/de-at\/wp-json\/wp\/v2\/product_cat?post=363289"},{"taxonomy":"product_tag","embeddable":true,"href":"https:\/\/positiveprints.com\/de-at\/wp-json\/wp\/v2\/product_tag?post=363289"}],"curies":[{"name":"wp","href":"https:\/\/api.w.org\/{rel}","templated":true}]}}