{"id":363261,"date":"2022-07-21T12:51:35","date_gmt":"2022-07-21T11:51:35","guid":{"rendered":"https:\/\/positiveprints.com\/product\/willst-du-mich-heiraten-schallwellen-kunst\/"},"modified":"2026-04-28T14:31:32","modified_gmt":"2026-04-28T13:31:32","slug":"willst-du-mich-heiraten-schallwellen-kunst","status":"publish","type":"product","link":"https:\/\/positiveprints.com\/de-at\/produkt\/willst-du-mich-heiraten-schallwellen-kunst\/","title":{"rendered":"&#8220;Willst du mich heiraten&#8221; Schallwellen-Kunst"},"content":{"rendered":"<p>Willst du mich heiraten? Es ist eine Frage, die viele bereits geh\u00f6rt haben oder stellen m\u00f6chten. Und wenn dieser Moment endlich kommt, kannst du ihn mit einem \u201eWillst du mich heiraten\u201c Schallwellen-Kunstdruck immer wieder abspielen.<\/p>\n\n\n\n\n\n<h2 class=\"grenB f24 cblue\" style=\"margin-top: 3rem\">Zuerst kommt die Liebe, dann kommt die Ehe<\/h2>\n\n\n\n<p style=\"margin-top: 1rem\">Die Entscheidung, die Liebe deines Lebens zu heiraten, ist ein gro\u00dfer Schritt. Es ist vermutlich einer der gl\u00fccklichsten Momente deines Lebens und dieser verdient es, mit Stil in Erinnerung zu bleiben. Deshalb haben wir unsere Schallwellen-Kunst \u201eWillst du mich heiraten\u201c geschaffen. Wir erzeugen eine visuelle Klangwelle aus einer Aufnahme, in der du oder dein Lieblingsmensch die Frage stellen.<\/p>\n\n\n\n<p style=\"margin-top: 1rem\">Kunst ist das perfekte Geschenk zum ersten Jahrestag, der auch als Papierjubil\u00e4um bekannt ist. Oder integriere deine Kunstwerke in deine Hochzeitsdekoration, damit deine G\u00e4ste diesen s\u00fc\u00dfen Moment sehen und h\u00f6ren k\u00f6nnen, der ein neues Kapitel in deinem Leben aufgeschlagen hat.<\/p>\n\n\n\n\n\n<h2 class=\"grenB f24 cblue\" style=\"margin-top: 3rem\">Wie es funktioniert<\/h2>\n\n\n\n<p style=\"margin-top: 1rem\">Wir haben unseren Kunstwerk-Kreator so gestaltet, dass er benutzerfreundlich ist und dir dabei hilft, in wenigen Minuten ein Meisterwerk zu erstellen. Lade zun\u00e4chst deine Audiodatei hoch, in der die Stimme \u201eWillst du mich heiraten\u201c zu h\u00f6ren ist. Es k\u00f6nnte die eigentliche Aufnahme sein oder einfach eine neue Aufnahme mit deiner Stimme. Schau es dir an, wie unsere Technologie deinen Ton in die visuelle Welt bringt! Wende eine unserer vorgefertigten Vorlagen an, die deiner Schallwellen-Wandkunst Farbe und Details verleihen. F\u00fcge etwas Text hinzu, z. B. eure Namen und das Datum eurer Verlobung. Schlie\u00dflich ist der Himmel die einzige Grenze, oder?!<\/p>\n\n\n\n<p style=\"margin-top: 1rem\">Wir, als Positive Prints, empfehlen die Bestellung eines gedruckten Posterdrucks oder eines Drucks auf Leinwand, die sich beide perfekt f\u00fcr die Pr\u00e4sentation in eurem Zuhause eignen. Wir bieten alle unsere Drucke in Standardgr\u00f6\u00dfen an, um die Anpassung an den perfekten Rahmen zu erleichtern. Oder w\u00e4hle einen digitalen Download zur sofortigen Lieferung und lasse deine Schallwelle vor Ort ausdrucken.<\/p>\n\n\n\n<h2 class=\"grenB f24 cblue\" style=\"margin-top: 3rem\">Erstelle in wenigen Minuten eine \u201eWillst du mich heiraten\u201c- Schallwellen-Kunst<\/h2>\n\n\n\n<p style=\"margin-top: 1rem\">Eure Verlobung ist einzigartig und verdient es, ein Leben lang genossen zu werden. Unsere individuellen \u201eWillst du mich heiraten\u201c-Geschenke sind eine gro\u00dfartige M\u00f6glichkeit, eure Geschichte mit anderen zu teilen.<\/p>","protected":false},"excerpt":{"rendered":"<ul class=\"check-list\">\n<li>F\u00fcge einen Hauch von Kreativit\u00e4t hinzu und mache deinen Heiratsantrag unvergesslich mit Kunstwerken, die ein Leben lang gesch\u00e4tzt werden<\/li>\n<li>Einfach eine Audiodatei hochladen<\/li>\n<li>F\u00fcge einen QR-Code hinzu und scannen ihn, um dein Lieblingssong abzuspielen<\/li>\n<li>Passe dein Kunstwerk in 3 einfachen Schritten an<\/li>\n<li>W\u00e4hle eine Vorlage oder werde kreativ<\/li>\n<\/ul>\n","protected":false},"featured_media":320936,"template":"","meta":[],"product_brand":[],"product_cat":[5289,7475],"product_tag":[8430],"class_list":{"0":"post-363261","1":"product","2":"type-product","3":"status-publish","4":"has-post-thumbnail","6":"product_cat-verlobungsgeschenke","7":"product_cat-soundwave-de-at","8":"product_tag-verlobung-de-at","10":"first","11":"instock","12":"sale","13":"taxable","14":"shipping-taxable","15":"purchasable","16":"product-type-variable"},"yoast_head":"<!-- This site is optimized with the Yoast SEO Premium plugin v27.2 (Yoast SEO v27.2) - https:\/\/yoast.com\/product\/yoast-seo-premium-wordpress\/ -->\n<title>&quot;Willst du mich heiraten&quot; Schallwellen-Kunst | Positive Prints<\/title>\n<meta name=\"description\" content=\"Es ist eine Frage, die du schon lange h\u00f6ren oder sagen wolltest: Willst du mich heiraten? Erlebe diesen Moment f\u00fcr immer mit unserer Schallwellen-Kunst &quot;Willst du mich heiraten&quot;\" \/>\n<meta name=\"robots\" content=\"index, follow, max-snippet:-1, max-image-preview:large, max-video-preview:-1\" \/>\n<link rel=\"canonical\" href=\"https:\/\/positiveprints.com\/de-at\/produkt\/willst-du-mich-heiraten-schallwellen-kunst\/\" \/>\n<meta property=\"og:locale\" content=\"de_DE\" \/>\n<meta property=\"og:type\" content=\"article\" \/>\n<meta property=\"og:title\" content=\"&quot;Willst du mich heiraten&quot; Schallwellen-Kunst\" \/>\n<meta property=\"og:description\" content=\"F\u00fcge einen Hauch von Kreativit\u00e4t hinzu und mache deinen Heiratsantrag unvergesslich mit Kunstwerken, die ein Leben lang gesch\u00e4tzt werden Einfach eine Audiodatei hochladen F\u00fcge einen QR-Code hinzu und scannen ihn, um dein Lieblingssong abzuspielen Passe dein Kunstwerk in 3 einfachen Schritten an W\u00e4hle eine Vorlage oder werde kreativ\" \/>\n<meta property=\"og:url\" content=\"https:\/\/positiveprints.com\/de-at\/produkt\/willst-du-mich-heiraten-schallwellen-kunst\/\" \/>\n<meta property=\"og:site_name\" content=\"Positive Prints\" \/>\n<meta property=\"article:publisher\" content=\"https:\/\/www.facebook.com\/positiveprintscom\" \/>\n<meta property=\"article:modified_time\" content=\"2026-04-28T13:31:32+00:00\" \/>\n<meta property=\"og:image\" content=\"https:\/\/positiveprints.com\/wp-content\/uploads\/2022\/07\/will-you-marry-me-soundwave-art.jpg\" \/>\n\t<meta property=\"og:image:width\" content=\"1080\" \/>\n\t<meta property=\"og:image:height\" content=\"1080\" \/>\n\t<meta property=\"og:image:type\" content=\"image\/jpeg\" \/>\n<meta name=\"twitter:card\" content=\"summary_large_image\" \/>\n<!-- \/ Yoast SEO Premium plugin. -->","yoast_head_json":{"title":"\"Willst du mich heiraten\" Schallwellen-Kunst | Positive Prints","description":"Es ist eine Frage, die du schon lange h\u00f6ren oder sagen wolltest: Willst du mich heiraten? Erlebe diesen Moment f\u00fcr immer mit unserer Schallwellen-Kunst \"Willst du mich heiraten\"","robots":{"index":"index","follow":"follow","max-snippet":"max-snippet:-1","max-image-preview":"max-image-preview:large","max-video-preview":"max-video-preview:-1"},"canonical":"https:\/\/positiveprints.com\/de-at\/produkt\/willst-du-mich-heiraten-schallwellen-kunst\/","og_locale":"de_DE","og_type":"article","og_title":"\"Willst du mich heiraten\" Schallwellen-Kunst","og_description":"F\u00fcge einen Hauch von Kreativit\u00e4t hinzu und mache deinen Heiratsantrag unvergesslich mit Kunstwerken, die ein Leben lang gesch\u00e4tzt werden Einfach eine Audiodatei hochladen F\u00fcge einen QR-Code hinzu und scannen ihn, um dein Lieblingssong abzuspielen Passe dein Kunstwerk in 3 einfachen Schritten an W\u00e4hle eine Vorlage oder werde kreativ","og_url":"https:\/\/positiveprints.com\/de-at\/produkt\/willst-du-mich-heiraten-schallwellen-kunst\/","og_site_name":"Positive Prints","article_publisher":"https:\/\/www.facebook.com\/positiveprintscom","article_modified_time":"2026-04-28T13:31:32+00:00","og_image":[{"width":1080,"height":1080,"url":"https:\/\/positiveprints.com\/wp-content\/uploads\/2022\/07\/will-you-marry-me-soundwave-art.jpg","type":"image\/jpeg"}],"twitter_card":"summary_large_image","schema":{"@context":"https:\/\/schema.org","@graph":[{"@type":["WebPage","ItemPage"],"@id":"https:\/\/positiveprints.com\/de-at\/produkt\/willst-du-mich-heiraten-schallwellen-kunst\/","url":"https:\/\/positiveprints.com\/de-at\/produkt\/willst-du-mich-heiraten-schallwellen-kunst\/","name":"\"Willst du mich heiraten\" Schallwellen-Kunst | Positive Prints","isPartOf":{"@id":"https:\/\/positiveprints.com\/de-at\/#website"},"primaryImageOfPage":{"@id":"https:\/\/positiveprints.com\/de-at\/produkt\/willst-du-mich-heiraten-schallwellen-kunst\/#primaryimage"},"image":{"@id":"https:\/\/positiveprints.com\/de-at\/produkt\/willst-du-mich-heiraten-schallwellen-kunst\/#primaryimage"},"thumbnailUrl":"https:\/\/positiveprints.com\/wp-content\/uploads\/2022\/07\/will-you-marry-me-soundwave-art.jpg","datePublished":"2022-07-21T11:51:35+00:00","dateModified":"2026-04-28T13:31:32+00:00","description":"Es ist eine Frage, die du schon lange h\u00f6ren oder sagen wolltest: Willst du mich heiraten? Erlebe diesen Moment f\u00fcr immer mit unserer Schallwellen-Kunst \"Willst du mich heiraten\"","breadcrumb":{"@id":"https:\/\/positiveprints.com\/de-at\/produkt\/willst-du-mich-heiraten-schallwellen-kunst\/#breadcrumb"},"inLanguage":"de-AT","potentialAction":[{"@type":"ReadAction","target":["https:\/\/positiveprints.com\/de-at\/produkt\/willst-du-mich-heiraten-schallwellen-kunst\/"]}]},{"@type":"ImageObject","inLanguage":"de-AT","@id":"https:\/\/positiveprints.com\/de-at\/produkt\/willst-du-mich-heiraten-schallwellen-kunst\/#primaryimage","url":"https:\/\/positiveprints.com\/wp-content\/uploads\/2022\/07\/will-you-marry-me-soundwave-art.jpg","contentUrl":"https:\/\/positiveprints.com\/wp-content\/uploads\/2022\/07\/will-you-marry-me-soundwave-art.jpg","width":1080,"height":1080,"caption":"Art makes the perfect gift for a first anniversary, which is also known as the Paper anniversary."},{"@type":"BreadcrumbList","@id":"https:\/\/positiveprints.com\/de-at\/produkt\/willst-du-mich-heiraten-schallwellen-kunst\/#breadcrumb","itemListElement":[{"@type":"ListItem","position":1,"name":"Home","item":"https:\/\/positiveprints.com\/de-at\/"},{"@type":"ListItem","position":2,"name":"Products","item":"https:\/\/positiveprints.com\/de-at\/shop\/"},{"@type":"ListItem","position":3,"name":"&#8220;Willst du mich heiraten&#8221; Schallwellen-Kunst"}]},{"@type":"WebSite","@id":"https:\/\/positiveprints.com\/de-at\/#website","url":"https:\/\/positiveprints.com\/de-at\/","name":"Positive Prints","description":"Amazing Custom Personalised Prints","publisher":{"@id":"https:\/\/positiveprints.com\/de-at\/#organization"},"potentialAction":[{"@type":"SearchAction","target":{"@type":"EntryPoint","urlTemplate":"https:\/\/positiveprints.com\/de-at\/?s={search_term_string}"},"query-input":{"@type":"PropertyValueSpecification","valueRequired":true,"valueName":"search_term_string"}}],"inLanguage":"de-AT"},{"@type":"Organization","@id":"https:\/\/positiveprints.com\/de-at\/#organization","name":"Positive Prints","alternateName":"Positive Prints","url":"https:\/\/positiveprints.com\/de-at\/","logo":{"@type":"ImageObject","inLanguage":"de-AT","@id":"https:\/\/positiveprints.com\/de-at\/#\/schema\/logo\/image\/","url":"https:\/\/positiveprints.com\/wp-content\/uploads\/2026\/03\/245815646_1337939713319158_5671353136411139666_n.png","contentUrl":"https:\/\/positiveprints.com\/wp-content\/uploads\/2026\/03\/245815646_1337939713319158_5671353136411139666_n.png","width":800,"height":800,"caption":"Positive Prints"},"image":{"@id":"https:\/\/positiveprints.com\/de-at\/#\/schema\/logo\/image\/"},"sameAs":["https:\/\/www.facebook.com\/positiveprintscom","https:\/\/www.instagram.com\/positiveprintscom\/","https:\/\/www.tiktok.com\/@positiveprintscom","https:\/\/www.pinterest.com\/positiveprintscom\/"]}]}},"jetpack_sharing_enabled":true,"_links":{"self":[{"href":"https:\/\/positiveprints.com\/de-at\/wp-json\/wp\/v2\/product\/363261","targetHints":{"allow":["GET"]}}],"collection":[{"href":"https:\/\/positiveprints.com\/de-at\/wp-json\/wp\/v2\/product"}],"about":[{"href":"https:\/\/positiveprints.com\/de-at\/wp-json\/wp\/v2\/types\/product"}],"wp:featuredmedia":[{"embeddable":true,"href":"https:\/\/positiveprints.com\/de-at\/wp-json\/wp\/v2\/media\/320936"}],"wp:attachment":[{"href":"https:\/\/positiveprints.com\/de-at\/wp-json\/wp\/v2\/media?parent=363261"}],"wp:term":[{"taxonomy":"product_brand","embeddable":true,"href":"https:\/\/positiveprints.com\/de-at\/wp-json\/wp\/v2\/product_brand?post=363261"},{"taxonomy":"product_cat","embeddable":true,"href":"https:\/\/positiveprints.com\/de-at\/wp-json\/wp\/v2\/product_cat?post=363261"},{"taxonomy":"product_tag","embeddable":true,"href":"https:\/\/positiveprints.com\/de-at\/wp-json\/wp\/v2\/product_tag?post=363261"}],"curies":[{"name":"wp","href":"https:\/\/api.w.org\/{rel}","templated":true}]}}