{"id":362770,"date":"2022-10-31T15:53:55","date_gmt":"2022-10-31T14:53:55","guid":{"rendered":"https:\/\/positiveprints.com\/product\/jubilaeums-fotogeschenk\/"},"modified":"2026-04-12T22:49:22","modified_gmt":"2026-04-12T21:49:22","slug":"jubilaeums-fotogeschenk","status":"publish","type":"product","link":"https:\/\/positiveprints.com\/de-at\/produkt\/jubilaeums-fotogeschenk\/","title":{"rendered":"Jubil\u00e4ums-Fotogeschenk"},"content":{"rendered":"Euer Jubil\u00e4um ist ein Tag wie kein anderer. Es ist eine Gelegenheit, auf den Tag zur\u00fcckzublicken, an dem du und dein Lieblingsmensch eine einzigartige und wundervolle gemeinsame Reise durch das Leben begonnen habt. Halte inne und mache aus diesem besonderen Tag ein individuelles Fotogeschenk zum Jubil\u00e4um!\n\n\n\n<h2 class=\"grenB f24 cblue\" style=\"margin-top: 3rem;\">Personalisiertes Jubil\u00e4ums-Fotogeschenk leicht gemacht!<\/h2>\n\n\n\n<p style=\"margin-top: 1rem;\">Verwandele eure wertvollsten Paarfotos in wundersch\u00f6ne Kunstwerke. Positive Prints bietet eine Reihe von Fotogeschenken zum Jubil\u00e4um, die eure Liebesgeschichte zum Star der Show machen! Diese Geschenke sind einzigartig, denn bei ihnen dreht sich alles um euch und das Leben und die Liebe, die ihr gemeinsam aufgebaut habt. Egal, ob ihr euer erstes Ehejahr oder 50-j\u00e4hriges gemeinsames Jubil\u00e4um feiert, Bilder-Jubil\u00e4umsgeschenke halten all eure sch\u00f6nsten Momente fest, an die ihr euch noch viele Jahre erinnern werdet.<\/p>\n\n\n\n<h2 class=\"grenB f24 cblue\" style=\"margin-top: 3rem;\">Wie es funktioniert? Sehr einfach!<\/h2>\n\n\n\n<p style=\"margin-top: 1rem;\">Mit Positive Prints kannst du mit nur wenigen Klicks und dem Foto deiner Wahl ganz einfach individuelle Jubil\u00e4umsgeschenke erstellen. Von Verlobungsfotos \u00fcber Hochzeitsfotos bis hin zu Fotos, die im Urlaub oder bei allt\u00e4glichen Abenteuern aufgenommen wurden \u2013 dein Geschenk ist einzigartig!<\/p>\n\n\n\n<p style=\"margin-top: 1rem;\">Lade einfach dein Foto auf Positive Prints hoch und beginne dann mit dem Hinzuf\u00fcgen deiner benutzerdefinierten Details. F\u00fcge ein Datum, ein besonderes Zitat oder eine besondere Nachricht oder ein wirkungsvolles Wort hinzu, das dir hilft, eure Liebesgeschichte zu erz\u00e4hlen. Beobachte, wie dein Fotogeschenk in Echtzeit zum Leben erwacht und schau dir genau an, wie es aussehen wird, wenn es fertig ist.<\/p>\n\n\n\n<p style=\"margin-top: 1rem;\">W\u00e4hle aus einer Reihe g\u00e4ngiger Druckgr\u00f6\u00dfen sowie Leinwand-Fotodrucken, die sich perfekt f\u00fcr die Pr\u00e4sentation in eurem Zuhause eignen. Wir versenden alle personalisierten Fotogeschenke \u00fcberall auf der Welt. Oder, wenn du es schneller ben\u00f6tigen solltest, w\u00e4hle die digitale Download-Option, um dein Geschenk per E-Mail zum lokalen Ausdrucken zu erhalten.<\/p>\n\n\n\n<h2 class=\"grenB f24 cblue\" style=\"margin-top: 3rem;\">Ein weiteres Jahr, ein Leben vor uns<\/h2>\n\n\n\n<p style=\"margin-top: 1rem;\">Wie misst man ein Leben voller Liebe? Die Antwort ist f\u00fcr jedes Paar anders, aber es ist klar, dass Fotos einen Grund geben, auf all die magischen Momente zur\u00fcckzublicken, die etwas Besonderes f\u00fcr dich bedeuten. Feiere ein weiteres gemeinsames Jahr mit individuellen Fotogeschenken zum Jubil\u00e4um von Positive Prints!<\/p>","protected":false},"excerpt":{"rendered":"<ul class=\"check-list\">\n<li>Feier wertvolle Momente, indem du ein von Herzen kommendes und personalisiertes Jubil\u00e4umsgeschenk f\u00fcr deine Liebsten erstellst<\/li>\n<li>F\u00fcge Text\u00fcberlagerungen hinzu, um jedes Geschenk besonders und bedeutungsvoll zu machen<\/li>\n<li>Passe es in 3 einfachen Schritten<\/li>\n<li>Sieh das Ergebnis sofort \u2013 die interaktive Vorschau erm\u00f6glicht dir, jedes Detail direkt anzupassen<\/li>\n<\/ul>\n","protected":false},"featured_media":635497,"template":"","meta":[],"product_brand":[],"product_cat":[7496,11167,11170,11164,5324],"product_tag":[14784,9070],"class_list":{"0":"post-362770","1":"product","2":"type-product","3":"status-publish","4":"has-post-thumbnail","6":"product_cat-foto-de-at","7":"product_cat-jahrestag-geschenk-fur-ihn-de-at","8":"product_cat-jahrestag-geschenk-fur-paare-de-at","9":"product_cat-jahrestag-geschenke-fur-sie-de-at","10":"product_cat-jubilaumsgeschenke-de-at","11":"product_tag-anniversary-de-at","12":"product_tag-jubilaum-de-at","14":"first","15":"instock","16":"sale","17":"taxable","18":"shipping-taxable","19":"purchasable","20":"product-type-variable"},"yoast_head":"<!-- This site is optimized with the Yoast SEO Premium plugin v27.2 (Yoast SEO v27.2) - https:\/\/yoast.com\/product\/yoast-seo-premium-wordpress\/ -->\n<title>Jubil\u00e4ums-Fotogeschenk - Positive Prints<\/title>\n<meta name=\"description\" content=\"Mache deinem Ehepartner eine Freude, indem du einen der sch\u00f6nsten Tage eures Lebens gemeinsam mit einem Jubil\u00e4ums-Fotogeschenk feiert. Schneller Versand m\u00f6glich!\" \/>\n<meta name=\"robots\" content=\"index, follow, max-snippet:-1, max-image-preview:large, max-video-preview:-1\" \/>\n<link rel=\"canonical\" href=\"https:\/\/positiveprints.com\/de-at\/produkt\/jubilaeums-fotogeschenk\/\" \/>\n<meta property=\"og:locale\" content=\"de_DE\" \/>\n<meta property=\"og:type\" content=\"article\" \/>\n<meta property=\"og:title\" content=\"Jubil\u00e4ums-Fotogeschenk\" \/>\n<meta property=\"og:description\" content=\"Feier wertvolle Momente, indem du ein von Herzen kommendes und personalisiertes Jubil\u00e4umsgeschenk f\u00fcr deine Liebsten erstellst F\u00fcge Text\u00fcberlagerungen hinzu, um jedes Geschenk besonders und bedeutungsvoll zu machen Passe es in 3 einfachen Schritten Sieh das Ergebnis sofort \u2013 die interaktive Vorschau erm\u00f6glicht dir, jedes Detail direkt anzupassen\" \/>\n<meta property=\"og:url\" content=\"https:\/\/positiveprints.com\/de-at\/produkt\/jubilaeums-fotogeschenk\/\" \/>\n<meta property=\"og:site_name\" content=\"Positive Prints\" \/>\n<meta property=\"article:publisher\" content=\"https:\/\/www.facebook.com\/positiveprintscom\" \/>\n<meta property=\"article:modified_time\" content=\"2026-04-12T21:49:22+00:00\" \/>\n<meta property=\"og:image\" content=\"https:\/\/positiveprints.com\/wp-content\/uploads\/2023\/07\/Jubilaums-Fotogeschenk-1.jpg\" \/>\n\t<meta property=\"og:image:width\" content=\"1080\" \/>\n\t<meta property=\"og:image:height\" content=\"1080\" \/>\n\t<meta property=\"og:image:type\" content=\"image\/jpeg\" \/>\n<meta name=\"twitter:card\" content=\"summary_large_image\" \/>\n<!-- \/ Yoast SEO Premium plugin. -->","yoast_head_json":{"title":"Jubil\u00e4ums-Fotogeschenk - Positive Prints","description":"Mache deinem Ehepartner eine Freude, indem du einen der sch\u00f6nsten Tage eures Lebens gemeinsam mit einem Jubil\u00e4ums-Fotogeschenk feiert. Schneller Versand m\u00f6glich!","robots":{"index":"index","follow":"follow","max-snippet":"max-snippet:-1","max-image-preview":"max-image-preview:large","max-video-preview":"max-video-preview:-1"},"canonical":"https:\/\/positiveprints.com\/de-at\/produkt\/jubilaeums-fotogeschenk\/","og_locale":"de_DE","og_type":"article","og_title":"Jubil\u00e4ums-Fotogeschenk","og_description":"Feier wertvolle Momente, indem du ein von Herzen kommendes und personalisiertes Jubil\u00e4umsgeschenk f\u00fcr deine Liebsten erstellst F\u00fcge Text\u00fcberlagerungen hinzu, um jedes Geschenk besonders und bedeutungsvoll zu machen Passe es in 3 einfachen Schritten Sieh das Ergebnis sofort \u2013 die interaktive Vorschau erm\u00f6glicht dir, jedes Detail direkt anzupassen","og_url":"https:\/\/positiveprints.com\/de-at\/produkt\/jubilaeums-fotogeschenk\/","og_site_name":"Positive Prints","article_publisher":"https:\/\/www.facebook.com\/positiveprintscom","article_modified_time":"2026-04-12T21:49:22+00:00","og_image":[{"width":1080,"height":1080,"url":"https:\/\/positiveprints.com\/wp-content\/uploads\/2023\/07\/Jubilaums-Fotogeschenk-1.jpg","type":"image\/jpeg"}],"twitter_card":"summary_large_image","schema":{"@context":"https:\/\/schema.org","@graph":[{"@type":["WebPage","ItemPage"],"@id":"https:\/\/positiveprints.com\/de-at\/produkt\/jubilaeums-fotogeschenk\/","url":"https:\/\/positiveprints.com\/de-at\/produkt\/jubilaeums-fotogeschenk\/","name":"Jubil\u00e4ums-Fotogeschenk - Positive Prints","isPartOf":{"@id":"https:\/\/positiveprints.com\/de-at\/#website"},"primaryImageOfPage":{"@id":"https:\/\/positiveprints.com\/de-at\/produkt\/jubilaeums-fotogeschenk\/#primaryimage"},"image":{"@id":"https:\/\/positiveprints.com\/de-at\/produkt\/jubilaeums-fotogeschenk\/#primaryimage"},"thumbnailUrl":"https:\/\/positiveprints.com\/wp-content\/uploads\/2023\/07\/Jubilaums-Fotogeschenk-1.jpg","datePublished":"2022-10-31T14:53:55+00:00","dateModified":"2026-04-12T21:49:22+00:00","description":"Mache deinem Ehepartner eine Freude, indem du einen der sch\u00f6nsten Tage eures Lebens gemeinsam mit einem Jubil\u00e4ums-Fotogeschenk feiert. Schneller Versand m\u00f6glich!","breadcrumb":{"@id":"https:\/\/positiveprints.com\/de-at\/produkt\/jubilaeums-fotogeschenk\/#breadcrumb"},"inLanguage":"de-AT","potentialAction":[{"@type":"ReadAction","target":["https:\/\/positiveprints.com\/de-at\/produkt\/jubilaeums-fotogeschenk\/"]}]},{"@type":"ImageObject","inLanguage":"de-AT","@id":"https:\/\/positiveprints.com\/de-at\/produkt\/jubilaeums-fotogeschenk\/#primaryimage","url":"https:\/\/positiveprints.com\/wp-content\/uploads\/2023\/07\/Jubilaums-Fotogeschenk-1.jpg","contentUrl":"https:\/\/positiveprints.com\/wp-content\/uploads\/2023\/07\/Jubilaums-Fotogeschenk-1.jpg","width":1080,"height":1080,"caption":"Jubil\u00e4ums-Fotogeschenk"},{"@type":"BreadcrumbList","@id":"https:\/\/positiveprints.com\/de-at\/produkt\/jubilaeums-fotogeschenk\/#breadcrumb","itemListElement":[{"@type":"ListItem","position":1,"name":"Home","item":"https:\/\/positiveprints.com\/de-at\/"},{"@type":"ListItem","position":2,"name":"Products","item":"https:\/\/positiveprints.com\/de-at\/shop\/"},{"@type":"ListItem","position":3,"name":"Jubil\u00e4ums-Fotogeschenk"}]},{"@type":"WebSite","@id":"https:\/\/positiveprints.com\/de-at\/#website","url":"https:\/\/positiveprints.com\/de-at\/","name":"Positive Prints","description":"Amazing Custom Personalised Prints","publisher":{"@id":"https:\/\/positiveprints.com\/de-at\/#organization"},"potentialAction":[{"@type":"SearchAction","target":{"@type":"EntryPoint","urlTemplate":"https:\/\/positiveprints.com\/de-at\/?s={search_term_string}"},"query-input":{"@type":"PropertyValueSpecification","valueRequired":true,"valueName":"search_term_string"}}],"inLanguage":"de-AT"},{"@type":"Organization","@id":"https:\/\/positiveprints.com\/de-at\/#organization","name":"Positive Prints","alternateName":"Positive Prints","url":"https:\/\/positiveprints.com\/de-at\/","logo":{"@type":"ImageObject","inLanguage":"de-AT","@id":"https:\/\/positiveprints.com\/de-at\/#\/schema\/logo\/image\/","url":"https:\/\/positiveprints.com\/wp-content\/uploads\/2026\/03\/245815646_1337939713319158_5671353136411139666_n.png","contentUrl":"https:\/\/positiveprints.com\/wp-content\/uploads\/2026\/03\/245815646_1337939713319158_5671353136411139666_n.png","width":800,"height":800,"caption":"Positive Prints"},"image":{"@id":"https:\/\/positiveprints.com\/de-at\/#\/schema\/logo\/image\/"},"sameAs":["https:\/\/www.facebook.com\/positiveprintscom","https:\/\/www.instagram.com\/positiveprintscom\/","https:\/\/www.tiktok.com\/@positiveprintscom","https:\/\/www.pinterest.com\/positiveprintscom\/"]}]}},"jetpack_sharing_enabled":true,"_links":{"self":[{"href":"https:\/\/positiveprints.com\/de-at\/wp-json\/wp\/v2\/product\/362770","targetHints":{"allow":["GET"]}}],"collection":[{"href":"https:\/\/positiveprints.com\/de-at\/wp-json\/wp\/v2\/product"}],"about":[{"href":"https:\/\/positiveprints.com\/de-at\/wp-json\/wp\/v2\/types\/product"}],"wp:featuredmedia":[{"embeddable":true,"href":"https:\/\/positiveprints.com\/de-at\/wp-json\/wp\/v2\/media\/635497"}],"wp:attachment":[{"href":"https:\/\/positiveprints.com\/de-at\/wp-json\/wp\/v2\/media?parent=362770"}],"wp:term":[{"taxonomy":"product_brand","embeddable":true,"href":"https:\/\/positiveprints.com\/de-at\/wp-json\/wp\/v2\/product_brand?post=362770"},{"taxonomy":"product_cat","embeddable":true,"href":"https:\/\/positiveprints.com\/de-at\/wp-json\/wp\/v2\/product_cat?post=362770"},{"taxonomy":"product_tag","embeddable":true,"href":"https:\/\/positiveprints.com\/de-at\/wp-json\/wp\/v2\/product_tag?post=362770"}],"curies":[{"name":"wp","href":"https:\/\/api.w.org\/{rel}","templated":true}]}}