{"id":362289,"date":"2022-10-28T18:19:12","date_gmt":"2022-10-28T17:19:12","guid":{"rendered":"https:\/\/positiveprints.com\/product\/geburtstags-fotogeschenk\/"},"modified":"2026-04-28T14:31:37","modified_gmt":"2026-04-28T13:31:37","slug":"geburtstags-fotogeschenk","status":"publish","type":"product","link":"https:\/\/positiveprints.com\/de-at\/produkt\/geburtstags-fotogeschenk\/","title":{"rendered":"Geburtstags-Fotogeschenk"},"content":{"rendered":"Jeder Geburtstag ist ein Meilenstein, ein Tag, um eine weitere Reise um die Sonne zu feiern. Mache es magisch mit einem individuellen Geburtstagsfotogeschenk, das genau deinen Ort auf dieser Welt feiert!\n\n\n\n<h2 class=\"grenB f24 cblue\" style=\"margin-top: 3rem;\">Feiere jeden Geburtstag mit Stil<\/h2>\n\n\n\n<p style=\"margin-top: 1rem;\">Was schenkst du jemandem Menschen, der alles hat und nichts will? Ein individuelles Fotogeschenk zum Geburtstag ist ein Geschenk, das jeder sch\u00e4tzen wird. Es ist pers\u00f6nlich und einzigartig und zeigt, dass du dir \u00fcber das Geschenk Gedanken gemacht hast. Schlie\u00dflich ist ein Geburtstag eine Zeit, um diese besondere Person in deinem Leben zu feiern und es gibt kein besseres als eines, das ganz im Zeichen dieser Person steht.<\/p>\n\n\n\n<p style=\"margin-top: 1rem;\">Positive Prints hilft dir, die Menschen, die dir am n\u00e4chsten stehen, mit hochwertigen, individuell gestalteten Drucken zu feiern. W\u00e4hle deine Lieblingsfotos eines Familienmitglieds oder Freundes (oder noch besser, ein Foto von euch beiden zusammen!) und f\u00fcge dann einen speziellen Text hinzu, wie ein Zitat, ein Wort, einen Liedtext oder einen Spruch, der deinem Geschenk noch mehr Bedeutung verleiht. Es ist ein Geschenk, das der Beschenkte nie erwartet hat und der jenige wird es ein Leben lang lieben!<\/p>\n\n\n\n<h2 class=\"grenB f24 cblue\" style=\"margin-top: 3rem;\">Wie es funktioniert? Sehr einfach!<\/h2>\n\n\n\n<p style=\"margin-top: 1rem;\">Positive Prints macht dich in nur drei einfachen Schritten zum Designer von Fotogeschenken!<\/p>\n\n\n\n<p style=\"margin-top: 1rem;\">W\u00e4hle zun\u00e4chst ein Foto aus und lade es in unserem Editor hoch. \u00dcberpr\u00fcfe die Kameraliste deines Telefons, rufe ein digitales Foto aus dem Internet ab oder scanne ein gedrucktes Foto auf deinem Computer ein \u2013 es gibt viele M\u00f6glichkeiten.<\/p>\n\n\n\n<p style=\"margin-top: 1rem;\">Beginne dann mit der individuellen Gestaltung mit einem einzigartigen Text. Spiele mit Farben und Schriftarten und mache dein Fotogeschenk zum Hingucker. Du ben\u00f6tigst keine Designkenntnisse, um Positive Prints zu verwenden!<\/p>\n\n\n\n<p style=\"margin-top: 1rem;\">W\u00e4hle abschlie\u00dfend aus einer Reihe von Gr\u00f6\u00dfen- und Druckoptionen, um dein Geschenk zu vervollst\u00e4ndigen. W\u00e4hle zwischen einem gedruckten Posterdruck oder einer Geburtstags-Fotoleinwand oder w\u00e4hle einen digitalen Download f\u00fcr eine schnellere Lieferung. Alle unsere gedruckten Ausdrucke werden weltweit versendet und sind bereit zum Verschenken an deine Liebsten.<\/p>\n\n\n\n<h2 class=\"grenB f24 cblue\" style=\"margin-top: 3rem;\">Gestalte dein Fotogeschenk zum Geburtstag mit Positive Prints<\/h2>\n\n\n\n<p style=\"margin-top: 1rem;\">Bist du bereit, deine Lieblingsmenschen stilvoll zu feiern? Bringe ein Geburtstagsgeschenk mit Fotos zur Party mit und trage dazu bei, den besonderen Tag zu genie\u00dfen.<\/p>","protected":false},"excerpt":{"rendered":"<ul class=\"check-list\">\n<li>Mache den Geburtstag deiner Freunde unvergesslich: Feier ihr Leben und ihre Erinnerungen mit einem sch\u00f6nen Fotogeschenk<\/li>\n<li>F\u00fcge Text\u00fcberlagerungen hinzu, um jedes Geschenk besonders und bedeutungsvoll zu machen<\/li>\n<li>Passe es in 3 einfachen Schritten<\/li>\n<li>Sieh das Ergebnis sofort \u2013 die interaktive Vorschau erm\u00f6glicht dir, jedes Detail direkt anzupassen<\/li>\n<\/ul>\n","protected":false},"featured_media":332943,"template":"","meta":[],"product_brand":[],"product_cat":[7496,7682,8002,5341,11204,11207],"product_tag":[8460],"class_list":{"0":"post-362289","1":"product","2":"type-product","3":"status-publish","4":"has-post-thumbnail","6":"product_cat-foto-de-at","7":"product_cat-geschenke-fur-wichtige-frauen-in-deinem-leben-de-at","8":"product_cat-geschenke-fur-manner-de-at","9":"product_cat-geburtstagsgeschenke-de-at","10":"product_cat-geburtstagsgeschenk-fur-frauen","11":"product_cat-geburtstagsgeschenk-fur-manner-de-at","12":"product_tag-birthday-de-at","14":"first","15":"instock","16":"sale","17":"taxable","18":"shipping-taxable","19":"purchasable","20":"product-type-variable"},"yoast_head":"<!-- This site is optimized with the Yoast SEO Premium plugin v27.2 (Yoast SEO v27.2) - https:\/\/yoast.com\/product\/yoast-seo-premium-wordpress\/ -->\n<title>Geburtstags-Fotogeschenk - Positive Prints<\/title>\n<meta name=\"description\" content=\"Feiere jeden Geburtstag stilvoll mit einem individuellen Geburtstagsfotogeschenk. Jedes Geschenk enth\u00e4lt das Foto deiner Wahl mit Text.\" \/>\n<meta name=\"robots\" content=\"index, follow, max-snippet:-1, max-image-preview:large, max-video-preview:-1\" \/>\n<link rel=\"canonical\" href=\"https:\/\/positiveprints.com\/de-at\/produkt\/geburtstags-fotogeschenk\/\" \/>\n<meta property=\"og:locale\" content=\"de_DE\" \/>\n<meta property=\"og:type\" content=\"article\" \/>\n<meta property=\"og:title\" content=\"Geburtstags-Fotogeschenk\" \/>\n<meta property=\"og:description\" content=\"Mache den Geburtstag deiner Freunde unvergesslich: Feier ihr Leben und ihre Erinnerungen mit einem sch\u00f6nen Fotogeschenk F\u00fcge Text\u00fcberlagerungen hinzu, um jedes Geschenk besonders und bedeutungsvoll zu machen Passe es in 3 einfachen Schritten Sieh das Ergebnis sofort \u2013 die interaktive Vorschau erm\u00f6glicht dir, jedes Detail direkt anzupassen\" \/>\n<meta property=\"og:url\" content=\"https:\/\/positiveprints.com\/de-at\/produkt\/geburtstags-fotogeschenk\/\" \/>\n<meta property=\"og:site_name\" content=\"Positive Prints\" \/>\n<meta property=\"article:publisher\" content=\"https:\/\/www.facebook.com\/positiveprintscom\" \/>\n<meta property=\"article:modified_time\" content=\"2026-04-28T13:31:37+00:00\" \/>\n<meta property=\"og:image\" content=\"https:\/\/positiveprints.com\/wp-content\/uploads\/2022\/08\/birthday-photo-gift.jpg\" \/>\n\t<meta property=\"og:image:width\" content=\"1080\" \/>\n\t<meta property=\"og:image:height\" content=\"1080\" \/>\n\t<meta property=\"og:image:type\" content=\"image\/jpeg\" \/>\n<meta name=\"twitter:card\" content=\"summary_large_image\" \/>\n<!-- \/ Yoast SEO Premium plugin. -->","yoast_head_json":{"title":"Geburtstags-Fotogeschenk - Positive Prints","description":"Feiere jeden Geburtstag stilvoll mit einem individuellen Geburtstagsfotogeschenk. Jedes Geschenk enth\u00e4lt das Foto deiner Wahl mit Text.","robots":{"index":"index","follow":"follow","max-snippet":"max-snippet:-1","max-image-preview":"max-image-preview:large","max-video-preview":"max-video-preview:-1"},"canonical":"https:\/\/positiveprints.com\/de-at\/produkt\/geburtstags-fotogeschenk\/","og_locale":"de_DE","og_type":"article","og_title":"Geburtstags-Fotogeschenk","og_description":"Mache den Geburtstag deiner Freunde unvergesslich: Feier ihr Leben und ihre Erinnerungen mit einem sch\u00f6nen Fotogeschenk F\u00fcge Text\u00fcberlagerungen hinzu, um jedes Geschenk besonders und bedeutungsvoll zu machen Passe es in 3 einfachen Schritten Sieh das Ergebnis sofort \u2013 die interaktive Vorschau erm\u00f6glicht dir, jedes Detail direkt anzupassen","og_url":"https:\/\/positiveprints.com\/de-at\/produkt\/geburtstags-fotogeschenk\/","og_site_name":"Positive Prints","article_publisher":"https:\/\/www.facebook.com\/positiveprintscom","article_modified_time":"2026-04-28T13:31:37+00:00","og_image":[{"width":1080,"height":1080,"url":"https:\/\/positiveprints.com\/wp-content\/uploads\/2022\/08\/birthday-photo-gift.jpg","type":"image\/jpeg"}],"twitter_card":"summary_large_image","schema":{"@context":"https:\/\/schema.org","@graph":[{"@type":["WebPage","ItemPage"],"@id":"https:\/\/positiveprints.com\/de-at\/produkt\/geburtstags-fotogeschenk\/","url":"https:\/\/positiveprints.com\/de-at\/produkt\/geburtstags-fotogeschenk\/","name":"Geburtstags-Fotogeschenk - Positive Prints","isPartOf":{"@id":"https:\/\/positiveprints.com\/de-at\/#website"},"primaryImageOfPage":{"@id":"https:\/\/positiveprints.com\/de-at\/produkt\/geburtstags-fotogeschenk\/#primaryimage"},"image":{"@id":"https:\/\/positiveprints.com\/de-at\/produkt\/geburtstags-fotogeschenk\/#primaryimage"},"thumbnailUrl":"https:\/\/positiveprints.com\/wp-content\/uploads\/2022\/08\/birthday-photo-gift.jpg","datePublished":"2022-10-28T17:19:12+00:00","dateModified":"2026-04-28T13:31:37+00:00","description":"Feiere jeden Geburtstag stilvoll mit einem individuellen Geburtstagsfotogeschenk. Jedes Geschenk enth\u00e4lt das Foto deiner Wahl mit Text.","breadcrumb":{"@id":"https:\/\/positiveprints.com\/de-at\/produkt\/geburtstags-fotogeschenk\/#breadcrumb"},"inLanguage":"de-AT","potentialAction":[{"@type":"ReadAction","target":["https:\/\/positiveprints.com\/de-at\/produkt\/geburtstags-fotogeschenk\/"]}]},{"@type":"ImageObject","inLanguage":"de-AT","@id":"https:\/\/positiveprints.com\/de-at\/produkt\/geburtstags-fotogeschenk\/#primaryimage","url":"https:\/\/positiveprints.com\/wp-content\/uploads\/2022\/08\/birthday-photo-gift.jpg","contentUrl":"https:\/\/positiveprints.com\/wp-content\/uploads\/2022\/08\/birthday-photo-gift.jpg","width":1080,"height":1080,"caption":"Bring a birthday photo gift to the party and help them enjoy their special day."},{"@type":"BreadcrumbList","@id":"https:\/\/positiveprints.com\/de-at\/produkt\/geburtstags-fotogeschenk\/#breadcrumb","itemListElement":[{"@type":"ListItem","position":1,"name":"Home","item":"https:\/\/positiveprints.com\/de-at\/"},{"@type":"ListItem","position":2,"name":"Products","item":"https:\/\/positiveprints.com\/de-at\/shop\/"},{"@type":"ListItem","position":3,"name":"Geburtstags-Fotogeschenk"}]},{"@type":"WebSite","@id":"https:\/\/positiveprints.com\/de-at\/#website","url":"https:\/\/positiveprints.com\/de-at\/","name":"Positive Prints","description":"Amazing Custom Personalised Prints","publisher":{"@id":"https:\/\/positiveprints.com\/de-at\/#organization"},"potentialAction":[{"@type":"SearchAction","target":{"@type":"EntryPoint","urlTemplate":"https:\/\/positiveprints.com\/de-at\/?s={search_term_string}"},"query-input":{"@type":"PropertyValueSpecification","valueRequired":true,"valueName":"search_term_string"}}],"inLanguage":"de-AT"},{"@type":"Organization","@id":"https:\/\/positiveprints.com\/de-at\/#organization","name":"Positive Prints","alternateName":"Positive Prints","url":"https:\/\/positiveprints.com\/de-at\/","logo":{"@type":"ImageObject","inLanguage":"de-AT","@id":"https:\/\/positiveprints.com\/de-at\/#\/schema\/logo\/image\/","url":"https:\/\/positiveprints.com\/wp-content\/uploads\/2026\/03\/245815646_1337939713319158_5671353136411139666_n.png","contentUrl":"https:\/\/positiveprints.com\/wp-content\/uploads\/2026\/03\/245815646_1337939713319158_5671353136411139666_n.png","width":800,"height":800,"caption":"Positive Prints"},"image":{"@id":"https:\/\/positiveprints.com\/de-at\/#\/schema\/logo\/image\/"},"sameAs":["https:\/\/www.facebook.com\/positiveprintscom","https:\/\/www.instagram.com\/positiveprintscom\/","https:\/\/www.tiktok.com\/@positiveprintscom","https:\/\/www.pinterest.com\/positiveprintscom\/"]}]}},"jetpack_sharing_enabled":true,"_links":{"self":[{"href":"https:\/\/positiveprints.com\/de-at\/wp-json\/wp\/v2\/product\/362289","targetHints":{"allow":["GET"]}}],"collection":[{"href":"https:\/\/positiveprints.com\/de-at\/wp-json\/wp\/v2\/product"}],"about":[{"href":"https:\/\/positiveprints.com\/de-at\/wp-json\/wp\/v2\/types\/product"}],"wp:featuredmedia":[{"embeddable":true,"href":"https:\/\/positiveprints.com\/de-at\/wp-json\/wp\/v2\/media\/332943"}],"wp:attachment":[{"href":"https:\/\/positiveprints.com\/de-at\/wp-json\/wp\/v2\/media?parent=362289"}],"wp:term":[{"taxonomy":"product_brand","embeddable":true,"href":"https:\/\/positiveprints.com\/de-at\/wp-json\/wp\/v2\/product_brand?post=362289"},{"taxonomy":"product_cat","embeddable":true,"href":"https:\/\/positiveprints.com\/de-at\/wp-json\/wp\/v2\/product_cat?post=362289"},{"taxonomy":"product_tag","embeddable":true,"href":"https:\/\/positiveprints.com\/de-at\/wp-json\/wp\/v2\/product_tag?post=362289"}],"curies":[{"name":"wp","href":"https:\/\/api.w.org\/{rel}","templated":true}]}}