{"id":362115,"date":"2022-10-28T13:47:24","date_gmt":"2022-10-28T12:47:24","guid":{"rendered":"https:\/\/positiveprints.com\/product\/er-fragte-sie-sagte-ja\/"},"modified":"2026-04-18T06:25:09","modified_gmt":"2026-04-18T05:25:09","slug":"er-fragte-sie-sagte-ja","status":"publish","type":"product","link":"https:\/\/positiveprints.com\/de-at\/produkt\/er-fragte-sie-sagte-ja\/","title":{"rendered":"Er fragte, sie sagte ja"},"content":{"rendered":"Es gibt keine gr\u00f6\u00dfere Ehre, als jemandes Ehepartner:in sein zu d\u00fcrfen. Es ist keine leichte Aufgabe, die Person zu finden, die dein Herz begehrt. Als er fragte und sie ja gesagt hat, kam die Zeit zum Feiern. Beginne mit einem individuellen Verlobungsdruck \u201eEr fragte, sie sagte ja\u201c von Positive Prints.\r\n\r\n<h2 class=\"grenB f24 cblue\" style=\"margin-top: 3rem;\">\u201eEr fragte, sie sagte ja\u201c Drucke<\/h2>\r\n\r\n<p style=\"margin-top: 1rem;\">Als er fragte und sie ja gesagt hat, sollte es die ganze Welt wissen! Nun, vielleicht nicht die ganze Welt, aber du kannst es bestimmt kaum erwarten, die Neuigkeiten mit deiner Familie und deinen Freunden zu teilen. Wir haben unsere hochwertigen \u201eEr fragte, sie sagte ja\u201c-Drucke entworfen, um dir dabei zu helfen, eins der freudigsten Momente deines Lebens festzuhalten.<\/p>\r\n\r\n<p style=\"margin-top: 1rem;\">Unsere Premium-Posterdrucke und Drucke auf Leinwand verleihen deinem Zuhause eine pers\u00f6nliche Note und inspirieren andere mit deiner Liebesgeschichte. Genie\u00dfe eure Verlobung und freue dich auf das n\u00e4chste gemeinsame Kapitel.<\/p>\r\n\r\n<h2 class=\"grenB f24 cblue\" style=\"margin-top: 3rem;\">F\u00fcge einen benutzerdefinierten Text oder etwas anderes hinzu, das deinen Druck zu etwas Besonderem macht.<\/h2>\r\n\r\n<p style=\"margin-top: 1rem;\">Mit unseren anpassbaren Posterdrucken kannst du das Foto deiner Wahl hochladen. F\u00fcge das Datum hinzu, an dem er die Frage gestellt hat, euer bevorstehendes Hochzeitsdatum oder den Namen, den ihr gemeinsam tragen werdet \u2013 alles, was dein Kunstwerk es f\u00fcr dich zu etwas Besonderem macht.<\/p>\r\n\r\n<p style=\"margin-top: 1rem;\">Unsere Drucke sind die perfekte Erg\u00e4nzung f\u00fcr Verlobungsfeiern oder Brautpartys oder als Verlobungsgeschenk f\u00fcr werdende Brautpaare. Sie k\u00f6nnen auch das erste Kunstwerk sein, das du in dem neuen Zuhause, das ihr gemeinsam bauen werdet, aufh\u00e4ngen und euch dabei helfen, ein starkes Fundament eurer Liebe zu schaffen, das ein Leben lang Bestand hat.<\/p>\r\n\r\n<h2 class=\"grenB f24 cblue\" style=\"margin-top: 3rem;\">Beginne ein neues Kapitel mit einem Erinnerungsdruck<\/h2>\r\n\r\n<p style=\"margin-top: 1rem;\">Eure Verlobung ist nur der n\u00e4chste Schritt in einem Leben voller Liebe, Lachen und Gl\u00fcck. Stelle sicher, dass du diese besonderen Momente festhalten wirst. Erstelle euer \u201eEr fragte, sie sagte ja\u201c-Poster mit Positive Prints \u2013 lege noch heute los!<\/p>","protected":false},"excerpt":{"rendered":"<ul class=\"check-list\">\n<li>Erinnere dich sich an deine Liebe und eure Verlobung und mach eure  Verlobungsgeschichte f\u00fcr alle sichtbar<\/li>\n<li>F\u00fcge Text\u00fcberlagerungen hinzu, um jedes Geschenk besonders und bedeutungsvoll zu machen<\/li>\n<li>Passe es in 3 einfachen Schritten<\/li>\n<li>Sieh das Ergebnis sofort \u2013 die interaktive Vorschau erm\u00f6glicht dir, jedes Detail direkt anzupassen<\/li>\n<\/ul>\n","protected":false},"featured_media":338959,"template":"","meta":[],"product_brand":[],"product_cat":[7496,5289,7922],"product_tag":[8430],"class_list":{"0":"post-362115","1":"product","2":"type-product","3":"status-publish","4":"has-post-thumbnail","6":"product_cat-foto-de-at","7":"product_cat-verlobungsgeschenke","8":"product_cat-brautduschen-geschenke-de-at","9":"product_tag-verlobung-de-at","11":"first","12":"instock","13":"sale","14":"taxable","15":"shipping-taxable","16":"purchasable","17":"product-type-variable"},"yoast_head":"<!-- This site is optimized with the Yoast SEO Premium plugin v27.2 (Yoast SEO v27.2) - https:\/\/yoast.com\/product\/yoast-seo-premium-wordpress\/ -->\n<title>Er fragte, sie sagte ja - Positive Prints<\/title>\n<meta name=\"description\" content=\"Er fragte, und sie sagte ja! Feiere den Beginn eines neuen Lebensabschnitts mit einem personalisierten Fotodruck von Positive Prints!\" \/>\n<meta name=\"robots\" content=\"index, follow, max-snippet:-1, max-image-preview:large, max-video-preview:-1\" \/>\n<link rel=\"canonical\" href=\"https:\/\/positiveprints.com\/de-at\/produkt\/er-fragte-sie-sagte-ja\/\" \/>\n<meta property=\"og:locale\" content=\"de_DE\" \/>\n<meta property=\"og:type\" content=\"article\" \/>\n<meta property=\"og:title\" content=\"Er fragte, sie sagte ja\" \/>\n<meta property=\"og:description\" content=\"Erinnere dich sich an deine Liebe und eure Verlobung und mach eure Verlobungsgeschichte f\u00fcr alle sichtbar F\u00fcge Text\u00fcberlagerungen hinzu, um jedes Geschenk besonders und bedeutungsvoll zu machen Passe es in 3 einfachen Schritten Sieh das Ergebnis sofort \u2013 die interaktive Vorschau erm\u00f6glicht dir, jedes Detail direkt anzupassen\" \/>\n<meta property=\"og:url\" content=\"https:\/\/positiveprints.com\/de-at\/produkt\/er-fragte-sie-sagte-ja\/\" \/>\n<meta property=\"og:site_name\" content=\"Positive Prints\" \/>\n<meta property=\"article:publisher\" content=\"https:\/\/www.facebook.com\/positiveprintscom\" \/>\n<meta property=\"article:modified_time\" content=\"2026-04-18T05:25:09+00:00\" \/>\n<meta property=\"og:image\" content=\"https:\/\/positiveprints.com\/wp-content\/uploads\/2022\/08\/he-asked-she-said.jpg\" \/>\n\t<meta property=\"og:image:width\" content=\"1080\" \/>\n\t<meta property=\"og:image:height\" content=\"1080\" \/>\n\t<meta property=\"og:image:type\" content=\"image\/jpeg\" \/>\n<meta name=\"twitter:card\" content=\"summary_large_image\" \/>\n<!-- \/ Yoast SEO Premium plugin. -->","yoast_head_json":{"title":"Er fragte, sie sagte ja - Positive Prints","description":"Er fragte, und sie sagte ja! Feiere den Beginn eines neuen Lebensabschnitts mit einem personalisierten Fotodruck von Positive Prints!","robots":{"index":"index","follow":"follow","max-snippet":"max-snippet:-1","max-image-preview":"max-image-preview:large","max-video-preview":"max-video-preview:-1"},"canonical":"https:\/\/positiveprints.com\/de-at\/produkt\/er-fragte-sie-sagte-ja\/","og_locale":"de_DE","og_type":"article","og_title":"Er fragte, sie sagte ja","og_description":"Erinnere dich sich an deine Liebe und eure Verlobung und mach eure Verlobungsgeschichte f\u00fcr alle sichtbar F\u00fcge Text\u00fcberlagerungen hinzu, um jedes Geschenk besonders und bedeutungsvoll zu machen Passe es in 3 einfachen Schritten Sieh das Ergebnis sofort \u2013 die interaktive Vorschau erm\u00f6glicht dir, jedes Detail direkt anzupassen","og_url":"https:\/\/positiveprints.com\/de-at\/produkt\/er-fragte-sie-sagte-ja\/","og_site_name":"Positive Prints","article_publisher":"https:\/\/www.facebook.com\/positiveprintscom","article_modified_time":"2026-04-18T05:25:09+00:00","og_image":[{"width":1080,"height":1080,"url":"https:\/\/positiveprints.com\/wp-content\/uploads\/2022\/08\/he-asked-she-said.jpg","type":"image\/jpeg"}],"twitter_card":"summary_large_image","schema":{"@context":"https:\/\/schema.org","@graph":[{"@type":["WebPage","ItemPage"],"@id":"https:\/\/positiveprints.com\/de-at\/produkt\/er-fragte-sie-sagte-ja\/","url":"https:\/\/positiveprints.com\/de-at\/produkt\/er-fragte-sie-sagte-ja\/","name":"Er fragte, sie sagte ja - Positive Prints","isPartOf":{"@id":"https:\/\/positiveprints.com\/de-at\/#website"},"primaryImageOfPage":{"@id":"https:\/\/positiveprints.com\/de-at\/produkt\/er-fragte-sie-sagte-ja\/#primaryimage"},"image":{"@id":"https:\/\/positiveprints.com\/de-at\/produkt\/er-fragte-sie-sagte-ja\/#primaryimage"},"thumbnailUrl":"https:\/\/positiveprints.com\/wp-content\/uploads\/2022\/08\/he-asked-she-said.jpg","datePublished":"2022-10-28T12:47:24+00:00","dateModified":"2026-04-18T05:25:09+00:00","description":"Er fragte, und sie sagte ja! Feiere den Beginn eines neuen Lebensabschnitts mit einem personalisierten Fotodruck von Positive Prints!","breadcrumb":{"@id":"https:\/\/positiveprints.com\/de-at\/produkt\/er-fragte-sie-sagte-ja\/#breadcrumb"},"inLanguage":"de-AT","potentialAction":[{"@type":"ReadAction","target":["https:\/\/positiveprints.com\/de-at\/produkt\/er-fragte-sie-sagte-ja\/"]}]},{"@type":"ImageObject","inLanguage":"de-AT","@id":"https:\/\/positiveprints.com\/de-at\/produkt\/er-fragte-sie-sagte-ja\/#primaryimage","url":"https:\/\/positiveprints.com\/wp-content\/uploads\/2022\/08\/he-asked-she-said.jpg","contentUrl":"https:\/\/positiveprints.com\/wp-content\/uploads\/2022\/08\/he-asked-she-said.jpg","width":1080,"height":1080,"caption":"He asked, and she said yes!"},{"@type":"BreadcrumbList","@id":"https:\/\/positiveprints.com\/de-at\/produkt\/er-fragte-sie-sagte-ja\/#breadcrumb","itemListElement":[{"@type":"ListItem","position":1,"name":"Home","item":"https:\/\/positiveprints.com\/de-at\/"},{"@type":"ListItem","position":2,"name":"Products","item":"https:\/\/positiveprints.com\/de-at\/shop\/"},{"@type":"ListItem","position":3,"name":"Er fragte, sie sagte ja"}]},{"@type":"WebSite","@id":"https:\/\/positiveprints.com\/de-at\/#website","url":"https:\/\/positiveprints.com\/de-at\/","name":"Positive Prints","description":"Amazing Custom Personalised Prints","publisher":{"@id":"https:\/\/positiveprints.com\/de-at\/#organization"},"potentialAction":[{"@type":"SearchAction","target":{"@type":"EntryPoint","urlTemplate":"https:\/\/positiveprints.com\/de-at\/?s={search_term_string}"},"query-input":{"@type":"PropertyValueSpecification","valueRequired":true,"valueName":"search_term_string"}}],"inLanguage":"de-AT"},{"@type":"Organization","@id":"https:\/\/positiveprints.com\/de-at\/#organization","name":"Positive Prints","alternateName":"Positive Prints","url":"https:\/\/positiveprints.com\/de-at\/","logo":{"@type":"ImageObject","inLanguage":"de-AT","@id":"https:\/\/positiveprints.com\/de-at\/#\/schema\/logo\/image\/","url":"https:\/\/positiveprints.com\/wp-content\/uploads\/2026\/03\/245815646_1337939713319158_5671353136411139666_n.png","contentUrl":"https:\/\/positiveprints.com\/wp-content\/uploads\/2026\/03\/245815646_1337939713319158_5671353136411139666_n.png","width":800,"height":800,"caption":"Positive Prints"},"image":{"@id":"https:\/\/positiveprints.com\/de-at\/#\/schema\/logo\/image\/"},"sameAs":["https:\/\/www.facebook.com\/positiveprintscom","https:\/\/www.instagram.com\/positiveprintscom\/","https:\/\/www.tiktok.com\/@positiveprintscom","https:\/\/www.pinterest.com\/positiveprintscom\/"]}]}},"jetpack_sharing_enabled":true,"_links":{"self":[{"href":"https:\/\/positiveprints.com\/de-at\/wp-json\/wp\/v2\/product\/362115","targetHints":{"allow":["GET"]}}],"collection":[{"href":"https:\/\/positiveprints.com\/de-at\/wp-json\/wp\/v2\/product"}],"about":[{"href":"https:\/\/positiveprints.com\/de-at\/wp-json\/wp\/v2\/types\/product"}],"wp:featuredmedia":[{"embeddable":true,"href":"https:\/\/positiveprints.com\/de-at\/wp-json\/wp\/v2\/media\/338959"}],"wp:attachment":[{"href":"https:\/\/positiveprints.com\/de-at\/wp-json\/wp\/v2\/media?parent=362115"}],"wp:term":[{"taxonomy":"product_brand","embeddable":true,"href":"https:\/\/positiveprints.com\/de-at\/wp-json\/wp\/v2\/product_brand?post=362115"},{"taxonomy":"product_cat","embeddable":true,"href":"https:\/\/positiveprints.com\/de-at\/wp-json\/wp\/v2\/product_cat?post=362115"},{"taxonomy":"product_tag","embeddable":true,"href":"https:\/\/positiveprints.com\/de-at\/wp-json\/wp\/v2\/product_tag?post=362115"}],"curies":[{"name":"wp","href":"https:\/\/api.w.org\/{rel}","templated":true}]}}