{"id":361703,"date":"2022-08-25T12:05:40","date_gmt":"2022-08-25T11:05:40","guid":{"rendered":"https:\/\/positiveprints.com\/product\/fotogeschenk-fuer-mama\/"},"modified":"2026-04-03T03:28:50","modified_gmt":"2026-04-03T02:28:50","slug":"fotogeschenk-fuer-mama","status":"publish","type":"product","link":"https:\/\/positiveprints.com\/de-at\/produkt\/fotogeschenk-fuer-mama\/","title":{"rendered":"Fotogeschenk f\u00fcr Mama"},"content":{"rendered":"","protected":false},"excerpt":{"rendered":"<ul class=\"check-list\">\n<li>Zaubere ein L\u00e4cheln auf dem Gesicht deiner Mutter mit einem herzerw\u00e4rmenden und durchdachten Geschenk, das ihr Herz ber\u00fchren wird<\/li>\n<li>F\u00fcge Text\u00fcberlagerungen hinzu, um jedes Geschenk besonders und bedeutungsvoll zu machen<\/li>\n<li>Passe es in 3 einfachen Schritten<\/li>\n<li>Sieh das Ergebnis sofort \u2013 die interaktive Vorschau erm\u00f6glicht dir, jedes Detail direkt anzupassen<\/li>\n<\/ul>\n","protected":false},"featured_media":456885,"template":"","meta":[],"product_brand":[],"product_cat":[7496,11362,7698,7282,5265],"product_tag":[8402,11742],"class_list":{"0":"post-361703","1":"product","2":"type-product","3":"status-publish","4":"has-post-thumbnail","6":"product_cat-foto-de-at","7":"product_cat-weihnachtsgeschenke-fur-die-mama-de-at","8":"product_cat-geschenke-fur-mama-de-at","9":"product_cat-muttertagsgeschenke-de-at","10":"product_cat-weihnachtsgeschenke-de-at","11":"product_tag-mother-de-at","12":"product_tag-weihnachtsgeschenke-fuer-die-mama-de-at","14":"first","15":"instock","16":"sale","17":"taxable","18":"shipping-taxable","19":"purchasable","20":"product-type-variable"},"yoast_head":"<!-- This site is optimized with the Yoast SEO Premium plugin v27.2 (Yoast SEO v27.2) - https:\/\/yoast.com\/product\/yoast-seo-premium-wordpress\/ -->\n<title>Fotogeschenk f\u00fcr Mama - Positive Prints<\/title>\n<meta name=\"description\" content=\"Erstelle ein einzigartiges Fotogeschenk f\u00fcr Mama. Mache Ihrdeiner er Mutter ein Geschenk, das sie ein Leben lang lieben wird, weil es von Herzen kommt.\" \/>\n<meta name=\"robots\" content=\"index, follow, max-snippet:-1, max-image-preview:large, max-video-preview:-1\" \/>\n<link rel=\"canonical\" href=\"https:\/\/positiveprints.com\/de-at\/produkt\/fotogeschenk-fuer-mama\/\" \/>\n<meta property=\"og:locale\" content=\"de_DE\" \/>\n<meta property=\"og:type\" content=\"article\" \/>\n<meta property=\"og:title\" content=\"Fotogeschenk f\u00fcr Mama\" \/>\n<meta property=\"og:description\" content=\"Zaubere ein L\u00e4cheln auf dem Gesicht deiner Mutter mit einem herzerw\u00e4rmenden und durchdachten Geschenk, das ihr Herz ber\u00fchren wird F\u00fcge Text\u00fcberlagerungen hinzu, um jedes Geschenk besonders und bedeutungsvoll zu machen Passe es in 3 einfachen Schritten Sieh das Ergebnis sofort \u2013 die interaktive Vorschau erm\u00f6glicht dir, jedes Detail direkt anzupassen\" \/>\n<meta property=\"og:url\" content=\"https:\/\/positiveprints.com\/de-at\/produkt\/fotogeschenk-fuer-mama\/\" \/>\n<meta property=\"og:site_name\" content=\"Positive Prints\" \/>\n<meta property=\"article:publisher\" content=\"https:\/\/www.facebook.com\/positiveprintscom\" \/>\n<meta property=\"article:modified_time\" content=\"2026-04-03T02:28:50+00:00\" \/>\n<meta property=\"og:image\" content=\"https:\/\/positiveprints.com\/wp-content\/uploads\/2023\/04\/Fotogeschenk-fur-Mama.jpg\" \/>\n\t<meta property=\"og:image:width\" content=\"1080\" \/>\n\t<meta property=\"og:image:height\" content=\"1080\" \/>\n\t<meta property=\"og:image:type\" content=\"image\/jpeg\" \/>\n<meta name=\"twitter:card\" content=\"summary_large_image\" \/>\n<!-- \/ Yoast SEO Premium plugin. -->","yoast_head_json":{"title":"Fotogeschenk f\u00fcr Mama - Positive Prints","description":"Erstelle ein einzigartiges Fotogeschenk f\u00fcr Mama. Mache Ihrdeiner er Mutter ein Geschenk, das sie ein Leben lang lieben wird, weil es von Herzen kommt.","robots":{"index":"index","follow":"follow","max-snippet":"max-snippet:-1","max-image-preview":"max-image-preview:large","max-video-preview":"max-video-preview:-1"},"canonical":"https:\/\/positiveprints.com\/de-at\/produkt\/fotogeschenk-fuer-mama\/","og_locale":"de_DE","og_type":"article","og_title":"Fotogeschenk f\u00fcr Mama","og_description":"Zaubere ein L\u00e4cheln auf dem Gesicht deiner Mutter mit einem herzerw\u00e4rmenden und durchdachten Geschenk, das ihr Herz ber\u00fchren wird F\u00fcge Text\u00fcberlagerungen hinzu, um jedes Geschenk besonders und bedeutungsvoll zu machen Passe es in 3 einfachen Schritten Sieh das Ergebnis sofort \u2013 die interaktive Vorschau erm\u00f6glicht dir, jedes Detail direkt anzupassen","og_url":"https:\/\/positiveprints.com\/de-at\/produkt\/fotogeschenk-fuer-mama\/","og_site_name":"Positive Prints","article_publisher":"https:\/\/www.facebook.com\/positiveprintscom","article_modified_time":"2026-04-03T02:28:50+00:00","og_image":[{"width":1080,"height":1080,"url":"https:\/\/positiveprints.com\/wp-content\/uploads\/2023\/04\/Fotogeschenk-fur-Mama.jpg","type":"image\/jpeg"}],"twitter_card":"summary_large_image","schema":{"@context":"https:\/\/schema.org","@graph":[{"@type":["WebPage","ItemPage"],"@id":"https:\/\/positiveprints.com\/de-at\/produkt\/fotogeschenk-fuer-mama\/","url":"https:\/\/positiveprints.com\/de-at\/produkt\/fotogeschenk-fuer-mama\/","name":"Fotogeschenk f\u00fcr Mama - Positive Prints","isPartOf":{"@id":"https:\/\/positiveprints.com\/de-at\/#website"},"primaryImageOfPage":{"@id":"https:\/\/positiveprints.com\/de-at\/produkt\/fotogeschenk-fuer-mama\/#primaryimage"},"image":{"@id":"https:\/\/positiveprints.com\/de-at\/produkt\/fotogeschenk-fuer-mama\/#primaryimage"},"thumbnailUrl":"https:\/\/positiveprints.com\/wp-content\/uploads\/2023\/04\/Fotogeschenk-fur-Mama.jpg","datePublished":"2022-08-25T11:05:40+00:00","dateModified":"2026-04-03T02:28:50+00:00","description":"Erstelle ein einzigartiges Fotogeschenk f\u00fcr Mama. Mache Ihrdeiner er Mutter ein Geschenk, das sie ein Leben lang lieben wird, weil es von Herzen kommt.","breadcrumb":{"@id":"https:\/\/positiveprints.com\/de-at\/produkt\/fotogeschenk-fuer-mama\/#breadcrumb"},"inLanguage":"de-AT","potentialAction":[{"@type":"ReadAction","target":["https:\/\/positiveprints.com\/de-at\/produkt\/fotogeschenk-fuer-mama\/"]}]},{"@type":"ImageObject","inLanguage":"de-AT","@id":"https:\/\/positiveprints.com\/de-at\/produkt\/fotogeschenk-fuer-mama\/#primaryimage","url":"https:\/\/positiveprints.com\/wp-content\/uploads\/2023\/04\/Fotogeschenk-fur-Mama.jpg","contentUrl":"https:\/\/positiveprints.com\/wp-content\/uploads\/2023\/04\/Fotogeschenk-fur-Mama.jpg","width":1080,"height":1080,"caption":"Fotogeschenk f\u00fcr Mama"},{"@type":"BreadcrumbList","@id":"https:\/\/positiveprints.com\/de-at\/produkt\/fotogeschenk-fuer-mama\/#breadcrumb","itemListElement":[{"@type":"ListItem","position":1,"name":"Home","item":"https:\/\/positiveprints.com\/de-at\/"},{"@type":"ListItem","position":2,"name":"Products","item":"https:\/\/positiveprints.com\/de-at\/shop\/"},{"@type":"ListItem","position":3,"name":"Fotogeschenk f\u00fcr Mama"}]},{"@type":"WebSite","@id":"https:\/\/positiveprints.com\/de-at\/#website","url":"https:\/\/positiveprints.com\/de-at\/","name":"Positive Prints","description":"Amazing Custom Personalised Prints","publisher":{"@id":"https:\/\/positiveprints.com\/de-at\/#organization"},"potentialAction":[{"@type":"SearchAction","target":{"@type":"EntryPoint","urlTemplate":"https:\/\/positiveprints.com\/de-at\/?s={search_term_string}"},"query-input":{"@type":"PropertyValueSpecification","valueRequired":true,"valueName":"search_term_string"}}],"inLanguage":"de-AT"},{"@type":"Organization","@id":"https:\/\/positiveprints.com\/de-at\/#organization","name":"Positive Prints","alternateName":"Positive Prints","url":"https:\/\/positiveprints.com\/de-at\/","logo":{"@type":"ImageObject","inLanguage":"de-AT","@id":"https:\/\/positiveprints.com\/de-at\/#\/schema\/logo\/image\/","url":"https:\/\/positiveprints.com\/wp-content\/uploads\/2026\/03\/245815646_1337939713319158_5671353136411139666_n.png","contentUrl":"https:\/\/positiveprints.com\/wp-content\/uploads\/2026\/03\/245815646_1337939713319158_5671353136411139666_n.png","width":800,"height":800,"caption":"Positive Prints"},"image":{"@id":"https:\/\/positiveprints.com\/de-at\/#\/schema\/logo\/image\/"},"sameAs":["https:\/\/www.facebook.com\/positiveprintscom","https:\/\/www.instagram.com\/positiveprintscom\/","https:\/\/www.tiktok.com\/@positiveprintscom","https:\/\/www.pinterest.com\/positiveprintscom\/"]}]}},"jetpack_sharing_enabled":true,"_links":{"self":[{"href":"https:\/\/positiveprints.com\/de-at\/wp-json\/wp\/v2\/product\/361703","targetHints":{"allow":["GET"]}}],"collection":[{"href":"https:\/\/positiveprints.com\/de-at\/wp-json\/wp\/v2\/product"}],"about":[{"href":"https:\/\/positiveprints.com\/de-at\/wp-json\/wp\/v2\/types\/product"}],"wp:featuredmedia":[{"embeddable":true,"href":"https:\/\/positiveprints.com\/de-at\/wp-json\/wp\/v2\/media\/456885"}],"wp:attachment":[{"href":"https:\/\/positiveprints.com\/de-at\/wp-json\/wp\/v2\/media?parent=361703"}],"wp:term":[{"taxonomy":"product_brand","embeddable":true,"href":"https:\/\/positiveprints.com\/de-at\/wp-json\/wp\/v2\/product_brand?post=361703"},{"taxonomy":"product_cat","embeddable":true,"href":"https:\/\/positiveprints.com\/de-at\/wp-json\/wp\/v2\/product_cat?post=361703"},{"taxonomy":"product_tag","embeddable":true,"href":"https:\/\/positiveprints.com\/de-at\/wp-json\/wp\/v2\/product_tag?post=361703"}],"curies":[{"name":"wp","href":"https:\/\/api.w.org\/{rel}","templated":true}]}}