{"id":360053,"date":"2021-11-22T14:16:29","date_gmt":"2021-11-22T13:16:29","guid":{"rendered":"https:\/\/positiveprints.com\/product\/familiennamensschild\/"},"modified":"2026-04-03T03:35:14","modified_gmt":"2026-04-03T02:35:14","slug":"familiennamensschild","status":"publish","type":"product","link":"https:\/\/positiveprints.com\/de-at\/produkt\/familiennamensschild\/","title":{"rendered":"Familiennamensschild"},"content":{"rendered":"","protected":false},"excerpt":{"rendered":"<ul class=\"check-list\">\n<li>Zeige deinen Familienstolz mit sch\u00f6ner Wandkunst, die die Koordinaten anzeigt, wo deine Familie lebt<\/li>\n<li>F\u00fcge einen aussagekr\u00e4ftigen personalisierten Text hinzu<\/li>\n<li>Passe dein Kunstwerk in 3 einfachen Schritten an<\/li>\n<li>W\u00e4hle eine Vorlage oder werde kreativ<\/li>\n<li>Sieh das Ergebnis sofort \u2013 die interaktive Vorschau erm\u00f6glicht dir, jedes Detail direkt anzupassen<\/li>\n<\/ul>\n","protected":false},"featured_media":204614,"template":"","meta":[],"product_brand":[],"product_cat":[7178,5341,11204,11207,5265,11362,11338,11344,11341,15053,11369,11332,11365,11359,8002,7618,7971,7602,7650,7682,7842,7810],"product_tag":[16063,8531,15269,13321,13319,13423,13452,11713,13462,11742],"class_list":{"0":"post-360053","1":"product","2":"type-product","3":"status-publish","4":"has-post-thumbnail","6":"product_cat-coordinates-de-at","7":"product_cat-geburtstagsgeschenke-de-at","8":"product_cat-geburtstagsgeschenk-fur-frauen","9":"product_cat-geburtstagsgeschenk-fur-manner-de-at","10":"product_cat-weihnachtsgeschenke-de-at","11":"product_cat-weihnachtsgeschenke-fur-die-mama-de-at","12":"product_cat-weihnachtsgeschenke-fur-den-papa-de-at","13":"product_cat-weihnachtsgeschenke-fur-die-oma-de-at","14":"product_cat-weihnachtsgeschenke-fur-den-opa-de-at","15":"product_cat-weihnachtsgeschenke-fuer-familie-de-at","16":"product_cat-weihnachtsgeschenke-fur-die-schwester-de-at","17":"product_cat-weihnachtsgeschenke-fur-den-bruder-de-at","18":"product_cat-weihnachtsgeschenke-fur-die-eltern-de-at","19":"product_cat-weihnachtsgeschenke-fur-die-kinder-de-at","20":"product_cat-geschenke-fur-manner-de-at","21":"product_cat-geschenke-fur-bruder-de-at","22":"product_cat-geschenke-fur-papa","23":"product_cat-geschenke-fur-opa-de-at","24":"product_cat-geschenke-fur-deinen-sohn-de-at","25":"product_cat-geschenke-fur-wichtige-frauen-in-deinem-leben-de-at","26":"product_cat-geschenke-fur-deine-familie-de-at","27":"product_cat-geschenke-fur-frisch-gewordene-eltern-de-at","28":"product_tag-family-de-de-at","29":"product_tag-family-de-at","30":"product_tag-prezenty-swiateczne-dla-brata-de-at","31":"product_tag-weihnachtsgeschenk-fur-den-opa","32":"product_tag-weihnachtsgeschenk-fur-die-oma-de-at","33":"product_tag-weihnachtsgeschenk-fur-die-schwester-de-at","34":"product_tag-weihnachtsgeschenke-fur-den-bruder-de-at","35":"product_tag-weihnachtsgeschenke-fuer-den-papa-de-at","36":"product_tag-weihnachtsgeschenke-fur-die-familie-de-at","37":"product_tag-weihnachtsgeschenke-fuer-die-mama-de-at","39":"first","40":"instock","41":"sale","42":"taxable","43":"shipping-taxable","44":"purchasable","45":"product-type-variable"},"yoast_head":"<!-- This site is optimized with the Yoast SEO Premium plugin v27.2 (Yoast SEO v27.2) - https:\/\/yoast.com\/product\/yoast-seo-premium-wordpress\/ -->\n<title>Familiennamensschild - Positive Prints<\/title>\n<meta name=\"description\" content=\"Dein Familienname erz\u00e4hlt eine Geschichte. Sei stolz auf deine Identit\u00e4t mit einem benutzerdefinierten Familiennamensschild, das deinem Namen in ein Kunstwerk verwandelt.\" \/>\n<meta name=\"robots\" content=\"index, follow, max-snippet:-1, max-image-preview:large, max-video-preview:-1\" \/>\n<link rel=\"canonical\" href=\"https:\/\/positiveprints.com\/de-at\/produkt\/familiennamensschild\/\" \/>\n<meta property=\"og:locale\" content=\"de_DE\" \/>\n<meta property=\"og:type\" content=\"article\" \/>\n<meta property=\"og:title\" content=\"Familiennamensschild\" \/>\n<meta property=\"og:description\" content=\"Zeige deinen Familienstolz mit sch\u00f6ner Wandkunst, die die Koordinaten anzeigt, wo deine Familie lebt F\u00fcge einen aussagekr\u00e4ftigen personalisierten Text hinzu Passe dein Kunstwerk in 3 einfachen Schritten an W\u00e4hle eine Vorlage oder werde kreativ Sieh das Ergebnis sofort \u2013 die interaktive Vorschau erm\u00f6glicht dir, jedes Detail direkt anzupassen\" \/>\n<meta property=\"og:url\" content=\"https:\/\/positiveprints.com\/de-at\/produkt\/familiennamensschild\/\" \/>\n<meta property=\"og:site_name\" content=\"Positive Prints\" \/>\n<meta property=\"article:publisher\" content=\"https:\/\/www.facebook.com\/positiveprintscom\" \/>\n<meta property=\"article:modified_time\" content=\"2026-04-03T02:35:14+00:00\" \/>\n<meta property=\"og:image\" content=\"https:\/\/positiveprints.com\/wp-content\/uploads\/2021\/11\/family-name-sign.jpg\" \/>\n\t<meta property=\"og:image:width\" content=\"1080\" \/>\n\t<meta property=\"og:image:height\" content=\"1080\" \/>\n\t<meta property=\"og:image:type\" content=\"image\/jpeg\" \/>\n<meta name=\"twitter:card\" content=\"summary_large_image\" \/>\n<meta name=\"twitter:label1\" content=\"Gesch\u00e4tzte Lesezeit\" \/>\n\t<meta name=\"twitter:data1\" content=\"1 Minute\" \/>\n<!-- \/ Yoast SEO Premium plugin. -->","yoast_head_json":{"title":"Familiennamensschild - Positive Prints","description":"Dein Familienname erz\u00e4hlt eine Geschichte. Sei stolz auf deine Identit\u00e4t mit einem benutzerdefinierten Familiennamensschild, das deinem Namen in ein Kunstwerk verwandelt.","robots":{"index":"index","follow":"follow","max-snippet":"max-snippet:-1","max-image-preview":"max-image-preview:large","max-video-preview":"max-video-preview:-1"},"canonical":"https:\/\/positiveprints.com\/de-at\/produkt\/familiennamensschild\/","og_locale":"de_DE","og_type":"article","og_title":"Familiennamensschild","og_description":"Zeige deinen Familienstolz mit sch\u00f6ner Wandkunst, die die Koordinaten anzeigt, wo deine Familie lebt F\u00fcge einen aussagekr\u00e4ftigen personalisierten Text hinzu Passe dein Kunstwerk in 3 einfachen Schritten an W\u00e4hle eine Vorlage oder werde kreativ Sieh das Ergebnis sofort \u2013 die interaktive Vorschau erm\u00f6glicht dir, jedes Detail direkt anzupassen","og_url":"https:\/\/positiveprints.com\/de-at\/produkt\/familiennamensschild\/","og_site_name":"Positive Prints","article_publisher":"https:\/\/www.facebook.com\/positiveprintscom","article_modified_time":"2026-04-03T02:35:14+00:00","og_image":[{"width":1080,"height":1080,"url":"https:\/\/positiveprints.com\/wp-content\/uploads\/2021\/11\/family-name-sign.jpg","type":"image\/jpeg"}],"twitter_card":"summary_large_image","twitter_misc":{"Gesch\u00e4tzte Lesezeit":"1 Minute"},"schema":{"@context":"https:\/\/schema.org","@graph":[{"@type":["WebPage","ItemPage"],"@id":"https:\/\/positiveprints.com\/de-at\/produkt\/familiennamensschild\/","url":"https:\/\/positiveprints.com\/de-at\/produkt\/familiennamensschild\/","name":"Familiennamensschild - Positive Prints","isPartOf":{"@id":"https:\/\/positiveprints.com\/de-at\/#website"},"primaryImageOfPage":{"@id":"https:\/\/positiveprints.com\/de-at\/produkt\/familiennamensschild\/#primaryimage"},"image":{"@id":"https:\/\/positiveprints.com\/de-at\/produkt\/familiennamensschild\/#primaryimage"},"thumbnailUrl":"https:\/\/positiveprints.com\/wp-content\/uploads\/2021\/11\/family-name-sign.jpg","datePublished":"2021-11-22T13:16:29+00:00","dateModified":"2026-04-03T02:35:14+00:00","description":"Dein Familienname erz\u00e4hlt eine Geschichte. Sei stolz auf deine Identit\u00e4t mit einem benutzerdefinierten Familiennamensschild, das deinem Namen in ein Kunstwerk verwandelt.","breadcrumb":{"@id":"https:\/\/positiveprints.com\/de-at\/produkt\/familiennamensschild\/#breadcrumb"},"inLanguage":"de-AT","potentialAction":[{"@type":"ReadAction","target":["https:\/\/positiveprints.com\/de-at\/produkt\/familiennamensschild\/"]}]},{"@type":"ImageObject","inLanguage":"de-AT","@id":"https:\/\/positiveprints.com\/de-at\/produkt\/familiennamensschild\/#primaryimage","url":"https:\/\/positiveprints.com\/wp-content\/uploads\/2021\/11\/family-name-sign.jpg","contentUrl":"https:\/\/positiveprints.com\/wp-content\/uploads\/2021\/11\/family-name-sign.jpg","width":1080,"height":1080,"caption":"Your family name on a professional-looking print"},{"@type":"BreadcrumbList","@id":"https:\/\/positiveprints.com\/de-at\/produkt\/familiennamensschild\/#breadcrumb","itemListElement":[{"@type":"ListItem","position":1,"name":"Home","item":"https:\/\/positiveprints.com\/de-at\/"},{"@type":"ListItem","position":2,"name":"Products","item":"https:\/\/positiveprints.com\/de-at\/shop\/"},{"@type":"ListItem","position":3,"name":"Familiennamensschild"}]},{"@type":"WebSite","@id":"https:\/\/positiveprints.com\/de-at\/#website","url":"https:\/\/positiveprints.com\/de-at\/","name":"Positive Prints","description":"Amazing Custom Personalised Prints","publisher":{"@id":"https:\/\/positiveprints.com\/de-at\/#organization"},"potentialAction":[{"@type":"SearchAction","target":{"@type":"EntryPoint","urlTemplate":"https:\/\/positiveprints.com\/de-at\/?s={search_term_string}"},"query-input":{"@type":"PropertyValueSpecification","valueRequired":true,"valueName":"search_term_string"}}],"inLanguage":"de-AT"},{"@type":"Organization","@id":"https:\/\/positiveprints.com\/de-at\/#organization","name":"Positive Prints","alternateName":"Positive Prints","url":"https:\/\/positiveprints.com\/de-at\/","logo":{"@type":"ImageObject","inLanguage":"de-AT","@id":"https:\/\/positiveprints.com\/de-at\/#\/schema\/logo\/image\/","url":"https:\/\/positiveprints.com\/wp-content\/uploads\/2026\/03\/245815646_1337939713319158_5671353136411139666_n.png","contentUrl":"https:\/\/positiveprints.com\/wp-content\/uploads\/2026\/03\/245815646_1337939713319158_5671353136411139666_n.png","width":800,"height":800,"caption":"Positive Prints"},"image":{"@id":"https:\/\/positiveprints.com\/de-at\/#\/schema\/logo\/image\/"},"sameAs":["https:\/\/www.facebook.com\/positiveprintscom","https:\/\/www.instagram.com\/positiveprintscom\/","https:\/\/www.tiktok.com\/@positiveprintscom","https:\/\/www.pinterest.com\/positiveprintscom\/"]}]}},"jetpack_sharing_enabled":true,"_links":{"self":[{"href":"https:\/\/positiveprints.com\/de-at\/wp-json\/wp\/v2\/product\/360053","targetHints":{"allow":["GET"]}}],"collection":[{"href":"https:\/\/positiveprints.com\/de-at\/wp-json\/wp\/v2\/product"}],"about":[{"href":"https:\/\/positiveprints.com\/de-at\/wp-json\/wp\/v2\/types\/product"}],"wp:featuredmedia":[{"embeddable":true,"href":"https:\/\/positiveprints.com\/de-at\/wp-json\/wp\/v2\/media\/204614"}],"wp:attachment":[{"href":"https:\/\/positiveprints.com\/de-at\/wp-json\/wp\/v2\/media?parent=360053"}],"wp:term":[{"taxonomy":"product_brand","embeddable":true,"href":"https:\/\/positiveprints.com\/de-at\/wp-json\/wp\/v2\/product_brand?post=360053"},{"taxonomy":"product_cat","embeddable":true,"href":"https:\/\/positiveprints.com\/de-at\/wp-json\/wp\/v2\/product_cat?post=360053"},{"taxonomy":"product_tag","embeddable":true,"href":"https:\/\/positiveprints.com\/de-at\/wp-json\/wp\/v2\/product_tag?post=360053"}],"curies":[{"name":"wp","href":"https:\/\/api.w.org\/{rel}","templated":true}]}}