{"id":358019,"date":"2022-09-27T11:06:25","date_gmt":"2022-09-27T10:06:25","guid":{"rendered":"https:\/\/positiveprints.com\/?post_type=product&#038;p=358019"},"modified":"2026-04-18T06:34:05","modified_gmt":"2026-04-18T05:34:05","slug":"orte-die-wir-zuhause-nennen","status":"publish","type":"product","link":"https:\/\/positiveprints.com\/de-at\/produkt\/orte-die-wir-zuhause-nennen\/","title":{"rendered":"Orte, die wir Zuhause nennen"},"content":{"rendered":"","protected":false},"excerpt":{"rendered":"<ul class=\"check-list\">\n<li>Zeige die bedeutungsvollen Orte, die dein Leben gepr\u00e4gt haben und einen besonderen Platz in deinem Herzen einnehmen\n<\/li>\n<li>Markiere genaue Adressen mit einem ausgew\u00e4hlten Symbol<\/li>\n<li>Passe dein Kunstwerk in 3 einfachen Schritten an<\/li>\n<li>F\u00fcge einen aussagekr\u00e4ftigen personalisierten Text hinzu<\/li>\n<li>Sieh das Ergebnis sofort \u2013 die interaktive Vorschau erm\u00f6glicht dir, jedes Detail direkt anzupassen<\/li>\n<\/ul>\n","protected":false},"featured_media":1373847,"template":"","meta":[],"product_brand":[],"product_cat":[7618,7842,7682,7731,7224],"product_tag":[16063,8531],"class_list":{"0":"post-358019","1":"product","2":"type-product","3":"status-publish","4":"has-post-thumbnail","6":"product_cat-geschenke-fur-bruder-de-at","7":"product_cat-geschenke-fur-deine-familie-de-at","8":"product_cat-geschenke-fur-wichtige-frauen-in-deinem-leben-de-at","9":"product_cat-geschenke-fur-schwester-de-at","10":"product_cat-triple-maps-de-at","11":"product_tag-family-de-de-at","12":"product_tag-family-de-at","14":"first","15":"instock","16":"sale","17":"taxable","18":"shipping-taxable","19":"purchasable","20":"product-type-variable"},"yoast_head":"<!-- This site is optimized with the Yoast SEO Premium plugin v27.2 (Yoast SEO v27.2) - https:\/\/yoast.com\/product\/yoast-seo-premium-wordpress\/ -->\n<title>Orte, die wir Zuhause nennen - Positive Prints<\/title>\n<meta name=\"description\" content=\"Mache deinen Geschwistern das ultimative Geschenk mit einem individuellen Kartendruck aller Orte, die ihr gemeinsam zu eurem Zuhause gemacht habt.\" \/>\n<meta name=\"robots\" content=\"index, follow, max-snippet:-1, max-image-preview:large, max-video-preview:-1\" \/>\n<link rel=\"canonical\" href=\"https:\/\/positiveprints.com\/de-at\/produkt\/orte-die-wir-zuhause-nennen\/\" \/>\n<meta property=\"og:locale\" content=\"de_DE\" \/>\n<meta property=\"og:type\" content=\"article\" \/>\n<meta property=\"og:title\" content=\"Orte, die wir Zuhause nennen\" \/>\n<meta property=\"og:description\" content=\"Zeige die bedeutungsvollen Orte, die dein Leben gepr\u00e4gt haben und einen besonderen Platz in deinem Herzen einnehmen Markiere genaue Adressen mit einem ausgew\u00e4hlten Symbol Passe dein Kunstwerk in 3 einfachen Schritten an F\u00fcge einen aussagekr\u00e4ftigen personalisierten Text hinzu Sieh das Ergebnis sofort \u2013 die interaktive Vorschau erm\u00f6glicht dir, jedes Detail direkt anzupassen\" \/>\n<meta property=\"og:url\" content=\"https:\/\/positiveprints.com\/de-at\/produkt\/orte-die-wir-zuhause-nennen\/\" \/>\n<meta property=\"og:site_name\" content=\"Positive Prints\" \/>\n<meta property=\"article:publisher\" content=\"https:\/\/www.facebook.com\/positiveprintscom\" \/>\n<meta property=\"article:modified_time\" content=\"2026-04-18T05:34:05+00:00\" \/>\n<meta property=\"og:image\" content=\"https:\/\/positiveprints.com\/wp-content\/uploads\/2025\/03\/Orte-die-wir-Zuhause-nennen-1.webp\" \/>\n\t<meta property=\"og:image:width\" content=\"1450\" \/>\n\t<meta property=\"og:image:height\" content=\"1450\" \/>\n\t<meta property=\"og:image:type\" content=\"image\/webp\" \/>\n<meta name=\"twitter:card\" content=\"summary_large_image\" \/>\n<!-- \/ Yoast SEO Premium plugin. -->","yoast_head_json":{"title":"Orte, die wir Zuhause nennen - Positive Prints","description":"Mache deinen Geschwistern das ultimative Geschenk mit einem individuellen Kartendruck aller Orte, die ihr gemeinsam zu eurem Zuhause gemacht habt.","robots":{"index":"index","follow":"follow","max-snippet":"max-snippet:-1","max-image-preview":"max-image-preview:large","max-video-preview":"max-video-preview:-1"},"canonical":"https:\/\/positiveprints.com\/de-at\/produkt\/orte-die-wir-zuhause-nennen\/","og_locale":"de_DE","og_type":"article","og_title":"Orte, die wir Zuhause nennen","og_description":"Zeige die bedeutungsvollen Orte, die dein Leben gepr\u00e4gt haben und einen besonderen Platz in deinem Herzen einnehmen Markiere genaue Adressen mit einem ausgew\u00e4hlten Symbol Passe dein Kunstwerk in 3 einfachen Schritten an F\u00fcge einen aussagekr\u00e4ftigen personalisierten Text hinzu Sieh das Ergebnis sofort \u2013 die interaktive Vorschau erm\u00f6glicht dir, jedes Detail direkt anzupassen","og_url":"https:\/\/positiveprints.com\/de-at\/produkt\/orte-die-wir-zuhause-nennen\/","og_site_name":"Positive Prints","article_publisher":"https:\/\/www.facebook.com\/positiveprintscom","article_modified_time":"2026-04-18T05:34:05+00:00","og_image":[{"width":1450,"height":1450,"url":"https:\/\/positiveprints.com\/wp-content\/uploads\/2025\/03\/Orte-die-wir-Zuhause-nennen-1.webp","type":"image\/webp"}],"twitter_card":"summary_large_image","schema":{"@context":"https:\/\/schema.org","@graph":[{"@type":["WebPage","ItemPage"],"@id":"https:\/\/positiveprints.com\/de-at\/produkt\/orte-die-wir-zuhause-nennen\/","url":"https:\/\/positiveprints.com\/de-at\/produkt\/orte-die-wir-zuhause-nennen\/","name":"Orte, die wir Zuhause nennen - Positive Prints","isPartOf":{"@id":"https:\/\/positiveprints.com\/de-at\/#website"},"primaryImageOfPage":{"@id":"https:\/\/positiveprints.com\/de-at\/produkt\/orte-die-wir-zuhause-nennen\/#primaryimage"},"image":{"@id":"https:\/\/positiveprints.com\/de-at\/produkt\/orte-die-wir-zuhause-nennen\/#primaryimage"},"thumbnailUrl":"https:\/\/positiveprints.com\/wp-content\/uploads\/2025\/03\/Orte-die-wir-Zuhause-nennen-1.webp","datePublished":"2022-09-27T10:06:25+00:00","dateModified":"2026-04-18T05:34:05+00:00","description":"Mache deinen Geschwistern das ultimative Geschenk mit einem individuellen Kartendruck aller Orte, die ihr gemeinsam zu eurem Zuhause gemacht habt.","breadcrumb":{"@id":"https:\/\/positiveprints.com\/de-at\/produkt\/orte-die-wir-zuhause-nennen\/#breadcrumb"},"inLanguage":"de-AT","potentialAction":[{"@type":"ReadAction","target":["https:\/\/positiveprints.com\/de-at\/produkt\/orte-die-wir-zuhause-nennen\/"]}]},{"@type":"ImageObject","inLanguage":"de-AT","@id":"https:\/\/positiveprints.com\/de-at\/produkt\/orte-die-wir-zuhause-nennen\/#primaryimage","url":"https:\/\/positiveprints.com\/wp-content\/uploads\/2025\/03\/Orte-die-wir-Zuhause-nennen-1.webp","contentUrl":"https:\/\/positiveprints.com\/wp-content\/uploads\/2025\/03\/Orte-die-wir-Zuhause-nennen-1.webp","width":1450,"height":1450,"caption":"Orte, die wir Zuhause nennen 1"},{"@type":"BreadcrumbList","@id":"https:\/\/positiveprints.com\/de-at\/produkt\/orte-die-wir-zuhause-nennen\/#breadcrumb","itemListElement":[{"@type":"ListItem","position":1,"name":"Home","item":"https:\/\/positiveprints.com\/de-at\/"},{"@type":"ListItem","position":2,"name":"Products","item":"https:\/\/positiveprints.com\/de-at\/shop\/"},{"@type":"ListItem","position":3,"name":"Orte, die wir Zuhause nennen"}]},{"@type":"WebSite","@id":"https:\/\/positiveprints.com\/de-at\/#website","url":"https:\/\/positiveprints.com\/de-at\/","name":"Positive Prints","description":"Amazing Custom Personalised Prints","publisher":{"@id":"https:\/\/positiveprints.com\/de-at\/#organization"},"potentialAction":[{"@type":"SearchAction","target":{"@type":"EntryPoint","urlTemplate":"https:\/\/positiveprints.com\/de-at\/?s={search_term_string}"},"query-input":{"@type":"PropertyValueSpecification","valueRequired":true,"valueName":"search_term_string"}}],"inLanguage":"de-AT"},{"@type":"Organization","@id":"https:\/\/positiveprints.com\/de-at\/#organization","name":"Positive Prints","alternateName":"Positive Prints","url":"https:\/\/positiveprints.com\/de-at\/","logo":{"@type":"ImageObject","inLanguage":"de-AT","@id":"https:\/\/positiveprints.com\/de-at\/#\/schema\/logo\/image\/","url":"https:\/\/positiveprints.com\/wp-content\/uploads\/2026\/03\/245815646_1337939713319158_5671353136411139666_n.png","contentUrl":"https:\/\/positiveprints.com\/wp-content\/uploads\/2026\/03\/245815646_1337939713319158_5671353136411139666_n.png","width":800,"height":800,"caption":"Positive Prints"},"image":{"@id":"https:\/\/positiveprints.com\/de-at\/#\/schema\/logo\/image\/"},"sameAs":["https:\/\/www.facebook.com\/positiveprintscom","https:\/\/www.instagram.com\/positiveprintscom\/","https:\/\/www.tiktok.com\/@positiveprintscom","https:\/\/www.pinterest.com\/positiveprintscom\/"]}]}},"jetpack_sharing_enabled":true,"_links":{"self":[{"href":"https:\/\/positiveprints.com\/de-at\/wp-json\/wp\/v2\/product\/358019","targetHints":{"allow":["GET"]}}],"collection":[{"href":"https:\/\/positiveprints.com\/de-at\/wp-json\/wp\/v2\/product"}],"about":[{"href":"https:\/\/positiveprints.com\/de-at\/wp-json\/wp\/v2\/types\/product"}],"wp:featuredmedia":[{"embeddable":true,"href":"https:\/\/positiveprints.com\/de-at\/wp-json\/wp\/v2\/media\/1373847"}],"wp:attachment":[{"href":"https:\/\/positiveprints.com\/de-at\/wp-json\/wp\/v2\/media?parent=358019"}],"wp:term":[{"taxonomy":"product_brand","embeddable":true,"href":"https:\/\/positiveprints.com\/de-at\/wp-json\/wp\/v2\/product_brand?post=358019"},{"taxonomy":"product_cat","embeddable":true,"href":"https:\/\/positiveprints.com\/de-at\/wp-json\/wp\/v2\/product_cat?post=358019"},{"taxonomy":"product_tag","embeddable":true,"href":"https:\/\/positiveprints.com\/de-at\/wp-json\/wp\/v2\/product_tag?post=358019"}],"curies":[{"name":"wp","href":"https:\/\/api.w.org\/{rel}","templated":true}]}}